{"id":2289,"date":"2021-03-24T21:20:43","date_gmt":"2021-03-24T20:20:43","guid":{"rendered":"https:\/\/tuftingeurope.com\/termini-e-condizioni\/"},"modified":"2025-09-23T16:37:43","modified_gmt":"2025-09-23T14:37:43","slug":"terms-and-conditions","status":"publish","type":"page","link":"https:\/\/tuftingeurope.com\/it\/terms-and-conditions\/","title":{"rendered":"Termini e condizioni"},"content":{"rendered":"\n<p>TERMINI DI SERVIZIO<\/p>\n\n<hr class=\"wp-block-separator has-css-opacity\"\/>\n\n<p>PANORAMICA<\/p>\n\n<p>Questo sito web \u00e8 gestito da Tufting Europe. In tutto il sito, i termini \u201cnoi\u201d, \u201cci\u201d e \u201cnostro\u201d si riferiscono a Tufting Europe. Tufting Europe offre questo sito web, incluse tutte le informazioni, gli strumenti e i servizi disponibili da questo sito all&#8217;utente, a condizione dell&#8217;accettazione di tutti i termini, le condizioni, le politiche e le avvertenze qui indicati.  <\/p>\n\n<p>Visitando il nostro sito e\/o acquistando qualcosa da noi, l&#8217;utente si impegna nel nostro \u201cServizio\u201d e accetta di essere vincolato dai seguenti termini e condizioni (\u201cTermini di Servizio\u201d, \u201cTermini\u201d), inclusi i termini e le condizioni aggiuntivi e le politiche qui richiamati e\/o disponibili tramite collegamento ipertestuale. Questi Termini di Servizio si applicano a tutti gli utenti del sito, inclusi, a titolo esemplificativo, gli utenti che sono navigatori, fornitori, clienti, commercianti e\/o contributori di contenuti. <\/p>\n\n<p>Si prega di leggere attentamente questi Termini di Servizio prima di accedere o utilizzare il nostro sito web. Accedendo o utilizzando qualsiasi parte del sito, l&#8217;utente accetta di essere vincolato da questi Termini di Servizio. Se non si accettano tutti i termini e le condizioni di questo accordo, non \u00e8 possibile accedere al sito web o utilizzare alcun servizio. Se questi Termini di Servizio sono considerati un&#8217;offerta, l&#8217;accettazione \u00e8 espressamente limitata a questi Termini di Servizio.   <\/p>\n\n<p>Qualsiasi nuova funzionalit\u00e0 o strumento aggiunto al negozio attuale sar\u00e0 anch&#8217;esso soggetto ai Termini di Servizio. \u00c8 possibile consultare la versione pi\u00f9 aggiornata dei Termini di Servizio in qualsiasi momento su questa pagina. Ci riserviamo il diritto di aggiornare, modificare o sostituire qualsiasi parte di questi Termini di Servizio pubblicando aggiornamenti e\/o modifiche sul nostro sito web. \u00c8 responsabilit\u00e0 dell&#8217;utente controllare periodicamente questa pagina per eventuali modifiche. L&#8217;uso continuato o l&#8217;accesso al sito web dopo la pubblicazione di eventuali modifiche costituisce accettazione di tali modifiche.    <\/p>\n\n<p>SEZIONE 1 &#8211; TERMINI DEL NEGOZIO ONLINE<\/p>\n\n<p>Accettando questi Termini di Servizio, l&#8217;utente dichiara di avere almeno l&#8217;et\u00e0 della maggiore et\u00e0 nel proprio stato o provincia di residenza, o di avere l&#8217;et\u00e0 della maggiore et\u00e0 nel proprio stato o provincia di residenza e di averci dato il consenso per consentire a qualsiasi suo dipendente minorenne di utilizzare questo sito.<\/p>\n\n<p>L&#8217;utente non pu\u00f2 utilizzare i nostri prodotti per scopi illegali o non autorizzati, n\u00e9 pu\u00f2, nell&#8217;uso del Servizio, violare alcuna legge nella propria giurisdizione (incluse, a titolo esemplificativo, le leggi sul copyright).<\/p>\n\n<p>L&#8217;utente non deve trasmettere worm o virus o qualsiasi codice di natura distruttiva.<\/p>\n\n<p>Una violazione di uno qualsiasi dei Termini comporter\u00e0 l&#8217;immediata cessazione dei Servizi.<\/p>\n\n<p>SEZIONE 2 &#8211; CONDIZIONI GENERALI<\/p>\n\n<p>Ci riserviamo il diritto di rifiutare il servizio a chiunque per qualsiasi motivo in qualsiasi momento.<\/p>\n\n<p>L&#8217;utente comprende che il suo contenuto (escluse le informazioni sulla carta di credito) pu\u00f2 essere trasferito non crittografato e comportare (a) trasmissioni su varie reti; e (b) modifiche per conformarsi e adattarsi ai requisiti tecnici delle reti o dei dispositivi di connessione. Le informazioni sulla carta di credito sono sempre crittografate durante il trasferimento sulle reti.   <\/p>\n\n<p>L&#8217;utente accetta di non riprodurre, duplicare, copiare, vendere, rivendere o sfruttare alcuna porzione del Servizio, l&#8217;uso del Servizio o l&#8217;accesso al Servizio o qualsiasi contatto sul sito web attraverso il quale il servizio \u00e8 fornito, senza la nostra espressa autorizzazione scritta.<\/p>\n\n<p>Le intestazioni utilizzate in questo accordo sono incluse solo per comodit\u00e0 e non limiteranno o influenzeranno in altro modo questi Termini.<\/p>\n\n<p>SEZIONE 3 &#8211; ACCURATEZZA, COMPLETEZZA E TEMPESTIVIT\u00c0 DELLE INFORMAZIONI<\/p>\n\n<p>Non siamo responsabili se le informazioni rese disponibili su questo sito non sono accurate, complete o aggiornate. Il materiale su questo sito \u00e8 fornito solo a scopo informativo generale e non deve essere considerato o utilizzato come unica base per prendere decisioni senza consultare fonti di informazione primarie, pi\u00f9 accurate, pi\u00f9 complete o pi\u00f9 tempestive. Qualsiasi affidamento sul materiale di questo sito \u00e8 a proprio rischio.  <\/p>\n\n<p>Questo sito pu\u00f2 contenere alcune informazioni storiche. Le informazioni storiche, necessariamente, non sono attuali e sono fornite solo per riferimento. Ci riserviamo il diritto di modificare i contenuti di questo sito in qualsiasi momento, ma non abbiamo alcun obbligo di aggiornare alcuna informazione sul nostro sito. L&#8217;utente accetta che \u00e8 sua responsabilit\u00e0 monitorare le modifiche al nostro sito.   <\/p>\n\n<p>SEZIONE 4 &#8211; MODIFICHE AL SERVIZIO E AI PREZZI<\/p>\n\n<p>I prezzi dei nostri prodotti sono soggetti a modifiche senza preavviso.<\/p>\n\n<p>Ci riserviamo il diritto in qualsiasi momento di modificare o interrompere il Servizio (o qualsiasi parte o contenuto di esso) senza preavviso in qualsiasi momento.<\/p>\n\n<p>Non saremo responsabili nei confronti dell&#8217;utente o di terzi per qualsiasi modifica, variazione di prezzo, sospensione o interruzione del Servizio.<\/p>\n\n<p>SEZIONE 5 &#8211; PRODOTTI O SERVIZI (se applicabile)<\/p>\n\n<p>Alcuni prodotti o servizi possono essere disponibili esclusivamente online tramite il sito web. Questi prodotti o servizi possono avere quantit\u00e0 limitate e sono soggetti a restituzione o cambio solo in conformit\u00e0 con la nostra Politica di Reso. <\/p>\n\n<p>Abbiamo fatto ogni sforzo per visualizzare nel modo pi\u00f9 accurato possibile i colori e le immagini dei nostri prodotti che appaiono nel negozio. Non possiamo garantire che la visualizzazione di qualsiasi colore sul monitor del computer sia accurata. <\/p>\n\n<p>Ci riserviamo il diritto, ma non siamo obbligati, di limitare le vendite dei nostri prodotti o Servizi a qualsiasi persona, regione geografica o giurisdizione. Possiamo esercitare questo diritto caso per caso. Ci riserviamo il diritto di limitare le quantit\u00e0 di qualsiasi prodotto o servizio che offriamo. Tutte le descrizioni dei prodotti o i prezzi dei prodotti sono soggetti a modifiche in qualsiasi momento senza preavviso, a nostra esclusiva discrezione. Ci riserviamo il diritto di interrompere qualsiasi prodotto in qualsiasi momento. Qualsiasi offerta per qualsiasi prodotto o servizio fatta su questo sito \u00e8 nulla dove proibita.     <\/p>\n\n<p>Non garantiamo che la qualit\u00e0 di qualsiasi prodotto, servizio, informazione o altro materiale acquistato o ottenuto dall&#8217;utente soddisfer\u00e0 le sue aspettative, o che eventuali errori nel Servizio verranno corretti.<\/p>\n\n<p>SEZIONE 6 &#8211; ACCURATEZZA DELLE INFORMAZIONI DI FATTURAZIONE E ACCOUNT<\/p>\n\n<p>Ci riserviamo il diritto di rifiutare qualsiasi ordine effettuato dall&#8217;utente. Possiamo, a nostra esclusiva discrezione, limitare o annullare le quantit\u00e0 acquistate per persona, per nucleo familiare o per ordine. Queste restrizioni possono includere ordini effettuati da o sotto lo stesso account cliente, la stessa carta di credito e\/o ordini che utilizzano lo stesso indirizzo di fatturazione e\/o spedizione. Nel caso in cui apportiamo una modifica o annulliamo un ordine, potremmo tentare di avvisare l&#8217;utente contattando l&#8217;indirizzo e-mail e\/o l&#8217;indirizzo di fatturazione\/numero di telefono forniti al momento dell&#8217;ordine. Ci riserviamo il diritto di limitare o proibire ordini che, a nostro esclusivo giudizio, sembrano essere effettuati da rivenditori o distributori.    <\/p>\n\n<p>L&#8217;utente accetta di fornire informazioni di acquisto e account attuali, complete e accurate per tutti gli acquisti effettuati nel nostro negozio. L&#8217;utente accetta di aggiornare tempestivamente il proprio account e altre informazioni, inclusi l&#8217;indirizzo e-mail e i numeri di carta di credito e le date di scadenza, in modo da poter completare le transazioni e contattarlo se necessario. <\/p>\n\n<p>Per maggiori dettagli, si prega di consultare la nostra Politica di Reso.<\/p>\n\n<p>SEZIONE 7 &#8211; STRUMENTI OPZIONALI<\/p>\n\n<p>Potremmo fornire all&#8217;utente l&#8217;accesso a strumenti di terze parti sui quali non monitoriamo n\u00e9 abbiamo alcun controllo o input.<\/p>\n\n<p>L&#8217;utente riconosce e accetta che forniamo l&#8217;accesso a tali strumenti \u201ccos\u00ec come sono\u201d e \u201ccome disponibili\u201d senza alcuna garanzia, dichiarazione o condizione di alcun tipo e senza alcuna approvazione. Non avremo alcuna responsabilit\u00e0 derivante da o relativa all&#8217;uso da parte dell&#8217;utente di strumenti opzionali di terze parti. <\/p>\n\n<p>Qualsiasi utilizzo da parte dell&#8217;utente di strumenti opzionali offerti tramite il sito \u00e8 interamente a proprio rischio e discrezione e l&#8217;utente dovrebbe assicurarsi di conoscere e approvare i termini in base ai quali gli strumenti sono forniti dal\/i relativo\/i fornitore\/i terzo\/i.<\/p>\n\n<p>Potremmo anche, in futuro, offrire nuovi servizi e\/o funzionalit\u00e0 tramite il sito web (incluso il rilascio di nuovi strumenti e risorse). Tali nuove funzionalit\u00e0 e\/o servizi saranno anch&#8217;essi soggetti a questi Termini di Servizio. <\/p>\n\n<p>SEZIONE 8 &#8211; COLLEGAMENTI A TERZE PARTI<\/p>\n\n<p>Alcuni contenuti, prodotti e servizi disponibili tramite il nostro Servizio possono includere materiali di terze parti.<\/p>\n\n<p>I collegamenti a terze parti su questo sito possono indirizzare l&#8217;utente a siti web di terze parti che non sono affiliati a noi. Non siamo responsabili per l&#8217;esame o la valutazione del contenuto o dell&#8217;accuratezza e non garantiamo e non avremo alcuna responsabilit\u00e0 per materiali o siti web di terze parti, o per qualsiasi altro materiale, prodotto o servizio di terze parti. <\/p>\n\n<p>Non siamo responsabili per eventuali danni o pregiudizi relativi all&#8217;acquisto o all&#8217;uso di beni, servizi, risorse, contenuti o qualsiasi altra transazione effettuata in relazione a siti web di terze parti. Si prega di esaminare attentamente le politiche e le pratiche della terza parte e di assicurarsi di comprenderle prima di intraprendere qualsiasi transazione. Reclami, rivendicazioni, preoccupazioni o domande relative a prodotti di terze parti devono essere indirizzati alla terza parte.  <\/p>\n\n<p>SEZIONE 9 &#8211; COMMENTI DEGLI UTENTI, FEEDBACK E ALTRI CONTRIBUTI<\/p>\n\n<p>Se, su nostra richiesta, l&#8217;utente invia determinate comunicazioni specifiche (ad esempio, partecipazioni a concorsi) o, senza una nostra richiesta, invia idee creative, suggerimenti, proposte, piani o altri materiali, sia online, via e-mail, per posta o in altro modo (collettivamente, \u201ccommenti\u201d), l&#8217;utente accetta che possiamo, in qualsiasi momento, senza restrizioni, modificare, copiare, pubblicare, distribuire, tradurre e utilizzare in qualsiasi mezzo qualsiasi commento che ci inoltra. Non abbiamo e non avremo alcun obbligo (1) di mantenere riservati i commenti; (2) di pagare un compenso per i commenti; o (3) di rispondere a qualsiasi commento. <\/p>\n\n<p>Possiamo, ma non abbiamo alcun obbligo di, monitorare, modificare o rimuovere contenuti che, a nostra esclusiva discrezione, riteniamo illegali, offensivi, minacciosi, calunniosi, diffamatori, pornografici, osceni o altrimenti discutibili o che violano la propriet\u00e0 intellettuale di qualsiasi parte o questi Termini di Servizio.<\/p>\n\n<p>L&#8217;utente accetta che i suoi commenti non violeranno alcun diritto di terze parti, inclusi copyright, marchi, privacy, personalit\u00e0 o altri diritti personali o proprietari. L&#8217;utente accetta inoltre che i suoi commenti non conterranno materiale calunnioso o altrimenti illegale, abusivo o osceno, n\u00e9 conterranno virus informatici o altri malware che potrebbero in qualsiasi modo influenzare il funzionamento del Servizio o di qualsiasi sito web correlato. L&#8217;utente non pu\u00f2 utilizzare un indirizzo e-mail falso, fingere di essere qualcun altro o altrimenti ingannare noi o terze parti sull&#8217;origine di qualsiasi commento. L&#8217;utente \u00e8 l&#8217;unico responsabile per i commenti che fa e per la loro accuratezza. Non ci assumiamo alcuna responsabilit\u00e0 per i commenti pubblicati dall&#8217;utente o da terze parti.    <\/p>\n\n<p>SEZIONE 10 &#8211; INFORMAZIONI PERSONALI<\/p>\n\n<p>L&#8217;invio di informazioni personali tramite il negozio \u00e8 regolato dalla nostra Informativa sulla Privacy. Per visualizzare la nostra Informativa sulla Privacy. <\/p>\n\n<p>SEZIONE 11 &#8211; ERRORI, IMPRECISIONI E OMISSIONI<\/p>\n\n<p>Occasionalmente potrebbero esserci informazioni sul nostro sito o nel Servizio che contengono errori tipografici, imprecisioni o omissioni che possono riguardare descrizioni di prodotti, prezzi, promozioni, offerte, spese di spedizione dei prodotti, tempi di transito e disponibilit\u00e0. Ci riserviamo il diritto di correggere eventuali errori, imprecisioni o omissioni e di modificare o aggiornare le informazioni o annullare gli ordini se qualsiasi informazione nel Servizio o su qualsiasi sito web correlato \u00e8 imprecisa in qualsiasi momento senza preavviso (anche dopo aver inviato l&#8217;ordine). <\/p>\n\n<p>Non ci assumiamo alcun obbligo di aggiornare, modificare o chiarire le informazioni nel Servizio o su qualsiasi sito web correlato, incluse, a titolo esemplificativo, le informazioni sui prezzi, salvo quanto richiesto dalla legge. Nessuna data di aggiornamento o di refresh specificata applicata nel Servizio o su qualsiasi sito web correlato deve essere interpretata come indicazione che tutte le informazioni nel Servizio o su qualsiasi sito web correlato siano state modificate o aggiornate. <\/p>\n\n<p>SEZIONE 12 &#8211; USI PROIBITI<\/p>\n\n<p>In aggiunta ad altre proibizioni stabilite nei Termini di Servizio, \u00e8 vietato utilizzare il sito o il suo contenuto: (a) per qualsiasi scopo illecito; (b) per sollecitare altri a compiere o partecipare ad atti illeciti; (c) per violare qualsiasi regolamento, norma, legge o ordinanza locale, internazionale, federale, provinciale o statale; (d) per infrangere o violare i nostri diritti di propriet\u00e0 intellettuale o i diritti di propriet\u00e0 intellettuale di altri; (e) per molestare, abusare, insultare, danneggiare, diffamare, calunniare, denigrare, intimidire o discriminare in base a genere, orientamento sessuale, religione, etnia, razza, et\u00e0, origine nazionale o disabilit\u00e0; (f) per inviare informazioni false o fuorvianti; (g) per caricare o trasmettere virus o qualsiasi altro tipo di codice dannoso che possa essere utilizzato in qualsiasi modo per influenzare la funzionalit\u00e0 o il funzionamento del Servizio o di qualsiasi sito web correlato, altri siti web o Internet; (h) per raccogliere o tracciare le informazioni personali di altri; (i) per spam, phish, pharm, pretext, spider, crawl o scrape; (j) per qualsiasi scopo osceno o immorale; o (k) per interferire con o eludere le funzionalit\u00e0 di sicurezza del Servizio o di qualsiasi sito web correlato, altri siti web o Internet. Ci riserviamo il diritto di interrompere l&#8217;utilizzo del Servizio o di qualsiasi sito web correlato in caso di violazione di uno qualsiasi degli usi proibiti.            <\/p>\n\n<p>SEZIONE 13 &#8211; ESCLUSIONE DI GARANZIE; LIMITAZIONE DI RESPONSABILIT\u00c0<\/p>\n\n<p>Non garantiamo, dichiariamo o assicuriamo che l&#8217;utilizzo del nostro servizio sar\u00e0 ininterrotto, tempestivo, sicuro o privo di errori.<\/p>\n\n<p>Non garantiamo che i risultati che possono essere ottenuti dall&#8217;uso del servizio saranno accurati o affidabili.<\/p>\n\n<p>L&#8217;utente accetta che di tanto in tanto potremmo rimuovere il servizio per periodi di tempo indefiniti o annullare il servizio in qualsiasi momento, senza preavviso.<\/p>\n\n<p>L&#8217;utente accetta espressamente che l&#8217;uso o l&#8217;impossibilit\u00e0 di usare il servizio \u00e8 a suo esclusivo rischio. Il servizio e tutti i prodotti e servizi forniti all&#8217;utente tramite il servizio sono (salvo quanto espressamente dichiarato da noi) forniti \u201ccos\u00ec come sono\u201d e \u201ccome disponibili\u201d per l&#8217;uso, senza alcuna dichiarazione, garanzia o condizione di alcun tipo, esplicita o implicita, incluse tutte le garanzie o condizioni implicite di commerciabilit\u00e0, qualit\u00e0 commerciabile, idoneit\u00e0 per uno scopo particolare, durata, titolo e non violazione. <\/p>\n\n<p>In nessun caso Tufting Europe, i nostri direttori, funzionari, dipendenti, affiliati, agenti, appaltatori, stagisti, fornitori, fornitori di servizi o licenziatari saranno responsabili per qualsiasi lesione, perdita, reclamo o qualsiasi danno diretto, indiretto, incidentale, punitivo, speciale o consequenziale di qualsiasi tipo, inclusi, a titolo esemplificativo, mancati profitti, mancati ricavi, mancati risparmi, perdita di dati, costi di sostituzione o qualsiasi danno simile, sia basato su contratto, illecito (inclusa negligenza), responsabilit\u00e0 oggettiva o altro, derivante dall&#8217;uso di qualsiasi servizio o prodotto procurato utilizzando il servizio, o per qualsiasi altro reclamo correlato in qualsiasi modo all&#8217;uso del servizio o di qualsiasi prodotto, inclusi, a titolo esemplificativo, eventuali errori o omissioni in qualsiasi contenuto, o qualsiasi perdita o danno di qualsiasi tipo sostenuto a seguito dell&#8217;uso del servizio o di qualsiasi contenuto (o prodotto) pubblicato, trasmesso o altrimenti reso disponibile tramite il servizio, anche se avvisati della loro possibilit\u00e0. Poich\u00e9 alcuni stati o giurisdizioni non consentono l&#8217;esclusione o la limitazione di responsabilit\u00e0 per danni consequenziali o incidentali, in tali stati o giurisdizioni, la nostra responsabilit\u00e0 sar\u00e0 limitata nella misura massima consentita dalla legge. <\/p>\n\n<p>SEZIONE 14 &#8211; INDENNIZZO<\/p>\n\n<p>L&#8217;utente accetta di indennizzare, difendere e tenere indenne Tufting Europe e la nostra societ\u00e0 madre, sussidiarie, affiliate, partner, funzionari, direttori, agenti, appaltatori, licenziatari, fornitori di servizi, subappaltatori, fornitori, stagisti e dipendenti, da qualsiasi reclamo o richiesta, incluse le ragionevoli spese legali, avanzati da terze parti a causa o derivanti dalla violazione da parte dell&#8217;utente di questi Termini di Servizio o dei documenti che essi incorporano per riferimento, o dalla violazione di qualsiasi legge o dei diritti di terze parti.<\/p>\n\n<p>SEZIONE 15 &#8211; SEPARABILIT\u00c0<\/p>\n\n<p>Nel caso in cui una qualsiasi disposizione di questi Termini di Servizio sia ritenuta illegale, nulla o inapplicabile, tale disposizione sar\u00e0 comunque applicabile nella misura massima consentita dalla legge applicabile, e la parte inapplicabile sar\u00e0 considerata separata da questi Termini di Servizio, tale determinazione non influenzer\u00e0 la validit\u00e0 e l&#8217;applicabilit\u00e0 di qualsiasi altra disposizione rimanente.<\/p>\n\n<p>SEZIONE 16 &#8211; CESSAZIONE<\/p>\n\n<p>Gli obblighi e le responsabilit\u00e0 delle parti sostenuti prima della data di cessazione sopravvivranno alla cessazione del presente accordo per tutti gli scopi.<\/p>\n\n<p>Questi Termini di Servizio sono efficaci a meno che e fino a quando non vengano rescissi dall&#8217;utente o da noi. L&#8217;utente pu\u00f2 rescindere questi Termini di Servizio in qualsiasi momento notificandoci che non desidera pi\u00f9 utilizzare i nostri Servizi, o quando cessa di utilizzare il nostro sito. <\/p>\n\n<p>Qualora, a nostro insindacabile giudizio, tu non riesca a rispettare, o sospettiamo che tu non abbia rispettato, qualsiasi termine o disposizione di questi Termini di Servizio, potremmo anche risolvere questo accordo in qualsiasi momento senza preavviso e tu rimarrai responsabile per tutti gli importi dovuti fino alla data di risoluzione inclusa; e\/o, di conseguenza, potremmo negarti l&#8217;accesso ai nostri Servizi (o a qualsiasi parte di essi).<\/p>\n\n<p>SEZIONE 17 &#8211; INTERO ACCORDO<\/p>\n\n<p>La mancata applicazione o esercizio da parte nostra di qualsiasi diritto o disposizione di questi Termini di Servizio non costituir\u00e0 una rinuncia a tale diritto o disposizione.<\/p>\n\n<p>Questi Termini di Servizio e qualsiasi politica o regola operativa pubblicata da noi su questo sito o in relazione al Servizio costituiscono l&#8217;intero accordo e intesa tra te e noi e regolano il tuo utilizzo del Servizio, sostituendo qualsiasi accordo, comunicazione e proposta precedente o contemporanea, sia orale che scritta, tra te e noi (inclusi, a titolo esemplificativo ma non esaustivo, qualsiasi versione precedente dei Termini di Servizio).<\/p>\n\n<p>Qualsiasi ambiguit\u00e0 nell&#8217;interpretazione di questi Termini di Servizio non dovr\u00e0 essere interpretata a sfavore della parte redattrice.<\/p>\n\n<p>SEZIONE 18 &#8211; LEGGE APPLICABILE<\/p>\n\n<p>Questi Termini di Servizio e qualsiasi accordo separato tramite il quale ti forniamo i Servizi saranno regolati e interpretati in conformit\u00e0 con le leggi di Johan van Hasseltweg 12B, Amsterdam, 1022 WV, Paesi Bassi.<\/p>\n\n<p>SEZIONE 19 &#8211; MODIFICHE AI TERMINI DI SERVIZIO<\/p>\n\n<p>Puoi consultare la versione pi\u00f9 aggiornata dei Termini di Servizio in qualsiasi momento su questa pagina.<\/p>\n\n<p>Ci riserviamo il diritto, a nostra esclusiva discrezione, di aggiornare, modificare o sostituire qualsiasi parte di questi Termini di Servizio pubblicando aggiornamenti e modifiche sul nostro sito web. \u00c8 tua responsabilit\u00e0 controllare periodicamente il nostro sito web per eventuali modifiche. L&#8217;uso continuato o l&#8217;accesso al nostro sito web o al Servizio in seguito alla pubblicazione di eventuali modifiche a questi Termini di Servizio costituisce accettazione di tali modifiche.  <\/p>\n\n<p>SEZIONE 20 &#8211; INFORMAZIONI DI CONTATTO<\/p>\n\n<p>Le domande relative ai Termini di Servizio devono essere inviate a info@tuftingeurope.com.<\/p>\n","protected":false},"excerpt":{"rendered":"<p>TERMINI DI SERVIZIO PANORAMICA Questo sito web \u00e8 gestito da Tufting Europe. In tutto il sito, i termini \u201cnoi\u201d, \u201cci\u201d e \u201cnostro\u201d si riferiscono a Tufting Europe. Tufting Europe offre questo sito web, incluse tutte le informazioni, gli strumenti e i servizi disponibili da questo sito all&#8217;utente, a condizione dell&#8217;accettazione di tutti i termini, le<\/p>\n","protected":false},"author":1,"featured_media":0,"parent":0,"menu_order":0,"comment_status":"closed","ping_status":"closed","template":"","meta":{"footnotes":""},"class_list":["post-2289","page","type-page","status-publish","hentry"],"_links":{"self":[{"href":"https:\/\/tuftingeurope.com\/it\/wp-json\/wp\/v2\/pages\/2289","targetHints":{"allow":["GET"]}}],"collection":[{"href":"https:\/\/tuftingeurope.com\/it\/wp-json\/wp\/v2\/pages"}],"about":[{"href":"https:\/\/tuftingeurope.com\/it\/wp-json\/wp\/v2\/types\/page"}],"author":[{"embeddable":true,"href":"https:\/\/tuftingeurope.com\/it\/wp-json\/wp\/v2\/users\/1"}],"replies":[{"embeddable":true,"href":"https:\/\/tuftingeurope.com\/it\/wp-json\/wp\/v2\/comments?post=2289"}],"version-history":[{"count":2,"href":"https:\/\/tuftingeurope.com\/it\/wp-json\/wp\/v2\/pages\/2289\/revisions"}],"predecessor-version":[{"id":70130,"href":"https:\/\/tuftingeurope.com\/it\/wp-json\/wp\/v2\/pages\/2289\/revisions\/70130"}],"wp:attachment":[{"href":"https:\/\/tuftingeurope.com\/it\/wp-json\/wp\/v2\/media?parent=2289"}],"curies":[{"name":"wp","href":"https:\/\/api.w.org\/{rel}","templated":true}]}}