{"id":17962,"date":"2022-12-06T16:31:29","date_gmt":"2022-12-06T15:31:29","guid":{"rendered":"https:\/\/tuftingeurope.com\/product\/strumento-per-linnesto-di-asole-artigianali\/"},"modified":"2025-09-30T15:26:05","modified_gmt":"2025-09-30T13:26:05","slug":"manual-tufting-tool-loop-pile-2-8mm","status":"publish","type":"product","link":"https:\/\/tuftingeurope.com\/it\/prodotto\/manual-tufting-tool-loop-pile-2-8mm\/","title":{"rendered":"Manual Tufting Tool Loop Pile 2-8mm"},"content":{"rendered":"<p><iframe title=\"Manual Tufting Tool Loop Pile 2-8mm\" width=\"1020\" height=\"574\" src=\"https:\/\/www.youtube.com\/embed\/jtjN5xqUwKs?feature=oembed\" frameborder=\"0\" allow=\"accelerometer; autoplay; clipboard-write; encrypted-media; gyroscope; picture-in-picture; web-share\" referrerpolicy=\"strict-origin-when-cross-origin\" allowfullscreen><\/iframe><\/p>\n<p>Il nostro Loop Tufting Tool manuale \u00e8 uno strumento rotante semiautomatico per l&#8217;aggancio di tappeti. Nel corso degli anni, \u00e8 stato anche chiamato ago per tappeti del tipo &#8220;sbattiuova&#8221;, poich\u00e9 il movimento della mano che ruota il piccolo manico \u00e8 simile a quello delle uova. \u00c8 lo strumento manuale tufting pi\u00f9 veloce disponibile e offre molti vantaggi rispetto alla pistola elettrica tufting.  <\/p>\n<p>Funziona come una macchina da cucire portatile: una mano guida lo strumento sul tessuto, mentre l&#8217;altra mano gira la piccola maniglia.<br \/>\nCon la rotazione, il meccanismo muove su e gi\u00f9 due aghi. L&#8217;ago esterno apre il tessuto e l&#8217;ago interno spinge un filo attraverso l&#8217;apertura. Producendo un tappeto bello e voluminoso sul retro.  <\/p>\n<p>\u00c8 progettato per lavorare con un singolo filo di filato di circa 3-4 capi e preferibilmente 100% lana, ma si pu\u00f2 usare anche acrilico purch\u00e9 sia un po&#8217; pi\u00f9 sottile.<\/p>\n<p>Questo strumento manuale tufting \u00e8 unico in molti modi. Produce circa 200 spire al minuto, il che lo rende pi\u00f9 veloce di dieci volte rispetto all&#8217;ago tradizionale. Lo strumento pu\u00f2 muoversi in avanti e all&#8217;indietro, facilitando la creazione di disegni in libert\u00e0. \u00c8 come dipingere con il filato, senza alcuna limitazione.   <\/p>\n<div style=\"width: 720px;\" class=\"wp-video\"><video class=\"wp-video-shortcode\" id=\"video-17962-1\" width=\"720\" height=\"720\" autoplay preload=\"metadata\" controls=\"controls\"><source type=\"video\/mp4\" src=\"https:\/\/tuftingeurope.com\/wp-content\/uploads\/2022\/12\/Danella-tool-in-action.mp4?_=1\" \/><a href=\"https:\/\/tuftingeurope.com\/wp-content\/uploads\/2022\/12\/Danella-tool-in-action.mp4\">https:\/\/tuftingeurope.com\/wp-content\/uploads\/2022\/12\/Danella-tool-in-action.mp4<\/a><\/video><\/div>\n","protected":false},"excerpt":{"rendered":"<p>Il nostro strumento manuale tufting ad anello funziona come un punch needle e perfora anelli attraverso qualsiasi tessuto a trama abbastanza larga. \u00c8 come dipingere con il filato. Create facilmente tappeti o altri progetti carini come i cuscini.  <\/p>\n<ul>\n<li>Dieci volte pi\u00f9 veloce dell&#8217;ago tradizionale<\/li>\n<li>Pu\u00f2 essere impostato a 2mm o 8mm.<\/li>\n<\/ul>\n","protected":false},"featured_media":46220,"template":"","meta":[],"product_brand":[],"product_cat":[140],"product_tag":[],"class_list":{"0":"post-17962","1":"product","2":"type-product","3":"status-publish","4":"has-post-thumbnail","6":"product_cat-aghi-a-punzone","8":"first","9":"instock","10":"sale","11":"taxable","12":"shipping-taxable","13":"purchasable","14":"product-type-simple"},"_links":{"self":[{"href":"https:\/\/tuftingeurope.com\/it\/wp-json\/wp\/v2\/product\/17962","targetHints":{"allow":["GET"]}}],"collection":[{"href":"https:\/\/tuftingeurope.com\/it\/wp-json\/wp\/v2\/product"}],"about":[{"href":"https:\/\/tuftingeurope.com\/it\/wp-json\/wp\/v2\/types\/product"}],"wp:featuredmedia":[{"embeddable":true,"href":"https:\/\/tuftingeurope.com\/it\/wp-json\/wp\/v2\/media\/46220"}],"wp:attachment":[{"href":"https:\/\/tuftingeurope.com\/it\/wp-json\/wp\/v2\/media?parent=17962"}],"wp:term":[{"taxonomy":"product_brand","embeddable":true,"href":"https:\/\/tuftingeurope.com\/it\/wp-json\/wp\/v2\/product_brand?post=17962"},{"taxonomy":"product_cat","embeddable":true,"href":"https:\/\/tuftingeurope.com\/it\/wp-json\/wp\/v2\/product_cat?post=17962"},{"taxonomy":"product_tag","embeddable":true,"href":"https:\/\/tuftingeurope.com\/it\/wp-json\/wp\/v2\/product_tag?post=17962"}],"curies":[{"name":"wp","href":"https:\/\/api.w.org\/{rel}","templated":true}]}}