{"id":28455,"date":"2023-02-13T22:07:21","date_gmt":"2023-02-13T21:07:21","guid":{"rendered":"https:\/\/tuftingeurope.com\/product\/avvolgi-filati\/"},"modified":"2026-03-13T15:16:14","modified_gmt":"2026-03-13T14:16:14","slug":"avvolgitore-di-filati","status":"publish","type":"product","link":"https:\/\/tuftingeurope.com\/it\/prodotto\/avvolgitore-di-filati\/","title":{"rendered":"Avvolgi filati"},"content":{"rendered":"<p>Le macchine per il tufting utilizzano in genere grandi coni di filato e un avvolgitore pu\u00f2 essere utilizzato per avvolgere il filato dal cono in un gomitolo pi\u00f9 piccolo, pi\u00f9 facile da maneggiare. Questo pu\u00f2 rendere pi\u00f9 facile caricare il filo nella macchina tufting e pu\u00f2 anche prevenire grovigli e nodi che possono rallentare il processo di tufting.<\/p>\n<p>Avendo il filo in una palla ordinata e compatta, puoi assicurarti un processo tufting pi\u00f9 fluido ed efficiente.<br \/>\nInoltre, avvolgere il filo in una palla lo rende pi\u00f9 facile da conservare e organizzare, mantenendo il tuo spazio di lavoro tufting ordinato e senza disordine.<\/p>\n<h2><span class=\"a-text-bold\">Come usare l&#8217;avvolgitore di gomitoli<\/span><\/h2>\n<p>1. Estrai l&#8217;estremit\u00e0 del filo e fallo passare attraverso la guida del filo.<\/p>\n<p>2. Inserisci l&#8217;estremit\u00e0 del filo nella scanalatura del cono.<\/p>\n<p>3. Gira la maniglia verso il lato destro. Il filo inizier\u00e0 ad avvolgersi intorno al cono.<\/p>\n<p>4. Mantieni un ritmo costante quando giri il manico, non farlo troppo velocemente per evitare che il filo si aggrovigli.<\/p>\n<p>5. Una volta terminato, estrai il filo dal cono.<\/p>\n<p><iframe title=\"How to Use a YARN BALL WINDER [Step-By-Step Instructions and My Favorite Tips]\" width=\"1020\" height=\"574\" src=\"https:\/\/www.youtube.com\/embed\/l_iHozDmyXQ?feature=oembed\" frameborder=\"0\" allow=\"accelerometer; autoplay; clipboard-write; encrypted-media; gyroscope; picture-in-picture; web-share\" allowfullscreen><\/iframe><\/p>\n","protected":false},"excerpt":{"rendered":"<p>D\u00ec addio ai grovigli con un avvolgitore di filati. Quando fai tufting, vuoi un cono da cui tirare dall&#8217;interno. Rendendo pi\u00f9 facile caricare il filo nella tua pistola tufting.  Si monta facilmente su un tavolo.<\/p>\n","protected":false},"featured_media":37998,"template":"","meta":[],"product_brand":[],"product_cat":[155],"product_tag":[],"class_list":{"0":"post-28455","1":"product","2":"type-product","3":"status-publish","4":"has-post-thumbnail","6":"product_cat-accessori","7":"product_shipping_class-klein-pakket-it","9":"first","10":"instock","11":"taxable","12":"shipping-taxable","13":"purchasable","14":"product-type-simple"},"_links":{"self":[{"href":"https:\/\/tuftingeurope.com\/it\/wp-json\/wp\/v2\/product\/28455","targetHints":{"allow":["GET"]}}],"collection":[{"href":"https:\/\/tuftingeurope.com\/it\/wp-json\/wp\/v2\/product"}],"about":[{"href":"https:\/\/tuftingeurope.com\/it\/wp-json\/wp\/v2\/types\/product"}],"wp:featuredmedia":[{"embeddable":true,"href":"https:\/\/tuftingeurope.com\/it\/wp-json\/wp\/v2\/media\/37998"}],"wp:attachment":[{"href":"https:\/\/tuftingeurope.com\/it\/wp-json\/wp\/v2\/media?parent=28455"}],"wp:term":[{"taxonomy":"product_brand","embeddable":true,"href":"https:\/\/tuftingeurope.com\/it\/wp-json\/wp\/v2\/product_brand?post=28455"},{"taxonomy":"product_cat","embeddable":true,"href":"https:\/\/tuftingeurope.com\/it\/wp-json\/wp\/v2\/product_cat?post=28455"},{"taxonomy":"product_tag","embeddable":true,"href":"https:\/\/tuftingeurope.com\/it\/wp-json\/wp\/v2\/product_tag?post=28455"}],"curies":[{"name":"wp","href":"https:\/\/api.w.org\/{rel}","templated":true}]}}