{"id":34170,"date":"2023-11-01T23:40:01","date_gmt":"2023-11-01T22:40:01","guid":{"rendered":"https:\/\/tuftingeurope.com\/product\/nastro-autoadesivo-per-tappeti-in-cotone\/"},"modified":"2026-03-13T13:45:25","modified_gmt":"2026-03-13T12:45:25","slug":"nastro-autoadesivo-per-tappeti","status":"publish","type":"product","link":"https:\/\/tuftingeurope.com\/it\/prodotto\/nastro-autoadesivo-per-tappeti\/","title":{"rendered":"Nastro autoadesivo per bordi tappeti 50 metri"},"content":{"rendered":"<div>\n\t<section class=\"section\" id=\"section_1628591421\">\n\t\t<div class=\"section-bg fill\" >\n\t\t\t\t\t\t\t<div class=\"video-overlay no-click fill visible\"><\/div>\n\t<video class=\"video-bg fill visible\" preload playsinline autoplay muted loop>\n\t\t<source src=\"https:\/\/tuftingeurope.com\/wp-content\/uploads\/2025\/01\/twill-tape-for-tufting.mp4\" type=\"video\/mp4\">\t<\/video>\n\t\t\t\n\t\t\t\n\n\t\t<\/div>\n\n\t\t\n\n\t\t<div class=\"section-content relative\">\n\t\t\t<\/div>\n<div><\/div>\n<div>\t\t<\/div>\n\n\t\t\n<style>\n#section_1628591421 {\n  padding-top: 30px;\n  padding-bottom: 30px;\n  min-height: 400px;\n}\n@media (min-width:550px) {\n  #section_1628591421 {\n    min-height: 500px;\n  }\n}\n<\/style>\n\t<\/section>\n\t<\/div>\n<p>Il nastro twill viene utilizzato per evitare che i bordi di tappeti e moquette si srotolino. \u00c8 un vero campione quando si tratta di creare bordi professionali sul retro dei tuoi tappeti e renderli assolutamente meravigliosi. Tutto quello che devi fare \u00e8 avvolgerlo intorno ai bordi del tessuto e fare pressione. Grazie alla forte autoadesivit\u00e0 \u00e8 sufficiente una forbice per applicarlo.   <\/p>\n<ul>\n<li>Elevata resistenza del colore<\/li>\n<li>Colla tessile speciale adatta a tutti i tappeti<\/li>\n<li>Finitura di alta qualit\u00e0 e professionale<\/li>\n<\/ul>\n","protected":false},"excerpt":{"rendered":"<p>Non dovrai pi\u00f9 armeggiare con la pistola per la colla. Il nostro Nastro per Tappeti in Poliestere Autoadesivo \u00e8 il tocco finale per creare un retro pulito per i tuoi tappeti. In quanto nasconde le tue asperit\u00e0 ed \u00e8 facile da lavorare. Basta usare una forbice per tagliare la lunghezza necessaria e applicarla direttamente.   <\/p>\n<p>Colore: Nero o Grigio<br \/>\nMateriale: Poliestere<br \/>\nAutoadesivo: Colla speciale per tessuti per tappeti<br \/>\nRotolo di 50 metri, largo 38mm<\/p>\n","protected":false},"featured_media":37870,"template":"","meta":[],"product_brand":[],"product_cat":[155],"product_tag":[],"class_list":{"0":"post-34170","1":"product","2":"type-product","3":"status-publish","4":"has-post-thumbnail","6":"product_cat-accessori","8":"first","9":"instock","10":"taxable","11":"shipping-taxable","12":"purchasable","13":"product-type-variable","14":"has-default-attributes"},"_links":{"self":[{"href":"https:\/\/tuftingeurope.com\/it\/wp-json\/wp\/v2\/product\/34170","targetHints":{"allow":["GET"]}}],"collection":[{"href":"https:\/\/tuftingeurope.com\/it\/wp-json\/wp\/v2\/product"}],"about":[{"href":"https:\/\/tuftingeurope.com\/it\/wp-json\/wp\/v2\/types\/product"}],"wp:featuredmedia":[{"embeddable":true,"href":"https:\/\/tuftingeurope.com\/it\/wp-json\/wp\/v2\/media\/37870"}],"wp:attachment":[{"href":"https:\/\/tuftingeurope.com\/it\/wp-json\/wp\/v2\/media?parent=34170"}],"wp:term":[{"taxonomy":"product_brand","embeddable":true,"href":"https:\/\/tuftingeurope.com\/it\/wp-json\/wp\/v2\/product_brand?post=34170"},{"taxonomy":"product_cat","embeddable":true,"href":"https:\/\/tuftingeurope.com\/it\/wp-json\/wp\/v2\/product_cat?post=34170"},{"taxonomy":"product_tag","embeddable":true,"href":"https:\/\/tuftingeurope.com\/it\/wp-json\/wp\/v2\/product_tag?post=34170"}],"curies":[{"name":"wp","href":"https:\/\/api.w.org\/{rel}","templated":true}]}}