{"id":34564,"date":"2024-01-02T18:33:30","date_gmt":"2024-01-02T17:33:30","guid":{"rendered":"https:\/\/tuftingeurope.com\/product\/mini-guida-alla-rifilatura-per-le-cesoie-da-intaglio-per-tappeti\/"},"modified":"2026-01-19T21:57:41","modified_gmt":"2026-01-19T20:57:41","slug":"mini-trimming-guide-for-rug-carving-clippers","status":"publish","type":"product","link":"https:\/\/tuftingeurope.com\/it\/prodotto\/mini-trimming-guide-for-rug-carving-clippers\/","title":{"rendered":"Guida alla rasatura con altezza regolabile"},"content":{"rendered":"\n\t<section class=\"section\" id=\"section_865393888\">\n\t\t<div class=\"section-bg fill\" >\n\t\t\t\t\t\t\t<div class=\"video-overlay no-click fill visible\"><\/div>\n\t<video class=\"video-bg fill visible\" preload playsinline autoplay muted loop>\n\t\t<source src=\"https:\/\/tuftingeurope.com\/wp-content\/uploads\/2024\/08\/scheerapparaat.mp4\" type=\"video\/mp4\">\t<\/video>\n\t\t\t\n\t\t\t\n\n\t\t<\/div>\n\n\t\t\n\n\t\t<div class=\"section-content relative\">\n\t\t\t\n\n\t\t<\/div>\n\n\t\t\n<style>\n#section_865393888 {\n  padding-top: 30px;\n  padding-bottom: 30px;\n  min-height: 400px;\n}\n@media (min-width:550px) {\n  #section_865393888 {\n    min-height: 500px;\n  }\n}\n<\/style>\n\t<\/section>\n\t\n<strong>Facile da installare:<\/strong> Non c&#8217;\u00e8 bisogno di strumenti specializzati o di ore di lavoro: sarai subito operativo e pronto a creare tappeti meravigliosamente rifiniti con facilit\u00e0. In pochi e semplici passaggi, puoi agganciarlo senza problemi alle tue forbici per tappeti o regolarne l&#8217;altezza.<\/p>\n<p><strong>Pi\u00f9 piccolo significa pi\u00f9 facile:<\/strong> Con le guide di rifilatura non sempre il pi\u00f9 grande \u00e8 meglio. Il suo profilo ridotto consente di eseguire lavori di rifinitura complessi e dettagliati, anche negli angoli pi\u00f9 stretti e nei disegni che spuntano dal tappeto come orecchie di gatto. Rimarrai stupito da come questa mini meraviglia sia in grado di gestire senza fatica qualsiasi tappeto a pelo corto, dal pi\u00f9 piccolo zerbino al pi\u00f9 grande centrotavola.<\/p>\n<p><strong>Per una bella rifinitura:<\/strong> Ottenere una finitura lucida e professionale non \u00e8 pi\u00f9 un compito arduo. La precisione di questa guida assicura che le linee di taglio siano dritte e pulite, senza lasciare spazio a imperfezioni. D\u00ec addio a bordi irregolari, sfilacciature o tagli eccessivi: la nostra guida alla rifilatura garantisce un risultato sempre splendido.<\/p>\n<p><img fetchpriority=\"high\" decoding=\"async\" class=\"alignnone size-full wp-image-29585\" src=\"https:\/\/tuftingeurope.com\/wp-content\/uploads\/2021\/10\/carved-rug.gif\" alt=\"\" width=\"1280\" height=\"720\" title=\"\"><\/p>\n","protected":false},"excerpt":{"rendered":"<p>Ti presentiamo la Guida per rasatura per le Forbici da intaglio tappeti &#8211; uno strumento essenziale per ottenere una rifinitura perfettamente rifilata nell&#8217;arte della tufting dei tappeti! Che tu stia usando lana o filato acrilico, questa guida alla rifinitura ti aiuter\u00e0 a modellare e perfezionare i tuoi tappeti tufted. Regolabile per finiture corte da 1 millimetro o per lunghezze maggiori.<\/p>\n<p>Il rasoio non \u00e8 incluso, questo \u00e8 solo l&#8217;accessorio. <\/p>\n","protected":false},"featured_media":38047,"template":"","meta":[],"product_brand":[],"product_cat":[155],"product_tag":[],"class_list":{"0":"post-34564","1":"product","2":"type-product","3":"status-publish","4":"has-post-thumbnail","6":"product_cat-accessori","8":"first","9":"instock","10":"taxable","11":"shipping-taxable","12":"purchasable","13":"product-type-simple"},"_links":{"self":[{"href":"https:\/\/tuftingeurope.com\/it\/wp-json\/wp\/v2\/product\/34564","targetHints":{"allow":["GET"]}}],"collection":[{"href":"https:\/\/tuftingeurope.com\/it\/wp-json\/wp\/v2\/product"}],"about":[{"href":"https:\/\/tuftingeurope.com\/it\/wp-json\/wp\/v2\/types\/product"}],"wp:featuredmedia":[{"embeddable":true,"href":"https:\/\/tuftingeurope.com\/it\/wp-json\/wp\/v2\/media\/38047"}],"wp:attachment":[{"href":"https:\/\/tuftingeurope.com\/it\/wp-json\/wp\/v2\/media?parent=34564"}],"wp:term":[{"taxonomy":"product_brand","embeddable":true,"href":"https:\/\/tuftingeurope.com\/it\/wp-json\/wp\/v2\/product_brand?post=34564"},{"taxonomy":"product_cat","embeddable":true,"href":"https:\/\/tuftingeurope.com\/it\/wp-json\/wp\/v2\/product_cat?post=34564"},{"taxonomy":"product_tag","embeddable":true,"href":"https:\/\/tuftingeurope.com\/it\/wp-json\/wp\/v2\/product_tag?post=34564"}],"curies":[{"name":"wp","href":"https:\/\/api.w.org\/{rel}","templated":true}]}}