{"id":37591,"date":"2024-03-26T13:27:21","date_gmt":"2024-03-26T12:27:21","guid":{"rendered":"https:\/\/tuftingeurope.com\/?post_type=product&#038;p=37591"},"modified":"2026-03-14T19:13:04","modified_gmt":"2026-03-14T18:13:04","slug":"ak-v-tufting-machine","status":"publish","type":"product","link":"https:\/\/tuftingeurope.com\/it\/prodotto\/ak-v-tufting-machine\/","title":{"rendered":"Pistola per tufting AK-V"},"content":{"rendered":"<h1>Pistola per tufting AK-V \u2013 Il futuro del tappeto fai-da-te<\/h1>\n<p>Vuoi portare i tuoi progetti di tufting al livello successivo? La <strong>pistola per tufting AK-V<\/strong> \u00e8 l&#8217;ultima innovazione nella tecnologia tufting, che combina precisione, facilit\u00e0 d&#8217;uso e durabilit\u00e0. Che tu sia un hobbista o un produttore professionale di tappeti, questo versatile strumento offre risultati eccezionali ad ogni utilizzo. Progettata sia per stili a pelo tagliato che ad anello, l&#8217;AK-V \u00e8 perfetta per creare splendidi tappeti tufted di qualit\u00e0 professionale in un attimo.   <\/p>\n<h2>L&#8217;ultima innovazione: Pistola per tufting AK-V<\/h2>\n<p>Rilasciata il <strong>26 novembre 2025<\/strong>, la nostra nuova edizione viola della <strong>pistola per tufting AK-V<\/strong> porta la prossima generazione di tecnologia per il tufting nelle tue mani. Le caratteristiche principali includono: <\/p>\n<ul>\n<li><strong>Funzionamento pi\u00f9 silenzioso<\/strong> per un&#8217;esperienza tufting pi\u00f9 confortevole<\/li>\n<li><strong>Luce LED frontale<\/strong> per una migliore visibilit\u00e0<\/li>\n<li><strong>Display della velocit\u00e0 in tempo reale<\/strong> per monitorare e regolare la velocit\u00e0 di tufting senza sforzo<\/li>\n<li><strong>Meccanismo di taglio migliorato<\/strong> rispetto ad altri modelli AK-V<\/li>\n<\/ul>\n<p>Che tu sia un principiante o un esperto, l&#8217;AK-V offre precisione e comodit\u00e0 per migliorare i tuoi progetti di tappeti.<\/p>\n<h2>Cosa c&#8217;\u00e8 nella scatola?<\/h2>\n<p>Il pacchetto della tua pistola per tufting AK-V include:<\/p>\n<ul>\n<li>Pistola per tufting AK-V<\/li>\n<li>Spina EU con alimentatore per una configurazione facile<\/li>\n<li>Pezzi di ricambio per riparazioni e manutenzione rapide<\/li>\n<\/ul>\n<h2>Specifiche<\/h2>\n<ul>\n<li><strong>Tipo di pile:<\/strong> Tagliato e ad anello (facile da cambiare disattivando le forbici)<\/li>\n<li><strong>Altezza del pile:<\/strong> 16 mm (regolabile da 8 a 16 mm)<\/li>\n<li><strong>Velocit\u00e0:<\/strong> Manopola regolabile per il controllo totale<\/li>\n<li><strong>Alimentazione:<\/strong> 100-240V (spina EU)<\/li>\n<li><strong>Peso:<\/strong> 1,4 kg<\/li>\n<\/ul>\n<div class=\"alert-tu\">\n<p><strong>Importante:<\/strong> Regolare l&#8217;altezza del pile richiede precisione. Ti consigliamo di familiarizzare con la macchina prima di apportare modifiche, poich\u00e9 regolazioni improprie possono influire sulle prestazioni e invalidare la garanzia. <\/p>\n<\/div>\n<h2>Guide rapide<\/h2>\n<ul>\n<li><span style=\"text-decoration: underline;\"><a href=\"https:\/\/www.youtube.com\/shorts\/UpQWEBTcyiM\" target=\"_blank\" rel=\"noopener\">Video: Come cambiare il taglio a pelo in pelo ad anello<\/a><\/span>.<\/li>\n<li><span style=\"text-decoration: underline;\"><a href=\"https:\/\/www.youtube.com\/watch?v=xu5mGxw0C7M\" target=\"_blank\" rel=\"noopener\">Video: Come sostituire le forbici.<\/a><\/span><\/li>\n<\/ul>\n<h2>Perch\u00e9 scegliere Tufting Europe?<\/h2>\n<h3>Qualit\u00e0 autentica, garantita<\/h3>\n<p>Le macchine contraffatte possono compromettere la sicurezza e la durata. Con Tufting Europe, ottieni: <\/p>\n<ul>\n<li>Macchine per tufting genuine di alta qualit\u00e0<\/li>\n<li>Una garanzia affidabile di 2 anni<\/li>\n<li>Assistenza clienti amichevole e accessibile<\/li>\n<\/ul>\n<p>I nostri tufting machines sono progettati per essere facili da usare, permettendoti di creare progetti dall&#8217;aspetto professionale con sicurezza.<\/p>\n<h2>La sicurezza prima di tutto<\/h2>\n<p>Le macchine per tufting sono strumenti potenti con parti in movimento rapido. Segui queste linee guida di sicurezza: <\/p>\n<ul>\n<li>Scollega sempre la macchina prima di fare regolazioni.<\/li>\n<li>Tienila fuori dalla portata dei bambini.<\/li>\n<li>Maneggiala con responsabilit\u00e0 per garantire un&#8217;esperienza tufting sicura e piacevole.<\/li>\n<\/ul>\n","protected":false},"excerpt":{"rendered":"<p>Progettata per precisione, comfort e facilit\u00e0 d&#8217;uso, la nuova AK-V realizza il tufting in modo incredibilmente fluido. Con un display della velocit\u00e0 in tempo reale, una migliore visibilit\u00e0 grazie alla luce LED frontale e una maggiore silenziosit\u00e0 durante il tufting, l&#8217;AK-V ti permette di concentrarti sulla creazione di tappeti straordinari senza sforzo.  <\/p>\n","protected":false},"featured_media":71418,"template":"","meta":[],"product_brand":[],"product_cat":[144],"product_tag":[],"class_list":{"0":"post-37591","1":"product","2":"type-product","3":"status-publish","4":"has-post-thumbnail","6":"product_cat-pistole-per-tufting","8":"first","9":"instock","10":"taxable","11":"shipping-taxable","12":"purchasable","13":"product-type-simple"},"_links":{"self":[{"href":"https:\/\/tuftingeurope.com\/it\/wp-json\/wp\/v2\/product\/37591","targetHints":{"allow":["GET"]}}],"collection":[{"href":"https:\/\/tuftingeurope.com\/it\/wp-json\/wp\/v2\/product"}],"about":[{"href":"https:\/\/tuftingeurope.com\/it\/wp-json\/wp\/v2\/types\/product"}],"wp:featuredmedia":[{"embeddable":true,"href":"https:\/\/tuftingeurope.com\/it\/wp-json\/wp\/v2\/media\/71418"}],"wp:attachment":[{"href":"https:\/\/tuftingeurope.com\/it\/wp-json\/wp\/v2\/media?parent=37591"}],"wp:term":[{"taxonomy":"product_brand","embeddable":true,"href":"https:\/\/tuftingeurope.com\/it\/wp-json\/wp\/v2\/product_brand?post=37591"},{"taxonomy":"product_cat","embeddable":true,"href":"https:\/\/tuftingeurope.com\/it\/wp-json\/wp\/v2\/product_cat?post=37591"},{"taxonomy":"product_tag","embeddable":true,"href":"https:\/\/tuftingeurope.com\/it\/wp-json\/wp\/v2\/product_tag?post=37591"}],"curies":[{"name":"wp","href":"https:\/\/api.w.org\/{rel}","templated":true}]}}