{"id":42918,"date":"2024-05-08T15:26:47","date_gmt":"2024-05-08T13:26:47","guid":{"rendered":"https:\/\/tuftingeurope.com\/?post_type=product&#038;p=42918"},"modified":"2026-03-04T18:51:41","modified_gmt":"2026-03-04T17:51:41","slug":"primary-tufting-cloth-300x300cm","status":"publish","type":"product","link":"https:\/\/tuftingeurope.com\/it\/prodotto\/primary-tufting-cloth-300x300cm\/","title":{"rendered":"Panno primario per tufting 300x300cm"},"content":{"rendered":"<p>In generale, il tessuto primario tufting \u00e8 un componente essenziale nel processo di tufting, poich\u00e9 fornisce uno strato base forte e stabile che aiuta a prevenire strappi e a produrre progetti tufted di alta qualit\u00e0. Progettato per essere resistente e durevole, il che lo rende meno probabile che si strappi durante il processo di tufting.  Il tessuto \u00e8 realizzato con una miscela di poliestere e polipropilene, entrambe fibre sintetiche che hanno un&#8217;eccellente resistenza alla trazione e allo strappo.<\/p>\n<h2>Impedisce che si strappi o che si aggroviglino.<\/h2>\n<p>Durante tufting, il filato tufting viene spinto attraverso il tessuto primario tufting con una pistola o un ago tufting. Siccome il tessuto primario tufting \u00e8 fatto di fibre sintetiche resistenti, \u00e8 in grado di sopportare la forza dell&#8217;ago o della pistola tufting senza strapparsi o impigliarsi. <\/p>\n<p>Inoltre, il tessuto primario tufting \u00e8 tessuto con una trama fitta, che aiuta ulteriormente a prevenire gli strappi. La trama fitta crea una superficie liscia e stabile su cui il filato tufting pu\u00f2 essere attaccato facilmente, riducendo il rischio che il filato si impigli o si aggrovigli durante il processo di tufting. <\/p>\n<p>Leggi i nostri consigli per <a href=\"https:\/\/tuftingeurope.com\/it\/guide\/perche-il-mio-tessuto-di-supporto-si-strappa-striscia\/\"><br \/>\n  <strong>per evitare di strappare o danneggiare il tuo tessuto<\/strong><br \/>\n<\/a>.<\/p>\n<h2>Linee guida per la marcatura e la consultazione.<\/h2>\n<p>Le linee guida gialle sono intrecciate ogni 5 cm per facilitare la marcatura e la cucitura dei tuoi disegni. Le linee guida per il tufting sono particolarmente utili quando si fa tufting con design grandi o complessi, poich\u00e9 possono aiutare a garantire che il design sia allineato correttamente e abbia un aspetto visivamente accattivante. Seguendo le linee guida, eviterai di creare linee storte o irregolari nel disegno del ciuffo, che possono sminuire la qualit\u00e0 complessiva del tappeto finito.  <\/p>\n<p>&nbsp;<\/p>\n","protected":false},"excerpt":{"rendered":"<p>Il panno che ogni tufter dovrebbe usare. Il tessuto primario tufting fornisce uno strato base resistente su cui il filato tufting pu\u00f2 essere attaccato con facilit\u00e0, ed \u00e8 pi\u00f9 indulgente contro gli errori che causano strappi. Rendere il processo tufting pi\u00f9 divertente, efficiente e con risultati migliori. Un tessuto tufting di alta qualit\u00e0 dove tutti i tuoi progetti di tappeti prendono vita.  <\/p>\n<p><img decoding=\"async\" class=\"alignnone wp-image-32153\" src=\"https:\/\/tuftingeurope.com\/wp-content\/uploads\/2021\/03\/large-300x300.png\" alt=\"\" width=\"18\" height=\"18\" srcset=\"https:\/\/tuftingeurope.com\/wp-content\/uploads\/2021\/03\/large-300x300.png 300w, https:\/\/tuftingeurope.com\/wp-content\/uploads\/2021\/03\/large-100x100.png 100w, https:\/\/tuftingeurope.com\/wp-content\/uploads\/2021\/03\/large-150x150.png 150w, https:\/\/tuftingeurope.com\/wp-content\/uploads\/2021\/03\/large.png 512w\" sizes=\"(max-width: 18px) 100vw, 18px\" \/>  300 x 300 cm &#8211; 9 metri quadrati<br \/>\n<img decoding=\"async\" class=\"alignnone wp-image-32167\" src=\"https:\/\/tuftingeurope.com\/wp-content\/uploads\/2021\/03\/rug-2-300x300.png\" alt=\"\" width=\"18\" height=\"18\" srcset=\"https:\/\/tuftingeurope.com\/wp-content\/uploads\/2021\/03\/rug-2-300x300.png 300w, https:\/\/tuftingeurope.com\/wp-content\/uploads\/2021\/03\/rug-2-100x100.png 100w, https:\/\/tuftingeurope.com\/wp-content\/uploads\/2021\/03\/rug-2-150x150.png 150w, https:\/\/tuftingeurope.com\/wp-content\/uploads\/2021\/03\/rug-2.png 512w\" sizes=\"(max-width: 18px) 100vw, 18px\" \/>  Per chi ha una struttura bella e alta<\/p>\n","protected":false},"featured_media":37813,"template":"","meta":[],"product_brand":[],"product_cat":[149],"product_tag":[],"class_list":{"0":"post-42918","1":"product","2":"type-product","3":"status-publish","4":"has-post-thumbnail","6":"product_cat-panni-di-supporto","8":"first","9":"instock","10":"taxable","11":"shipping-taxable","12":"purchasable","13":"product-type-simple"},"_links":{"self":[{"href":"https:\/\/tuftingeurope.com\/it\/wp-json\/wp\/v2\/product\/42918","targetHints":{"allow":["GET"]}}],"collection":[{"href":"https:\/\/tuftingeurope.com\/it\/wp-json\/wp\/v2\/product"}],"about":[{"href":"https:\/\/tuftingeurope.com\/it\/wp-json\/wp\/v2\/types\/product"}],"wp:featuredmedia":[{"embeddable":true,"href":"https:\/\/tuftingeurope.com\/it\/wp-json\/wp\/v2\/media\/37813"}],"wp:attachment":[{"href":"https:\/\/tuftingeurope.com\/it\/wp-json\/wp\/v2\/media?parent=42918"}],"wp:term":[{"taxonomy":"product_brand","embeddable":true,"href":"https:\/\/tuftingeurope.com\/it\/wp-json\/wp\/v2\/product_brand?post=42918"},{"taxonomy":"product_cat","embeddable":true,"href":"https:\/\/tuftingeurope.com\/it\/wp-json\/wp\/v2\/product_cat?post=42918"},{"taxonomy":"product_tag","embeddable":true,"href":"https:\/\/tuftingeurope.com\/it\/wp-json\/wp\/v2\/product_tag?post=42918"}],"curies":[{"name":"wp","href":"https:\/\/api.w.org\/{rel}","templated":true}]}}