{"id":44529,"date":"2024-08-08T11:26:56","date_gmt":"2024-08-08T09:26:56","guid":{"rendered":"https:\/\/tuftingeurope.com\/product\/forbici-elettriche-per-intaglio-di-tappeti\/"},"modified":"2025-11-27T16:15:35","modified_gmt":"2025-11-27T15:15:35","slug":"electric-scissors-for-rug-carving","status":"publish","type":"product","link":"https:\/\/tuftingeurope.com\/it\/prodotto\/electric-scissors-for-rug-carving\/","title":{"rendered":"Forbici Elettriche per Intaglio di Tappeti"},"content":{"rendered":"<p><iframe title=\"Electric tufting scissors! #tufting #carpet #tuftingprocess #shorts\" width=\"563\" height=\"1000\" src=\"https:\/\/www.youtube.com\/embed\/MtdH6x3N0VY?feature=oembed\" frameborder=\"0\" allow=\"accelerometer; autoplay; clipboard-write; encrypted-media; gyroscope; picture-in-picture; web-share\" referrerpolicy=\"strict-origin-when-cross-origin\" allowfullscreen><\/iframe><\/p>\n<h2>Precisione per il Tuo Lavoro<\/h2>\n<p>Presentiamo le nostre Nuove Forbici per Intaglio Tappeti, adatte specificamente per artigiani esperti di tappeti tufted. Queste forbici elettriche offrono un taglio preciso dei bordi e dei motivi del tappeto, dando ai tuoi tappeti un aspetto nitido e dettagliato. <\/p>\n<h2>Leggere e Comode<\/h2>\n<p>Ti permette di tagliare i tappeti da qualsiasi angolazione senza affaticare le mani, anche durante lunghe sessioni. Goditi un&#8217;esperienza di taglio confortevole ogni volta. <\/p>\n<h2>Velocit\u00e0 Regolabile per Maggiore Efficienza<\/h2>\n<p>Con una manopola di regolazione della velocit\u00e0 sull&#8217;adattatore, queste forbici rendono il taglio pi\u00f9 efficiente rispetto alle tradizionali forbici a mano. Regola la velocit\u00e0 in base alle tue esigenze e lavora con facilit\u00e0 su qualsiasi tappeto. <\/p>\n<h2>Include Ricambi Essenziali<\/h2>\n<p>Il pacchetto della Macchina per la Cura dei Tappeti viene fornito con una lama di ricambio (1 paio) e due spazzole di carbonio, assicurandoti di avere le parti necessarie per un uso a lungo termine. Se noti una diminuzione della velocit\u00e0 di taglio o della potenza del motore, sostituisci semplicemente le parti usurate. <\/p>\n","protected":false},"excerpt":{"rendered":"<p>Aggiungi pi\u00f9 dettagli al tuo lavoro! Adatte ad artisti esperti di tufting. Leggere, regolabili e versatili, queste forbici elettriche ad alta velocit\u00e0 rendono la creazione di tappeti dettagliati un gioco da ragazzi.  <\/p>\n","protected":false},"featured_media":44516,"template":"","meta":[],"product_brand":[],"product_cat":[155],"product_tag":[],"class_list":{"0":"post-44529","1":"product","2":"type-product","3":"status-publish","4":"has-post-thumbnail","6":"product_cat-accessori","8":"first","9":"outofstock","10":"taxable","11":"shipping-taxable","12":"purchasable","13":"product-type-simple"},"_links":{"self":[{"href":"https:\/\/tuftingeurope.com\/it\/wp-json\/wp\/v2\/product\/44529","targetHints":{"allow":["GET"]}}],"collection":[{"href":"https:\/\/tuftingeurope.com\/it\/wp-json\/wp\/v2\/product"}],"about":[{"href":"https:\/\/tuftingeurope.com\/it\/wp-json\/wp\/v2\/types\/product"}],"wp:featuredmedia":[{"embeddable":true,"href":"https:\/\/tuftingeurope.com\/it\/wp-json\/wp\/v2\/media\/44516"}],"wp:attachment":[{"href":"https:\/\/tuftingeurope.com\/it\/wp-json\/wp\/v2\/media?parent=44529"}],"wp:term":[{"taxonomy":"product_brand","embeddable":true,"href":"https:\/\/tuftingeurope.com\/it\/wp-json\/wp\/v2\/product_brand?post=44529"},{"taxonomy":"product_cat","embeddable":true,"href":"https:\/\/tuftingeurope.com\/it\/wp-json\/wp\/v2\/product_cat?post=44529"},{"taxonomy":"product_tag","embeddable":true,"href":"https:\/\/tuftingeurope.com\/it\/wp-json\/wp\/v2\/product_tag?post=44529"}],"curies":[{"name":"wp","href":"https:\/\/api.w.org\/{rel}","templated":true}]}}