{"id":45322,"date":"2024-08-19T20:52:29","date_gmt":"2024-08-19T18:52:29","guid":{"rendered":"https:\/\/tuftingeurope.com\/product\/set-di-3-forbici-per-ak-1n-duo\/"},"modified":"2026-01-23T17:13:54","modified_gmt":"2026-01-23T16:13:54","slug":"pack-of-scissors-for-ak-1n-duo","status":"publish","type":"product","link":"https:\/\/tuftingeurope.com\/it\/prodotto\/pack-of-scissors-for-ak-1n-duo\/","title":{"rendered":"Set di 3 forbici per AK-1N Duo"},"content":{"rendered":"<h2>Come sostituire le tue forbici<\/h2>\n<p><iframe title=\"Replacing Scissors on the AK Duo Tufting Machine\" width=\"1020\" height=\"574\" src=\"https:\/\/www.youtube.com\/embed\/bzaHvHhhZTI?feature=oembed\" frameborder=\"0\" allow=\"accelerometer; autoplay; clipboard-write; encrypted-media; gyroscope; picture-in-picture; web-share\" referrerpolicy=\"strict-origin-when-cross-origin\" allowfullscreen><\/iframe><\/p>\n<h2>Set di 3 forbici di ricambio per macchina da tufting AK-1N duo<\/h2>\n<p>Rimani preparato e fai in modo che i tuoi progetti procedano senza intoppi con questa conveniente confezione da 3 forbici di ricambio per la macchina da tufting AK-1N Duo. Che tu stia lavorando a una grande commissione o a un progetto personale, avere a portata di mano forbici affilate e affidabili significa meno tempi di inattivit\u00e0 e un flusso creativo maggiore. <\/p>\n<h3>Perch\u00e9 scegliere la confezione da 3?<\/h3>\n<ul>\n<li>Miglior rapporto qualit\u00e0-prezzo: risparmia di pi\u00f9 rispetto all&#8217;acquisto di singoli ricambi.<\/li>\n<li>Riduci al minimo i tempi di inattivit\u00e0: sostituisci rapidamente una forbice nuova se una si smussa o si rompe.<\/li>\n<li>Sii sempre pronto: ideale per i tufter che lavorano regolarmente o professionalmente.<\/li>\n<\/ul>\n<h3>Durata su cui puoi contare<\/h3>\n<p>Ogni forbice dura per circa 150+ ore di tufting con lana, il che si traduce in circa sei mesi di utilizzo settimanale per la maggior parte degli artisti del tufting. Vendute in un set di 3, avrai mesi di prestazioni affidabili e backup quando ne avrai bisogno. <\/p>\n<h3>Compatibile Con<\/h3>\n<p>Progettate specificamente per la macchina da tufting AK-1N Duo. Facili da sostituire e installare, cos\u00ec puoi rimanere concentrato su ci\u00f2 che conta: dare vita ai tuoi progetti. Tienine un paio di scorta nella tua cassetta degli attrezzi cos\u00ec non sarai mai colto alla sprovvista durante una sessione di tufting!  <\/p>\n","protected":false},"excerpt":{"rendered":"<p>Continua con il tufting senza interruzioni. Questa confezione da 3 forbici di ricambio per la macchina da tufting AK-1N Duo ti offre backup affidabili al miglior prezzo. <\/p>\n","protected":false},"featured_media":45287,"template":"","meta":[],"product_brand":[],"product_cat":[490,155,489],"product_tag":[],"class_list":{"0":"post-45322","1":"product","2":"type-product","3":"status-publish","4":"has-post-thumbnail","6":"product_cat-ak-1n-duo-spare-parts-it","7":"product_cat-accessori","8":"product_cat-ak-1-spare-parts-it","10":"first","11":"instock","12":"taxable","13":"shipping-taxable","14":"purchasable","15":"product-type-simple"},"_links":{"self":[{"href":"https:\/\/tuftingeurope.com\/it\/wp-json\/wp\/v2\/product\/45322","targetHints":{"allow":["GET"]}}],"collection":[{"href":"https:\/\/tuftingeurope.com\/it\/wp-json\/wp\/v2\/product"}],"about":[{"href":"https:\/\/tuftingeurope.com\/it\/wp-json\/wp\/v2\/types\/product"}],"wp:featuredmedia":[{"embeddable":true,"href":"https:\/\/tuftingeurope.com\/it\/wp-json\/wp\/v2\/media\/45287"}],"wp:attachment":[{"href":"https:\/\/tuftingeurope.com\/it\/wp-json\/wp\/v2\/media?parent=45322"}],"wp:term":[{"taxonomy":"product_brand","embeddable":true,"href":"https:\/\/tuftingeurope.com\/it\/wp-json\/wp\/v2\/product_brand?post=45322"},{"taxonomy":"product_cat","embeddable":true,"href":"https:\/\/tuftingeurope.com\/it\/wp-json\/wp\/v2\/product_cat?post=45322"},{"taxonomy":"product_tag","embeddable":true,"href":"https:\/\/tuftingeurope.com\/it\/wp-json\/wp\/v2\/product_tag?post=45322"}],"curies":[{"name":"wp","href":"https:\/\/api.w.org\/{rel}","templated":true}]}}