{"id":46390,"date":"2024-08-24T23:23:26","date_gmt":"2024-08-24T21:23:26","guid":{"rendered":"https:\/\/tuftingeurope.com\/?post_type=product&#038;p=46390"},"modified":"2026-03-13T13:44:32","modified_gmt":"2026-03-13T12:44:32","slug":"ultimate-tufting-starter-kit-with-ak-v","status":"publish","type":"product","link":"https:\/\/tuftingeurope.com\/it\/prodotto\/ultimate-tufting-starter-kit-with-ak-v\/","title":{"rendered":"Kit di avviamento tufting definitivo con AK-v + telaio"},"content":{"rendered":"<h2>Benvenuto al tuo primo passo nel fantastico mondo del tufting con il nostro Kit per Principianti Ultimate!<\/h2>\n<p>Questo kit contiene tutto ci\u00f2 che ti serve per iniziare a realizzare i tuoi tappeti a casa. L&#8217;abbiamo riempito con tutte le cose essenziali cos\u00ec puoi iniziare il tuo viaggio nel tufting senza sbattimenti. \u00c8 semplice, completa e pensata per facilitare i principianti.  <\/p>\n<p>Ti avviso <strong>che dovrai procurarti un paio di cose da solo:<\/strong> i colori del tuo filato preferito per dare vita ai tuoi disegni, che puoi trovare facilmente sul nostro sito web, e un secchio di colla per tappeti in lattice dal tuo ferramenta di fiducia. (non vendiamo colla perch\u00e9 \u00e8 troppo pesante). <\/p>\n<p>Il tuo kit verr\u00e0 consegnato in due scatole. Una contiene la cornice e l&#8217;altra contiene tutto il resto. Il nostro Ultimate Tufting Starter Kit contiene i seguenti articoli:  <\/p>\n<h2><img fetchpriority=\"high\" decoding=\"async\" class=\"alignnone wp-image-71871 size-full\" src=\"https:\/\/tuftingeurope.com\/wp-content\/uploads\/2025\/12\/starter-kit-1.jpg\" alt=\"\" width=\"1200\" height=\"675\" title=\"\" srcset=\"https:\/\/tuftingeurope.com\/wp-content\/uploads\/2025\/12\/starter-kit-1.jpg 1200w, https:\/\/tuftingeurope.com\/wp-content\/uploads\/2025\/12\/starter-kit-1-300x169.jpg 300w, https:\/\/tuftingeurope.com\/wp-content\/uploads\/2025\/12\/starter-kit-1-1024x576.jpg 1024w, https:\/\/tuftingeurope.com\/wp-content\/uploads\/2025\/12\/starter-kit-1-768x432.jpg 768w, https:\/\/tuftingeurope.com\/wp-content\/uploads\/2025\/12\/starter-kit-1-1000x563.jpg 1000w, https:\/\/tuftingeurope.com\/wp-content\/uploads\/2025\/12\/starter-kit-1-80x45.jpg 80w\" sizes=\"(max-width: 1200px) 100vw, 1200px\" \/><br \/>\nLa nuova macchina per tufting AK-V<\/h2>\n<p>Questo kit include la nuovissima <strong>AK-V<\/strong>, la nostra ultima macchina per tufting che introduce <strong>un nuovo display<\/strong> che mostra la tua impostazione di velocit\u00e0 attuale, <strong>una luce LED frontale<\/strong>, un&#8217;impugnatura pi\u00f9 ergonomica e <strong>fa meno casino<\/strong>. Inoltre, \u00e8 semplice acquisire le nozioni di base: siamo certi che sarai pronto in meno di <strong>15 minuti di pratica<\/strong>. In caso contrario, contattaci per ricevere suggerimenti!  <\/p>\n<p>&nbsp;<\/p>\n<h2><img decoding=\"async\" class=\"alignnone size-full wp-image-37102\" src=\"https:\/\/tuftingeurope.com\/wp-content\/uploads\/2023\/05\/2.jpg\" alt=\"\" width=\"1920\" height=\"1080\" title=\"\" srcset=\"https:\/\/tuftingeurope.com\/wp-content\/uploads\/2023\/05\/2.jpg 1920w, https:\/\/tuftingeurope.com\/wp-content\/uploads\/2023\/05\/2-1000x563.jpg 1000w, https:\/\/tuftingeurope.com\/wp-content\/uploads\/2023\/05\/2-300x169.jpg 300w, https:\/\/tuftingeurope.com\/wp-content\/uploads\/2023\/05\/2-1024x576.jpg 1024w, https:\/\/tuftingeurope.com\/wp-content\/uploads\/2023\/05\/2-768x432.jpg 768w, https:\/\/tuftingeurope.com\/wp-content\/uploads\/2023\/05\/2-1536x864.jpg 1536w, https:\/\/tuftingeurope.com\/wp-content\/uploads\/2023\/05\/2-360x203.jpg 360w, https:\/\/tuftingeurope.com\/wp-content\/uploads\/2023\/05\/2-80x45.jpg 80w\" sizes=\"(max-width: 1920px) 100vw, 1920px\" \/>Un telaio per tufting robusto<\/h2>\n<p>Incluso nel kit c&#8217;\u00e8 il nostro resistente <strong>telaio per tufting da 90x90cm<\/strong>, pronto per essere <strong>facilmente montato su qualsiasi tavolo<\/strong>. Viene con due morsetti per un fissaggio sicuro, spazio per tenere due matasse di filato, e strisce con chiodi lungo ogni bordo per tendere saldamente il tuo tessuto per tufting.  Non preoccuparti dell&#8217;installazione; l&#8217;abbiamo resa super semplice con tutte le <strong>viti necessarie incluse<\/strong>.<\/p>\n<p>&nbsp;<\/p>\n<h2>Abbastanza tessuto per tufting per tenerti occupato<\/h2>\n<p>Il nostro kit per principianti viene con un generoso totale di <strong>200x200cm di tessuto primario di alta qualit\u00e0 per tufting<\/strong>. Questa \u00e8 la tela essenziale per tufting per le tue creazioni di tappeti.  Questo formato ti permette di realizzare da quattro a otto tappeti di medie dimensioni, fornendoti tutto il materiale necessario per iniziare i tuoi progetti. Incluso anche <strong>200x200cm di supporto Ani-Slip<\/strong>, che posizioni sul retro del tuo tappeto per una finitura professionale. <\/p>\n<p>&nbsp;<\/p>\n<h2><img decoding=\"async\" class=\"alignnone size-full wp-image-37116\" src=\"https:\/\/tuftingeurope.com\/wp-content\/uploads\/2023\/05\/4-1.jpg\" alt=\"\" width=\"1920\" height=\"1080\" title=\"\" srcset=\"https:\/\/tuftingeurope.com\/wp-content\/uploads\/2023\/05\/4-1.jpg 1920w, https:\/\/tuftingeurope.com\/wp-content\/uploads\/2023\/05\/4-1-1000x563.jpg 1000w, https:\/\/tuftingeurope.com\/wp-content\/uploads\/2023\/05\/4-1-300x169.jpg 300w, https:\/\/tuftingeurope.com\/wp-content\/uploads\/2023\/05\/4-1-1024x576.jpg 1024w, https:\/\/tuftingeurope.com\/wp-content\/uploads\/2023\/05\/4-1-768x432.jpg 768w, https:\/\/tuftingeurope.com\/wp-content\/uploads\/2023\/05\/4-1-1536x864.jpg 1536w, https:\/\/tuftingeurope.com\/wp-content\/uploads\/2023\/05\/4-1-360x203.jpg 360w, https:\/\/tuftingeurope.com\/wp-content\/uploads\/2023\/05\/4-1-80x45.jpg 80w\" sizes=\"(max-width: 1920px) 100vw, 1920px\" \/><br \/>\nAccessori per realizzare disegni di tappeti affilati come un rasoio<\/h2>\n<p>Il nostro kit per principianti \u00e8 pieno di accessori utili progettati per semplificare il tuo processo di tufting. Include una <strong>spatola flessibile<\/strong> per spalmare uniformemente la colla di lattice, <strong>olio per macchine da cucire<\/strong> per assicurarti che la tua macchina per tufting e le forbici per rifinire funzionino senza intoppi, e un <strong>infila-ago<\/strong> che diventer\u00e0 rapidamente uno strumento indispensabile.  Inoltre, con un <strong>intagliatore per tappeti, una guida all&#8217;intaglio e forbici a becco d&#8217;anatra<\/strong>, avrai tutto ci\u00f2 che ti serve per creare tappeti professionali con dettagli nitidi.<\/p>\n","protected":false},"excerpt":{"rendered":"<p>Preparati a tuffarti nella creazione di tappeti con il nostro Ultimate Tufting Starter Kit! \u00c8 ricco di tutti gli elementi essenziali che ti servono per creare fantastici tappeti professionali direttamente da casa tua. <\/p>\n","protected":false},"featured_media":71426,"template":"","meta":[],"product_brand":[],"product_cat":[544],"product_tag":[],"class_list":{"0":"post-46390","1":"product","2":"type-product","3":"status-publish","4":"has-post-thumbnail","6":"product_cat-starter-kits-it","8":"first","9":"instock","10":"sale","11":"virtual","12":"taxable","13":"purchasable","14":"product-type-yith_bundle"},"_links":{"self":[{"href":"https:\/\/tuftingeurope.com\/it\/wp-json\/wp\/v2\/product\/46390","targetHints":{"allow":["GET"]}}],"collection":[{"href":"https:\/\/tuftingeurope.com\/it\/wp-json\/wp\/v2\/product"}],"about":[{"href":"https:\/\/tuftingeurope.com\/it\/wp-json\/wp\/v2\/types\/product"}],"wp:featuredmedia":[{"embeddable":true,"href":"https:\/\/tuftingeurope.com\/it\/wp-json\/wp\/v2\/media\/71426"}],"wp:attachment":[{"href":"https:\/\/tuftingeurope.com\/it\/wp-json\/wp\/v2\/media?parent=46390"}],"wp:term":[{"taxonomy":"product_brand","embeddable":true,"href":"https:\/\/tuftingeurope.com\/it\/wp-json\/wp\/v2\/product_brand?post=46390"},{"taxonomy":"product_cat","embeddable":true,"href":"https:\/\/tuftingeurope.com\/it\/wp-json\/wp\/v2\/product_cat?post=46390"},{"taxonomy":"product_tag","embeddable":true,"href":"https:\/\/tuftingeurope.com\/it\/wp-json\/wp\/v2\/product_tag?post=46390"}],"curies":[{"name":"wp","href":"https:\/\/api.w.org\/{rel}","templated":true}]}}