{"id":47790,"date":"2024-10-24T11:15:30","date_gmt":"2024-10-24T09:15:30","guid":{"rendered":"https:\/\/tuftingeurope.com\/product\/yarn-sample-book-in-arrivo-presto\/"},"modified":"2026-03-13T13:45:28","modified_gmt":"2026-03-13T12:45:28","slug":"yarn-sample-card","status":"publish","type":"product","link":"https:\/\/tuftingeurope.com\/it\/prodotto\/yarn-sample-card\/","title":{"rendered":"Libro campionario di lana Filato per tufting"},"content":{"rendered":"<p>Da colori audaci a delicati neutri, questo libretto ti permette di toccare con mano la ricca consistenza e le tonalit\u00e0 realistiche prima di creare. Perfetto per testare combinazioni, pianificare design o semplicemente trovare nuova ispirazione &#8211; perch\u00e9 ogni capolavoro inizia con i colori giusti. <\/p>\n<h2>Guida di riferimento colori<\/h2>\n\n<table id=\"tablepress-5\" class=\"tablepress tablepress-id-5\">\n<thead>\n<tr class=\"row-1\">\n\t<th class=\"column-1\">Number<\/th><th class=\"column-2\">Color<\/th>\n<\/tr>\n<\/thead>\n<tbody class=\"row-striping row-hover\">\n<tr class=\"row-2\">\n\t<td class=\"column-1\">1<\/td><td class=\"column-2\"><a href=\"https:\/\/tuftingeurope.com\/product\/black-tufting-yarn-500g-wool\/\">Black<\/a><\/td>\n<\/tr>\n<tr class=\"row-3\">\n\t<td class=\"column-1\">2<\/td><td class=\"column-2\"><a href=\"https:\/\/tuftingeurope.com\/product\/dark-grey-tufting-yarn-500g-wool\/\">Dark Grey<\/a><\/td>\n<\/tr>\n<tr class=\"row-4\">\n\t<td class=\"column-1\">3<\/td><td class=\"column-2\"><a href=\"https:\/\/tuftingeurope.com\/product\/graphite-grey-tufting-yarn-500g-wool\/\">Graphite Grey<\/a><\/td>\n<\/tr>\n<tr class=\"row-5\">\n\t<td class=\"column-1\">4<\/td><td class=\"column-2\"><a href=\"https:\/\/tuftingeurope.com\/product\/light-grey-tufting-yarn-500g-wool\/\">Light Grey<\/a><\/td>\n<\/tr>\n<tr class=\"row-6\">\n\t<td class=\"column-1\">5<\/td><td class=\"column-2\"><a href=\"https:\/\/tuftingeurope.com\/product\/white-tufting-yarn-500g-wool\/\">White<\/a><\/td>\n<\/tr>\n<tr class=\"row-7\">\n\t<td class=\"column-1\">6<\/td><td class=\"column-2\"><a href=\"https:\/\/tuftingeurope.com\/product\/peachy-beige-tufting-yarn-500g-wool\/\">Peachy Beige<\/a><\/td>\n<\/tr>\n<tr class=\"row-8\">\n\t<td class=\"column-1\">7<\/td><td class=\"column-2\"><a href=\"https:\/\/tuftingeurope.com\/product\/light-beige-tufting-yarn-500g-wool\/\">Light Beige<\/a><\/td>\n<\/tr>\n<tr class=\"row-9\">\n\t<td class=\"column-1\">8<\/td><td class=\"column-2\"><a href=\"https:\/\/tuftingeurope.com\/product\/beige-tufting-yarn-500g-wool\/\">Honey Beige<\/a><\/td>\n<\/tr>\n<tr class=\"row-10\">\n\t<td class=\"column-1\">9<\/td><td class=\"column-2\"><a href=\"https:\/\/tuftingeurope.com\/product\/teddy-brown-tufting-yarn-500g-wool\/\">Maple Brown<\/a><\/td>\n<\/tr>\n<tr class=\"row-11\">\n\t<td class=\"column-1\">10<\/td><td class=\"column-2\"><a href=\"https:\/\/tuftingeurope.com\/product\/light-brown-tufting-yarn-500g-wool\/\">Light Brown<\/a><\/td>\n<\/tr>\n<tr class=\"row-12\">\n\t<td class=\"column-1\">11<\/td><td class=\"column-2\"><a href=\"https:\/\/tuftingeurope.com\/product\/auberginepurple-tufting-yarn-500g-wool\/\">Aubergine Purple<\/a><\/td>\n<\/tr>\n<tr class=\"row-13\">\n\t<td class=\"column-1\">12<\/td><td class=\"column-2\"><a href=\"https:\/\/tuftingeurope.com\/product\/deep-pink-tufting-yarn-500g-wool\/\">Deep Pink<\/a><\/td>\n<\/tr>\n<tr class=\"row-14\">\n\t<td class=\"column-1\">13<\/td><td class=\"column-2\"><a href=\"https:\/\/tuftingeurope.com\/product\/fuchsia-pink-tufting-yarn-500g-wool\/\">Fuchsia Pink<\/a><\/td>\n<\/tr>\n<tr class=\"row-15\">\n\t<td class=\"column-1\">14<\/td><td class=\"column-2\"><a href=\"https:\/\/tuftingeurope.com\/product\/super-pink-tufting-yarn-500g-wool\/\">Super Pink<\/a><\/td>\n<\/tr>\n<tr class=\"row-16\">\n\t<td class=\"column-1\">15<\/td><td class=\"column-2\"><a href=\"https:\/\/tuftingeurope.com\/product\/light-pink-tufting-yarn-500g-wool\/\">Light Pink<\/a><\/td>\n<\/tr>\n<tr class=\"row-17\">\n\t<td class=\"column-1\">16<\/td><td class=\"column-2\"><a href=\"https:\/\/tuftingeurope.com\/product\/khaki-tufting-yarn-500g-wool\/\">Khaki<\/a><\/td>\n<\/tr>\n<tr class=\"row-18\">\n\t<td class=\"column-1\">17<\/td><td class=\"column-2\"><a href=\"https:\/\/tuftingeurope.com\/product\/salmon-tufting-yarn-500g-wool\/\">Salmon<\/a><\/td>\n<\/tr>\n<tr class=\"row-19\">\n\t<td class=\"column-1\">18<\/td><td class=\"column-2\"><a href=\"https:\/\/tuftingeurope.com\/product\/ginger-orange-tufting-yarn-500g-wool\/\">Ginger Orange<\/a><\/td>\n<\/tr>\n<tr class=\"row-20\">\n\t<td class=\"column-1\">19<\/td><td class=\"column-2\"><a href=\"https:\/\/tuftingeurope.com\/product\/warm-brown-tufting-yarn-500g-wool\/\">Warm Brown<\/a><\/td>\n<\/tr>\n<tr class=\"row-21\">\n\t<td class=\"column-1\">20<\/td><td class=\"column-2\"><a href=\"https:\/\/tuftingeurope.com\/product\/dark-brown-tufting-yarn-500g-wool\/\">Dark Brown<\/a><\/td>\n<\/tr>\n<tr class=\"row-22\">\n\t<td class=\"column-1\">21<\/td><td class=\"column-2\"><a href=\"https:\/\/tuftingeurope.com\/product\/bordeaux-tufting-yarn-500g-wool\/\">Bordeaux Red<\/a><\/td>\n<\/tr>\n<tr class=\"row-23\">\n\t<td class=\"column-1\">22<\/td><td class=\"column-2\"><a href=\"https:\/\/tuftingeurope.com\/product\/cherry-red-tufting-yarn-500g-wool\/\">Cherry Red<\/a><\/td>\n<\/tr>\n<tr class=\"row-24\">\n\t<td class=\"column-1\">23<\/td><td class=\"column-2\"><a href=\"https:\/\/tuftingeurope.com\/product\/red-tufting-yarn-500g-wool\/\">Red<\/a><\/td>\n<\/tr>\n<tr class=\"row-25\">\n\t<td class=\"column-1\">24<\/td><td class=\"column-2\"><a href=\"https:\/\/tuftingeurope.com\/product\/fluor-red-tufting-yarn-500g-wool\/\">Fluor Red<\/a><\/td>\n<\/tr>\n<tr class=\"row-26\">\n\t<td class=\"column-1\">25<\/td><td class=\"column-2\"><a href=\"https:\/\/tuftingeurope.com\/product\/orange-blast-tufting-yarn-500g-wool\/\">Orange Blast<\/a><\/td>\n<\/tr>\n<tr class=\"row-27\">\n\t<td class=\"column-1\">26<\/td><td class=\"column-2\"><a href=\"https:\/\/tuftingeurope.com\/product\/orange-tufting-yarn-500g-wool\/\">Orange<\/a><\/td>\n<\/tr>\n<tr class=\"row-28\">\n\t<td class=\"column-1\">27<\/td><td class=\"column-2\"><a href=\"https:\/\/tuftingeurope.com\/product\/ochre-yellow-tufting-yarn-500g-wool\/\">Ochre Yellow<\/a><\/td>\n<\/tr>\n<tr class=\"row-29\">\n\t<td class=\"column-1\">28<\/td><td class=\"column-2\"><a href=\"https:\/\/tuftingeurope.com\/product\/mustard-yellow-tufting-yarn-500g-wool\/\">Musterd Yellow<\/a><\/td>\n<\/tr>\n<tr class=\"row-30\">\n\t<td class=\"column-1\">29<\/td><td class=\"column-2\"><a href=\"https:\/\/tuftingeurope.com\/product\/light-orange-tufting-yarn-500g-wool\/\">Light Orange<\/a><\/td>\n<\/tr>\n<tr class=\"row-31\">\n\t<td class=\"column-1\">30<\/td><td class=\"column-2\"><a href=\"https:\/\/tuftingeurope.com\/product\/yellow-tufting-yarn-500g-wool\/\">Yellow<\/a><\/td>\n<\/tr>\n<tr class=\"row-32\">\n\t<td class=\"column-1\">31<\/td><td class=\"column-2\"><a href=\"https:\/\/tuftingeurope.com\/product\/forest-green-tufting-yarn-500g-wool\/\">Forest Green<\/a><\/td>\n<\/tr>\n<tr class=\"row-33\">\n\t<td class=\"column-1\">32<\/td><td class=\"column-2\"><a href=\"https:\/\/tuftingeurope.com\/product\/pine-green-tufting-yarn-500g-wool\/\">Pine Green<\/a><\/td>\n<\/tr>\n<tr class=\"row-34\">\n\t<td class=\"column-1\">33<\/td><td class=\"column-2\"><a href=\"https:\/\/tuftingeurope.com\/product\/moss-green-tufting-yarn-500g-wool\/\">Moss Green<\/a><\/td>\n<\/tr>\n<tr class=\"row-35\">\n\t<td class=\"column-1\">34<\/td><td class=\"column-2\"><a href=\"https:\/\/tuftingeurope.com\/product\/dark-green-tufting-yarn-500g-wool\/\">Dark Green<\/a><\/td>\n<\/tr>\n<tr class=\"row-36\">\n\t<td class=\"column-1\">35<\/td><td class=\"column-2\"><a href=\"https:\/\/tuftingeurope.com\/product\/regular-green-tufting-yarn-500g-wool\/\">Regular Green<\/a><\/td>\n<\/tr>\n<tr class=\"row-37\">\n\t<td class=\"column-1\">36<\/td><td class=\"column-2\"><a href=\"https:\/\/tuftingeurope.com\/product\/olive-green-tufting-yarn-500g-wool\/\">Olive Green<\/a><\/td>\n<\/tr>\n<tr class=\"row-38\">\n\t<td class=\"column-1\">37<\/td><td class=\"column-2\"><a href=\"https:\/\/tuftingeurope.com\/product\/light-teal-tufting-yarn-500g-wool\/\">Light Teal<\/a><\/td>\n<\/tr>\n<tr class=\"row-39\">\n\t<td class=\"column-1\">38<\/td><td class=\"column-2\"><a href=\"https:\/\/tuftingeurope.com\/product\/light-blue-tufting-yarn-500g-wool\/\">Light Blue<\/a><\/td>\n<\/tr>\n<tr class=\"row-40\">\n\t<td class=\"column-1\">39<\/td><td class=\"column-2\"><a href=\"https:\/\/tuftingeurope.com\/product\/mid-teal-tufting-yarn-500g-wool\/\">Mid Teal<\/a><\/td>\n<\/tr>\n<tr class=\"row-41\">\n\t<td class=\"column-1\">40<\/td><td class=\"column-2\"><a href=\"https:\/\/tuftingeurope.com\/product\/teal-tufting-yarn-500g-wool\/\">Teal<\/a><\/td>\n<\/tr>\n<tr class=\"row-42\">\n\t<td class=\"column-1\">41<\/td><td class=\"column-2\"><a href=\"https:\/\/tuftingeurope.com\/product\/dark-purple-tufting-yarn-500g-wool\/\">Dark Purple<\/a><\/td>\n<\/tr>\n<tr class=\"row-43\">\n\t<td class=\"column-1\">42<\/td><td class=\"column-2\"><a href=\"https:\/\/tuftingeurope.com\/product\/navy-blue-tufting-yarn-500g-wool\/\">Navy Blue<\/a><\/td>\n<\/tr>\n<tr class=\"row-44\">\n\t<td class=\"column-1\">43<\/td><td class=\"column-2\"><a href=\"https:\/\/tuftingeurope.com\/product\/cobalt-blue-tufting-yarn-500g-wool\/\">Cobalt Blue<\/a><\/td>\n<\/tr>\n<tr class=\"row-45\">\n\t<td class=\"column-1\">44<\/td><td class=\"column-2\"><a href=\"https:\/\/tuftingeurope.com\/product\/mid-blue-tufting-yarn-500g-wool\/\">Mid Blue<\/a><\/td>\n<\/tr>\n<tr class=\"row-46\">\n\t<td class=\"column-1\">45<\/td><td class=\"column-2\"><a href=\"https:\/\/tuftingeurope.com\/product\/sky-blue-tufting-yarn-500g-wool\/\">Sky Blue<\/a><\/td>\n<\/tr>\n<tr class=\"row-47\">\n\t<td class=\"column-1\">46<\/td><td class=\"column-2\"><a href=\"https:\/\/tuftingeurope.com\/product\/steel-blue-tufting-yarn-500g-wool\/\">Steel Blue<\/a><\/td>\n<\/tr>\n<tr class=\"row-48\">\n\t<td class=\"column-1\">47<\/td><td class=\"column-2\"><a href=\"https:\/\/tuftingeurope.com\/product\/light-aqua-tufting-yarn-500g-wool\/\">Light Aqua<\/a><\/td>\n<\/tr>\n<tr class=\"row-49\">\n\t<td class=\"column-1\">48<\/td><td class=\"column-2\"><a href=\"https:\/\/tuftingeurope.com\/product\/turquoise-tufting-yarn-500g-wool\/\">Turquoise<\/a><\/td>\n<\/tr>\n<tr class=\"row-50\">\n\t<td class=\"column-1\">49<\/td><td class=\"column-2\"><a href=\"https:\/\/tuftingeurope.com\/product\/super-blue-tufting-yarn-500g-wool\/\">Super Blue<\/a><\/td>\n<\/tr>\n<tr class=\"row-51\">\n\t<td class=\"column-1\">50<\/td><td class=\"column-2\"><a href=\"https:\/\/tuftingeurope.com\/product\/mid-indigo-blue-tufting-yarn-500g-wool\/\">Mid Indigo Blue<\/a><\/td>\n<\/tr>\n<tr class=\"row-52\">\n\t<td class=\"column-1\">51<\/td><td class=\"column-2\"><a href=\"https:\/\/tuftingeurope.com\/product\/violet-tufting-yarn-500g-wool\/\">Violet<\/a><\/td>\n<\/tr>\n<tr class=\"row-53\">\n\t<td class=\"column-1\">52<\/td><td class=\"column-2\"><a href=\"https:\/\/tuftingeurope.com\/product\/light-purple-tufting-yarn-500g-wool\/\">Light Purple<\/a><\/td>\n<\/tr>\n<\/tbody>\n<\/table>\n<!-- #tablepress-5 from cache -->\n<h2>Dai vita ai tuoi design con 52 colori vibranti<\/h2>\n<p>Lo standard d&#8217;oro per l&#8217;arte tufting. Il nostro filato premium tufting \u00e8 ora disponibile in <strong>52 splendidi colori<\/strong> &#8211; da tonalit\u00e0 audaci e accattivanti a toni morbidi e senza tempo. Ogni colore \u00e8 creato appositamente per rimanere ricco, vibrante e fedele, facendo risaltare davvero i tuoi tappeti e le tue opere d&#8217;arte.  <\/p>\n<p>Realizzato in <strong>100% lana della Nuova Zelanda<\/strong>, questo materiale naturalmente resistente riduce l&#8217;appiattimento e l&#8217;usura, garantendo che le tue creazioni personalizzate rimangano belle e durature.<\/p>\n<p>Per gli appassionati di filati: la nostra lana \u00e8 <strong>filata con anima a 140 TPM<\/strong> con una <strong>composizione 837\/3 Tex<\/strong>, garantendo un flusso regolare attraverso le macchine tufting senza inceppamenti o irregolarit\u00e0. Puoi concentrarti sul tuo design, sapendo che il filato funziona senza sforzo con i tuoi strumenti. <\/p>\n<p>Ogni cono contiene <strong>500 grammi<\/strong> (circa 500 metri) di lana di alta qualit\u00e0, fornendo abbastanza materiale per alimentare la tua creativit\u00e0. Come riferimento, un <strong>tappeto 80&#215;80 cm<\/strong> di solito richiede circa <strong>1500 grammi<\/strong> di filato. <\/p>\n<h2>Perch\u00e9 scegliere il filato di lana premium?<\/h2>\n<ul>\n<li><strong>100% lana di pecora della Nuova Zelanda<\/strong> &#8211; Morbida, resistente e naturalmente elastica.<\/li>\n<li><strong>Benessere animale<\/strong> &#8211; Proveniente da allevamenti che rispettano le Cinque Libert\u00e0 del benessere animale.<\/li>\n<li><strong>837\/3 Tex<\/strong> &#8211; Spessore perfetto per risultati tufting impeccabili.<\/li>\n<li><strong>500 metri per cono<\/strong> &#8211; Ottima copertura per i tuoi progetti.<\/li>\n<li><strong>Anti-pilling e antistatico<\/strong> &#8211; Previene l&#8217;attrazione della polvere, resiste alla formazione di piccole palline di pelucchi.<\/li>\n<li><strong>Fibre strettamente intrecciate<\/strong> &#8211; Riduce la perdita di peli e mantiene il tuo processo tufting senza frustrazioni.<\/li>\n<\/ul>\n\n<table id=\"tablepress-4\" class=\"tablepress tablepress-id-4\">\n<thead>\n<tr class=\"row-1\">\n\t<th class=\"column-1\">Specifications<\/th><td class=\"column-2\"><\/td>\n<\/tr>\n<\/thead>\n<tbody class=\"row-striping\">\n<tr class=\"row-2\">\n\t<td class=\"column-1\">Material<\/td><td class=\"column-2\">100% New Zealand Sheeps Wool<\/td>\n<\/tr>\n<tr class=\"row-3\">\n\t<td class=\"column-1\">Animal Welfare<\/td><td class=\"column-2\">Responsible Wool Standard (RWS)<\/td>\n<\/tr>\n<tr class=\"row-4\">\n\t<td class=\"column-1\">Properties<\/td><td class=\"column-2\">Anti-pilling, Anti-static, Mothproof<br \/>\n<\/td>\n<\/tr>\n<tr class=\"row-5\">\n\t<td class=\"column-1\">Compostition<\/td><td class=\"column-2\">Core spun at 140 TPM<\/td>\n<\/tr>\n<tr class=\"row-6\">\n\t<td class=\"column-1\">Weight<\/td><td class=\"column-2\">500 grams<\/td>\n<\/tr>\n<tr class=\"row-7\">\n\t<td class=\"column-1\">Length<\/td><td class=\"column-2\">~500 meters<\/td>\n<\/tr>\n<tr class=\"row-8\">\n\t<td class=\"column-1\">Tex<\/td><td class=\"column-2\">837\/3<\/td>\n<\/tr>\n<tr class=\"row-9\">\n\t<td class=\"column-1\">Needle Size<\/td><td class=\"column-2\">4mm<\/td>\n<\/tr>\n<tr class=\"row-10\">\n\t<td class=\"column-1\">Compatibility\t<\/td><td class=\"column-2\">Tufting, Knitting<\/td>\n<\/tr>\n<tr class=\"row-11\">\n\t<td class=\"column-1\">Coned?<\/td><td class=\"column-2\">Yes, cardboard cone<\/td>\n<\/tr>\n<\/tbody>\n<\/table>\n<!-- #tablepress-4 from cache -->\n<h2>Standard per la lana responsabile<\/h2>\n<p>Ci preoccupiamo del benessere degli animali e delle pratiche sostenibili di allevamento. Ecco perch\u00e9 la nostra lana 100% della Nuova Zelanda soddisfa lo Standard per la Lana Responsabile (RWS). Questa certificazione garantisce che la nostra lana provenga da allevamenti che danno priorit\u00e0 al trattamento etico delle pecore, assicurando che le loro Cinque Libert\u00e0 del benessere animale siano rispettate. Non stai solo creando tappeti belli e durevoli, ma stai anche sostenendo pratiche sostenibili e rispettose degli animali.   <\/p>\n<h2>Domande frequenti<\/h2>\n<div class=\"accordion\">\n\n\t<div id=\"accordion-674581425\" class=\"accordion-item\">\n\t\t<a id=\"accordion-674581425-label\" class=\"accordion-title plain active\" href=\"#accordion-item-posso-usare-questo-filato-di-lana-con-qualsiasi-macchina-tufting?\" aria-expanded=\"true\" aria-controls=\"accordion-674581425-content\">\n\t\t\t<button class=\"toggle\" aria-label=\"Attiva\/Disattiva\"><i class=\"icon-angle-down\" aria-hidden=\"true\"><\/i><\/button>\n\t\t\t<span>Posso usare questo filato di lana con qualsiasi macchina tufting?<\/span>\n\t\t<\/a>\n\t\t<div id=\"accordion-674581425-content\" class=\"accordion-inner\" style=\"display: block;\" aria-labelledby=\"accordion-674581425-label\">\n\t\t\t\n\n<p>Il nostro filato \u00e8 progettato apposta per funzionare alla grande con le macchine tufting, inclusi i modelli AK-1 e AK-V. La sua composizione 837\/3 Tex ti permette di lavorare con due fili alla volta senza intasare il buco dell'ago, garantendoti un'esperienza liscia e senza stress. <\/p>\n\n\n\t\t<\/div>\n\t<\/div>\n\t\n\t<div id=\"accordion-781070373\" class=\"accordion-item\">\n\t\t<a id=\"accordion-781070373-label\" class=\"accordion-title plain\" href=\"#accordion-item-quanto-filato-mi-serve-per-un-tappeto-tufted?\" aria-expanded=\"false\" aria-controls=\"accordion-781070373-content\">\n\t\t\t<button class=\"toggle\" aria-label=\"Attiva\/Disattiva\"><i class=\"icon-angle-down\" aria-hidden=\"true\"><\/i><\/button>\n\t\t\t<span>Quanto filato mi serve per un tappeto tufted?<\/span>\n\t\t<\/a>\n\t\t<div id=\"accordion-781070373-content\" class=\"accordion-inner\" aria-labelledby=\"accordion-781070373-label\">\n\t\t\t\n\n<p>Per un tappeto di 50x50 cm, ti serviranno circa 500-700 grammi di filato.<br> Per un tappeto di 150x200 cm, metti in conto circa 2-3 chili di filato.<\/p>\n<p>La quantit\u00e0 esatta dipende dalla tua tecnica tufting. Fattori come la spaziatura delle linee e la velocit\u00e0 di tufting - se stai creando linee dense o pi\u00f9 distanziate - possono influenzare il consumo di filato. <\/p>\n\n\n\t\t<\/div>\n\t<\/div>\n\t\n\t<div id=\"accordion-461896986\" class=\"accordion-item\">\n\t\t<a id=\"accordion-461896986-label\" class=\"accordion-title plain\" href=\"#accordion-item-come-pulisco-il-mio-tappeto-tufted-in-lana?\" aria-expanded=\"false\" aria-controls=\"accordion-461896986-content\">\n\t\t\t<button class=\"toggle\" aria-label=\"Attiva\/Disattiva\"><i class=\"icon-angle-down\" aria-hidden=\"true\"><\/i><\/button>\n\t\t\t<span>Come pulisco il mio tappeto tufted in lana?<\/span>\n\t\t<\/a>\n\t\t<div id=\"accordion-461896986-content\" class=\"accordion-inner\" aria-labelledby=\"accordion-461896986-label\">\n\t\t\t\n\n<p>La nostra lana regge l'umidit\u00e0 - lasciala semplicemente asciugare all'aria naturalmente. Per macchie come il caff\u00e8, pulisci delicatamente con un detergente delicato e acqua fredda. Per mantenere il tuo tappeto morbido e resistente, evita il lavaggio in lavatrice e non usare mai l'asciugatrice, perch\u00e9 il calore pu\u00f2 causare restringimenti.  <\/p>\n\n\n\t\t<\/div>\n\t<\/div>\n\t\n\t<div id=\"accordion-3566190236\" class=\"accordion-item\">\n\t\t<a id=\"accordion-3566190236-label\" class=\"accordion-title plain\" href=\"#accordion-item-perch\u00e9-scegliere-il-filato-100%-lana-per-tufting?\" aria-expanded=\"false\" aria-controls=\"accordion-3566190236-content\">\n\t\t\t<button class=\"toggle\" aria-label=\"Attiva\/Disattiva\"><i class=\"icon-angle-down\" aria-hidden=\"true\"><\/i><\/button>\n\t\t\t<span>Perch\u00e9 scegliere il filato 100% lana per tufting?<\/span>\n\t\t<\/a>\n\t\t<div id=\"accordion-3566190236-content\" class=\"accordion-inner\" aria-labelledby=\"accordion-3566190236-label\">\n\t\t\t\n\n<p>Il nostro filato in 100% lana della Nuova Zelanda \u00e8 la scelta perfetta per tufting - resistente, morbido e completamente compatibile con macchine sia a pelo tagliato che a pelo intero.<\/p>\n<p>Che tu stia creando pezzi d'arte o lavori su commissione destinati a durare, la lana supera l'acrilico mantenendo la sua forza, il colore vibrante e la qualit\u00e0 nel tempo - senza rischio di rotture o sbiadimenti.<\/p>\n\n\n\t\t<\/div>\n\t<\/div>\n\t\n\t<div id=\"accordion-2282707435\" class=\"accordion-item\">\n\t\t<a id=\"accordion-2282707435-label\" class=\"accordion-title plain\" href=\"#accordion-item-il-filato-\u00e8-resistente-al-lavaggio?\" aria-expanded=\"false\" aria-controls=\"accordion-2282707435-content\">\n\t\t\t<button class=\"toggle\" aria-label=\"Attiva\/Disattiva\"><i class=\"icon-angle-down\" aria-hidden=\"true\"><\/i><\/button>\n\t\t\t<span>Il filato \u00e8 resistente al lavaggio?<\/span>\n\t\t<\/a>\n\t\t<div id=\"accordion-2282707435-content\" class=\"accordion-inner\" aria-labelledby=\"accordion-2282707435-label\">\n\t\t\t\n\n<p>S\u00ec! Il nostro filato \u00e8 resistente al lavaggio e progettato appositamente per mantenere il suo colore ricco e vibrante nel tempo, anche con l'uso regolare. Le tue creazioni tufted rimarranno fresche e brillanti per anni.  <\/p>\n\n\n\t\t<\/div>\n\t<\/div>\n\t\n\n<\/div>\n","protected":false},"excerpt":{"rendered":"<p>Sperimenta di persona la consistenza e il tono di ciascuno dei nostri 52 filati di lana tufting, assicurandoti di scegliere le tonalit\u00e0 perfette con sicurezza. Tonalit\u00e0 audaci, toni sottili o qualsiasi cosa nel mezzo. <\/p>\n<p>Toccalo. Guardalo. Crea con sicurezza.  <\/p>\n","protected":false},"featured_media":46534,"template":"","meta":[],"product_brand":[],"product_cat":[452],"product_tag":[],"class_list":{"0":"post-47790","1":"product","2":"type-product","3":"status-publish","4":"has-post-thumbnail","6":"product_cat-filato","8":"first","9":"instock","10":"sold-individually","11":"taxable","12":"shipping-taxable","13":"purchasable","14":"product-type-simple"},"_links":{"self":[{"href":"https:\/\/tuftingeurope.com\/it\/wp-json\/wp\/v2\/product\/47790","targetHints":{"allow":["GET"]}}],"collection":[{"href":"https:\/\/tuftingeurope.com\/it\/wp-json\/wp\/v2\/product"}],"about":[{"href":"https:\/\/tuftingeurope.com\/it\/wp-json\/wp\/v2\/types\/product"}],"wp:featuredmedia":[{"embeddable":true,"href":"https:\/\/tuftingeurope.com\/it\/wp-json\/wp\/v2\/media\/46534"}],"wp:attachment":[{"href":"https:\/\/tuftingeurope.com\/it\/wp-json\/wp\/v2\/media?parent=47790"}],"wp:term":[{"taxonomy":"product_brand","embeddable":true,"href":"https:\/\/tuftingeurope.com\/it\/wp-json\/wp\/v2\/product_brand?post=47790"},{"taxonomy":"product_cat","embeddable":true,"href":"https:\/\/tuftingeurope.com\/it\/wp-json\/wp\/v2\/product_cat?post=47790"},{"taxonomy":"product_tag","embeddable":true,"href":"https:\/\/tuftingeurope.com\/it\/wp-json\/wp\/v2\/product_tag?post=47790"}],"curies":[{"name":"wp","href":"https:\/\/api.w.org\/{rel}","templated":true}]}}