{"id":48900,"date":"2024-10-07T03:28:51","date_gmt":"2024-10-07T01:28:51","guid":{"rendered":"https:\/\/tuftingeurope.com\/product\/filato-per-tufting-in-lana-verde-acqua-chiaro-500-g\/"},"modified":"2025-09-08T11:17:17","modified_gmt":"2025-09-08T09:17:17","slug":"light-teal-tufting-yarn-500g-wool","status":"publish","type":"product","link":"https:\/\/tuftingeurope.com\/it\/prodotto\/light-teal-tufting-yarn-500g-wool\/","title":{"rendered":"Light Teal 500 g Wool Filato per tufting"},"content":{"rendered":"<h2>Dai vita ai tuoi design con 52 colori vibranti<\/h2>\n<p>Il filato di massima qualit\u00e0 per gli artisti di tufting. Il nostro filato premium in lana neozelandese 100% \u00e8 ora disponibile in 52 bellissimi colori &#8211; dalle tonalit\u00e0 vivaci e audaci a quelle classiche e delicate.  Progettato per rimanere intenso e fedele nel tempo, i tuoi tappeti e opere d&#8217;arte risalteranno e dureranno una vita.<\/p>\n<p>&nbsp;<\/p>\n<h2>Perch\u00e9 scegliere il filato di lana premium?<\/h2>\n<ul>\n<li><strong>100% lana di pecora della Nuova Zelanda<\/strong> &#8211; Morbida, resistente e naturalmente elastica.<\/li>\n<li><strong>Benessere animale<\/strong> &#8211; Proveniente da allevamenti che rispettano le Cinque Libert\u00e0 del benessere animale.<\/li>\n<li><strong>837\/3 Tex<\/strong> &#8211; Spessore perfetto per risultati tufting impeccabili.<\/li>\n<li><strong>500 metri per cono<\/strong> &#8211; Ottima copertura per i tuoi progetti.<\/li>\n<li><strong>Anti-pilling e antistatico<\/strong> &#8211; Previene l&#8217;attrazione della polvere, resiste alla formazione di piccole palline di pelucchi.<\/li>\n<li><strong>Fibre strettamente intrecciate<\/strong> &#8211; Riduce la perdita di peli e mantiene il tuo processo tufting senza frustrazioni.<\/li>\n<\/ul>\n<p>&nbsp;<\/p>\n\n<table id=\"tablepress-4\" class=\"tablepress tablepress-id-4\">\n<thead>\n<tr class=\"row-1\">\n\t<th class=\"column-1\">Specifications<\/th><td class=\"column-2\"><\/td>\n<\/tr>\n<\/thead>\n<tbody class=\"row-striping\">\n<tr class=\"row-2\">\n\t<td class=\"column-1\">Material<\/td><td class=\"column-2\">100% New Zealand Sheeps Wool<\/td>\n<\/tr>\n<tr class=\"row-3\">\n\t<td class=\"column-1\">Animal Welfare<\/td><td class=\"column-2\">Responsible Wool Standard (RWS)<\/td>\n<\/tr>\n<tr class=\"row-4\">\n\t<td class=\"column-1\">Properties<\/td><td class=\"column-2\">Anti-pilling, Anti-static, Mothproof<br \/>\n<\/td>\n<\/tr>\n<tr class=\"row-5\">\n\t<td class=\"column-1\">Compostition<\/td><td class=\"column-2\">Core spun at 140 TPM<\/td>\n<\/tr>\n<tr class=\"row-6\">\n\t<td class=\"column-1\">Weight<\/td><td class=\"column-2\">500 grams<\/td>\n<\/tr>\n<tr class=\"row-7\">\n\t<td class=\"column-1\">Length<\/td><td class=\"column-2\">~500 meters<\/td>\n<\/tr>\n<tr class=\"row-8\">\n\t<td class=\"column-1\">Tex<\/td><td class=\"column-2\">837\/3<\/td>\n<\/tr>\n<tr class=\"row-9\">\n\t<td class=\"column-1\">Needle Size<\/td><td class=\"column-2\">4mm<\/td>\n<\/tr>\n<tr class=\"row-10\">\n\t<td class=\"column-1\">Compatibility\t<\/td><td class=\"column-2\">Tufting, Knitting<\/td>\n<\/tr>\n<tr class=\"row-11\">\n\t<td class=\"column-1\">Coned?<\/td><td class=\"column-2\">Yes, cardboard cone<\/td>\n<\/tr>\n<\/tbody>\n<\/table>\n<!-- #tablepress-4 from cache -->\n<p>&nbsp;<\/p>\n<h2>Standard della lana responsabile <img decoding=\"async\" class=\"wp-image-49958 alignnone\" src=\"https:\/\/tuftingeurope.com\/wp-content\/uploads\/2024\/10\/rws-logo.png\" alt=\"\" width=\"35\" height=\"35\" title=\"\" srcset=\"https:\/\/tuftingeurope.com\/wp-content\/uploads\/2024\/10\/rws-logo.png 480w, https:\/\/tuftingeurope.com\/wp-content\/uploads\/2024\/10\/rws-logo-300x300.png 300w, https:\/\/tuftingeurope.com\/wp-content\/uploads\/2024\/10\/rws-logo-150x150.png 150w, https:\/\/tuftingeurope.com\/wp-content\/uploads\/2024\/10\/rws-logo-360x360.png 360w, https:\/\/tuftingeurope.com\/wp-content\/uploads\/2024\/10\/rws-logo-100x100.png 100w, https:\/\/tuftingeurope.com\/wp-content\/uploads\/2024\/10\/rws-logo-80x80.png 80w\" sizes=\"(max-width: 35px) 100vw, 35px\" \/><\/h2>\n<p>Crediamo nella lana di qualit\u00e0 ottenuta in modo responsabile. La nostra lana neozelandese 100% \u00e8 certificata dallo Standard della lana responsabile (RWS), garantendo che provenga da fattorie che si prendono cura delle loro pecore e dell&#8217;ambiente. Questo significa un trattamento etico degli animali e una gestione sostenibile del territorio su cui puoi contare.  <\/p>\n<p>Scegliendo la nostra lana, non stai solo realizzando bellissimi tappeti duraturi della massima qualit\u00e0, ma stai anche sostenendo pratiche agricole migliori.<\/p>\n<p>&nbsp;<\/p>\n<h2>Domande frequenti<\/h2>\n<div class=\"accordion\">\n\n\t<div id=\"accordion-1496769359\" class=\"accordion-item\">\n\t\t<a id=\"accordion-1496769359-label\" class=\"accordion-title plain active\" href=\"#accordion-item-posso-usare-questo-filato-di-lana-con-qualsiasi-macchina-tufting?\" aria-expanded=\"true\" aria-controls=\"accordion-1496769359-content\">\n\t\t\t<button class=\"toggle\" aria-label=\"Attiva\/Disattiva\"><i class=\"icon-angle-down\" aria-hidden=\"true\"><\/i><\/button>\n\t\t\t<span>Posso usare questo filato di lana con qualsiasi macchina tufting?<\/span>\n\t\t<\/a>\n\t\t<div id=\"accordion-1496769359-content\" class=\"accordion-inner\" style=\"display: block;\" aria-labelledby=\"accordion-1496769359-label\">\n\t\t\t\n\n<p>Il nostro filato \u00e8 progettato apposta per funzionare alla grande con le macchine tufting, inclusi i modelli AK-1 e AK-V. La sua composizione 837\/3 Tex ti permette di lavorare con due fili alla volta senza intasare il buco dell'ago, garantendoti un'esperienza liscia e senza stress. <\/p>\n\n\n\t\t<\/div>\n\t<\/div>\n\t\n\t<div id=\"accordion-843422190\" class=\"accordion-item\">\n\t\t<a id=\"accordion-843422190-label\" class=\"accordion-title plain\" href=\"#accordion-item-quanto-filato-mi-serve-per-un-tappeto-tufted?\" aria-expanded=\"false\" aria-controls=\"accordion-843422190-content\">\n\t\t\t<button class=\"toggle\" aria-label=\"Attiva\/Disattiva\"><i class=\"icon-angle-down\" aria-hidden=\"true\"><\/i><\/button>\n\t\t\t<span>Quanto filato mi serve per un tappeto tufted?<\/span>\n\t\t<\/a>\n\t\t<div id=\"accordion-843422190-content\" class=\"accordion-inner\" aria-labelledby=\"accordion-843422190-label\">\n\t\t\t\n\n<p>Per un tappeto di 50x50 cm, ti serviranno circa 500-700 grammi di filato.<br> Per un tappeto di 150x200 cm, metti in conto circa 2-3 chili di filato.<\/p>\n<p>La quantit\u00e0 esatta dipende dalla tua tecnica tufting. Fattori come la spaziatura delle linee e la velocit\u00e0 di tufting - se stai creando linee dense o pi\u00f9 distanziate - possono influenzare il consumo di filato. <\/p>\n\n\n\t\t<\/div>\n\t<\/div>\n\t\n\t<div id=\"accordion-802185346\" class=\"accordion-item\">\n\t\t<a id=\"accordion-802185346-label\" class=\"accordion-title plain\" href=\"#accordion-item-come-pulisco-il-mio-tappeto-tufted-in-lana?\" aria-expanded=\"false\" aria-controls=\"accordion-802185346-content\">\n\t\t\t<button class=\"toggle\" aria-label=\"Attiva\/Disattiva\"><i class=\"icon-angle-down\" aria-hidden=\"true\"><\/i><\/button>\n\t\t\t<span>Come pulisco il mio tappeto tufted in lana?<\/span>\n\t\t<\/a>\n\t\t<div id=\"accordion-802185346-content\" class=\"accordion-inner\" aria-labelledby=\"accordion-802185346-label\">\n\t\t\t\n\n<p>La nostra lana regge l'umidit\u00e0 - lasciala semplicemente asciugare all'aria naturalmente. Per macchie come il caff\u00e8, pulisci delicatamente con un detergente delicato e acqua fredda. Per mantenere il tuo tappeto morbido e resistente, evita il lavaggio in lavatrice e non usare mai l'asciugatrice, perch\u00e9 il calore pu\u00f2 causare restringimenti.  <\/p>\n\n\n\t\t<\/div>\n\t<\/div>\n\t\n\t<div id=\"accordion-3005818862\" class=\"accordion-item\">\n\t\t<a id=\"accordion-3005818862-label\" class=\"accordion-title plain\" href=\"#accordion-item-perch\u00e9-scegliere-il-filato-100%-lana-per-tufting?\" aria-expanded=\"false\" aria-controls=\"accordion-3005818862-content\">\n\t\t\t<button class=\"toggle\" aria-label=\"Attiva\/Disattiva\"><i class=\"icon-angle-down\" aria-hidden=\"true\"><\/i><\/button>\n\t\t\t<span>Perch\u00e9 scegliere il filato 100% lana per tufting?<\/span>\n\t\t<\/a>\n\t\t<div id=\"accordion-3005818862-content\" class=\"accordion-inner\" aria-labelledby=\"accordion-3005818862-label\">\n\t\t\t\n\n<p>Il nostro filato in 100% lana della Nuova Zelanda \u00e8 la scelta perfetta per tufting - resistente, morbido e completamente compatibile con macchine sia a pelo tagliato che a pelo intero.<\/p>\n<p>Che tu stia creando pezzi d'arte o lavori su commissione destinati a durare, la lana supera l'acrilico mantenendo la sua forza, il colore vibrante e la qualit\u00e0 nel tempo - senza rischio di rotture o sbiadimenti.<\/p>\n\n\n\t\t<\/div>\n\t<\/div>\n\t\n\t<div id=\"accordion-543940087\" class=\"accordion-item\">\n\t\t<a id=\"accordion-543940087-label\" class=\"accordion-title plain\" href=\"#accordion-item-il-filato-\u00e8-resistente-al-lavaggio?\" aria-expanded=\"false\" aria-controls=\"accordion-543940087-content\">\n\t\t\t<button class=\"toggle\" aria-label=\"Attiva\/Disattiva\"><i class=\"icon-angle-down\" aria-hidden=\"true\"><\/i><\/button>\n\t\t\t<span>Il filato \u00e8 resistente al lavaggio?<\/span>\n\t\t<\/a>\n\t\t<div id=\"accordion-543940087-content\" class=\"accordion-inner\" aria-labelledby=\"accordion-543940087-label\">\n\t\t\t\n\n<p>S\u00ec! Il nostro filato \u00e8 resistente al lavaggio e progettato appositamente per mantenere il suo colore ricco e vibrante nel tempo, anche con l'uso regolare. Le tue creazioni tufted rimarranno fresche e brillanti per anni.  <\/p>\n\n\n\t\t<\/div>\n\t<\/div>\n\t\n\n<\/div>\n","protected":false},"excerpt":{"rendered":"<p>L&#8217;azzurro chiaro offre una tonalit\u00e0 morbida e fresca di blu-verde, perfetta per design costieri, tappeti acquatici o arredamenti moderni rilassanti.<\/p>\n<p>Filato tufting in lana neozelandese 100% &#8211; resistente, anti-pilling e scorrevole. La sua tonalit\u00e0 naturale e ricca porta calore ed eleganza ai tuoi tappeti tufted e progetti artistici. <\/p>\n","protected":false},"featured_media":48092,"template":"","meta":[],"product_brand":[],"product_cat":[452],"product_tag":[],"class_list":{"0":"post-48900","1":"product","2":"type-product","3":"status-publish","4":"has-post-thumbnail","6":"product_cat-filato","8":"first","9":"instock","10":"taxable","11":"shipping-taxable","12":"purchasable","13":"product-type-simple"},"_links":{"self":[{"href":"https:\/\/tuftingeurope.com\/it\/wp-json\/wp\/v2\/product\/48900","targetHints":{"allow":["GET"]}}],"collection":[{"href":"https:\/\/tuftingeurope.com\/it\/wp-json\/wp\/v2\/product"}],"about":[{"href":"https:\/\/tuftingeurope.com\/it\/wp-json\/wp\/v2\/types\/product"}],"wp:featuredmedia":[{"embeddable":true,"href":"https:\/\/tuftingeurope.com\/it\/wp-json\/wp\/v2\/media\/48092"}],"wp:attachment":[{"href":"https:\/\/tuftingeurope.com\/it\/wp-json\/wp\/v2\/media?parent=48900"}],"wp:term":[{"taxonomy":"product_brand","embeddable":true,"href":"https:\/\/tuftingeurope.com\/it\/wp-json\/wp\/v2\/product_brand?post=48900"},{"taxonomy":"product_cat","embeddable":true,"href":"https:\/\/tuftingeurope.com\/it\/wp-json\/wp\/v2\/product_cat?post=48900"},{"taxonomy":"product_tag","embeddable":true,"href":"https:\/\/tuftingeurope.com\/it\/wp-json\/wp\/v2\/product_tag?post=48900"}],"curies":[{"name":"wp","href":"https:\/\/api.w.org\/{rel}","templated":true}]}}