{"id":6479,"date":"2021-10-27T11:29:52","date_gmt":"2021-10-27T09:29:52","guid":{"rendered":"https:\/\/tuftingeurope.com\/product\/rosewood-carpet-carving-clippers-200w\/"},"modified":"2026-03-13T15:34:38","modified_gmt":"2026-03-13T14:34:38","slug":"pinze-da-intaglio-per-tappeti","status":"publish","type":"product","link":"https:\/\/tuftingeurope.com\/it\/prodotto\/pinze-da-intaglio-per-tappeti\/","title":{"rendered":"Pinze per rasatura e intaglio di tappeti"},"content":{"rendered":"\n\t<section class=\"section\" id=\"section_1446074159\">\n\t\t<div class=\"section-bg fill\" >\n\t\t\t\t\t\t\t<div class=\"video-overlay no-click fill visible\"><\/div>\n\t<video class=\"video-bg fill visible\" preload playsinline autoplay muted loop>\n\t\t<source src=\"https:\/\/tuftingeurope.com\/wp-content\/uploads\/2024\/08\/shaving-example.mp4\" type=\"video\/mp4\">\t<\/video>\n\t\t\t\n\t\t\t\n\n\t\t<\/div>\n\n\t\t\n\n\t\t<div class=\"section-content relative\">\n\t\t\t\n\n\t\t<\/div>\n\n\t\t\n<style>\n#section_1446074159 {\n  padding-top: 30px;\n  padding-bottom: 30px;\n  min-height: 400px;\n}\n@media (min-width:550px) {\n  #section_1446074159 {\n    min-height: 500px;\n  }\n}\n<\/style>\n\t<\/section>\n\t\n<h2>Per dare il tocco finale ai tuoi tappeti.<\/h2>\n<p>Le pinze per intaglio di tappeti sono molto apprezzate dai tufters di tutto il mondo. Il manico di legno \u00e8 comodo da maneggiare, e ha una presa salda, in modo da poter intagliare piccoli dettagli. Grazie al regolatore di velocit\u00e0, questo tagliacapelli pu\u00f2 raggiungere i 6.000 giri al minuto. In questo modo \u00e8 facile creare i dettagli pi\u00f9 fini necessari per il tuo progetto. Raccomandiamo queste tosatrici per i produttori di tappeti.<\/p>\n<p>Ti consigliamo di radere prima tutte le impurit\u00e0 che spuntano. Questo d\u00e0 gi\u00e0 un aspetto rifinito. Dopodich\u00e9, puoi modellare i bordi dei colori con un angolo. Dare profondit\u00e0 ai vostri disegni.<\/p>\n<h2>Risultati dopo la rasatura e l&#8217;intaglio.<\/h2>\n<p><img fetchpriority=\"high\" decoding=\"async\" class=\"aligncenter wp-image-29585 size-full\" src=\"https:\/\/tuftingeurope.com\/wp-content\/uploads\/2021\/10\/carved-rug.gif\" alt=\"\" width=\"1280\" height=\"720\" title=\"\"><\/p>\n<h2>Cosa \u00e8 incluso.<\/h2>\n<p>1 x electric clipper<br \/>\n1 x power cable.<br \/>\n1 x lama di taglio aggiuntiva<br \/>\n2 pettinini<br \/>\n1 x spazzola per la pulizia<br \/>\n1 x manuale d&#8217;uso<br \/>\n1 x custodia<\/p>\n<p>Non contiene olio a causa delle norme di importazione.<\/p>\n<h2>Manutenzione.<\/h2>\n<p>La lama \u00e8 staccabile per una facile pulizia. Per mantenere le tue forbici per intaglio di tappeti in perfette condizioni di funzionamento, spazzola il filo dopo l&#8217;uso. Staccare l&#8217;elemento di tosatura per rimuovere qualsiasi filo nascosto dietro le lame.<\/p>\n<p>Si consiglia di oliare periodicamente le lame con olio per tosatrici per ridurre l&#8217;attrito. Il nostro olio per macchine da cucire pu\u00f2 essere utilizzato anche sulle tosatrici, poich\u00e9 \u00e8 lo stesso olio utilizzato per lubrificare le macchine da cucire.<\/p>\n<h2>Supporto di guida per le pinze da intaglio per tappeti.<\/h2>\n<p>Ti consigliamo una delle nostre guide per la rasatura poich\u00e9 queste tengono il rug carving clipper ad un angolo e un&#8217;altezza specifici, il che aiuta a garantire che i tagli fatti nel pelo tufted siano dritti e uniformi.<\/p>\n","protected":false},"excerpt":{"rendered":"<p>Dai ai tuoi tappeti a pelo tagliato un aspetto pulito e nitido rasando e intagliando con le nostre tosatrici. \u00c8 perfetta per scolpire bordi e contorni, per dare profondit\u00e0 alle linee e per rendere i tuoi tappeti un vero e proprio richiamo visivo.<\/p>\n","protected":false},"featured_media":37934,"template":"","meta":[],"product_brand":[],"product_cat":[155],"product_tag":[],"class_list":{"0":"post-6479","1":"product","2":"type-product","3":"status-publish","4":"has-post-thumbnail","6":"product_cat-accessori","8":"first","9":"instock","10":"taxable","11":"shipping-taxable","12":"purchasable","13":"product-type-simple"},"_links":{"self":[{"href":"https:\/\/tuftingeurope.com\/it\/wp-json\/wp\/v2\/product\/6479","targetHints":{"allow":["GET"]}}],"collection":[{"href":"https:\/\/tuftingeurope.com\/it\/wp-json\/wp\/v2\/product"}],"about":[{"href":"https:\/\/tuftingeurope.com\/it\/wp-json\/wp\/v2\/types\/product"}],"wp:featuredmedia":[{"embeddable":true,"href":"https:\/\/tuftingeurope.com\/it\/wp-json\/wp\/v2\/media\/37934"}],"wp:attachment":[{"href":"https:\/\/tuftingeurope.com\/it\/wp-json\/wp\/v2\/media?parent=6479"}],"wp:term":[{"taxonomy":"product_brand","embeddable":true,"href":"https:\/\/tuftingeurope.com\/it\/wp-json\/wp\/v2\/product_brand?post=6479"},{"taxonomy":"product_cat","embeddable":true,"href":"https:\/\/tuftingeurope.com\/it\/wp-json\/wp\/v2\/product_cat?post=6479"},{"taxonomy":"product_tag","embeddable":true,"href":"https:\/\/tuftingeurope.com\/it\/wp-json\/wp\/v2\/product_tag?post=6479"}],"curies":[{"name":"wp","href":"https:\/\/api.w.org\/{rel}","templated":true}]}}