{"id":6951,"date":"2021-11-01T10:03:32","date_gmt":"2021-11-01T09:03:32","guid":{"rendered":"https:\/\/tuftingeurope.com\/product\/eurol-olio-per-macchine-da-cucire-per-pistole-da-cucire-100ml\/"},"modified":"2026-03-13T15:16:35","modified_gmt":"2026-03-13T14:16:35","slug":"eurol-sewing-machine-oil-for-tufting-guns-100ml","status":"publish","type":"product","link":"https:\/\/tuftingeurope.com\/it\/prodotto\/eurol-sewing-machine-oil-for-tufting-guns-100ml\/","title":{"rendered":"Eurol\u00ae Olio per macchine da cucire per pistole per tufting 100ml"},"content":{"rendered":"<p>Siamo orgogliosi di offrire l&#8217;eccellente olio per macchine da cucire di Eurol\u00ae. Un olio minerale ad alte prestazioni per tutti i punti di lubrificazione di tutte le marche di macchine da cucire.<\/p>\n","protected":false},"excerpt":{"rendered":"<p>Eurol\u00ae \u00e8 perfetto per tufting machines perch\u00e9 l&#8217;olio lubrifica, ma non macchia n\u00e9 puzza, mantenendo i tuoi tappeti puliti. \u00c8 un lubrificante senza acidi a base di olio paraffinico e lubrifica tutte le parti vulnerabili della tua macchina tufting, mantenendole libere da attrito e calore. <\/p>\n<p>Spazzola via il filo dalla macchina e metti una goccia d&#8217;olio sulle barre metalliche e nei fori dei cursori bianchi ogni 2 ore.<\/p>\n","protected":false},"featured_media":12204,"template":"","meta":[],"product_brand":[],"product_cat":[155],"product_tag":[],"class_list":{"0":"post-6951","1":"product","2":"type-product","3":"status-publish","4":"has-post-thumbnail","6":"product_cat-accessori","8":"first","9":"instock","10":"taxable","11":"shipping-taxable","12":"purchasable","13":"product-type-simple"},"_links":{"self":[{"href":"https:\/\/tuftingeurope.com\/it\/wp-json\/wp\/v2\/product\/6951","targetHints":{"allow":["GET"]}}],"collection":[{"href":"https:\/\/tuftingeurope.com\/it\/wp-json\/wp\/v2\/product"}],"about":[{"href":"https:\/\/tuftingeurope.com\/it\/wp-json\/wp\/v2\/types\/product"}],"wp:featuredmedia":[{"embeddable":true,"href":"https:\/\/tuftingeurope.com\/it\/wp-json\/wp\/v2\/media\/12204"}],"wp:attachment":[{"href":"https:\/\/tuftingeurope.com\/it\/wp-json\/wp\/v2\/media?parent=6951"}],"wp:term":[{"taxonomy":"product_brand","embeddable":true,"href":"https:\/\/tuftingeurope.com\/it\/wp-json\/wp\/v2\/product_brand?post=6951"},{"taxonomy":"product_cat","embeddable":true,"href":"https:\/\/tuftingeurope.com\/it\/wp-json\/wp\/v2\/product_cat?post=6951"},{"taxonomy":"product_tag","embeddable":true,"href":"https:\/\/tuftingeurope.com\/it\/wp-json\/wp\/v2\/product_tag?post=6951"}],"curies":[{"name":"wp","href":"https:\/\/api.w.org\/{rel}","templated":true}]}}