{"id":69843,"date":"2025-09-11T13:53:36","date_gmt":"2025-09-11T11:53:36","guid":{"rendered":"https:\/\/tuftingeurope.com\/product\/learn-tufting-online\/"},"modified":"2025-09-11T13:53:36","modified_gmt":"2025-09-11T11:53:36","slug":"learn-tufting-online","status":"publish","type":"product","link":"https:\/\/tuftingeurope.com\/it\/prodotto\/learn-tufting-online\/","title":{"rendered":"Impara il tufting &#8211; corso online completo"},"content":{"rendered":"<h2>Stai per diventare un artista del tufting.<\/h2>\n<p>Questo non \u00e8 solo un altro tutorial, \u00e8 un vero e proprio percorso. Il nostro corso online ti fornisce le competenze, i suggerimenti e la sicurezza per creare tappeti di cui sarai orgoglioso. <\/p>\n<ul>\n<li>Divertente e facile da seguire: ogni modulo \u00e8 chiaro, adatto ai principianti e ricco di dimostrazioni.<\/li>\n<li>Accelera le tue competenze: salta la fase di tentativi ed errori. Con la nostra guida imparerai pi\u00f9 velocemente e meglio. <\/li>\n<li>Tutti i segreti svelati: dai bordi puliti alle curve morbide, ti mostreremo tecniche che non troverai su YouTube.<\/li>\n<li>Coaching incluso: condividi le foto dei tuoi progressi e ricevi feedback personalizzati da esperti di tufting.<\/li>\n<\/ul>\n<h2>Cosa imparerai<\/h2>\n<ul>\n<li>Imposta la tua cornice e il tessuto con la tensione perfetta<\/li>\n<li>Infila, alimenta e controlla la tua pistola per tufting come un professionista<\/li>\n<li>Realizza linee, curve, riempimenti e cambia colore senza problemi<\/li>\n<li>Padroneggia la finitura: incollaggio, supporto, rifilatura, intaglio, rasatura<\/li>\n<li>Risolvi e correggi gli errori pi\u00f9 comuni<\/li>\n<\/ul>\n<h2>Perch\u00e9 questo corso?<\/h2>\n<p>Perch\u00e9 siamo stati dove sei tu. Il tufting pu\u00f2 creare confusione all&#8217;inizio, con filati sprecati, tappeti disordinati e tutorial poco chiari. Abbiamo condensato anni di esperienza in un corso semplice che ti rende pi\u00f9 veloce, pi\u00f9 sicuro e pi\u00f9 creativo.  <\/p>\n","protected":false},"excerpt":{"rendered":"<p>Trasforma le tue idee in veri tappeti. Con questo corso online divertente e facile da seguire, diventerai un abile artista del tufting in pochissimo tempo. Ti daremo l&#8217;accelerazione di cui hai bisogno, condivideremo tutti i segreti che abbiamo imparato in anni di tufting e ti guideremo passo dopo passo.  <\/p>\n<p><strong>Iscriviti oggi stesso alla lista d&#8217;attesa e ottieni l&#8217;accesso anticipato pi\u00f9 uno sconto speciale di lancio.<\/strong><\/p>\n","protected":false},"featured_media":69846,"template":"","meta":[],"product_brand":[],"product_cat":[544],"product_tag":[],"class_list":{"0":"post-69843","1":"product","2":"type-product","3":"status-publish","4":"has-post-thumbnail","6":"product_cat-starter-kits-it","8":"first","9":"outofstock","10":"virtual","11":"taxable","12":"purchasable","13":"product-type-simple"},"_links":{"self":[{"href":"https:\/\/tuftingeurope.com\/it\/wp-json\/wp\/v2\/product\/69843","targetHints":{"allow":["GET"]}}],"collection":[{"href":"https:\/\/tuftingeurope.com\/it\/wp-json\/wp\/v2\/product"}],"about":[{"href":"https:\/\/tuftingeurope.com\/it\/wp-json\/wp\/v2\/types\/product"}],"wp:featuredmedia":[{"embeddable":true,"href":"https:\/\/tuftingeurope.com\/it\/wp-json\/wp\/v2\/media\/69846"}],"wp:attachment":[{"href":"https:\/\/tuftingeurope.com\/it\/wp-json\/wp\/v2\/media?parent=69843"}],"wp:term":[{"taxonomy":"product_brand","embeddable":true,"href":"https:\/\/tuftingeurope.com\/it\/wp-json\/wp\/v2\/product_brand?post=69843"},{"taxonomy":"product_cat","embeddable":true,"href":"https:\/\/tuftingeurope.com\/it\/wp-json\/wp\/v2\/product_cat?post=69843"},{"taxonomy":"product_tag","embeddable":true,"href":"https:\/\/tuftingeurope.com\/it\/wp-json\/wp\/v2\/product_tag?post=69843"}],"curies":[{"name":"wp","href":"https:\/\/api.w.org\/{rel}","templated":true}]}}