{"id":27797,"date":"2023-01-29T23:03:23","date_gmt":"2023-01-29T22:03:23","guid":{"rendered":"https:\/\/tuftingeurope.com\/wspolpracuj\/"},"modified":"2023-01-29T23:10:48","modified_gmt":"2023-01-29T22:10:48","slug":"wspolpracuj","status":"publish","type":"page","link":"https:\/\/tuftingeurope.com\/pl\/wspolpracuj\/","title":{"rendered":"Wsp\u00f3\u0142pracuj"},"content":{"rendered":"\n<p>Hej, jeste\u015b aktywny w mediach spo\u0142eczno\u015bciowych i uwa\u017casz, \u017ce nasze produkty do tapicerowania s\u0105 fajne? Jeste\u015bmy zawsze otwarci na ciekaw\u0105 wsp\u00f3\u0142prac\u0119! Wype\u0142nij poni\u017cszy formularz kontaktowy, aby si\u0119 z nami skontaktowa\u0107. Po z\u0142o\u017ceniu aplikacji nasz zesp\u00f3\u0142 skontaktuje si\u0119 z Tob\u0105 tak szybko, jak to mo\u017cliwe \ud83d\ude42<\/p>\n\n<p>Nie zapomnij umie\u015bci\u0107 w swojej wiadomo\u015bci nast\u0119puj\u0105cych informacji:<\/p>\n\n<ul class=\"wp-block-list\">\n<li>Nazwa u\u017cytkownika na Instagramie<\/li>\n\n\n\n<li>Nazwa u\u017cytkownika TikTok<\/li>\n\n\n\n<li>Adres e-mail<\/li>\n\n\n\n<li>Numer telefonu<\/li>\n<\/ul>\n\n<p>  Powodzenia!<\/p>\n\n[gravityform id=&#8221;2&#8243; title=&#8221;false&#8221;]\n","protected":false},"excerpt":{"rendered":"<p>Hej, jeste\u015b aktywny w mediach spo\u0142eczno\u015bciowych i uwa\u017casz, \u017ce nasze produkty do tapicerowania s\u0105 fajne? Jeste\u015bmy zawsze otwarci na ciekaw\u0105 wsp\u00f3\u0142prac\u0119! Wype\u0142nij poni\u017cszy formularz kontaktowy, aby si\u0119 z nami skontaktowa\u0107. Po z\u0142o\u017ceniu aplikacji nasz zesp\u00f3\u0142 skontaktuje si\u0119 z Tob\u0105 tak szybko, jak to mo\u017cliwe \ud83d\ude42 Nie zapomnij umie\u015bci\u0107 w swojej wiadomo\u015bci nast\u0119puj\u0105cych informacji: Powodzenia! [gravityform<\/p>\n","protected":false},"author":1,"featured_media":0,"parent":0,"menu_order":0,"comment_status":"closed","ping_status":"closed","template":"","meta":{"footnotes":""},"class_list":["post-27797","page","type-page","status-publish","hentry"],"_links":{"self":[{"href":"https:\/\/tuftingeurope.com\/pl\/wp-json\/wp\/v2\/pages\/27797","targetHints":{"allow":["GET"]}}],"collection":[{"href":"https:\/\/tuftingeurope.com\/pl\/wp-json\/wp\/v2\/pages"}],"about":[{"href":"https:\/\/tuftingeurope.com\/pl\/wp-json\/wp\/v2\/types\/page"}],"author":[{"embeddable":true,"href":"https:\/\/tuftingeurope.com\/pl\/wp-json\/wp\/v2\/users\/1"}],"replies":[{"embeddable":true,"href":"https:\/\/tuftingeurope.com\/pl\/wp-json\/wp\/v2\/comments?post=27797"}],"version-history":[{"count":0,"href":"https:\/\/tuftingeurope.com\/pl\/wp-json\/wp\/v2\/pages\/27797\/revisions"}],"wp:attachment":[{"href":"https:\/\/tuftingeurope.com\/pl\/wp-json\/wp\/v2\/media?parent=27797"}],"curies":[{"name":"wp","href":"https:\/\/api.w.org\/{rel}","templated":true}]}}