{"id":3163,"date":"2020-12-03T00:08:48","date_gmt":"2020-12-02T23:08:48","guid":{"rendered":"https:\/\/tuftingeurope.com\/o-nas\/"},"modified":"2025-01-15T15:47:11","modified_gmt":"2025-01-15T14:47:11","slug":"o-nas","status":"publish","type":"page","link":"https:\/\/tuftingeurope.com\/pl\/o-nas\/","title":{"rendered":"O nas"},"content":{"rendered":"\n\t<div class=\"img has-hover x md-x lg-x y md-y lg-y\" id=\"image_297053910\">\n\t\t\t\t\t\t\t\t<div class=\"img-inner dark\" >\n\t\t\t<img fetchpriority=\"high\" decoding=\"async\" width=\"1020\" height=\"680\" src=\"https:\/\/tuftingeurope.com\/wp-content\/uploads\/2025\/01\/Nelson_Tufting-7-1024x683.jpg\" class=\"attachment-large size-large\" alt=\"\" srcset=\"https:\/\/tuftingeurope.com\/wp-content\/uploads\/2025\/01\/Nelson_Tufting-7-1024x683.jpg 1024w, https:\/\/tuftingeurope.com\/wp-content\/uploads\/2025\/01\/Nelson_Tufting-7-300x200.jpg 300w, https:\/\/tuftingeurope.com\/wp-content\/uploads\/2025\/01\/Nelson_Tufting-7-768x512.jpg 768w, https:\/\/tuftingeurope.com\/wp-content\/uploads\/2025\/01\/Nelson_Tufting-7-1536x1024.jpg 1536w, https:\/\/tuftingeurope.com\/wp-content\/uploads\/2025\/01\/Nelson_Tufting-7-2048x1365.jpg 2048w, https:\/\/tuftingeurope.com\/wp-content\/uploads\/2025\/01\/Nelson_Tufting-7-360x240.jpg 360w, https:\/\/tuftingeurope.com\/wp-content\/uploads\/2025\/01\/Nelson_Tufting-7-1000x667.jpg 1000w, https:\/\/tuftingeurope.com\/wp-content\/uploads\/2025\/01\/Nelson_Tufting-7-80x53.jpg 80w\" sizes=\"(max-width: 1020px) 100vw, 1020px\" title=\"\">\t\t\t\t\t\t\n\t\t\t\t\t<\/div>\n\t\t\t\t\t\t\t\t\n<style>\n#image_297053910 {\n  width: 100%;\n}\n<\/style>\n\t<\/div>\n\t\n\n\n\t<section class=\"section\" id=\"section_1139371834\">\n\t\t<div class=\"section-bg fill\" >\n\t\t\t\t\t\t\t\t\t\n\t\t\t\n\n\t\t<\/div>\n\n\t\t\n\n\t\t<div class=\"section-content relative\">\n\t\t\t\n\n\t<div id=\"gap-1286754264\" class=\"gap-element clearfix\" style=\"display:block; height:auto;\">\n\t\t\n<style>\n#gap-1286754264 {\n  padding-top: 30px;\n}\n<\/style>\n\t<\/div>\n\t\n\n<div class=\"row row-large align-middle align-center\" style=\"max-width:1300px\" id=\"row-462027508\">\n\n\n\t<div id=\"col-322700935\" class=\"col medium-12 small-12 large-6\"  >\n\t\t\t\t<div class=\"col-inner\"  >\n\t\t\t\n\t\t\t\n\n<h2>Tufting Kto?<\/h2>\n<p>Nasza misja w Tufting Europe jest prosta: sprawi\u0107, by sprz\u0119t i materia\u0142y do tuftingu by\u0142y dost\u0119pne dla ka\u017cdego. Niezale\u017cnie od tego, czy jeste\u015b pocz\u0105tkuj\u0105cym, czy do\u015bwiadczonym artyst\u0105 tuftingu, mamy wszystko, czego potrzebujesz do swoich projekt\u00f3w &#8211; prz\u0119dze, podk\u0142ady dywanowe, ramy, nawijarki do we\u0142ny, ig\u0142y do tuftingu, pistolety do tuftingu i nie tylko &#8211; wszystko w jednym miejscu. <\/p>\n<p>Podobnie jak wielu entuzjast\u00f3w tuftingu, na pocz\u0105tku musieli\u015bmy stawi\u0107 czo\u0142a wyzwaniom: d\u0142ugim czasom wysy\u0142ki, niewiarygodnym zagranicznym sklepom i brakowi wsparcia, gdy co\u015b posz\u0142o nie tak. Chcieli\u015bmy po prostu tworzy\u0107 wspania\u0142e dywany. Dlatego w\u0142a\u015bnie za\u0142o\u017cyli\u015bmy Tufting Europe.  <\/p>\n<p>Jeste\u015bmy czym\u015b wi\u0119cej ni\u017c tylko sklepem internetowym; jeste\u015bmy centrum wiedzy i wsparcia w zakresie tuftingu. Nasze produkty znajduj\u0105 si\u0119 w naszym w\u0142asnym magazynie i s\u0105 wysy\u0142ane szybko i niezawodnie. <\/p>\n<p>Masz pytania lub potrzebujesz porady na temat swojej przygody z tuftingiem? Jeste\u015bmy tutaj, aby pom\u00f3c Ci na ka\u017cdym kroku. <\/p>\n<p>Nie mo\u017cemy si\u0119 doczeka\u0107, aby zobaczy\u0107 pi\u0119kne dywany, kt\u00f3re stworzysz &#8211; podziel si\u0119 z nami swoj\u0105 prac\u0105 i do\u0142\u0105cz do rosn\u0105cej spo\u0142eczno\u015bci tuftingowej!<\/p>\n\t<div id=\"gap-1336793711\" class=\"gap-element clearfix\" style=\"display:block; height:auto;\">\n\t\t\n<style>\n#gap-1336793711 {\n  padding-top: 75px;\n}\n@media (min-width:850px) {\n  #gap-1336793711 {\n    padding-top: 34px;\n  }\n}\n<\/style>\n\t<\/div>\n\t\n\n\n\t\t<\/div>\n\t\t\t\t\n<style>\n#col-322700935 > .col-inner {\n  padding: 0px 20px 0px 20px;\n  margin: 0px 0px -17px 0px;\n}\n@media (min-width:850px) {\n  #col-322700935 > .col-inner {\n    padding: 0px 40px 0px 0px;\n  }\n}\n<\/style>\n\t<\/div>\n\n\t\n\n\t<div id=\"col-2104732815\" class=\"col medium-12 small-12 large-6 medium-col-first\"  >\n\t\t\t\t<div class=\"col-inner\"  >\n\t\t\t\n\t\t\t\n\n\n  <div class=\"banner has-hover\" id=\"banner-419100998\">\n          <div class=\"banner-inner fill\">\n        <div class=\"banner-bg fill\" >\n            <img decoding=\"async\" width=\"2560\" height=\"1707\" src=\"https:\/\/tuftingeurope.com\/wp-content\/uploads\/2025\/01\/Nelson_Tufting-14-scaled.jpg\" class=\"bg attachment-original size-original\" alt=\"\" title=\"\">                                    \n                    <\/div>\n\t\t\n        <div class=\"banner-layers container\">\n            <div class=\"fill banner-link\"><\/div>            \n\n\n        <\/div>\n      <\/div>\n\n            \n<style>\n#banner-419100998 {\n  padding-top: 300px;\n  background-color: rgb(255, 239, 234);\n}\n#banner-419100998 .banner-bg img {\n  object-position: 67% 51%;\n}\n@media (min-width:550px) {\n  #banner-419100998 {\n    padding-top: 450px;\n  }\n}\n@media (min-width:850px) {\n  #banner-419100998 {\n    padding-top: 650px;\n  }\n}\n<\/style>\n  <\/div>\n\n\n\n\t\t<\/div>\n\t\t\t\t\n<style>\n#col-2104732815 > .col-inner {\n  padding: 0px 20px 0px 20px;\n}\n<\/style>\n\t<\/div>\n\n\t\n\n<\/div>\n\n\t\t<\/div>\n\n\t\t\n<style>\n#section_1139371834 {\n  padding-top: 60px;\n  padding-bottom: 60px;\n}\n<\/style>\n\t<\/section>\n\t\n\n\t<section class=\"section\" id=\"section_1681435921\">\n\t\t<div class=\"section-bg fill\" >\n\t\t\t\t\t\t\t\t\t\n\t\t\t\n\n\t\t<\/div>\n\n\t\t\n\n\t\t<div class=\"section-content relative\">\n\t\t\t\n\n<div class=\"row\"  id=\"row-1806408608\">\n\n\n\t<div id=\"col-42248067\" class=\"col small-12 large-12\"  >\n\t\t\t\t<div class=\"col-inner text-center\"  >\n\t\t\t\n\t\t\t\n\n<h2>&#8220;NIE MUSISZ BLEFOWA\u0106,<br> WSZYSTKO, CZEGO POTRZEBUJESZ, BY TUFTOWA\u0106&#8221;.  <\/h2>\n\n\t\t<\/div>\n\t\t\t\t\t<\/div>\n\n\t\n\n<\/div>\n\n\t\t<\/div>\n\n\t\t\n<style>\n#section_1681435921 {\n  padding-top: 50px;\n  padding-bottom: 50px;\n  min-height: 300px;\n}\n<\/style>\n\t<\/section>\n\t\n\n","protected":false},"excerpt":{"rendered":"","protected":false},"author":1,"featured_media":0,"parent":0,"menu_order":0,"comment_status":"closed","ping_status":"closed","template":"","meta":{"footnotes":""},"class_list":["post-3163","page","type-page","status-publish","hentry"],"_links":{"self":[{"href":"https:\/\/tuftingeurope.com\/pl\/wp-json\/wp\/v2\/pages\/3163","targetHints":{"allow":["GET"]}}],"collection":[{"href":"https:\/\/tuftingeurope.com\/pl\/wp-json\/wp\/v2\/pages"}],"about":[{"href":"https:\/\/tuftingeurope.com\/pl\/wp-json\/wp\/v2\/types\/page"}],"author":[{"embeddable":true,"href":"https:\/\/tuftingeurope.com\/pl\/wp-json\/wp\/v2\/users\/1"}],"replies":[{"embeddable":true,"href":"https:\/\/tuftingeurope.com\/pl\/wp-json\/wp\/v2\/comments?post=3163"}],"version-history":[{"count":0,"href":"https:\/\/tuftingeurope.com\/pl\/wp-json\/wp\/v2\/pages\/3163\/revisions"}],"wp:attachment":[{"href":"https:\/\/tuftingeurope.com\/pl\/wp-json\/wp\/v2\/media?parent=3163"}],"curies":[{"name":"wp","href":"https:\/\/api.w.org\/{rel}","templated":true}]}}