{"id":3191,"date":"2021-02-27T16:11:19","date_gmt":"2021-02-27T14:11:19","guid":{"rendered":"https:\/\/tuftingeurope.com\/partnerzy\/zglos-sie-jako-partner-tuftingeurope\/"},"modified":"2021-06-04T19:35:24","modified_gmt":"2021-06-04T17:35:24","slug":"zglos-sie-jako-partner-tuftingeurope","status":"publish","type":"page","link":"https:\/\/tuftingeurope.com\/pl\/partnerzy\/zglos-sie-jako-partner-tuftingeurope\/","title":{"rendered":"Zg\u0142o\u015b si\u0119 jako partner TuftingEurope"},"content":{"rendered":"\n[AffiliatesRegister]\n","protected":false},"excerpt":{"rendered":"[AffiliatesRegister]\n","protected":false},"author":1,"featured_media":0,"parent":3186,"menu_order":0,"comment_status":"closed","ping_status":"closed","template":"","meta":{"footnotes":""},"class_list":["post-3191","page","type-page","status-publish","hentry"],"_links":{"self":[{"href":"https:\/\/tuftingeurope.com\/pl\/wp-json\/wp\/v2\/pages\/3191","targetHints":{"allow":["GET"]}}],"collection":[{"href":"https:\/\/tuftingeurope.com\/pl\/wp-json\/wp\/v2\/pages"}],"about":[{"href":"https:\/\/tuftingeurope.com\/pl\/wp-json\/wp\/v2\/types\/page"}],"author":[{"embeddable":true,"href":"https:\/\/tuftingeurope.com\/pl\/wp-json\/wp\/v2\/users\/1"}],"replies":[{"embeddable":true,"href":"https:\/\/tuftingeurope.com\/pl\/wp-json\/wp\/v2\/comments?post=3191"}],"version-history":[{"count":0,"href":"https:\/\/tuftingeurope.com\/pl\/wp-json\/wp\/v2\/pages\/3191\/revisions"}],"up":[{"embeddable":true,"href":"https:\/\/tuftingeurope.com\/pl\/wp-json\/wp\/v2\/pages\/3186"}],"wp:attachment":[{"href":"https:\/\/tuftingeurope.com\/pl\/wp-json\/wp\/v2\/media?parent=3191"}],"curies":[{"name":"wp","href":"https:\/\/api.w.org\/{rel}","templated":true}]}}