{"id":3254,"date":"2021-02-27T16:11:19","date_gmt":"2021-02-27T14:11:19","guid":{"rendered":"https:\/\/tuftingeurope.com\/zasady-i-warunki-programu-partnerskiego\/"},"modified":"2021-10-06T23:53:39","modified_gmt":"2021-10-06T21:53:39","slug":"zasady-i-warunki-programu-partnerskiego","status":"publish","type":"page","link":"https:\/\/tuftingeurope.com\/pl\/zasady-i-warunki-programu-partnerskiego\/","title":{"rendered":"Zasady i warunki programu partnerskiego"},"content":{"rendered":"\n<h2>Regulamin Programu Partnerskiego Tufting Europe<\/h2>\n<h2>Umowa<\/h2>\n<p>Rejestruj\u0105c si\u0119 jako partner w programie partnerskim Tufting Europe (&#8220;Program&#8221;) zgadzasz si\u0119 na przestrzeganie nast\u0119puj\u0105cych warunk\u00f3w i zasad (&#8220;Warunki \u015bwiadczenia us\u0142ug&#8221;).<\/p>\n<p><strong>Tufting Europe<\/strong> zastrzega sobie prawo do aktualizacji i zmiany warunk\u00f3w korzystania z serwisu od czasu do czasu bez uprzedzenia. Wszelkie nowe funkcje, kt\u00f3re rozszerzaj\u0105 lub wzmacniaj\u0105 obecny Program, w tym udost\u0119pnianie nowych narz\u0119dzi i zasob\u00f3w, podlegaj\u0105 Warunkom Korzystania z Us\u0142ug. Dalsze korzystanie z Programu po wprowadzeniu takich zmian oznacza wyra\u017cenie zgody na te zmiany.<\/p>\n<p>Naruszenie kt\u00f3regokolwiek z poni\u017cszych warunk\u00f3w spowoduje zamkni\u0119cie Twojego Konta i przepadek wszelkich zaleg\u0142ych prowizji partnerskich zarobionych podczas naruszenia. Zgadzasz si\u0119 korzysta\u0107 z Programu Partnerskiego na w\u0142asne ryzyko.<\/p>\n<h2>Warunki konta<\/h2>\n<ul>\n<li>Aby wzi\u0105\u0107 udzia\u0142 w tym Programie, musisz mie\u0107 uko\u0144czone 18 lat.<\/li>\n<li>Aby zosta\u0107 Afiliantem, musisz mieszka\u0107 w Stanach Zjednoczonych.<\/li>\n<li>Musisz by\u0107 cz\u0142owiekiem. Konta zarejestrowane przez &#8220;boty&#8221; lub inne zautomatyzowane metody nie s\u0105 dozwolone.<\/li>\n<li>Musisz poda\u0107 swoje imi\u0119 i nazwisko, poprawny adres e-mail oraz wszelkie inne informacje wymagane do uko\u0144czenia procesu rejestracji.<\/li>\n<li>Tw\u00f3j login mo\u017ce by\u0107 u\u017cywany tylko przez jedn\u0105 osob\u0119 &#8211; jeden login wsp\u00f3\u0142dzielony przez wiele os\u00f3b jest niedozwolony.<\/li>\n<li>Jeste\u015b odpowiedzialny za utrzymanie bezpiecze\u0144stwa swojego konta i has\u0142a. <strong>Tufting Europe<\/strong> nie mo\u017ce i nie b\u0119dzie ponosi\u0107 odpowiedzialno\u015bci za jakiekolwiek straty lub szkody wynikaj\u0105ce z nieprzestrzegania przez Ciebie tego obowi\u0105zku bezpiecze\u0144stwa.<\/li>\n<li>U\u017cytkownik ponosi odpowiedzialno\u015b\u0107 za wszystkie zamieszczane tre\u015bci i dzia\u0142ania podejmowane w ramach swojego konta.<\/li>\n<li>Jedna osoba lub podmiot prawny nie mo\u017ce prowadzi\u0107 wi\u0119cej ni\u017c jednego konta.<\/li>\n<li>Nie mo\u017cesz wykorzystywa\u0107 Programu Partnerskiego do jakichkolwiek nielegalnych lub nieuprawnionych cel\u00f3w. Korzystaj\u0105c z Serwisu, nie wolno narusza\u0107 \u017cadnych przepis\u00f3w prawa obowi\u0105zuj\u0105cych w Twojej jurysdykcji (w tym, mi\u0119dzy innymi, przepis\u00f3w dotycz\u0105cych praw autorskich).<\/li>\n<li>Nie mo\u017cesz u\u017cywa\u0107 Programu Partnerskiego do zarabiania pieni\u0119dzy na w\u0142asnych kontach produkt\u00f3w <strong>Tufting Europe<\/strong>.<\/li>\n<\/ul>\n<h2>Linki\/grafiki na Twojej stronie, w Twoich e-mailach lub innych komunikatach<\/h2>\n<p>Po zapisaniu si\u0119 do Programu Partnerskiego, zostanie Ci przydzielony unikalny Kod Afiliacyjny. Dozwolone jest umieszczanie link\u00f3w, baner\u00f3w lub innych grafik dostarczonych przez nas wraz z Twoim Kodem Afiliacyjnym na Twojej stronie internetowej, w Twoich e-mailach lub w innej komunikacji. Przeka\u017cemy Pa\u0144stwu wytyczne, style link\u00f3w i grafiki, kt\u00f3re nale\u017cy wykorzysta\u0107 przy tworzeniu link\u00f3w do <strong>Tufting Europe<\/strong>. Mo\u017cemy zmieni\u0107 projekt grafiki w dowolnym momencie bez uprzedzenia, ale nie b\u0119dziemy zmienia\u0107 wymiar\u00f3w obraz\u00f3w bez odpowiedniego powiadomienia.<\/p>\n<p>Aby umo\u017cliwi\u0107 dok\u0142adne \u015bledzenie, raportowanie i naliczanie op\u0142at za polecenie, udost\u0119pniamy specjalne formaty link\u00f3w, kt\u00f3re maj\u0105 by\u0107 u\u017cywane we wszystkich linkach pomi\u0119dzy Pa\u0144stwa stron\u0105 a <strong>Tufting Europe<\/strong>. Musisz upewni\u0107 si\u0119, \u017ce ka\u017cdy z link\u00f3w pomi\u0119dzy Twoj\u0105 stron\u0105 a <strong>Tufting Europe<\/strong> prawid\u0142owo wykorzystuje takie specjalne formaty link\u00f3w. Linki do <strong>Tufting Europe<\/strong> umieszczone na Pa\u0144stwa stronie internetowej zgodnie z niniejsz\u0105 Umow\u0105, kt\u00f3re prawid\u0142owo wykorzystuj\u0105 takie specjalne formaty link\u00f3w, s\u0105 okre\u015blane jako &#8220;Linki specjalne&#8221;. Wynagrodzenie za polecenie otrzymasz tylko w przypadku sprzeda\u017cy w <strong>Tufting Europe<\/strong>.  produkt wyst\u0119puj\u0105cy bezpo\u015brednio poprzez Specjalne Linki; nie ponosimy odpowiedzialno\u015bci za jakiekolwiek niepowodzenie u\u017cytkownika lub osoby przez niego poleconej w u\u017cywaniu Specjalnych Link\u00f3w lub nieprawid\u0142owe wpisanie jego Kodu Afilianta, w\u0142\u0105czaj\u0105c w to zakres, w kt\u00f3rym takie niepowodzenie mo\u017ce spowodowa\u0107 zmniejszenie kwot, kt\u00f3re w innym przypadku zosta\u0142yby wyp\u0142acone u\u017cytkownikowi zgodnie z niniejszym Porozumieniem.<\/p>\n<p>Linki afiliacyjne powinny wskazywa\u0107 na stron\u0119 promowanego produktu.<\/p>\n<h2>Op\u0142aty\/prowizje za polecenie i p\u0142atno\u015bci<\/h2>\n<p>Aby sprzeda\u017c Produktu kwalifikowa\u0142a si\u0119 do uzyskania op\u0142aty za polecenie, klient musi klikn\u0105\u0107 na Specjalny Link z Twojej strony, wiadomo\u015bci e-mail lub innej komunikacji na <strong>https:\/\/tuftingeurope.com<\/strong> i zrealizowa\u0107 zam\u00f3wienie na produkt podczas tej sesji.<\/p>\n<p>Prowizje wyp\u0142acamy tylko za linki, kt\u00f3re s\u0105 automatycznie \u015bledzone i raportowane przez nasze systemy. Nie wyp\u0142acimy prowizji, je\u015bli kto\u015b powie, \u017ce dokona\u0142 zakupu lub kto\u015b powie, \u017ce wpisa\u0142 kod polecaj\u0105cy, je\u015bli nie by\u0142 on \u015bledzony przez nasz system. Prowizje mo\u017cemy wyp\u0142aca\u0107 tylko za transakcje wygenerowane przez prawid\u0142owo sformatowane linki specjalne, kt\u00f3re by\u0142y automatycznie \u015bledzone przez nasze systemy.<\/p>\n<p>Zastrzegamy sobie prawo do dyskwalifikacji prowizji uzyskanych za pomoc\u0105 nieuczciwych, nielegalnych lub zbyt agresywnych, w\u0105tpliwych metod sprzeda\u017cy lub marketingu.<\/p>\n<p>Wyp\u0142aty rozpoczynaj\u0105 si\u0119 dopiero po uzyskaniu ponad <strong> 20 dolar\u00f3w<\/strong> dochodu z programu partnerskiego. Je\u015bli Twoje konto partnerskie nigdy nie przekroczy progu <strong> 20$<\/strong>, Twoje prowizje nie zostan\u0105 zrealizowane ani wyp\u0142acone. Jeste\u015bmy odpowiedzialni tylko za p\u0142acenie rachunk\u00f3w, kt\u00f3re przekroczy\u0142y pr\u00f3g <strong> 20$<\/strong>.<\/p>\n<h2>Identyfikacja jako Partner Tufting Europe<\/h2>\n<p>Nie mo\u017cesz wydawa\u0107 \u017cadnych komunikat\u00f3w prasowych dotycz\u0105cych niniejszej Umowy lub Twojego uczestnictwa w Programie; takie dzia\u0142anie mo\u017ce spowodowa\u0107 Twoje wykluczenie z Programu. Ponadto, nie wolno w \u017caden spos\u00f3b wprowadza\u0107 w b\u0142\u0105d lub upi\u0119ksza\u0107 relacji mi\u0119dzy nami a u\u017cytkownikiem, twierdzi\u0107, \u017ce opracowuje on nasze produkty, twierdzi\u0107, \u017ce jest cz\u0119\u015bci\u0105  <strong>Tufting Europe<\/strong> lub wyra\u017ca\u0107 lub sugerowa\u0107 jakiekolwiek relacje lub powi\u0105zania mi\u0119dzy nami a Tob\u0105 lub inn\u0105 osob\u0105 lub podmiotem, z wyj\u0105tkiem przypadk\u00f3w wyra\u017anie dozwolonych w niniejszej Umowie (w tym wyra\u017canie lub sugerowanie, \u017ce wspieramy, sponsorujemy, popieramy lub przekazujemy pieni\u0105dze na cele charytatywne lub inne).<\/p>\n<p>Nie wolno kupowa\u0107 produkt\u00f3w za po\u015brednictwem link\u00f3w partnerskich na w\u0142asny u\u017cytek. Takie zakupy mog\u0105 skutkowa\u0107 (wed\u0142ug naszego wy\u0142\u0105cznego uznania) wstrzymaniem wyp\u0142aty wynagrodzenia za polecenie i\/lub rozwi\u0105zaniem niniejszej Umowy.<\/p>\n<h2>Harmonogram p\u0142atno\u015bci<\/h2>\n<p>Tak d\u0142ugo, jak Twoje obecne zarobki w programie partnerskim wynosz\u0105 ponad <strong> 20$<\/strong>, b\u0119dziesz otrzymywa\u0142 wynagrodzenie co miesi\u0105c. Je\u015bli nie zarobi\u0142e\u015b <strong> 20$<\/strong> od ostatniej wyp\u0142aty, wyp\u0142acimy Ci pieni\u0105dze w nast\u0119pnym miesi\u0105cu po przekroczeniu progu.<\/p>\n<h2>Definicja klienta<\/h2>\n<p>Klienci, kt\u00f3rzy kupuj\u0105 produkty za po\u015brednictwem tego Programu, b\u0119d\u0105 uwa\u017cani za naszych klient\u00f3w. W zwi\u0105zku z tym, wszystkie nasze zasady, polityki i procedury operacyjne dotycz\u0105ce zam\u00f3wie\u0144 klient\u00f3w, obs\u0142ugi klienta i sprzeda\u017cy produkt\u00f3w b\u0119d\u0105 mia\u0142y zastosowanie do tych klient\u00f3w. Mo\u017cemy w ka\u017cdej chwili zmieni\u0107 nasze zasady i procedury operacyjne. Na przyk\u0142ad, b\u0119dziemy ustala\u0107 ceny produkt\u00f3w sprzedawanych w ramach tego Programu zgodnie z nasz\u0105 w\u0142asn\u0105 polityk\u0105 cenow\u0105. Ceny i dost\u0119pno\u015b\u0107 produkt\u00f3w mog\u0105 si\u0119 zmienia\u0107 od czasu do czasu. Poniewa\u017c zmiany cen mog\u0105 wp\u0142yn\u0105\u0107 na Produkty wymienione na Twojej stronie, nie powiniene\u015b wy\u015bwietla\u0107 cen produkt\u00f3w na swojej stronie. Do\u0142o\u017cymy uzasadnionych handlowo stara\u0144, aby przedstawi\u0107 dok\u0142adne informacje, ale nie mo\u017cemy zagwarantowa\u0107 dost\u0119pno\u015bci lub ceny \u017cadnego konkretnego produktu.<\/p>\n<h2>Twoje obowi\u0105zki<\/h2>\n<p>U\u017cytkownik ponosi wy\u0142\u0105czn\u0105 odpowiedzialno\u015b\u0107 za rozw\u00f3j, dzia\u0142anie i utrzymanie swojej witryny oraz za wszystkie materia\u0142y, kt\u00f3re pojawiaj\u0105 si\u0119 na jego stronie. Na przyk\u0142ad, b\u0119dziesz wy\u0142\u0105cznie odpowiedzialny za:<\/p>\n<p>&#8211; Techniczna obs\u0142uga Twojej witryny i wszystkich powi\u0105zanych urz\u0105dze\u0144<br>\n&#8211; Zapewnienie, \u017ce wy\u015bwietlanie Link\u00f3w Specjalnych na Twojej stronie nie narusza \u017cadnych um\u00f3w pomi\u0119dzy Tob\u0105 a osobami trzecimi (w tym, bez ogranicze\u0144, wszelkich ogranicze\u0144 lub wymaga\u0144 na\u0142o\u017conych na Ciebie przez osoby trzecie, kt\u00f3re hostuj\u0105 Twoj\u0105 stron\u0119)<br>\n&#8211; dok\u0142adno\u015bci, prawdziwo\u015bci i stosowno\u015bci materia\u0142\u00f3w zamieszczonych na stronie U\u017cytkownika (w tym, mi\u0119dzy innymi, wszystkich materia\u0142\u00f3w zwi\u0105zanych z Produktem oraz wszelkich informacji zamieszczonych przez U\u017cytkownika w ramach Link\u00f3w Specjalnych lub powi\u0105zanych z nimi)<br>\n&#8211; Zapewnienie, \u017ce materia\u0142y zamieszczone na stronie nie naruszaj\u0105 praw os\u00f3b trzecich (w tym, na przyk\u0142ad, praw autorskich, znak\u00f3w towarowych, prywatno\u015bci lub innych praw osobistych lub w\u0142asno\u015bciowych)<br>\n&#8211; Upewnienie si\u0119, \u017ce materia\u0142y zamieszczone na stronie nie s\u0105 znies\u0142awiaj\u0105ce lub w inny spos\u00f3b niezgodne z prawem<br>\n&#8211; Zapewnienie, \u017ce Twoja strona dok\u0142adnie i odpowiednio ujawnia, poprzez polityk\u0119 prywatno\u015bci lub w inny spos\u00f3b, w jaki spos\u00f3b zbierasz, wykorzystujesz, przechowujesz i ujawniasz dane zebrane od odwiedzaj\u0105cych, w tym, w stosownych przypadkach, \u017ce strony trzecie (w tym reklamodawcy) mog\u0105 serwowa\u0107 tre\u015bci i\/lub reklamy oraz zbiera\u0107 informacje bezpo\u015brednio od odwiedzaj\u0105cych i mog\u0105 umieszcza\u0107 lub rozpoznawa\u0107 pliki cookie w przegl\u0105darkach odwiedzaj\u0105cych.<\/p>\n<h2>Zgodno\u015b\u0107 z przepisami prawa<\/h2>\n<p>Jako warunek swojego uczestnictwa w Programie, zgadzasz si\u0119, \u017ce w czasie, gdy jeste\u015b uczestnikiem Programu, b\u0119dziesz przestrzega\u0107 wszystkich praw, rozporz\u0105dze\u0144, zasad, przepis\u00f3w, zarz\u0105dze\u0144, licencji, pozwole\u0144, wyrok\u00f3w, decyzji i innych wymaga\u0144 wszelkich w\u0142adz rz\u0105dowych, kt\u00f3re maj\u0105 jurysdykcj\u0119 nad Tob\u0105, niezale\u017cnie od tego, czy te prawa itp. s\u0105 obecnie obowi\u0105zuj\u0105ce, czy te\u017c wejd\u0105 w \u017cycie p\u00f3\u017aniej w czasie, gdy b\u0119dziesz uczestnikiem Programu. Nie ograniczaj\u0105c powy\u017cszych zobowi\u0105za\u0144, U\u017cytkownik zgadza si\u0119, \u017ce jako warunek uczestnictwa w Programie b\u0119dzie przestrzega\u0107 wszystkich obowi\u0105zuj\u0105cych przepis\u00f3w (federalnych, stanowych lub innych), kt\u00f3re reguluj\u0105 marketing poczty elektronicznej, w tym bez ogranicze\u0144, ustawy CAN-SPAM z 2003 r. i wszystkich innych przepis\u00f3w antyspamowych.<\/p>\n<h2>Okres obowi\u0105zywania Umowy i Programu<\/h2>\n<p>Okres obowi\u0105zywania niniejszej Umowy rozpoczyna si\u0119 w momencie zaakceptowania przez nas aplikacji Programu i ko\u0144czy si\u0119 w momencie jej rozwi\u0105zania przez kt\u00f3r\u0105kolwiek ze stron. Zar\u00f3wno Ty, jak i my mo\u017cemy rozwi\u0105za\u0107 niniejsz\u0105 Umow\u0119 w dowolnym momencie, z lub bez przyczyny, przekazuj\u0105c drugiej stronie pisemne wypowiedzenie. Po rozwi\u0105zaniu niniejszej Umowy z jakiegokolwiek powodu, natychmiast zaprzestaniesz u\u017cywania i usuniesz ze swojej strony wszystkie linki do  <strong>https:\/\/tuftingeurope.com<\/strong>, oraz wszystkie nasze znaki towarowe, szata graficzna i logo, a tak\u017ce wszystkie inne materia\u0142y dostarczone przez nas lub w naszym imieniu na rzecz u\u017cytkownika zgodnie z niniejszym dokumentem lub w zwi\u0105zku z Programem.  <strong>Tufting Europe<\/strong> zastrzega sobie prawo do zako\u0144czenia Programu w dowolnym momencie. Po zako\u0144czeniu programu, <strong>Tufting Europe<\/strong> wyp\u0142aci wszelkie zaleg\u0142e zarobki powy\u017cej <strong> 20$<\/strong>.<\/p>\n<h2>Zako\u0144czenie<\/h2>\n<p><strong>Tufting Europe<\/strong>, wed\u0142ug w\u0142asnego uznania, ma prawo zawiesi\u0107 lub zlikwidowa\u0107 Twoje konto i odm\u00f3wi\u0107 wszelkiego bie\u017c\u0105cego lub przysz\u0142ego korzystania z Programu lub jakiejkolwiek innej us\u0142ugi <strong>Tufting Europe<\/strong>, z jakiegokolwiek powodu, w dowolnym momencie. Takie zako\u0144czenie \u015bwiadczenia Us\u0142ugi spowoduje dezaktywacj\u0119 lub usuni\u0119cie Konta U\u017cytkownika lub jego dost\u0119pu do Konta, a tak\u017ce przepadek i zrzeczenie si\u0119 wszystkich potencjalnych lub maj\u0105cych zosta\u0107 wyp\u0142aconych prowizji na Koncie U\u017cytkownika, je\u015bli zosta\u0142y one uzyskane za pomoc\u0105 oszuka\u0144czych, nielegalnych lub zbyt agresywnych, w\u0105tpliwych metod sprzeda\u017cy lub marketingu.  <strong>Tufting Europe<\/strong> zastrzega sobie prawo do odmowy \u015bwiadczenia us\u0142ug ka\u017cdemu u\u017cytkownikowi z dowolnego powodu w dowolnym czasie.<\/p>\n<h2>Stosunki mi\u0119dzy stronami<\/h2>\n<p>Ty i my jeste\u015bmy niezale\u017cnymi wykonawcami i nic w tej Umowie nie tworzy partnerstwa, joint venture, agencji, franczyzy, przedstawiciela handlowego lub stosunku pracy mi\u0119dzy stronami. Nie b\u0119dziesz mia\u0142 uprawnie\u0144 do sk\u0142adania lub przyjmowania jakichkolwiek ofert lub o\u015bwiadcze\u0144 w naszym imieniu. U\u017cytkownik nie b\u0119dzie sk\u0142ada\u0142 \u017cadnych o\u015bwiadcze\u0144, czy to na swojej stronie, czy w inny spos\u00f3b, kt\u00f3re by\u0142yby sprzeczne z tre\u015bci\u0105 niniejszego punktu.<\/p>\n<h2>Ograniczenia odpowiedzialno\u015bci<\/h2>\n<p>Nie ponosimy odpowiedzialno\u015bci za szkody po\u015brednie, specjalne lub wynikowe (ani za utrat\u0119 przychod\u00f3w, zysk\u00f3w lub danych) powsta\u0142e w zwi\u0105zku z niniejsz\u0105 Umow\u0105 lub Programem, nawet je\u015bli zostali\u015bmy poinformowani o mo\u017cliwo\u015bci wyst\u0105pienia takich szk\u00f3d. Co wi\u0119cej, nasza \u0142\u0105czna odpowiedzialno\u015b\u0107 wynikaj\u0105ca z niniejszej Umowy i Programu nie przekroczy ca\u0142kowitej kwoty op\u0142at za polecenie wyp\u0142aconych lub nale\u017cnych Klientowi na mocy niniejszej Umowy.<\/p>\n<h2>Zastrze\u017cenia<\/h2>\n<p>Nie udzielamy \u017cadnych wyra\u017anych ani dorozumianych gwarancji ani o\u015bwiadcze\u0144 w odniesieniu do Programu lub jakichkolwiek produkt\u00f3w sprzedawanych za po\u015brednictwem Programu (w tym, bez ogranicze\u0144, gwarancji przydatno\u015bci, przydatno\u015bci handlowej, nienaruszalno\u015bci lub jakichkolwiek dorozumianych gwarancji wynikaj\u0105cych z przebiegu wykonania, obrotu lub stosowania w handlu). Ponadto, nie gwarantujemy, \u017ce dzia\u0142anie <strong>Tufting Europe<\/strong> b\u0119dzie nieprzerwane lub wolne od b\u0142\u0119d\u00f3w i nie ponosimy odpowiedzialno\u015bci za skutki przerw lub b\u0142\u0119d\u00f3w.<\/p>\n<h2>Niezale\u017cne dochodzenie<\/h2>\n<p>U\u017bYTKOWNIK POTWIERDZA, \u017bE ZAPOZNA\u0141 SI\u0118 Z NINIEJSZ\u0104 UMOW\u0104 I ZGADZA SI\u0118 NA WSZYSTKIE JEJ WARUNKI. PRZYJMUJESZ DO WIADOMO\u015aCI, \u017bE MO\u017bEMY W DOWOLNYM MOMENCIE (BEZPO\u015aREDNIO LUB PO\u015aREDNIO) ZABIEGA\u0106 O POLECENIA KLIENT\u00d3W NA WARUNKACH, KT\u00d3RE MOG\u0104 R\u00d3\u017bNI\u0106 SI\u0118 OD TYCH ZAWARTYCH W NINIEJSZEJ UMOWIE, LUB PROWADZI\u0106 STRONY INTERNETOWE, KT\u00d3RE S\u0104 PODOBNE LUB KONKURENCYJNE W STOSUNKU DO TWOJEJ STRONY INTERNETOWEJ. U\u017bYTKOWNIK DOKONA\u0141 NIEZALE\u017bNEJ OCENY CELOWO\u015aCI UCZESTNICTWA W PROGRAMIE I NIE OPIERA SI\u0118 NA \u017bADNYM O\u015aWIADCZENIU, GWARANCJI ANI DEKLARACJI INNEJ NI\u017b OKRE\u015aLONA W NINIEJSZEJ UMOWIE.<\/p>\n<h2>Arbitra\u017c<\/h2>\n<p>Wszelkie spory zwi\u0105zane w jakikolwiek spos\u00f3b z niniejsz\u0105 Umow\u0105 (w tym jej faktycznym lub domniemanym naruszeniem), wszelkimi transakcjami lub dzia\u0142aniami w ramach niniejszej Umowy lub Twoimi relacjami z nami lub kt\u00f3rymkolwiek z naszych podmiot\u00f3w stowarzyszonych b\u0119d\u0105 podlega\u0142y poufnemu arbitra\u017cowi, z wyj\u0105tkiem sytuacji, w kt\u00f3rej w jakikolwiek spos\u00f3b naruszy\u0142e\u015b lub grozi\u0142e\u015b naruszeniem naszych praw w\u0142asno\u015bci intelektualnej, mo\u017cemy domaga\u0107 si\u0119 zabezpieczenia roszcze\u0144 lub innej stosownej rekompensaty w dowolnym s\u0105dzie stanowym lub federalnym (a Ty wyra\u017casz zgod\u0119 na niewy\u0142\u0105czn\u0105 jurysdykcj\u0119 i w\u0142a\u015bciwo\u015b\u0107 miejscow\u0105 takich s\u0105d\u00f3w) lub w jakimkolwiek innym s\u0105dzie w\u0142a\u015bciwym. Arbitra\u017c na mocy niniejszej umowy b\u0119dzie prowadzony zgodnie z obowi\u0105zuj\u0105cymi w danym czasie zasadami Ameryka\u0144skiego Stowarzyszenia Arbitra\u017cowego. Orzeczenie arbitra jest wi\u0105\u017c\u0105ce i mo\u017ce zosta\u0107 wprowadzone jako wyrok w dowolnym s\u0105dzie w\u0142a\u015bciwej jurysdykcji. W najszerszym zakresie dozwolonym przez obowi\u0105zuj\u0105ce prawo, \u017cadne post\u0119powanie arbitra\u017cowe w ramach niniejszej Umowy nie mo\u017ce by\u0107 po\u0142\u0105czone z post\u0119powaniem arbitra\u017cowym z udzia\u0142em jakiejkolwiek innej strony podlegaj\u0105cej niniejszej Umowie, czy to w ramach klasowego post\u0119powania arbitra\u017cowego, czy w inny spos\u00f3b.<\/p>\n<h2>R\u00f3\u017cnorodne<\/h2>\n<p>Niniejsza Umowa b\u0119dzie podlega\u0107 prawu Stan\u00f3w Zjednoczonych, bez odniesienia do przepis\u00f3w reguluj\u0105cych wyb\u00f3r prawa. U\u017cytkownik nie mo\u017ce scedowa\u0107 niniejszej Umowy, z mocy prawa lub w inny spos\u00f3b, bez naszej uprzedniej pisemnej zgody. Z zastrze\u017ceniem tego ograniczenia, niniejsza Umowa b\u0119dzie wi\u0105\u017c\u0105ca, przyniesie korzy\u015bci i b\u0119dzie egzekwowalna wobec stron i ich nast\u0119pc\u00f3w prawnych oraz cesjonariuszy. Nasze zaniechanie egzekwowania \u015bcis\u0142ego wykonania przez Ciebie kt\u00f3regokolwiek z postanowie\u0144 niniejszej Umowy nie b\u0119dzie stanowi\u0142o zrzeczenia si\u0119 przez nas prawa do p\u00f3\u017aniejszego egzekwowania tego postanowienia lub jakiegokolwiek innego postanowienia niniejszej Umowy.<\/p>\n<p>Brak wykonania lub egzekwowania przez <strong>Tufting Europe<\/strong> jakiegokolwiek prawa lub postanowienia Warunk\u00f3w Korzystania z Us\u0142ug nie oznacza zrzeczenia si\u0119 tego prawa lub postanowienia. Warunki korzystania z us\u0142ugi stanowi\u0105 ca\u0142o\u015b\u0107 umowy pomi\u0119dzy U\u017cytkownikiem a <strong>Tufting Europe<\/strong> i reguluj\u0105 korzystanie z Us\u0142ugi, zast\u0119puj\u0105c wszelkie wcze\u015bniejsze umowy pomi\u0119dzy U\u017cytkownikiem a <strong>Tufting Europe<\/strong> (w tym, ale nie wy\u0142\u0105cznie, wszelkie wcze\u015bniejsze wersje Warunk\u00f3w korzystania z us\u0142ugi).<\/p>\n\n","protected":false},"excerpt":{"rendered":"","protected":false},"author":1,"featured_media":0,"parent":0,"menu_order":0,"comment_status":"closed","ping_status":"closed","template":"","meta":{"footnotes":""},"class_list":["post-3254","page","type-page","status-publish","hentry"],"_links":{"self":[{"href":"https:\/\/tuftingeurope.com\/pl\/wp-json\/wp\/v2\/pages\/3254","targetHints":{"allow":["GET"]}}],"collection":[{"href":"https:\/\/tuftingeurope.com\/pl\/wp-json\/wp\/v2\/pages"}],"about":[{"href":"https:\/\/tuftingeurope.com\/pl\/wp-json\/wp\/v2\/types\/page"}],"author":[{"embeddable":true,"href":"https:\/\/tuftingeurope.com\/pl\/wp-json\/wp\/v2\/users\/1"}],"replies":[{"embeddable":true,"href":"https:\/\/tuftingeurope.com\/pl\/wp-json\/wp\/v2\/comments?post=3254"}],"version-history":[{"count":0,"href":"https:\/\/tuftingeurope.com\/pl\/wp-json\/wp\/v2\/pages\/3254\/revisions"}],"wp:attachment":[{"href":"https:\/\/tuftingeurope.com\/pl\/wp-json\/wp\/v2\/media?parent=3254"}],"curies":[{"name":"wp","href":"https:\/\/api.w.org\/{rel}","templated":true}]}}