{"id":3292,"date":"2021-02-27T15:34:55","date_gmt":"2021-02-27T14:34:55","guid":{"rendered":"https:\/\/tuftingeurope.com\/kontakt\/"},"modified":"2025-09-23T16:45:56","modified_gmt":"2025-09-23T14:45:56","slug":"contact","status":"publish","type":"page","link":"https:\/\/tuftingeurope.com\/pl\/contact\/","title":{"rendered":"Kontakt"},"content":{"rendered":"\n<p>Jeste\u015b nowy w tuftingu i masz pytania dla pocz\u0105tkuj\u0105cych? A mo\u017ce jeste\u015b profesjonalist\u0105, kt\u00f3ry napotka\u0142 problem z maszyn\u0105? Staramy si\u0119 odpowiada\u0107 na wszystkie wiadomo\u015bci tego samego dnia, ale w okresach wzmo\u017conego ruchu mo\u017ce to zaj\u0105\u0107 troch\u0119 wi\u0119cej czasu. Bardzo doceniamy Twoj\u0105 cierpliwo\u015b\u0107!   <br\/><br\/><strong>Wyceny i zam\u00f3wienia<\/strong><br\/>Czy Twoja firma wymaga wyceny, zam\u00f3wienia lub obs\u0142ugi Peppol? Uniwersytety i organizacje mog\u0105 o to poprosi\u0107, kontaktuj\u0105c si\u0119 z dzia\u0142em wsparcia. <\/p>\n\n<p>Skontaktuj si\u0119 z nami przez <a href=\"mailto:support@tuftingeurope.com\"><strong>support@tuftingeurope.com<\/strong><\/a> lub skorzystaj z poni\u017cszego formularza.<\/p>\n\n<div data-gorgias-contact-form-uid=\"tzik3dgn\"><\/div>\n<script defer=\"defer\" src=\"https:\/\/contact.gorgias.help\/api\/contact-forms\/loader.js?v=2\" data-gorgias-loader-contact-form=\"\"><\/script>\n\n<p>Aby szybko Ci pom\u00f3c, podaj jak najwi\u0119cej szczeg\u00f3\u0142\u00f3w.<\/p>\n\n<ul class=\"wp-block-list\">\n<li>W przypadku napraw maszyn do tuftingu, do\u0142\u0105cz wideo lub zdj\u0119cie pokazuj\u0105ce problem.<\/li>\n\n\n\n<li>W przypadku zapyta\u0144 zwi\u0105zanych z zam\u00f3wieniami nie zapomnij poda\u0107 numeru zam\u00f3wienia.<\/li>\n\n\n\n<li>Masz og\u00f3lne pytania dotycz\u0105ce tuftingu? \u015amia\u0142o pytaj &#8211; ch\u0119tnie pomo\u017cemy! <\/li>\n<\/ul>\n\n<div class=\"wp-block-group is-layout-constrained wp-block-group-is-layout-constrained\"><\/div>\n","protected":false},"excerpt":{"rendered":"<p>Jeste\u015b nowy w tuftingu i masz pytania dla pocz\u0105tkuj\u0105cych? A mo\u017ce jeste\u015b profesjonalist\u0105, kt\u00f3ry napotka\u0142 problem z maszyn\u0105? Staramy si\u0119 odpowiada\u0107 na wszystkie wiadomo\u015bci tego samego dnia, ale w okresach wzmo\u017conego ruchu mo\u017ce to zaj\u0105\u0107 troch\u0119 wi\u0119cej czasu. Bardzo doceniamy Twoj\u0105 cierpliwo\u015b\u0107! Wyceny i zam\u00f3wieniaCzy Twoja firma wymaga wyceny, zam\u00f3wienia lub obs\u0142ugi Peppol? Uniwersytety i<\/p>\n","protected":false},"author":1,"featured_media":0,"parent":0,"menu_order":0,"comment_status":"closed","ping_status":"closed","template":"","meta":{"footnotes":""},"class_list":["post-3292","page","type-page","status-publish","hentry"],"_links":{"self":[{"href":"https:\/\/tuftingeurope.com\/pl\/wp-json\/wp\/v2\/pages\/3292","targetHints":{"allow":["GET"]}}],"collection":[{"href":"https:\/\/tuftingeurope.com\/pl\/wp-json\/wp\/v2\/pages"}],"about":[{"href":"https:\/\/tuftingeurope.com\/pl\/wp-json\/wp\/v2\/types\/page"}],"author":[{"embeddable":true,"href":"https:\/\/tuftingeurope.com\/pl\/wp-json\/wp\/v2\/users\/1"}],"replies":[{"embeddable":true,"href":"https:\/\/tuftingeurope.com\/pl\/wp-json\/wp\/v2\/comments?post=3292"}],"version-history":[{"count":3,"href":"https:\/\/tuftingeurope.com\/pl\/wp-json\/wp\/v2\/pages\/3292\/revisions"}],"predecessor-version":[{"id":70224,"href":"https:\/\/tuftingeurope.com\/pl\/wp-json\/wp\/v2\/pages\/3292\/revisions\/70224"}],"wp:attachment":[{"href":"https:\/\/tuftingeurope.com\/pl\/wp-json\/wp\/v2\/media?parent=3292"}],"curies":[{"name":"wp","href":"https:\/\/api.w.org\/{rel}","templated":true}]}}