{"id":3300,"date":"2021-01-28T23:09:30","date_gmt":"2021-01-28T21:09:30","guid":{"rendered":"https:\/\/tuftingeurope.com\/polityka-prywatnosci\/"},"modified":"2025-01-20T12:53:12","modified_gmt":"2025-01-20T11:53:12","slug":"polityka-prywatnosci","status":"publish","type":"page","link":"https:\/\/tuftingeurope.com\/pl\/polityka-prywatnosci\/","title":{"rendered":"Polityka prywatno\u015bci Tufting Europe"},"content":{"rendered":"\n<h2 class=\"wp-block-heading\"><\/h2>\n\n<p>Tufting Europe prowadzi stron\u0119 internetow\u0105 https:\/\/tuftingeurope.com\/, na kt\u00f3rej udost\u0119pnia SERWIS.<\/p>\n\n<p>Ta strona s\u0142u\u017cy do informowania odwiedzaj\u0105cych witryn\u0119 o naszych zasadach dotycz\u0105cych gromadzenia, wykorzystywania i ujawniania danych osobowych, je\u015bli kto\u015b zdecydowa\u0142 si\u0119 skorzysta\u0107 z naszej Us\u0142ugi, witryny internetowej Tufting Europe.<\/p>\n\n<p>Je\u015bli zdecyduj\u0105 si\u0119 Pa\u0144stwo korzysta\u0107 z naszej Us\u0142ugi, wyra\u017caj\u0105 Pa\u0144stwo zgod\u0119 na gromadzenie i wykorzystywanie informacji zgodnie z niniejsz\u0105 polityk\u0105.\nGromadzone przez nas dane osobowe s\u0105 wykorzystywane do \u015bwiadczenia i ulepszania Us\u0142ugi.\nNie b\u0119dziemy wykorzystywa\u0107 ani udost\u0119pnia\u0107 Pa\u0144stwa danych nikomu, z wyj\u0105tkiem przypadk\u00f3w opisanych w niniejszej Polityce prywatno\u015bci.    <\/p>\n\n<p>Je\u015bli p\u0142ac\u0105 Pa\u0144stwo za pomoc\u0105 Klarna, prosz\u0119 <strong><a href=\"https:\/\/www.klarna.com\/international\/privacy-policy\/\" class=\"rank-math-link\" target=\"_blank\" rel=\"noopener\">prosz\u0119 zapozna\u0107 si\u0119 z ich polityk\u0105 prywatno\u015bci tutaj<\/a><\/strong>.<\/p>\n\n<h2 class=\"wp-block-heading\">Gromadzenie i wykorzystywanie informacji<\/h2>\n\n<p>W celu zapewnienia lepszych wra\u017ce\u0144 podczas korzystania z naszej Us\u0142ugi, mo\u017cemy wymaga\u0107 od Pa\u0144stwa podania nam pewnych danych osobowych, w tym mi\u0119dzy innymi imienia i nazwiska, numeru telefonu i adresu pocztowego.\nGromadzone przez nas informacje b\u0119d\u0105 wykorzystywane w celu skontaktowania si\u0119 z Pa\u0144stwem lub zidentyfikowania Pa\u0144stwa. <\/p>\n\n<h2 class=\"wp-block-heading\">Dane dziennika<\/h2>\n\n<p>Pragniemy poinformowa\u0107, \u017ce za ka\u017cdym razem, gdy odwiedzaj\u0105 Pa\u0144stwo nasz\u0105 Us\u0142ug\u0119, gromadzimy informacje wysy\u0142ane do nas przez Pa\u0144stwa przegl\u0105dark\u0119, zwane Danymi Dziennika.\nTe dane dziennika mog\u0105 zawiera\u0107 takie informacje, jak adres protoko\u0142u internetowego (&#8220;IP&#8221;) Pa\u0144stwa komputera, wersja przegl\u0105darki, odwiedzane przez Pa\u0144stwa strony naszego Serwisu, godzina i data odwiedzin, czas sp\u0119dzony na tych stronach oraz inne dane statystyczne. <\/p>\n\n<h2 class=\"wp-block-heading\">Ciasteczka<\/h2>\n\n<p>Pliki cookie to pliki zawieraj\u0105ce niewielk\u0105 ilo\u015b\u0107 danych, kt\u00f3re s\u0105 powszechnie u\u017cywane jako anonimowy, niepowtarzalny identyfikator.\nS\u0105 one wysy\u0142ane do Pa\u0144stwa przegl\u0105darki z odwiedzanej przez Pa\u0144stwa strony internetowej i przechowywane na dysku twardym Pa\u0144stwa komputera. <\/p>\n\n<p>Nasza strona internetowa wykorzystuje pliki cookie do gromadzenia informacji i ulepszania naszych us\u0142ug.\nMog\u0105 Pa\u0144stwo zaakceptowa\u0107 lub odrzuci\u0107 te pliki cookie i wiedzie\u0107, kiedy plik cookie jest wysy\u0142any do Pa\u0144stwa komputera.\nJe\u015bli zdecyduj\u0105 si\u0119 Pa\u0144stwo odrzuci\u0107 nasze pliki cookie, mog\u0105 Pa\u0144stwo nie by\u0107 w stanie korzysta\u0107 z niekt\u00f3rych cz\u0119\u015bci naszej Us\u0142ugi.  <\/p>\n\n<p>Aby uzyska\u0107 wi\u0119cej og\u00f3lnych informacji na temat plik\u00f3w cookie, prosz\u0119 przeczyta\u0107 <a href=\"https:\/\/www.cookieconsent.com\/what-are-cookies\/\" target=\"_blank\" rel=\"noopener\">&#8220;Czym s\u0105 pliki cookie&#8221;<\/a>.<\/p>\n\n<h2 class=\"wp-block-heading\">Dostawcy us\u0142ug<\/h2>\n\n<p>Mo\u017cemy zatrudnia\u0107 firmy zewn\u0119trzne i osoby fizyczne z nast\u0119puj\u0105cych powod\u00f3w:<\/p>\n\n<ul class=\"wp-block-list\"><li>W celu u\u0142atwienia \u015bwiadczenia naszych us\u0142ug;<\/li><li>W celu \u015bwiadczenia Us\u0142ugi w naszym imieniu;<\/li><li>W celu \u015bwiadczenia us\u0142ug zwi\u0105zanych z Us\u0142ug\u0105; lub<\/li><li>Aby pom\u00f3c nam w analizie sposobu korzystania z naszej Us\u0142ugi.<\/li><\/ul>\n\n<p>Chcemy poinformowa\u0107 u\u017cytkownik\u00f3w naszego Serwisu, \u017ce te osoby trzecie maj\u0105 dost\u0119p do Pa\u0144stwa Danych Osobowych.\nPowodem jest wykonywanie zada\u0144 powierzonych im w naszym imieniu.\nS\u0105 one jednak zobowi\u0105zane do nieujawniania ani niewykorzystywania tych informacji w \u017cadnym innym celu.  <\/p>\n\n<h2 class=\"wp-block-heading\">Bezpiecze\u0144stwo<\/h2>\n\n<p>Cenimy Pa\u0144stwa zaufanie, jakim obdarzaj\u0105 nas Pa\u0144stwo, przekazuj\u0105c nam swoje dane osobowe, dlatego staramy si\u0119 wykorzystywa\u0107 komercyjnie akceptowalne \u015brodki ich ochrony.\nProsz\u0119 jednak pami\u0119ta\u0107, \u017ce \u017cadna metoda transmisji przez Internet ani metoda elektronicznego przechowywania danych nie jest w 100% bezpieczna i niezawodna, a my nie mo\u017cemy zagwarantowa\u0107 jej ca\u0142kowitego bezpiecze\u0144stwa. <\/p>\n\n<h2 class=\"wp-block-heading\">Linki do innych stron<\/h2>\n\n<p>Nasza us\u0142uga mo\u017ce zawiera\u0107 \u0142\u0105cza do innych witryn.\nJe\u015bli klikn\u0105 Pa\u0144stwo na \u0142\u0105cze strony trzeciej, zostan\u0105 Pa\u0144stwo przekierowani na t\u0119 stron\u0119.\nProsz\u0119 zauwa\u017cy\u0107, \u017ce te zewn\u0119trzne witryny nie s\u0105 obs\u0142ugiwane przez nas.\nW zwi\u0105zku z tym zdecydowanie zalecamy zapoznanie si\u0119 z Polityk\u0105 prywatno\u015bci tych witryn.\nNie mamy \u017cadnej kontroli i nie ponosimy \u017cadnej odpowiedzialno\u015bci za tre\u015bci, polityk\u0119 prywatno\u015bci lub praktyki stosowane przez witryny lub us\u0142ugi stron trzecich.    <\/p>\n\n<p>Prywatno\u015b\u0107 dzieci<\/p>\n\n<p>Nasze Us\u0142ugi nie s\u0105 skierowane do os\u00f3b poni\u017cej 13 roku \u017cycia.\nNie zbieramy \u015bwiadomie danych osobowych od dzieci poni\u017cej 13 roku \u017cycia.\nW przypadku, gdy odkryjemy, \u017ce dziecko poni\u017cej 13 roku \u017cycia przekaza\u0142o nam dane osobowe, natychmiast usuniemy je z naszych serwer\u00f3w.\nJe\u015bli s\u0105 Pa\u0144stwo rodzicami lub opiekunami i wiedz\u0105 Pa\u0144stwo, \u017ce Pa\u0144stwa dziecko przekaza\u0142o nam dane osobowe, prosimy o kontakt z nami, aby\u015bmy mogli podj\u0105\u0107 niezb\u0119dne dzia\u0142ania.   <\/p>\n\n<h2 class=\"wp-block-heading\">Zmiany w niniejszej Polityce prywatno\u015bci<\/h2>\n\n<p>Od czasu do czasu mo\u017cemy aktualizowa\u0107 nasz\u0105 Polityk\u0119 prywatno\u015bci.\nW zwi\u0105zku z tym zalecamy Pa\u0144stwu okresowe sprawdzanie tej strony pod k\u0105tem wszelkich zmian.\nPowiadomimy Pa\u0144stwa o wszelkich zmianach, publikuj\u0105c now\u0105 Polityk\u0119 prywatno\u015bci na tej stronie.\nZmiany te wchodz\u0105 w \u017cycie natychmiast po ich opublikowaniu na tej stronie.   <\/p>\n\n<h2 class=\"wp-block-heading\">Prosz\u0119 si\u0119 z nami skontaktowa\u0107<\/h2>\n\n<p>Je\u015bli maj\u0105 Pa\u0144stwo jakiekolwiek pytania lub sugestie dotycz\u0105ce naszej Polityki prywatno\u015bci, prosimy o kontakt.<\/p>\n","protected":false},"excerpt":{"rendered":"<p>Tufting Europe prowadzi stron\u0119 internetow\u0105 https:\/\/tuftingeurope.com\/, na kt\u00f3rej udost\u0119pnia SERWIS. Ta strona s\u0142u\u017cy do informowania odwiedzaj\u0105cych witryn\u0119 o naszych zasadach dotycz\u0105cych gromadzenia, wykorzystywania i ujawniania danych osobowych, je\u015bli kto\u015b zdecydowa\u0142 si\u0119 skorzysta\u0107 z naszej Us\u0142ugi, witryny internetowej Tufting Europe. Je\u015bli zdecyduj\u0105 si\u0119 Pa\u0144stwo korzysta\u0107 z naszej Us\u0142ugi, wyra\u017caj\u0105 Pa\u0144stwo zgod\u0119 na gromadzenie i wykorzystywanie informacji<\/p>\n","protected":false},"author":1,"featured_media":0,"parent":0,"menu_order":0,"comment_status":"closed","ping_status":"closed","template":"","meta":{"footnotes":""},"class_list":["post-3300","page","type-page","status-publish","hentry"],"_links":{"self":[{"href":"https:\/\/tuftingeurope.com\/pl\/wp-json\/wp\/v2\/pages\/3300","targetHints":{"allow":["GET"]}}],"collection":[{"href":"https:\/\/tuftingeurope.com\/pl\/wp-json\/wp\/v2\/pages"}],"about":[{"href":"https:\/\/tuftingeurope.com\/pl\/wp-json\/wp\/v2\/types\/page"}],"author":[{"embeddable":true,"href":"https:\/\/tuftingeurope.com\/pl\/wp-json\/wp\/v2\/users\/1"}],"replies":[{"embeddable":true,"href":"https:\/\/tuftingeurope.com\/pl\/wp-json\/wp\/v2\/comments?post=3300"}],"version-history":[{"count":0,"href":"https:\/\/tuftingeurope.com\/pl\/wp-json\/wp\/v2\/pages\/3300\/revisions"}],"wp:attachment":[{"href":"https:\/\/tuftingeurope.com\/pl\/wp-json\/wp\/v2\/media?parent=3300"}],"curies":[{"name":"wp","href":"https:\/\/api.w.org\/{rel}","templated":true}]}}