{"id":3307,"date":"2020-12-04T18:41:29","date_gmt":"2020-12-04T17:41:29","guid":{"rendered":"https:\/\/tuftingeurope.com\/najczesciej-zadawane-pytania\/"},"modified":"2024-07-27T19:31:29","modified_gmt":"2024-07-27T17:31:29","slug":"najczesciej-zadawane-pytania","status":"publish","type":"page","link":"https:\/\/tuftingeurope.com\/pl\/najczesciej-zadawane-pytania\/","title":{"rendered":"Cz\u0119sto zadawane pytania"},"content":{"rendered":"\n<div class=\"accordion\">\n\n\t<div id=\"accordion-2919360640\" class=\"accordion-item\">\n\t\t<a id=\"accordion-2919360640-label\" class=\"accordion-title plain\" href=\"#accordion-item-gdzie-znajduje-si\u0119-tw\u00f3j-sklep?\" aria-expanded=\"false\" aria-controls=\"accordion-2919360640-content\">\n\t\t\t<button class=\"toggle\" aria-label=\"Prze\u0142\u0105cznik\"><i class=\"icon-angle-down\" aria-hidden=\"true\"><\/i><\/button>\n\t\t\t<span>Gdzie znajduje si\u0119 Tw\u00f3j sklep?<\/span>\n\t\t<\/a>\n\t\t<div id=\"accordion-2919360640-content\" class=\"accordion-inner\" aria-labelledby=\"accordion-2919360640-label\">\n\t\t\t\n\n<p>Tufting Europe nie posiada fizycznego sklepu, kt\u00f3ry mo\u017cesz odwiedzi\u0107.\nPosiadamy jednak magazyn w Amsterdamie.\nStamt\u0105d wysy\u0142ane s\u0105 wszystkie zam\u00f3wienia.  <\/p>\n<p>Adres:<br> Johan Van Hasseltweg 12B<br> 1022WW Amsterdam<br> Holandia<\/p>\n\n\n\t\t<\/div>\n\t<\/div>\n\t\n\t<div id=\"accordion-4197059048\" class=\"accordion-item\">\n\t\t<a id=\"accordion-4197059048-label\" class=\"accordion-title plain\" href=\"#accordion-item-kiedy-moje-zam\u00f3wienie-zostanie-wys\u0142ane?\" aria-expanded=\"false\" aria-controls=\"accordion-4197059048-content\">\n\t\t\t<button class=\"toggle\" aria-label=\"Prze\u0142\u0105cznik\"><i class=\"icon-angle-down\" aria-hidden=\"true\"><\/i><\/button>\n\t\t\t<span>Kiedy moje zam\u00f3wienie zostanie wys\u0142ane?<\/span>\n\t\t<\/a>\n\t\t<div id=\"accordion-4197059048-content\" class=\"accordion-inner\" aria-labelledby=\"accordion-4197059048-label\">\n\t\t\t\n\n<p>Od poniedzia\u0142ku do pi\u0105tku zam\u00f3wienia z\u0142o\u017cone przed godzin\u0105 12:00 s\u0105 pakowane i wysy\u0142ane tego samego dnia.\nW przeciwnym razie nast\u0119pnego dnia roboczego.\nZam\u00f3wienia weekendowe s\u0105 wysy\u0142ane w nast\u0119pny poniedzia\u0142ek.  <\/p>\n\n\n\t\t<\/div>\n\t<\/div>\n\t\n\t<div id=\"accordion-3338130946\" class=\"accordion-item\">\n\t\t<a id=\"accordion-3338130946-label\" class=\"accordion-title plain\" href=\"#accordion-item-jak-dzia\u0142aj\u0105-zwroty?\" aria-expanded=\"false\" aria-controls=\"accordion-3338130946-content\">\n\t\t\t<button class=\"toggle\" aria-label=\"Prze\u0142\u0105cznik\"><i class=\"icon-angle-down\" aria-hidden=\"true\"><\/i><\/button>\n\t\t\t<span>Jak dzia\u0142aj\u0105 zwroty?<\/span>\n\t\t<\/a>\n\t\t<div id=\"accordion-3338130946-content\" class=\"accordion-inner\" aria-labelledby=\"accordion-3338130946-label\">\n\t\t\t\n\n<p>W przypadku zwrotu w ci\u0105gu 14 dni od daty dostawy mo\u017cesz skorzysta\u0107 z naszego portalu zwrot\u00f3w, aby wydrukowa\u0107 bezp\u0142atn\u0105 etykiet\u0119 zwrotn\u0105.<\/p>\n<p>Po up\u0142ywie 14 dni zwroty s\u0105 przyjmowane tylko w przypadku gwarancji lub napraw.\nW takim przypadku b\u0119dziesz musia\u0142 sam zap\u0142aci\u0107 za etykiet\u0119 zwrotn\u0105. <\/p>\n\n\n\t\t<\/div>\n\t<\/div>\n\t\n\n<\/div>\n<div class=\"row\"  id=\"row-688488216\">\n\n\n\t<div id=\"col-1250095992\" class=\"col small-12 large-12\"  >\n\t\t\t\t<div class=\"col-inner text-center\"  >\n\t\t\t\n\t\t\t\n\n\t<div id=\"text-3784649622\" class=\"text\">\n\t\t\n\n<h2>Masz jeszcze jakie\u015b pytania?<\/h2>\n\t\t\n<style>\n#text-3784649622 {\n  text-align: center;\n}\n<\/style>\n\t<\/div>\n\t\n<a href=\"https:\/\/tuftingeurope.com\/pl\/kontakt\/\" class=\"button success\" style=\"border-radius:99px;\">\n\t\t<span>Skontaktuj si\u0119 z nami<\/span>\n\t<\/a>\n\n\n\n\t\t<\/div>\n\t\t\t\t\t<\/div>\n\n\t\n\n<\/div>\n\n","protected":false},"excerpt":{"rendered":"","protected":false},"author":1,"featured_media":0,"parent":0,"menu_order":0,"comment_status":"closed","ping_status":"closed","template":"","meta":{"footnotes":""},"class_list":["post-3307","page","type-page","status-publish","hentry"],"_links":{"self":[{"href":"https:\/\/tuftingeurope.com\/pl\/wp-json\/wp\/v2\/pages\/3307","targetHints":{"allow":["GET"]}}],"collection":[{"href":"https:\/\/tuftingeurope.com\/pl\/wp-json\/wp\/v2\/pages"}],"about":[{"href":"https:\/\/tuftingeurope.com\/pl\/wp-json\/wp\/v2\/types\/page"}],"author":[{"embeddable":true,"href":"https:\/\/tuftingeurope.com\/pl\/wp-json\/wp\/v2\/users\/1"}],"replies":[{"embeddable":true,"href":"https:\/\/tuftingeurope.com\/pl\/wp-json\/wp\/v2\/comments?post=3307"}],"version-history":[{"count":0,"href":"https:\/\/tuftingeurope.com\/pl\/wp-json\/wp\/v2\/pages\/3307\/revisions"}],"wp:attachment":[{"href":"https:\/\/tuftingeurope.com\/pl\/wp-json\/wp\/v2\/media?parent=3307"}],"curies":[{"name":"wp","href":"https:\/\/api.w.org\/{rel}","templated":true}]}}