{"id":33917,"date":"2023-09-22T12:01:26","date_gmt":"2023-09-22T10:01:26","guid":{"rendered":"https:\/\/tuftingeurope.com\/naprawy\/"},"modified":"2025-09-23T16:45:57","modified_gmt":"2025-09-23T14:45:57","slug":"repairs","status":"publish","type":"page","link":"https:\/\/tuftingeurope.com\/pl\/repairs\/","title":{"rendered":"Serwis"},"content":{"rendered":"\n\n\t<section class=\"section\" id=\"section_863217032\">\n\t\t<div class=\"section-bg fill\" >\n\t\t\t\t\t\t\t\t\t\n\t\t\t\n\n\t\t<\/div>\n\n\t\t\n\n\t\t<div class=\"section-content relative\">\n\t\t\t\n\n<div class=\"row\"  id=\"row-1149967369\">\n\n\n\t<div id=\"col-1297901422\" class=\"col small-12 large-12\"  >\n\t\t\t\t<div class=\"col-inner\"  >\n\t\t\t\n\t\t\t\n\n\t<div id=\"text-2358848072\" class=\"text\">\n\t\t\n\n\n\t\t\n<style>\n#text-2358848072 {\n  font-size: 1rem;\n}\n<\/style>\n\t<\/div>\n\t\n<h2><strong>Naprawy maszyn do tuftingu<\/strong><\/h2>\n<h3>Naprawiamy tylko maszyny do tuftingu zakupione na TuftingEurope.com<\/h3>\n<p>Czasami co\u015b si\u0119 dzieje. I oczywi\u015bcie jeste\u015b w \u015brodku terminu dla klienta. Na szcz\u0119\u015bcie oferujemy naprawy wewn\u0119trzne. Skontaktuj si\u0119 z nami, aby zaplanowa\u0107 napraw\u0119 lub poprosi\u0107 o wycen\u0119. Jeste\u015bmy tutaj, aby Twoja maszyna dzia\u0142a\u0142a p\u0142ynnie!    <\/p>\n<div data-gorgias-contact-form-uid=\"tzik3dgn\"><\/div>\n<p><script defer src=\"https:\/\/contact.gorgias.help\/api\/contact-forms\/loader.js?v=2\" data-gorgias-loader-contact-form=\"\"><\/script><\/p>\n\n\n\t\t<\/div>\n\t\t\t\t\t<\/div>\n\n\t\n\n<\/div>\n<div class=\"text-center\"><div class=\"is-divider divider clearfix\" style=\"max-width:500px;background-color:rgb(0, 0, 0);\"><\/div><\/div>\n\n<div class=\"row\"  id=\"row-523904747\">\n\n\n\t<div id=\"col-1609864412\" class=\"col medium-6 small-12 large-6\"  >\n\t\t\t\t<div class=\"col-inner\"  >\n\t\t\t\n\t\t\t\n\n\t<div id=\"text-2897974368\" class=\"text\">\n\t\t\n\n<h3>Cz\u0119\u015bci wysokiej jako\u015bci:  <\/h3>\n<p>\nU\u017cywamy wy\u0142\u0105cznie wysokiej jako\u015bci i nowych cz\u0119\u015bci zamiennych, aby zapewni\u0107 d\u0142ugotrwa\u0142o\u015b\u0107 i optymalne dzia\u0142anie Twoich maszyn do tuftingu.<\/p>\n\t\t\n<style>\n#text-2897974368 {\n  text-align: center;\n  color: rgb(0,0,0);\n}\n#text-2897974368 > * {\n  color: rgb(0,0,0);\n}\n<\/style>\n\t<\/div>\n\t\n\t<div id=\"text-3301177946\" class=\"text\">\n\t\t\n\n<h3>Przejrzyste ceny:<\/h3>\n<p>\nWierzymy w przejrzysto\u015b\u0107, dlatego zapewniamy jasne i konkurencyjne ceny wszystkich naszych us\u0142ug naprawczych. \u017badnych ukrytych op\u0142at ani niespodzianek &#8211; tylko proste, uczciwe ceny.<\/p>\n\t\t\n<style>\n#text-3301177946 {\n  text-align: center;\n  color: rgb(0,0,0);\n}\n#text-3301177946 > * {\n  color: rgb(0,0,0);\n}\n<\/style>\n\t<\/div>\n\t\n\n\t\t<\/div>\n\t\t\t\t\t<\/div>\n\n\t\n\n\t<div id=\"col-1618047753\" class=\"col medium-6 small-12 large-6\"  >\n\t\t\t\t<div class=\"col-inner\"  >\n\t\t\t\n\t\t\t\n\n\t<div id=\"text-4246948273\" class=\"text\">\n\t\t\n\n<h3>Etykieta zwrotna i dostawa:  <\/h3>\n<p>\nZapewniamy bezproblemowe etykiety wysy\u0142kowe &#8211; po prostu bezpiecznie zapakuj swoje urz\u0105dzenie i nadaj je w dowolnym obs\u0142ugiwanym urz\u0119dzie pocztowym.<\/p>\n\t\t\n<style>\n#text-4246948273 {\n  text-align: center;\n  color: rgb(0,0,0);\n}\n#text-4246948273 > * {\n  color: rgb(0,0,0);\n}\n<\/style>\n\t<\/div>\n\t\n\t<div id=\"text-472931948\" class=\"text\">\n\t\t\n\n<h3>Znamy nasze maszyny:  <\/h3>\n<p>Nasi wykwalifikowani technicy dok\u0142adnie wiedz\u0105, jak dzia\u0142a maszyna do tuftingu. Dzi\u0119ki naszemu 5-letniemu do\u015bwiadczeniu mo\u017cesz mie\u0107 pewno\u015b\u0107, \u017ce Tw\u00f3j sprz\u0119t jest w dobrych r\u0119kach.<\/p>\n\t\t\n<style>\n#text-472931948 {\n  text-align: center;\n  color: rgb(0,0,0);\n}\n#text-472931948 > * {\n  color: rgb(0,0,0);\n}\n<\/style>\n\t<\/div>\n\t\n\n\t\t<\/div>\n\t\t\t\t\t<\/div>\n\n\t\n\n<\/div>\n\n\t\t<\/div>\n\n\t\t\n<style>\n#section_863217032 {\n  padding-top: 30px;\n  padding-bottom: 30px;\n}\n<\/style>\n\t<\/section>\n\t\n\n","protected":false},"excerpt":{"rendered":"","protected":false},"author":1,"featured_media":0,"parent":0,"menu_order":0,"comment_status":"closed","ping_status":"closed","template":"page-blank.php","meta":{"footnotes":""},"class_list":["post-33917","page","type-page","status-publish","hentry"],"_links":{"self":[{"href":"https:\/\/tuftingeurope.com\/pl\/wp-json\/wp\/v2\/pages\/33917","targetHints":{"allow":["GET"]}}],"collection":[{"href":"https:\/\/tuftingeurope.com\/pl\/wp-json\/wp\/v2\/pages"}],"about":[{"href":"https:\/\/tuftingeurope.com\/pl\/wp-json\/wp\/v2\/types\/page"}],"author":[{"embeddable":true,"href":"https:\/\/tuftingeurope.com\/pl\/wp-json\/wp\/v2\/users\/1"}],"replies":[{"embeddable":true,"href":"https:\/\/tuftingeurope.com\/pl\/wp-json\/wp\/v2\/comments?post=33917"}],"version-history":[{"count":3,"href":"https:\/\/tuftingeurope.com\/pl\/wp-json\/wp\/v2\/pages\/33917\/revisions"}],"predecessor-version":[{"id":70227,"href":"https:\/\/tuftingeurope.com\/pl\/wp-json\/wp\/v2\/pages\/33917\/revisions\/70227"}],"wp:attachment":[{"href":"https:\/\/tuftingeurope.com\/pl\/wp-json\/wp\/v2\/media?parent=33917"}],"curies":[{"name":"wp","href":"https:\/\/api.w.org\/{rel}","templated":true}]}}