{"id":42905,"date":"2024-05-08T12:21:13","date_gmt":"2024-05-08T10:21:13","guid":{"rendered":"https:\/\/tuftingeurope.com\/strona-z-podziekowaniami-dla-hurtownikow\/"},"modified":"2024-07-27T19:31:11","modified_gmt":"2024-07-27T17:31:11","slug":"strona-z-podziekowaniami-dla-hurtownikow","status":"publish","type":"page","link":"https:\/\/tuftingeurope.com\/pl\/strona-z-podziekowaniami-dla-hurtownikow\/","title":{"rendered":"Strona z podzi\u0119kowaniami dla hurtownik\u00f3w"},"content":{"rendered":"\n  Dzi\u0119kujemy za rejestracj\u0119. Wkr\u00f3tce skontaktujemy si\u0119 z Tob\u0105, aby om\u00f3wi\u0107 lub zatwierdzi\u0107 Twoje konto.  \n","protected":false},"excerpt":{"rendered":"<p>Dzi\u0119kujemy za rejestracj\u0119. Wkr\u00f3tce skontaktujemy si\u0119 z Tob\u0105, aby om\u00f3wi\u0107 lub zatwierdzi\u0107 Twoje konto.<\/p>\n","protected":false},"author":1,"featured_media":0,"parent":0,"menu_order":0,"comment_status":"closed","ping_status":"closed","template":"","meta":{"footnotes":""},"class_list":["post-42905","page","type-page","status-publish","hentry"],"_links":{"self":[{"href":"https:\/\/tuftingeurope.com\/pl\/wp-json\/wp\/v2\/pages\/42905","targetHints":{"allow":["GET"]}}],"collection":[{"href":"https:\/\/tuftingeurope.com\/pl\/wp-json\/wp\/v2\/pages"}],"about":[{"href":"https:\/\/tuftingeurope.com\/pl\/wp-json\/wp\/v2\/types\/page"}],"author":[{"embeddable":true,"href":"https:\/\/tuftingeurope.com\/pl\/wp-json\/wp\/v2\/users\/1"}],"replies":[{"embeddable":true,"href":"https:\/\/tuftingeurope.com\/pl\/wp-json\/wp\/v2\/comments?post=42905"}],"version-history":[{"count":0,"href":"https:\/\/tuftingeurope.com\/pl\/wp-json\/wp\/v2\/pages\/42905\/revisions"}],"wp:attachment":[{"href":"https:\/\/tuftingeurope.com\/pl\/wp-json\/wp\/v2\/media?parent=42905"}],"curies":[{"name":"wp","href":"https:\/\/api.w.org\/{rel}","templated":true}]}}