{"id":9257,"date":"2022-04-26T10:43:00","date_gmt":"2022-04-26T08:43:00","guid":{"rendered":"https:\/\/tuftingeurope.com\/pozostanmy-w-kontakcie-2\/"},"modified":"2022-04-26T10:43:00","modified_gmt":"2022-04-26T08:43:00","slug":"pozostanmy-w-kontakcie-2","status":"publish","type":"page","link":"https:\/\/tuftingeurope.com\/pl\/pozostanmy-w-kontakcie-2\/","title":{"rendered":"Pozosta\u0144my w kontakcie"},"content":{"rendered":"<p>Cze\u015b\u0107  <span id=\"bwfan_contact_name\">John<\/span>\n<p>Pom\u00f3\u017c nam poprawi\u0107 Twoje do\u015bwiadczenia z nami poprzez lepsz\u0105 komunikacj\u0119. Nale\u017cy dostosowa\u0107 preferencje dotycz\u0105ce poczty elektronicznej <span id=\"bwfan_contact_email\">john@example.com<\/span>.<\/p>\n\n","protected":false},"excerpt":{"rendered":"<p>Cze\u015b\u0107 Pom\u00f3\u017c nam poprawi\u0107 Twoje do\u015bwiadczenia z nami poprzez lepsz\u0105 komunikacj\u0119. Nale\u017cy dostosowa\u0107 preferencje dotycz\u0105ce poczty elektronicznej .<\/p>\n","protected":false},"author":1,"featured_media":0,"parent":0,"menu_order":0,"comment_status":"closed","ping_status":"closed","template":"","meta":{"footnotes":""},"class_list":["post-9257","page","type-page","status-publish","hentry"],"_links":{"self":[{"href":"https:\/\/tuftingeurope.com\/pl\/wp-json\/wp\/v2\/pages\/9257","targetHints":{"allow":["GET"]}}],"collection":[{"href":"https:\/\/tuftingeurope.com\/pl\/wp-json\/wp\/v2\/pages"}],"about":[{"href":"https:\/\/tuftingeurope.com\/pl\/wp-json\/wp\/v2\/types\/page"}],"author":[{"embeddable":true,"href":"https:\/\/tuftingeurope.com\/pl\/wp-json\/wp\/v2\/users\/1"}],"replies":[{"embeddable":true,"href":"https:\/\/tuftingeurope.com\/pl\/wp-json\/wp\/v2\/comments?post=9257"}],"version-history":[{"count":0,"href":"https:\/\/tuftingeurope.com\/pl\/wp-json\/wp\/v2\/pages\/9257\/revisions"}],"wp:attachment":[{"href":"https:\/\/tuftingeurope.com\/pl\/wp-json\/wp\/v2\/media?parent=9257"}],"curies":[{"name":"wp","href":"https:\/\/api.w.org\/{rel}","templated":true}]}}