{"id":17963,"date":"2022-12-06T16:31:29","date_gmt":"2022-12-06T15:31:29","guid":{"rendered":"https:\/\/tuftingeurope.com\/product\/narzedzie-reczne-do-tuftowania-petli\/"},"modified":"2025-09-30T15:26:10","modified_gmt":"2025-09-30T13:26:10","slug":"manual-tufting-tool-loop-pile-2-8mm","status":"publish","type":"product","link":"https:\/\/tuftingeurope.com\/pl\/produkt\/manual-tufting-tool-loop-pile-2-8mm\/","title":{"rendered":"R\u0119czne narz\u0119dzie do tuftingu Loop Pile 2-8 mm"},"content":{"rendered":"<p><iframe title=\"Manual Tufting Tool Loop Pile 2-8mm\" width=\"1020\" height=\"574\" src=\"https:\/\/www.youtube.com\/embed\/jtjN5xqUwKs?feature=oembed\" frameborder=\"0\" allow=\"accelerometer; autoplay; clipboard-write; encrypted-media; gyroscope; picture-in-picture; web-share\" referrerpolicy=\"strict-origin-when-cross-origin\" allowfullscreen><\/iframe><\/p>\n<p>Nasze r\u0119czne narz\u0119dzie do tulejowania p\u0119tli to r\u0119czne, p\u00f3\u0142-automatyczne narz\u0119dzie do haftowania dywan\u00f3w. Przez lata by\u0142a ona r\u00f3wnie\u017c okre\u015blana mianem ig\u0142y do dywan\u00f3w z &#8220;ubijaczk\u0105&#8221;, poniewa\u017c ruch r\u0119ki roboczej obracaj\u0105cej ma\u0142y uchwyt przypomina ubijanie jajek. Jest to najszybsze dost\u0119pne r\u0119czne narz\u0119dzie tufting i oferuje wiele zalet w por\u00f3wnaniu z elektrycznym pistoletem tufting.  <\/p>\n<p>Dzia\u0142a jak r\u0119czna maszyna do szycia: Jedna r\u0119ka prowadzi narz\u0119dzie po tkaninie, podczas gdy druga obraca ma\u0142\u0105 r\u0105czk\u0119.<br \/>\nWraz z obrotem mechanizm przesuwa w g\u00f3r\u0119 i w d\u00f3\u0142 dwie ig\u0142y. Ig\u0142a zewn\u0119trzna otwiera tkanin\u0119, a ig\u0142a wewn\u0119trzna przepycha p\u0119tl\u0119 prz\u0119dzy przez otw\u00f3r. Wytworzenie pi\u0119knego i obj\u0119to\u015bciowego dywanu na plecach.  <\/p>\n<p>Jest przeznaczony do pracy z pojedyncz\u0105 nitk\u0105 o grubo\u015bci oko\u0142o 3-4 warstw i najlepiej 100% we\u0142ny, ale mo\u017cna r\u00f3wnie\u017c u\u017cy\u0107 akrylu, o ile jest nieco cie\u0144szy.<\/p>\n<p>To r\u0119czne narz\u0119dzie tufting jest wyj\u0105tkowe pod wieloma wzgl\u0119dami. Wykonuje oko\u0142o 200 p\u0119tli na minut\u0119, co czyni j\u0105 ponad dziesi\u0119\u0107 razy szybsz\u0105 od tradycyjnej Punch Needle. Narz\u0119dzie mo\u017ce porusza\u0107 si\u0119 do przodu i do ty\u0142u, co u\u0142atwia swobodne tworzenie projekt\u00f3w. To jak malowanie w\u0142\u00f3czk\u0105, bez \u017cadnych ogranicze\u0144.   <\/p>\n<div style=\"width: 720px;\" class=\"wp-video\"><video class=\"wp-video-shortcode\" id=\"video-17963-1\" width=\"720\" height=\"720\" autoplay preload=\"metadata\" controls=\"controls\"><source type=\"video\/mp4\" src=\"https:\/\/tuftingeurope.com\/wp-content\/uploads\/2022\/12\/Danella-tool-in-action.mp4?_=1\" \/><a href=\"https:\/\/tuftingeurope.com\/wp-content\/uploads\/2022\/12\/Danella-tool-in-action.mp4\">https:\/\/tuftingeurope.com\/wp-content\/uploads\/2022\/12\/Danella-tool-in-action.mp4<\/a><\/video><\/div>\n","protected":false},"excerpt":{"rendered":"<p>Nasze r\u0119czne narz\u0119dzie do p\u0119tli tufting dzia\u0142a jak ig\u0142a dziurkuj\u0105ca i dziurkuje p\u0119tle w ka\u017cdej do\u015b\u0107 lu\u017ano tkanej tkaninie. To jak malowanie w\u0142\u00f3czk\u0105. \u0141atwo stw\u00f3rz dywaniki lub inne urocze projekty, takie jak poduszki.  <\/p>\n<ul>\n<li>Dziesi\u0119\u0107 razy szybciej ni\u017c tradycyjna ig\u0142a do dziurkowania<\/li>\n<li>Mo\u017ce by\u0107 ustawiony na 2 mm lub 8 mm.<\/li>\n<\/ul>\n","protected":false},"featured_media":46221,"template":"","meta":[],"product_brand":[],"product_cat":[208],"product_tag":[],"class_list":{"0":"post-17963","1":"product","2":"type-product","3":"status-publish","4":"has-post-thumbnail","6":"product_cat-igly-do-nakluwania","8":"first","9":"instock","10":"sale","11":"taxable","12":"shipping-taxable","13":"purchasable","14":"product-type-simple"},"_links":{"self":[{"href":"https:\/\/tuftingeurope.com\/pl\/wp-json\/wp\/v2\/product\/17963","targetHints":{"allow":["GET"]}}],"collection":[{"href":"https:\/\/tuftingeurope.com\/pl\/wp-json\/wp\/v2\/product"}],"about":[{"href":"https:\/\/tuftingeurope.com\/pl\/wp-json\/wp\/v2\/types\/product"}],"wp:featuredmedia":[{"embeddable":true,"href":"https:\/\/tuftingeurope.com\/pl\/wp-json\/wp\/v2\/media\/46221"}],"wp:attachment":[{"href":"https:\/\/tuftingeurope.com\/pl\/wp-json\/wp\/v2\/media?parent=17963"}],"wp:term":[{"taxonomy":"product_brand","embeddable":true,"href":"https:\/\/tuftingeurope.com\/pl\/wp-json\/wp\/v2\/product_brand?post=17963"},{"taxonomy":"product_cat","embeddable":true,"href":"https:\/\/tuftingeurope.com\/pl\/wp-json\/wp\/v2\/product_cat?post=17963"},{"taxonomy":"product_tag","embeddable":true,"href":"https:\/\/tuftingeurope.com\/pl\/wp-json\/wp\/v2\/product_tag?post=17963"}],"curies":[{"name":"wp","href":"https:\/\/api.w.org\/{rel}","templated":true}]}}