{"id":24623,"date":"2022-12-23T10:19:28","date_gmt":"2022-12-23T09:19:28","guid":{"rendered":"https:\/\/tuftingeurope.com\/?post_type=product&#038;p=24623"},"modified":"2026-03-13T15:17:20","modified_gmt":"2026-03-13T14:17:20","slug":"ak-1n-pink-cut-loop-tufting-gun","status":"publish","type":"product","link":"https:\/\/tuftingeurope.com\/pl\/produkt\/ak-1n-pink-cut-loop-tufting-gun\/","title":{"rendered":"Pistolet do tuftingu AK-1N Duo Cut &amp; Loop"},"content":{"rendered":"<h2>Najbardziej wszechstronny pistolet do tuftingu<\/h2>\n<p>Najnowsza wersja modelu AK-1N zawiera kilka nowych ulepsze\u0144:<\/p>\n<ul>\n<li><strong>Przeprojektowana mechanika<\/strong> zapewnia cichsz\u0105 prac\u0119<\/li>\n<li><strong>Pier\u015bcie\u0144 ochronny ko\u0142a<\/strong> zwi\u0119kszaj\u0105cy trwa\u0142o\u015b\u0107<\/li>\n<li><strong>Ulepszony kabel zasilaj\u0105cy<\/strong> zapobiegaj\u0105cy uszkodzeniom<\/li>\n<li><strong>Regulacja wysoko\u015bci w\u0142osa<\/strong> (8-16 mm) \u2013 <strong><a href=\"https:\/\/tuftingeurope.com\/pl\/docs\/pile-height-settings-for-the-ak-1n-duo\/\">zobacz instrukcj\u0119.<\/a><\/strong><\/li>\n<li><strong>P\u0142ynne prze\u0142\u0105czanie<\/strong> mi\u0119dzy stosem ci\u0119tym i p\u0119telkowym &#8211;<strong> <a href=\"https:\/\/tuftingeurope.com\/pl\/docs\/przelacz-sie-z-okrywy-cietej-na-okrywe-petelkowa\/\">zobacz wideo<\/a><\/strong>.<\/li>\n<li><strong>Ulepszona elektronika<\/strong> zapewnia niezawodne dzia\u0142anie<\/li>\n<\/ul>\n\n\t<section class=\"section\" id=\"section_637329298\">\n\t\t<div class=\"section-bg fill\" >\n\t\t\t\t\t\t\t<div class=\"video-overlay no-click fill visible\"><\/div>\n\t<video class=\"video-bg fill visible\" preload playsinline autoplay muted loop>\n\t\t<source src=\"https:\/\/tuftingeurope.com\/wp-content\/uploads\/2024\/08\/ak-1n-duo-2.mp4\" type=\"video\/mp4\">\t<\/video>\n\t\t\t\n\t\t\t\n\n\t\t<\/div>\n\n\t\t\n\n\t\t<div class=\"section-content relative\">\n\t\t\t\n\n\n\t\t<\/div>\n\n\t\t\n<style>\n#section_637329298 {\n  padding-top: 30px;\n  padding-bottom: 30px;\n  min-height: 400px;\n}\n@media (min-width:550px) {\n  #section_637329298 {\n    min-height: 500px;\n  }\n}\n<\/style>\n\t<\/section>\n\t\n\t<div id=\"gap-1698140068\" class=\"gap-element clearfix\" style=\"display:block; height:auto;\">\n\t\t\n<style>\n#gap-1698140068 {\n  padding-top: 30px;\n}\n<\/style>\n\t<\/div>\n\t\n<h2>Idealny dla pocz\u0105tkuj\u0105cych i profesjonalist\u00f3w<\/h2>\n<p>Niezale\u017cnie od tego, czy dopiero rozpoczynaj\u0105 Pa\u0144stwo swoj\u0105 przygod\u0119 z tufting, czy te\u017c s\u0105 do\u015bwiadczonymi profesjonalistami, AK-1N jest stworzony do obs\u0142ugi ka\u017cdego projektu. Dzi\u0119ki intuicyjnemu sterowaniu i przyjaznej dla u\u017cytkownika konstrukcji, tworzenie osza\u0142amiaj\u0105cych, profesjonalnie wygl\u0105daj\u0105cych dywan\u00f3w nigdy nie by\u0142o \u0142atwiejsze. <\/p>\n<p>Nie maj\u0105 Pa\u0144stwo do\u015bwiadczenia? Nie ma problemu. Nasze maszyny s\u0105 dostarczane z \u0142atwymi do wykonania instrukcjami online, kt\u00f3re pomog\u0105 Pa\u0144stwu bez wysi\u0142ku zrealizowa\u0107 swoje kreatywne pomys\u0142y.  <\/p>\n\n  \n    <div class=\"row large-columns-3 medium-columns- small-columns-2 row-small slider row-slider slider-nav-reveal slider-nav-push\"  data-flickity-options='{&quot;imagesLoaded&quot;: true, &quot;groupCells&quot;: &quot;100%&quot;, &quot;dragThreshold&quot; : 5, &quot;cellAlign&quot;: &quot;left&quot;,&quot;wrapAround&quot;: true,&quot;prevNextButtons&quot;: true,&quot;percentPosition&quot;: true,&quot;pageDots&quot;: true, &quot;rightToLeft&quot;: false, &quot;autoPlay&quot; : 2000}' >\n\n  <div class=\"gallery-col col\" >\n          <div class=\"col-inner\">\n                        <div class=\"box has-hover gallery-box box-normal\">\n              <div class=\"box-image\" >\n                <img fetchpriority=\"high\" decoding=\"async\" width=\"300\" height=\"300\" src=\"https:\/\/tuftingeurope.com\/wp-content\/uploads\/2023\/05\/2-300x300.png\" class=\"attachment-medium size-medium\" alt=\"By @tuftlab.ams\" ids=\"31263,31249,31240\" style=\"normal\" lightbox=\"false\" type=\"slider\" col_spacing=\"small\" columns=\"3\" columns__sm=\"2\" slider_bullets=\"true\" auto_slide=\"2000\" text_align=\"center\" srcset=\"https:\/\/tuftingeurope.com\/wp-content\/uploads\/2023\/05\/2-300x300.png 300w, https:\/\/tuftingeurope.com\/wp-content\/uploads\/2023\/05\/2-1000x1000.png 1000w, https:\/\/tuftingeurope.com\/wp-content\/uploads\/2023\/05\/2-100x100.png 100w, https:\/\/tuftingeurope.com\/wp-content\/uploads\/2023\/05\/2-1024x1024.png 1024w, https:\/\/tuftingeurope.com\/wp-content\/uploads\/2023\/05\/2-150x150.png 150w, https:\/\/tuftingeurope.com\/wp-content\/uploads\/2023\/05\/2-768x768.png 768w, https:\/\/tuftingeurope.com\/wp-content\/uploads\/2023\/05\/2-1320x1320.png 1320w, https:\/\/tuftingeurope.com\/wp-content\/uploads\/2023\/05\/2.png 1500w\" sizes=\"(max-width: 300px) 100vw, 300px\" title=\"\">                                                              <\/div>\n              <div class=\"box-text text-center\" >\n                 <p>By @tuftlab.ams<\/p>\n              <\/div>\n            <\/div>\n                      <\/div>\n         <\/div><div class=\"gallery-col col\" >\n          <div class=\"col-inner\">\n                        <div class=\"box has-hover gallery-box box-normal\">\n              <div class=\"box-image\" >\n                <img decoding=\"async\" width=\"300\" height=\"300\" src=\"https:\/\/tuftingeurope.com\/wp-content\/uploads\/2023\/05\/4-300x300.png\" class=\"attachment-medium size-medium\" alt=\"By @enji\" ids=\"31263,31249,31240\" style=\"normal\" lightbox=\"false\" type=\"slider\" col_spacing=\"small\" columns=\"3\" columns__sm=\"2\" slider_bullets=\"true\" auto_slide=\"2000\" text_align=\"center\" srcset=\"https:\/\/tuftingeurope.com\/wp-content\/uploads\/2023\/05\/4-300x300.png 300w, https:\/\/tuftingeurope.com\/wp-content\/uploads\/2023\/05\/4-1000x1000.png 1000w, https:\/\/tuftingeurope.com\/wp-content\/uploads\/2023\/05\/4-100x100.png 100w, https:\/\/tuftingeurope.com\/wp-content\/uploads\/2023\/05\/4-1024x1024.png 1024w, https:\/\/tuftingeurope.com\/wp-content\/uploads\/2023\/05\/4-150x150.png 150w, https:\/\/tuftingeurope.com\/wp-content\/uploads\/2023\/05\/4-768x768.png 768w, https:\/\/tuftingeurope.com\/wp-content\/uploads\/2023\/05\/4-1320x1320.png 1320w, https:\/\/tuftingeurope.com\/wp-content\/uploads\/2023\/05\/4.png 1500w\" sizes=\"(max-width: 300px) 100vw, 300px\" title=\"\">                                                              <\/div>\n              <div class=\"box-text text-center\" >\n                 <p>By @enji<\/p>\n              <\/div>\n            <\/div>\n                      <\/div>\n         <\/div><div class=\"gallery-col col\" >\n          <div class=\"col-inner\">\n                        <div class=\"box has-hover gallery-box box-normal\">\n              <div class=\"box-image\" >\n                <img decoding=\"async\" width=\"300\" height=\"300\" src=\"https:\/\/tuftingeurope.com\/wp-content\/uploads\/2022\/12\/charizard-rug-by-zetarugs-300x300.png\" class=\"attachment-medium size-medium\" alt=\"By Zetarugs\" ids=\"31263,31249,31240\" style=\"normal\" lightbox=\"false\" type=\"slider\" col_spacing=\"small\" columns=\"3\" columns__sm=\"2\" slider_bullets=\"true\" auto_slide=\"2000\" text_align=\"center\" srcset=\"https:\/\/tuftingeurope.com\/wp-content\/uploads\/2022\/12\/charizard-rug-by-zetarugs-300x300.png 300w, https:\/\/tuftingeurope.com\/wp-content\/uploads\/2022\/12\/charizard-rug-by-zetarugs-1000x1000.png 1000w, https:\/\/tuftingeurope.com\/wp-content\/uploads\/2022\/12\/charizard-rug-by-zetarugs-100x100.png 100w, https:\/\/tuftingeurope.com\/wp-content\/uploads\/2022\/12\/charizard-rug-by-zetarugs-1024x1024.png 1024w, https:\/\/tuftingeurope.com\/wp-content\/uploads\/2022\/12\/charizard-rug-by-zetarugs-150x150.png 150w, https:\/\/tuftingeurope.com\/wp-content\/uploads\/2022\/12\/charizard-rug-by-zetarugs-768x768.png 768w, https:\/\/tuftingeurope.com\/wp-content\/uploads\/2022\/12\/charizard-rug-by-zetarugs-1320x1320.png 1320w, https:\/\/tuftingeurope.com\/wp-content\/uploads\/2022\/12\/charizard-rug-by-zetarugs.png 1500w\" sizes=\"(max-width: 300px) 100vw, 300px\" title=\"\">                                                              <\/div>\n              <div class=\"box-text text-center\" >\n                 <p>By Zetarugs<\/p>\n              <\/div>\n            <\/div>\n                      <\/div>\n         <\/div><\/div>\n<h2>Kluczowe cechy<\/h2>\n<h4><strong>\u0141atwe ci\u0119cie i zap\u0119tlanie<\/strong><\/h4>\n<p>Prze\u0142\u0105czanie mi\u0119dzy stosem ci\u0119tym i p\u0119telkowym jest teraz szybsze ni\u017c kiedykolwiek. Po prostu odkr\u0119\u0107 jedn\u0105 \u015brub\u0119, aby wymieni\u0107 element &#8211; nie jest wymagany skomplikowany demonta\u017c. Po wyj\u0119ciu z pude\u0142ka urz\u0105dzenie jest ustawione na ci\u0119cie runa o wysoko\u015bci 15 mm, z mo\u017cliwo\u015bci\u0105 regulacji w zakresie 8-16 mm. Konserwacja jest prosta: regularnie usuwaj kurz i oliw ruchome cz\u0119\u015bci.   <\/p>\n<h4><strong>Sterowanie zmienn\u0105 pr\u0119dko\u015bci\u0105<\/strong><\/h4>\n<p>Za pomoc\u0105 pokr\u0119t\u0142a na uchwycie mo\u017cna precyzyjnie ustawi\u0107 pr\u0119dko\u015b\u0107 tufting. Idealny do dodawania skomplikowanych detali do dywanu lub pracy z pe\u0142n\u0105 pr\u0119dko\u015bci\u0105 na wi\u0119kszych powierzchniach. <\/p>\n<h4><strong>Lekka i ergonomiczna konstrukcja<\/strong><\/h4>\n<p>Przy wadze zaledwie 1,4 kg, AK-1N jest najl\u017cejszym dost\u0119pnym pistoletem tufting. Jego jasnor\u00f3\u017cowy design dodaje nowoczesno\u015bci, zapewniaj\u0105c jednocze\u015bnie komfort podczas d\u0142ugich sesji tufting.<br \/>\n<img loading=\"lazy\" decoding=\"async\" class=\"alignnone size-large wp-image-30396\" src=\"https:\/\/tuftingeurope.com\/wp-content\/uploads\/2022\/12\/tufting-machine-from-tuftingeurope-side-1024x576.jpg\" alt=\"\" width=\"1020\" height=\"574\" title=\"\" srcset=\"https:\/\/tuftingeurope.com\/wp-content\/uploads\/2022\/12\/tufting-machine-from-tuftingeurope-side-1024x576.jpg 1024w, https:\/\/tuftingeurope.com\/wp-content\/uploads\/2022\/12\/tufting-machine-from-tuftingeurope-side-1000x563.jpg 1000w, https:\/\/tuftingeurope.com\/wp-content\/uploads\/2022\/12\/tufting-machine-from-tuftingeurope-side-300x169.jpg 300w, https:\/\/tuftingeurope.com\/wp-content\/uploads\/2022\/12\/tufting-machine-from-tuftingeurope-side-768x432.jpg 768w, https:\/\/tuftingeurope.com\/wp-content\/uploads\/2022\/12\/tufting-machine-from-tuftingeurope-side-1536x864.jpg 1536w, https:\/\/tuftingeurope.com\/wp-content\/uploads\/2022\/12\/tufting-machine-from-tuftingeurope-side-1320x743.jpg 1320w, https:\/\/tuftingeurope.com\/wp-content\/uploads\/2022\/12\/tufting-machine-from-tuftingeurope-side.jpg 1920w\" sizes=\"(max-width: 1020px) 100vw, 1020px\" \/><\/p>\n<h3>Co znajduje si\u0119 w pude\u0142ku?<\/h3>\n<ul>\n<li>Pistolet do tuftingu AK-1N Pink Edition<\/li>\n<li>Wtyczka EU z modu\u0142em zasilaj\u0105cym<\/li>\n<li>Wytnij i zap\u0119tl elementy<\/li>\n<li>Cz\u0119\u015bci zamienne<\/li>\n<\/ul>\n<div class=\"alert-tu\">Uwaga: Regulacja wysoko\u015bci w\u0142osa wymaga precyzji. Zalecamy zapoznanie si\u0119 z maszyn\u0105 przed dokonaniem regulacji, poniewa\u017c niew\u0142a\u015bciwe zmiany mog\u0105 wp\u0142yn\u0105\u0107 na funkcjonalno\u015b\u0107 i uniewa\u017cni\u0107 gwarancj\u0119. <span style=\"color: #ffffff;\"><a style=\"color: #ffffff;\" href=\"https:\/\/tuftingeurope.com\/pl\/docs\/pile-height-settings-for-the-ak-1n-duo\/\"><span style=\"text-decoration: underline;\">Zobacz instrukcj\u0119 tutaj<\/span><\/a>.<\/span> <\/div>\n<h3>Dlaczego warto wybra\u0107 Tufting Europe?<\/h3>\n<h4><strong>Autentyczne maszyny z gwarancj\u0105<\/strong><\/h4>\n<p>Prosz\u0119 unikn\u0105\u0107 ryzyka zwi\u0105zanego z podrabianymi urz\u0105dzeniami tufting, kt\u00f3rym cz\u0119sto brakuje trwa\u0142o\u015bci i bezpiecze\u0144stwa. Wszystkie nasze urz\u0105dzenia s\u0105 obj\u0119te 2-letni\u0105 gwarancj\u0105, bezp\u0142atnymi zwrotami i najwy\u017cszej jako\u015bci obs\u0142ug\u0105 klienta. <\/p>\n<h4><strong>Bezpiecze\u0144stwo przede wszystkim<\/strong><\/h4>\n<p>Przed przyst\u0105pieniem do regulacji nale\u017cy zawsze od\u0142\u0105czy\u0107 maszyn\u0119 tufting od zasilania. Urz\u0105dzenie nale\u017cy przechowywa\u0107 w miejscu niedost\u0119pnym dla dzieci, poniewa\u017c pracuje ono z szybkimi no\u017cyczkami i ig\u0142ami. <\/p>\n","protected":false},"excerpt":{"rendered":"<p>AK-1N to nasz wszechstronny pistolet tufting, kt\u00f3ry \u0142\u0105czy w sobie najlepsze cechy poprzednich modeli. Lekki i obs\u0142uguje zar\u00f3wno ci\u0119te, jak i p\u0119telkowe rodzaje runa o r\u00f3\u017cnych wysoko\u015bciach. Jedyna maszyna do dywan\u00f3w tufting, jakiej kiedykolwiek b\u0119d\u0105 Pa\u0144stwo potrzebowa\u0107.<\/p>\n","protected":false},"featured_media":37715,"template":"","meta":[],"product_brand":[],"product_cat":[203],"product_tag":[],"class_list":{"0":"post-24623","1":"product","2":"type-product","3":"status-publish","4":"has-post-thumbnail","6":"product_cat-pistolety-tuftujace","8":"first","9":"outofstock","10":"taxable","11":"shipping-taxable","12":"purchasable","13":"product-type-simple"},"_links":{"self":[{"href":"https:\/\/tuftingeurope.com\/pl\/wp-json\/wp\/v2\/product\/24623","targetHints":{"allow":["GET"]}}],"collection":[{"href":"https:\/\/tuftingeurope.com\/pl\/wp-json\/wp\/v2\/product"}],"about":[{"href":"https:\/\/tuftingeurope.com\/pl\/wp-json\/wp\/v2\/types\/product"}],"wp:featuredmedia":[{"embeddable":true,"href":"https:\/\/tuftingeurope.com\/pl\/wp-json\/wp\/v2\/media\/37715"}],"wp:attachment":[{"href":"https:\/\/tuftingeurope.com\/pl\/wp-json\/wp\/v2\/media?parent=24623"}],"wp:term":[{"taxonomy":"product_brand","embeddable":true,"href":"https:\/\/tuftingeurope.com\/pl\/wp-json\/wp\/v2\/product_brand?post=24623"},{"taxonomy":"product_cat","embeddable":true,"href":"https:\/\/tuftingeurope.com\/pl\/wp-json\/wp\/v2\/product_cat?post=24623"},{"taxonomy":"product_tag","embeddable":true,"href":"https:\/\/tuftingeurope.com\/pl\/wp-json\/wp\/v2\/product_tag?post=24623"}],"curies":[{"name":"wp","href":"https:\/\/api.w.org\/{rel}","templated":true}]}}