{"id":27659,"date":"2023-01-17T22:09:18","date_gmt":"2023-01-17T21:09:18","guid":{"rendered":"https:\/\/tuftingeurope.com\/product\/ostrza-wymienne-do-nozyc-do-wycinania-dywanow-z-drewna-rozanego\/"},"modified":"2026-03-13T15:16:36","modified_gmt":"2026-03-13T14:16:36","slug":"wymienne-ostrza-do-nozyc-do-rzezbienia-w-drewnie-rozanym","status":"publish","type":"product","link":"https:\/\/tuftingeurope.com\/pl\/produkt\/wymienne-ostrza-do-nozyc-do-rzezbienia-w-drewnie-rozanym\/","title":{"rendered":"Ostrza wymienne do no\u017cyc do rze\u017abienia w drewnie r\u00f3\u017canym"},"content":{"rendered":"","protected":false},"excerpt":{"rendered":"<p>Wymienne ostrze do no\u017cyc do rze\u017abienia w drewnie r\u00f3\u017canym. Tuftowa\u0142e\u015b i strzyg\u0142e\u015b wi\u0119cej dywan\u00f3w ni\u017c twoje ostrze jest w stanie ud\u017awign\u0105\u0107? Z \u0142atwo\u015bci\u0105 wymieniaj st\u0119pione ostrza i utrzymuj swoje narz\u0119dzie do rze\u017abienia w dywanie jak nowe.<\/p>\n<p>Przed\u0142u\u017c \u017cywotno\u015b\u0107 ostrzy poprzez regularn\u0105 konserwacj\u0119, oliwienie ostrzy i czyszczenie z kurzu po ka\u017cdej sesji rze\u017abienia w dywanie.<\/p>\n","protected":false},"featured_media":44601,"template":"","meta":[],"product_brand":[],"product_cat":[216],"product_tag":[],"class_list":{"0":"post-27659","1":"product","2":"type-product","3":"status-publish","4":"has-post-thumbnail","6":"product_cat-akcesoria","8":"first","9":"instock","10":"taxable","11":"shipping-taxable","12":"purchasable","13":"product-type-simple"},"_links":{"self":[{"href":"https:\/\/tuftingeurope.com\/pl\/wp-json\/wp\/v2\/product\/27659","targetHints":{"allow":["GET"]}}],"collection":[{"href":"https:\/\/tuftingeurope.com\/pl\/wp-json\/wp\/v2\/product"}],"about":[{"href":"https:\/\/tuftingeurope.com\/pl\/wp-json\/wp\/v2\/types\/product"}],"wp:featuredmedia":[{"embeddable":true,"href":"https:\/\/tuftingeurope.com\/pl\/wp-json\/wp\/v2\/media\/44601"}],"wp:attachment":[{"href":"https:\/\/tuftingeurope.com\/pl\/wp-json\/wp\/v2\/media?parent=27659"}],"wp:term":[{"taxonomy":"product_brand","embeddable":true,"href":"https:\/\/tuftingeurope.com\/pl\/wp-json\/wp\/v2\/product_brand?post=27659"},{"taxonomy":"product_cat","embeddable":true,"href":"https:\/\/tuftingeurope.com\/pl\/wp-json\/wp\/v2\/product_cat?post=27659"},{"taxonomy":"product_tag","embeddable":true,"href":"https:\/\/tuftingeurope.com\/pl\/wp-json\/wp\/v2\/product_tag?post=27659"}],"curies":[{"name":"wp","href":"https:\/\/api.w.org\/{rel}","templated":true}]}}