{"id":28459,"date":"2023-02-13T22:07:21","date_gmt":"2023-02-13T21:07:21","guid":{"rendered":"https:\/\/tuftingeurope.com\/product\/nawijarka-do-przedzy\/"},"modified":"2026-04-07T10:19:14","modified_gmt":"2026-04-07T08:19:14","slug":"maszyna-do-nawijania-przedzy","status":"publish","type":"product","link":"https:\/\/tuftingeurope.com\/pl\/produkt\/maszyna-do-nawijania-przedzy\/","title":{"rendered":"Nawijarka do prz\u0119dzy"},"content":{"rendered":"<p>Maszyny do tuftowania zazwyczaj u\u017cywaj\u0105 du\u017cych sto\u017ck\u00f3w prz\u0119dzy, a nawijarka prz\u0119dzy mo\u017ce by\u0107 u\u017cyta do nawini\u0119cia prz\u0119dzy ze sto\u017cka na mniejsz\u0105 kulk\u0119, kt\u00f3ra jest \u0142atwiejsza w obs\u0142udze. U\u0142atwi to \u0142adowanie prz\u0119dzy do maszyny tufting, a tak\u017ce zapobiegnie pl\u0105taniu i tworzeniu si\u0119 w\u0119z\u0142\u00f3w, kt\u00f3re mog\u0105 spowolni\u0107 proces tufting.<\/p>\n<p>Dzi\u0119ki temu, \u017ce prz\u0119dza jest zwini\u0119ta w zgrabny i kompaktowy k\u0142\u0119bek, mo\u017cna zapewni\u0107 p\u0142ynniejszy i bardziej wydajny proces tufting.<br \/>\nDodatkowo, zwijanie prz\u0119dzy w k\u0142\u0119bek u\u0142atwia jej przechowywanie i organizowanie, dzi\u0119ki czemu miejsce pracy tufting jest uporz\u0105dkowane i wolne od ba\u0142aganu.<\/p>\n<h2><span class=\"a-text-bold\">Jak u\u017cywa\u0107 nawijarki do k\u0142\u0119bk\u00f3w prz\u0119dzy<\/span><\/h2>\n<p>1. Wyci\u0105gnij koniec prz\u0119dzy i prze\u0142\u00f3\u017c go przez prowadnic\u0119 prz\u0119dzy .<\/p>\n<p>2. W\u0142\u00f3\u017c koniec prz\u0119dzy do rowka w sto\u017cku.<\/p>\n<p>3. Obr\u00f3\u0107 uchwyt w praw\u0105 stron\u0119. W\u0142\u00f3czka zacznie nawija\u0107 si\u0119 wok\u00f3\u0142 sto\u017cka.<\/p>\n<p>4. Obracaj\u0105c r\u0105czk\u0105, zachowaj sta\u0142e tempo, nie r\u00f3b tego zbyt szybko, aby unikn\u0105\u0107 spl\u0105tania w\u0142\u00f3czki.<\/p>\n<p>5. Gdy sko\u0144czysz, wyci\u0105gnij w\u0142\u00f3czk\u0119 z ro\u017cka.<\/p>\n<p><iframe title=\"How to Use a YARN BALL WINDER [Step-By-Step Instructions and My Favorite Tips]\" width=\"1020\" height=\"574\" src=\"https:\/\/www.youtube.com\/embed\/l_iHozDmyXQ?feature=oembed\" frameborder=\"0\" allow=\"accelerometer; autoplay; clipboard-write; encrypted-media; gyroscope; picture-in-picture; web-share\" allowfullscreen><\/iframe><\/p>\n","protected":false},"excerpt":{"rendered":"<p>Po\u017cegnaj si\u0119 z pl\u0105tanin\u0105 w\u0142\u00f3czki dzi\u0119ki nawijarce do w\u0142\u00f3czki. Gdy tufting, chc\u0105 Pa\u0144stwo mie\u0107 sto\u017cek, kt\u00f3ry ci\u0105gnie si\u0119 od wewn\u0105trz. U\u0142atwi to \u0142adowanie prz\u0119dzy do pistoletu tufting.  \u0141atwy monta\u017c na stole.<\/p>\n","protected":false},"featured_media":37999,"template":"","meta":[],"product_brand":[],"product_cat":[216],"product_tag":[],"class_list":{"0":"post-28459","1":"product","2":"type-product","3":"status-publish","4":"has-post-thumbnail","6":"product_cat-akcesoria","7":"product_shipping_class-klein-pakket-pl","9":"first","10":"instock","11":"taxable","12":"shipping-taxable","13":"purchasable","14":"product-type-simple"},"_links":{"self":[{"href":"https:\/\/tuftingeurope.com\/pl\/wp-json\/wp\/v2\/product\/28459","targetHints":{"allow":["GET"]}}],"collection":[{"href":"https:\/\/tuftingeurope.com\/pl\/wp-json\/wp\/v2\/product"}],"about":[{"href":"https:\/\/tuftingeurope.com\/pl\/wp-json\/wp\/v2\/types\/product"}],"wp:featuredmedia":[{"embeddable":true,"href":"https:\/\/tuftingeurope.com\/pl\/wp-json\/wp\/v2\/media\/37999"}],"wp:attachment":[{"href":"https:\/\/tuftingeurope.com\/pl\/wp-json\/wp\/v2\/media?parent=28459"}],"wp:term":[{"taxonomy":"product_brand","embeddable":true,"href":"https:\/\/tuftingeurope.com\/pl\/wp-json\/wp\/v2\/product_brand?post=28459"},{"taxonomy":"product_cat","embeddable":true,"href":"https:\/\/tuftingeurope.com\/pl\/wp-json\/wp\/v2\/product_cat?post=28459"},{"taxonomy":"product_tag","embeddable":true,"href":"https:\/\/tuftingeurope.com\/pl\/wp-json\/wp\/v2\/product_tag?post=28459"}],"curies":[{"name":"wp","href":"https:\/\/api.w.org\/{rel}","templated":true}]}}