{"id":28832,"date":"2023-02-23T17:38:43","date_gmt":"2023-02-23T16:38:43","guid":{"rendered":"https:\/\/tuftingeurope.com\/product\/tufting-frame-90x90cm\/"},"modified":"2026-03-13T15:16:12","modified_gmt":"2026-03-13T14:16:12","slug":"tufting-frame-90x90cm","status":"publish","type":"product","link":"https:\/\/tuftingeurope.com\/pl\/produkt\/tufting-frame-90x90cm\/","title":{"rendered":"Tufting Frame | Tabletop 90x90cm"},"content":{"rendered":"<h2>Kr\u00f3tkie przewodniki<\/h2>\n<ul>\n<li><span style=\"text-decoration: underline;\"><a href=\"https:\/\/www.youtube.com\/shorts\/lD_9WK_hh5s\" target=\"_blank\" rel=\"noopener\">Wideo: Jak przygotowa\u0107 ram\u0119.<\/a><\/span><\/li>\n<\/ul>\n<p><img fetchpriority=\"high\" decoding=\"async\" class=\"aligncenter wp-image-28820 size-full\" src=\"https:\/\/tuftingeurope.com\/wp-content\/uploads\/2023\/02\/Schermafbeelding-2023-02-23-om-17.37.26.png\" alt=\"\" width=\"742\" height=\"1286\" title=\"\" srcset=\"https:\/\/tuftingeurope.com\/wp-content\/uploads\/2023\/02\/Schermafbeelding-2023-02-23-om-17.37.26.png 742w, https:\/\/tuftingeurope.com\/wp-content\/uploads\/2023\/02\/Schermafbeelding-2023-02-23-om-17.37.26-555x962.png 555w, https:\/\/tuftingeurope.com\/wp-content\/uploads\/2023\/02\/Schermafbeelding-2023-02-23-om-17.37.26-173x300.png 173w, https:\/\/tuftingeurope.com\/wp-content\/uploads\/2023\/02\/Schermafbeelding-2023-02-23-om-17.37.26-591x1024.png 591w\" sizes=\"(max-width: 742px) 100vw, 742px\" \/><\/p>\n","protected":false},"excerpt":{"rendered":"<p>Przedstawiamy idealn\u0105 drewnian\u0105 ram\u0119 tufting dla domowych artyst\u00f3w! Zaprojektowana, aby bezpiecznie zacisn\u0105\u0107 si\u0119 na ka\u017cdym stole, zapewniaj\u0105c solidn\u0105 podstaw\u0119 dla Pa\u0144stwa projekt\u00f3w tufting. <\/p>\n<p>W zestawie znajduj\u0105 si\u0119 uchwyty do podawania dw\u00f3ch wi\u0105zek prz\u0119dzy, chwytak ramowy na kraw\u0119dziach do mocowania g\u0142\u00f3wnej tkaniny tufting oraz dwa zaciski sto\u0142owe.<\/p>\n","protected":false},"featured_media":38106,"template":"","meta":[],"product_brand":[],"product_cat":[212],"product_tag":[],"class_list":{"0":"post-28832","1":"product","2":"type-product","3":"status-publish","4":"has-post-thumbnail","6":"product_cat-uchwyty-ramy","7":"product_shipping_class-ramka","9":"first","10":"instock","11":"downloadable","12":"taxable","13":"shipping-taxable","14":"purchasable","15":"product-type-simple"},"_links":{"self":[{"href":"https:\/\/tuftingeurope.com\/pl\/wp-json\/wp\/v2\/product\/28832","targetHints":{"allow":["GET"]}}],"collection":[{"href":"https:\/\/tuftingeurope.com\/pl\/wp-json\/wp\/v2\/product"}],"about":[{"href":"https:\/\/tuftingeurope.com\/pl\/wp-json\/wp\/v2\/types\/product"}],"wp:featuredmedia":[{"embeddable":true,"href":"https:\/\/tuftingeurope.com\/pl\/wp-json\/wp\/v2\/media\/38106"}],"wp:attachment":[{"href":"https:\/\/tuftingeurope.com\/pl\/wp-json\/wp\/v2\/media?parent=28832"}],"wp:term":[{"taxonomy":"product_brand","embeddable":true,"href":"https:\/\/tuftingeurope.com\/pl\/wp-json\/wp\/v2\/product_brand?post=28832"},{"taxonomy":"product_cat","embeddable":true,"href":"https:\/\/tuftingeurope.com\/pl\/wp-json\/wp\/v2\/product_cat?post=28832"},{"taxonomy":"product_tag","embeddable":true,"href":"https:\/\/tuftingeurope.com\/pl\/wp-json\/wp\/v2\/product_tag?post=28832"}],"curies":[{"name":"wp","href":"https:\/\/api.w.org\/{rel}","templated":true}]}}