{"id":30430,"date":"2023-05-04T23:04:40","date_gmt":"2023-05-04T21:04:40","guid":{"rendered":"https:\/\/tuftingeurope.com\/product\/elastyczna-szpatulka-lateksowa\/"},"modified":"2026-04-13T19:21:31","modified_gmt":"2026-04-13T17:21:31","slug":"szpatulka-elastyczna-latex","status":"publish","type":"product","link":"https:\/\/tuftingeurope.com\/pl\/produkt\/szpatulka-elastyczna-latex\/","title":{"rendered":"Elastyczna szpatu\u0142ka lateksowa"},"content":{"rendered":"\n\t<section class=\"section\" id=\"section_2145446397\">\n\t\t<div class=\"section-bg fill\" >\n\t\t\t\t\t\t\t<div class=\"video-overlay no-click fill visible\"><\/div>\n\t<video class=\"video-bg fill visible\" preload playsinline autoplay muted loop>\n\t\t<source src=\"https:\/\/tuftingeurope.com\/wp-content\/uploads\/2024\/08\/tufting-spatula.mp4\" type=\"video\/mp4\">\t<\/video>\n\t\t\t\n\t\t\t\n\n\t\t<\/div>\n\n\t\t\n\n\t\t<div class=\"section-content relative\">\n\t\t\t\n\n\t\t<\/div>\n\n\t\t\n<style>\n#section_2145446397 {\n  padding-top: 30px;\n  padding-bottom: 30px;\n  min-height: 400px;\n}\n@media (min-width:550px) {\n  #section_2145446397 {\n    min-height: 500px;\n  }\n}\n<\/style>\n\t<\/section>\n\t\n","protected":false},"excerpt":{"rendered":"<p>Elastyczna szpatu\u0142ka pomo\u017ce zminimalizowa\u0107 ryzyko rozdarcia lub uszkodzenia \u015bwie\u017co wytapetowanego dywanu podczas nak\u0142adania lateksu. Elastyczno\u015b\u0107 szpatu\u0142ki pozwala jej g\u0142adko przesuwa\u0107 si\u0119 po powierzchni materia\u0142u. Po u\u017cyciu mo\u017cna go \u0142atwo wyczy\u015bci\u0107 ciep\u0142\u0105 wod\u0105.<\/p>\n","protected":false},"featured_media":37992,"template":"","meta":[],"product_brand":[],"product_cat":[216],"product_tag":[],"class_list":{"0":"post-30430","1":"product","2":"type-product","3":"status-publish","4":"has-post-thumbnail","6":"product_cat-akcesoria","8":"first","9":"instock","10":"taxable","11":"shipping-taxable","12":"purchasable","13":"product-type-simple"},"_links":{"self":[{"href":"https:\/\/tuftingeurope.com\/pl\/wp-json\/wp\/v2\/product\/30430","targetHints":{"allow":["GET"]}}],"collection":[{"href":"https:\/\/tuftingeurope.com\/pl\/wp-json\/wp\/v2\/product"}],"about":[{"href":"https:\/\/tuftingeurope.com\/pl\/wp-json\/wp\/v2\/types\/product"}],"wp:featuredmedia":[{"embeddable":true,"href":"https:\/\/tuftingeurope.com\/pl\/wp-json\/wp\/v2\/media\/37992"}],"wp:attachment":[{"href":"https:\/\/tuftingeurope.com\/pl\/wp-json\/wp\/v2\/media?parent=30430"}],"wp:term":[{"taxonomy":"product_brand","embeddable":true,"href":"https:\/\/tuftingeurope.com\/pl\/wp-json\/wp\/v2\/product_brand?post=30430"},{"taxonomy":"product_cat","embeddable":true,"href":"https:\/\/tuftingeurope.com\/pl\/wp-json\/wp\/v2\/product_cat?post=30430"},{"taxonomy":"product_tag","embeddable":true,"href":"https:\/\/tuftingeurope.com\/pl\/wp-json\/wp\/v2\/product_tag?post=30430"}],"curies":[{"name":"wp","href":"https:\/\/api.w.org\/{rel}","templated":true}]}}