{"id":31987,"date":"2023-06-07T13:38:31","date_gmt":"2023-06-07T11:38:31","guid":{"rendered":"https:\/\/tuftingeurope.com\/?post_type=product&#038;p=31987"},"modified":"2026-01-23T17:13:32","modified_gmt":"2026-01-23T16:13:32","slug":"beginners-tufting-starter-kit-tufting-machine-cloth-more","status":"publish","type":"product","link":"https:\/\/tuftingeurope.com\/pl\/produkt\/beginners-tufting-starter-kit-tufting-machine-cloth-more\/","title":{"rendered":"Podstawowy zestaw startowy do tuftingu"},"content":{"rendered":"<p>Przedstawiamy nasz podstawowy zestaw startowy do tuftingu. Zawiera wszystkie podstawy, kt\u00f3re pomog\u0105 Pa\u0144stwu rozpocz\u0105\u0107 przygod\u0119 z tufting i zrealizowa\u0107 kreatywne pomys\u0142y.<\/p>\n<p>Jedyne, co musisz zabra\u0107, to rama, ulubione kolory w\u0142\u00f3czki i wiadro lateksowego kleju do dywan\u00f3w z lokalnego sklepu z narz\u0119dziami.<\/p>\n<h2>Maszyna do tuftingu<\/h2>\n<p>Zestaw zawiera nasz\u0105 najnowsz\u0105 maszyn\u0119 do tuftingu, AK-V. To idealne narz\u0119dzie zar\u00f3wno dla pocz\u0105tkuj\u0105cych, jak i do\u015bwiadczonych os\u00f3b zajmuj\u0105cych si\u0119 tuftingiem, oferuj\u0105ce p\u0142ynny i precyzyjny tufting. Jest lekka, \u0142atwa w obs\u0142udze przy wadze zaledwie 1,4 kg i obs\u0142uguje zar\u00f3wno styl ci\u0119ty, jak i p\u0119tlowy, co czyni j\u0105 jedyn\u0105 maszyn\u0105 do tuftingu, jakiej kiedykolwiek b\u0119dzie Pani potrzebowa\u0107.  <\/p>\n<h2>Podstawowa tkanina tuftingowa<\/h2>\n<p>W zestawie znajduje si\u0119 du\u017cy, wysokiej jako\u015bci kawa\u0142ek podstawowej tkaniny do tuftingu. Przy wymiarach 200&#215;200 m wystarczy na wykonanie czterech do o\u015bmiu \u015brednich dywan\u00f3w, wi\u0119c b\u0119dzie du\u017co materia\u0142u do \u0107wiczenia i doskonalenia rzemios\u0142a.<\/p>\n<h2>Akcesoria<\/h2>\n<p>Dorzucamy r\u00f3wnie\u017c kilka niezwykle przydatnych akcesori\u00f3w, kt\u00f3re u\u0142atwi\u0105 Pa\u0144stwu korzystanie z serwisu tufting. Jest tu olej do maszyn do szycia, kt\u00f3ry utrzyma Twoj\u0105 maszyn\u0119 w najlepszym stanie, no\u017cyce typu kaczka, kt\u00f3re s\u0105 niezb\u0119dn\u0105 pomoc\u0105 podczas tuftingu, oraz nawlekacz p\u0119tli. Narz\u0119dzia te zosta\u0142y zaprojektowane, aby pom\u00f3c Ci z \u0142atwo\u015bci\u0105 osi\u0105gn\u0105\u0107 profesjonalnie wygl\u0105daj\u0105ce rezultaty.<\/p>\n","protected":false},"excerpt":{"rendered":"<p>Nasz zestaw podstawowy zawiera podstawy potrzebne do rozpocz\u0119cia korzystania z tufting. Jest to idealny zestaw dla tych, kt\u00f3rzy planuj\u0105 zbudowa\u0107 w\u0142asn\u0105 ram\u0119 lub nie chc\u0105 wydawa\u0107 zbyt du\u017co got\u00f3wki, aby rozpocz\u0105\u0107 tufting. <\/p>\n","protected":false},"featured_media":71998,"template":"","meta":[],"product_brand":[],"product_cat":[545],"product_tag":[],"class_list":{"0":"post-31987","1":"product","2":"type-product","3":"status-publish","4":"has-post-thumbnail","6":"product_cat-starter-kits-pl","8":"first","9":"instock","10":"sale","11":"virtual","12":"taxable","13":"purchasable","14":"product-type-yith_bundle"},"_links":{"self":[{"href":"https:\/\/tuftingeurope.com\/pl\/wp-json\/wp\/v2\/product\/31987","targetHints":{"allow":["GET"]}}],"collection":[{"href":"https:\/\/tuftingeurope.com\/pl\/wp-json\/wp\/v2\/product"}],"about":[{"href":"https:\/\/tuftingeurope.com\/pl\/wp-json\/wp\/v2\/types\/product"}],"wp:featuredmedia":[{"embeddable":true,"href":"https:\/\/tuftingeurope.com\/pl\/wp-json\/wp\/v2\/media\/71998"}],"wp:attachment":[{"href":"https:\/\/tuftingeurope.com\/pl\/wp-json\/wp\/v2\/media?parent=31987"}],"wp:term":[{"taxonomy":"product_brand","embeddable":true,"href":"https:\/\/tuftingeurope.com\/pl\/wp-json\/wp\/v2\/product_brand?post=31987"},{"taxonomy":"product_cat","embeddable":true,"href":"https:\/\/tuftingeurope.com\/pl\/wp-json\/wp\/v2\/product_cat?post=31987"},{"taxonomy":"product_tag","embeddable":true,"href":"https:\/\/tuftingeurope.com\/pl\/wp-json\/wp\/v2\/product_tag?post=31987"}],"curies":[{"name":"wp","href":"https:\/\/api.w.org\/{rel}","templated":true}]}}