{"id":3227,"date":"2021-03-20T09:50:59","date_gmt":"2021-03-20T08:50:59","guid":{"rendered":"https:\/\/tuftingeurope.com\/product\/podklad-pod-dywan-200x200cm\/"},"modified":"2026-04-01T00:47:38","modified_gmt":"2026-03-31T22:47:38","slug":"primary-tufting-cloth-200x200cm","status":"publish","type":"product","link":"https:\/\/tuftingeurope.com\/pl\/produkt\/primary-tufting-cloth-200x200cm\/","title":{"rendered":"Tufting pierwotny 200x200cm"},"content":{"rendered":"<p>Og\u00f3lnie rzecz bior\u0105c, tkanina pierwotna tufting jest niezb\u0119dnym elementem w procesie tufting, poniewa\u017c zapewnia mocn\u0105 i stabiln\u0105 warstw\u0119 bazow\u0105, kt\u00f3ra pomaga zapobiega\u0107 rozdarciom i tworzy\u0107 wysokiej jako\u015bci projekty tuftingowe. Zaprojektowana tak, aby by\u0142a mocna i trwa\u0142a, co zmniejsza prawdopodobie\u0144stwo jej rozdarcia podczas procesu tufting.  Tkanina jest wykonana z mieszanki poliestru i polipropylenu, kt\u00f3re s\u0105 w\u0142\u00f3knami syntetycznymi o doskona\u0142ej wytrzyma\u0142o\u015bci na rozci\u0105ganie i odporno\u015bci na rozdarcia.<\/p>\n<h2>Zapobiega rozdarciom i zaczepianiu si\u0119.<\/h2>\n<p>Gdy tufting, prz\u0119dza tufting jest przepychana przez tkanin\u0119 pierwotn\u0105 tufting za pomoc\u0105 tufting pistoletu lub ig\u0142y. Poniewa\u017c tkanina pierwotna tufting jest wykonana z mocnych w\u0142\u00f3kien syntetycznych, jest w stanie wytrzyma\u0107 si\u0142\u0119 ig\u0142y tufting lub pistoletu bez rozrywania lub zaczepiania. <\/p>\n<p>Ponadto, tkanina tufting jest tkana ciasnym splotem, co dodatkowo pomaga zapobiega\u0107 rozdarciom. Ciasny splot tworzy g\u0142adk\u0105 i stabiln\u0105 powierzchni\u0119, do kt\u00f3rej mo\u017cna z \u0142atwo\u015bci\u0105 przymocowa\u0107 prz\u0119dz\u0119 tufting, zmniejszaj\u0105c ryzyko zaczepienia lub zahaczenia prz\u0119dzy podczas procesu tufting. <\/p>\n<p>Przeczytaj nasze wskaz\u00f3wki, aby <a href=\"https:\/\/tuftingeurope.com\/pl\/przewodniki\/dlaczego-moja-tkanina-nosna-rozdziera-sie-przecieka\/\"><br \/>\n  <strong>zapobiec rozdarciu lub uszkodzeniu tkaniny<\/strong><br \/>\n<\/a>.<\/p>\n<h2>Wskaz\u00f3wki dotycz\u0105ce znakowania i odniesienia.<\/h2>\n<p>Co 5 cm wplecione s\u0105 \u017c\u00f3\u0142te wskaz\u00f3wki, kt\u00f3re u\u0142atwiaj\u0105 zaznaczanie i tulenie wzor\u00f3w. Wytyczne dotycz\u0105ce tuftingu s\u0105 szczeg\u00f3lnie przydatne w przypadku tufting du\u017cych lub z\u0142o\u017conych projekt\u00f3w, poniewa\u017c mog\u0105 pom\u00f3c w zapewnieniu, \u017ce projekt jest prawid\u0142owo wyr\u00f3wnany i wygl\u0105da atrakcyjnie wizualnie. Post\u0119puj\u0105c zgodnie z tymi wskaz\u00f3wkami, unikniesz tworzenia krzywych lub nier\u00f3wnych linii we wzorze tuftowanym, co mo\u017ce obni\u017cy\u0107 og\u00f3ln\u0105 jako\u015b\u0107 gotowego dywanu.  <\/p>\n","protected":false},"excerpt":{"rendered":"<p>Materia\u0142, kt\u00f3rego powinien u\u017cywa\u0107 ka\u017cdy tufter. Tkanina pierwotna tufting zapewnia mocn\u0105 warstw\u0119 bazow\u0105, do kt\u00f3rej mo\u017cna z \u0142atwo\u015bci\u0105 przymocowa\u0107 prz\u0119dz\u0119 tufting i jest bardziej odporna na b\u0142\u0119dy, kt\u00f3re powoduj\u0105 rozdarcie. Dzi\u0119ki temu proces tufting jest przyjemniejszy, wydajniejszy i daje lepsze rezultaty. Wysokiej jako\u015bci tkanina tufting, dzi\u0119ki kt\u00f3rej wszystkie Pa\u0144stwa projekty dywan\u00f3w nabior\u0105 \u017cycia.  <\/p>\n<p><img decoding=\"async\" class=\"alignnone wp-image-32153\" src=\"https:\/\/tuftingeurope.com\/wp-content\/uploads\/2021\/03\/large-300x300.png\" alt=\"\" width=\"18\" height=\"18\" srcset=\"https:\/\/tuftingeurope.com\/wp-content\/uploads\/2021\/03\/large-300x300.png 300w, https:\/\/tuftingeurope.com\/wp-content\/uploads\/2021\/03\/large-100x100.png 100w, https:\/\/tuftingeurope.com\/wp-content\/uploads\/2021\/03\/large-150x150.png 150w, https:\/\/tuftingeurope.com\/wp-content\/uploads\/2021\/03\/large.png 512w\" sizes=\"(max-width: 18px) 100vw, 18px\" \/> 200 x 200 cm &#8211; 4 metry kwadratowe<br \/>\n<img decoding=\"async\" class=\"alignnone wp-image-32167\" src=\"https:\/\/tuftingeurope.com\/wp-content\/uploads\/2021\/03\/rug-2-300x300.png\" alt=\"\" width=\"18\" height=\"18\" srcset=\"https:\/\/tuftingeurope.com\/wp-content\/uploads\/2021\/03\/rug-2-300x300.png 300w, https:\/\/tuftingeurope.com\/wp-content\/uploads\/2021\/03\/rug-2-100x100.png 100w, https:\/\/tuftingeurope.com\/wp-content\/uploads\/2021\/03\/rug-2-150x150.png 150w, https:\/\/tuftingeurope.com\/wp-content\/uploads\/2021\/03\/rug-2.png 512w\" sizes=\"(max-width: 18px) 100vw, 18px\" \/>  Wystarcza na 4-7 dywan\u00f3w \u015bredniej wielko\u015bci<\/p>\n","protected":false},"featured_media":37807,"template":"","meta":[],"product_brand":[],"product_cat":[207],"product_tag":[],"class_list":{"0":"post-3227","1":"product","2":"type-product","3":"status-publish","4":"has-post-thumbnail","6":"product_cat-sciereczki-podkladowe","8":"first","9":"instock","10":"taxable","11":"shipping-taxable","12":"purchasable","13":"product-type-simple"},"_links":{"self":[{"href":"https:\/\/tuftingeurope.com\/pl\/wp-json\/wp\/v2\/product\/3227","targetHints":{"allow":["GET"]}}],"collection":[{"href":"https:\/\/tuftingeurope.com\/pl\/wp-json\/wp\/v2\/product"}],"about":[{"href":"https:\/\/tuftingeurope.com\/pl\/wp-json\/wp\/v2\/types\/product"}],"wp:featuredmedia":[{"embeddable":true,"href":"https:\/\/tuftingeurope.com\/pl\/wp-json\/wp\/v2\/media\/37807"}],"wp:attachment":[{"href":"https:\/\/tuftingeurope.com\/pl\/wp-json\/wp\/v2\/media?parent=3227"}],"wp:term":[{"taxonomy":"product_brand","embeddable":true,"href":"https:\/\/tuftingeurope.com\/pl\/wp-json\/wp\/v2\/product_brand?post=3227"},{"taxonomy":"product_cat","embeddable":true,"href":"https:\/\/tuftingeurope.com\/pl\/wp-json\/wp\/v2\/product_cat?post=3227"},{"taxonomy":"product_tag","embeddable":true,"href":"https:\/\/tuftingeurope.com\/pl\/wp-json\/wp\/v2\/product_tag?post=3227"}],"curies":[{"name":"wp","href":"https:\/\/api.w.org\/{rel}","templated":true}]}}