{"id":3252,"date":"2021-03-28T16:40:53","date_gmt":"2021-03-28T14:40:53","guid":{"rendered":"https:\/\/tuftingeurope.com\/product\/nawlekacz-petli\/"},"modified":"2026-02-11T15:19:59","modified_gmt":"2026-02-11T14:19:59","slug":"loop-threader","status":"publish","type":"product","link":"https:\/\/tuftingeurope.com\/pl\/produkt\/loop-threader\/","title":{"rendered":"Nawlekacze prz\u0119dzy (10 sztuk) do tuftingu"},"content":{"rendered":"","protected":false},"excerpt":{"rendered":"<p>Koniec z zmaganiem si\u0119 z rutyn\u0105 \u201eig\u0142y w stogu siana\u201d za ka\u017cdym razem, gdy trzeba ponownie nawlec ni\u0107. Je\u015bli kiedykolwiek Pa\u0144stwo m\u0119czyli si\u0119 z male\u0144kim otworem w swoim pistolecie do tuftingu, wiedz\u0105 Pa\u0144stwo, \u017ce nawlekacz p\u0119telkowy to nie tylko akcesorium \u2013 to ratunek dla nerw\u00f3w. <\/p>\n<p>Teraz dost\u0119pne w opakowaniu po 10 sztuk, b\u0119d\u0105 Pa\u0144stwo mieli mn\u00f3stwo zapasowych dla swojego studia, przyjaci\u00f3\u0142 lub na te nieuniknione momenty, gdy jeden z nich zniknie w \u201eotch\u0142ani tuftingu\u201d.<\/p>\n","protected":false},"featured_media":72977,"template":"","meta":[],"product_brand":[],"product_cat":[216],"product_tag":[],"class_list":{"0":"post-3252","1":"product","2":"type-product","3":"status-publish","4":"has-post-thumbnail","6":"product_cat-akcesoria","8":"first","9":"instock","10":"taxable","11":"shipping-taxable","12":"purchasable","13":"product-type-simple"},"_links":{"self":[{"href":"https:\/\/tuftingeurope.com\/pl\/wp-json\/wp\/v2\/product\/3252","targetHints":{"allow":["GET"]}}],"collection":[{"href":"https:\/\/tuftingeurope.com\/pl\/wp-json\/wp\/v2\/product"}],"about":[{"href":"https:\/\/tuftingeurope.com\/pl\/wp-json\/wp\/v2\/types\/product"}],"wp:featuredmedia":[{"embeddable":true,"href":"https:\/\/tuftingeurope.com\/pl\/wp-json\/wp\/v2\/media\/72977"}],"wp:attachment":[{"href":"https:\/\/tuftingeurope.com\/pl\/wp-json\/wp\/v2\/media?parent=3252"}],"wp:term":[{"taxonomy":"product_brand","embeddable":true,"href":"https:\/\/tuftingeurope.com\/pl\/wp-json\/wp\/v2\/product_brand?post=3252"},{"taxonomy":"product_cat","embeddable":true,"href":"https:\/\/tuftingeurope.com\/pl\/wp-json\/wp\/v2\/product_cat?post=3252"},{"taxonomy":"product_tag","embeddable":true,"href":"https:\/\/tuftingeurope.com\/pl\/wp-json\/wp\/v2\/product_tag?post=3252"}],"curies":[{"name":"wp","href":"https:\/\/api.w.org\/{rel}","templated":true}]}}