{"id":3265,"date":"2021-04-28T11:12:23","date_gmt":"2021-04-28T09:12:23","guid":{"rendered":"https:\/\/tuftingeurope.com\/product\/chwytak-do-dywanow-frame-750cm\/"},"modified":"2026-03-13T15:18:25","modified_gmt":"2026-03-13T14:18:25","slug":"rama-klatka-chwytak-750cm","status":"publish","type":"product","link":"https:\/\/tuftingeurope.com\/pl\/produkt\/rama-klatka-chwytak-750cm\/","title":{"rendered":"Chwytaki do tuftowania ramek | 750cm"},"content":{"rendered":"<p>Te wysokiej jako\u015bci chwytaki s\u0105 niezb\u0119dne dla ka\u017cdego, kto buduje w\u0142asn\u0105 ram\u0119 tufting, zapewniaj\u0105c pewny chwyt tkaniny, dzi\u0119ki czemu mo\u017cna skupi\u0107 si\u0119 na tworzeniu projektu bez zak\u0142\u00f3ce\u0144.<\/p>\n<p>Przy ca\u0142kowitej d\u0142ugo\u015bci 7,5 metra podzielonej na 25 pask\u00f3w (ka\u017cdy po 30 cm), b\u0119dziesz mie\u0107 wystarczaj\u0105c\u0105 ilo\u015b\u0107 uchwyt\u00f3w, aby pokry\u0107 ram\u0119 o powierzchni do 1,90 metra kwadratowego.<\/p>\n<h3>Instalacja jest prosta<\/h3>\n<p>Ka\u017cdy pasek mo\u017cna \u0142atwo przymocowa\u0107 do ramy za pomoc\u0105 \u015brub lub gwo\u017adzi (brak w zestawie). Nie zalecamy ich przyklejania. Prosz\u0119 umie\u015bci\u0107 paski wzd\u0142u\u017c kraw\u0119dzi ramy. Buduj\u0105 Pa\u0144stwo bardzo du\u017c\u0105 ram\u0119? W takim przypadku zalecamy dwa rz\u0119dy chwytak\u00f3w.    <\/p>\n<p>Te chwytaki do tkanin musz\u0105 by\u0107 przymocowane z ig\u0142ami skierowanymi na zewn\u0105trz. Je\u015bli s\u0105 skierowane do wewn\u0105trz, nie b\u0119d\u0105 dzia\u0142a\u0107. <\/p>\n<p><img fetchpriority=\"high\" decoding=\"async\" class=\"alignnone size-full wp-image-6537\" src=\"https:\/\/tuftingeurope.com\/wp-content\/uploads\/2021\/10\/frame-grippers.png\" alt=\"\" width=\"1280\" height=\"720\" title=\"\" srcset=\"https:\/\/tuftingeurope.com\/wp-content\/uploads\/2021\/10\/frame-grippers.png 1280w, https:\/\/tuftingeurope.com\/wp-content\/uploads\/2021\/10\/frame-grippers-1000x563.png 1000w, https:\/\/tuftingeurope.com\/wp-content\/uploads\/2021\/10\/frame-grippers-300x169.png 300w, https:\/\/tuftingeurope.com\/wp-content\/uploads\/2021\/10\/frame-grippers-1024x576.png 1024w, https:\/\/tuftingeurope.com\/wp-content\/uploads\/2021\/10\/frame-grippers-768x432.png 768w, https:\/\/tuftingeurope.com\/wp-content\/uploads\/2021\/10\/frame-grippers-575x323.png 575w\" sizes=\"(max-width: 1280px) 100vw, 1280px\" \/><\/p>\n<p><img decoding=\"async\" class=\"alignnone wp-image-6623 size-full\" src=\"https:\/\/tuftingeurope.com\/wp-content\/uploads\/2021\/10\/backing-cloth-on-frame-grips-edited.jpeg\" alt=\"\" width=\"1520\" height=\"855\" title=\"\" srcset=\"https:\/\/tuftingeurope.com\/wp-content\/uploads\/2021\/10\/backing-cloth-on-frame-grips-edited.jpeg 1520w, https:\/\/tuftingeurope.com\/wp-content\/uploads\/2021\/10\/backing-cloth-on-frame-grips-edited-1000x563.jpeg 1000w, https:\/\/tuftingeurope.com\/wp-content\/uploads\/2021\/10\/backing-cloth-on-frame-grips-edited-300x169.jpeg 300w, https:\/\/tuftingeurope.com\/wp-content\/uploads\/2021\/10\/backing-cloth-on-frame-grips-edited-1024x576.jpeg 1024w, https:\/\/tuftingeurope.com\/wp-content\/uploads\/2021\/10\/backing-cloth-on-frame-grips-edited-768x432.jpeg 768w, https:\/\/tuftingeurope.com\/wp-content\/uploads\/2021\/10\/backing-cloth-on-frame-grips-edited-1320x743.jpeg 1320w, https:\/\/tuftingeurope.com\/wp-content\/uploads\/2021\/10\/backing-cloth-on-frame-grips-edited-575x323.jpeg 575w\" sizes=\"(max-width: 1520px) 100vw, 1520px\" \/><\/p>\n","protected":false},"excerpt":{"rendered":"<p>Te chwytaki do tkanin s\u0105 niezb\u0119dne do przytrzymania g\u0142\u00f3wnej tkaniny tufting w ramie. Zestaw sk\u0142ada si\u0119 z 25 listew, ka\u017cda o d\u0142ugo\u015bci 30 cm, z ostrymi gwo\u017adziami, kt\u00f3re mocno trzymaj\u0105 tkanin\u0119. Wystarczy przymocowa\u0107 je wok\u00f3\u0142 kraw\u0119dzi ramy tufting, aby stworzy\u0107 solidn\u0105, profesjonaln\u0105 konfiguracj\u0119.  <\/p>\n<p>Za\u0142\u00f3\u017cmy, \u017ce chcesz kwadratow\u0105 ram\u0119 &#8211; podziel wtedy 750 cm przez 4. To daje 187,5 cm na bok. \u015awietnie nadaje si\u0119 do du\u017cej ramy o wymiarach oko\u0142o 1,90 x 1,90 m &#8211; idealnie komponuje si\u0119 z naszym p\u0142\u00f3tnem do tuftingu o wymiarach 200&#215;200 cm.  <\/p>\n","protected":false},"featured_media":38091,"template":"","meta":[],"product_brand":[],"product_cat":[212],"product_tag":[],"class_list":{"0":"post-3265","1":"product","2":"type-product","3":"status-publish","4":"has-post-thumbnail","6":"product_cat-uchwyty-ramy","8":"first","9":"instock","10":"taxable","11":"shipping-taxable","12":"purchasable","13":"product-type-simple"},"_links":{"self":[{"href":"https:\/\/tuftingeurope.com\/pl\/wp-json\/wp\/v2\/product\/3265","targetHints":{"allow":["GET"]}}],"collection":[{"href":"https:\/\/tuftingeurope.com\/pl\/wp-json\/wp\/v2\/product"}],"about":[{"href":"https:\/\/tuftingeurope.com\/pl\/wp-json\/wp\/v2\/types\/product"}],"wp:featuredmedia":[{"embeddable":true,"href":"https:\/\/tuftingeurope.com\/pl\/wp-json\/wp\/v2\/media\/38091"}],"wp:attachment":[{"href":"https:\/\/tuftingeurope.com\/pl\/wp-json\/wp\/v2\/media?parent=3265"}],"wp:term":[{"taxonomy":"product_brand","embeddable":true,"href":"https:\/\/tuftingeurope.com\/pl\/wp-json\/wp\/v2\/product_brand?post=3265"},{"taxonomy":"product_cat","embeddable":true,"href":"https:\/\/tuftingeurope.com\/pl\/wp-json\/wp\/v2\/product_cat?post=3265"},{"taxonomy":"product_tag","embeddable":true,"href":"https:\/\/tuftingeurope.com\/pl\/wp-json\/wp\/v2\/product_tag?post=3265"}],"curies":[{"name":"wp","href":"https:\/\/api.w.org\/{rel}","templated":true}]}}