{"id":33111,"date":"2024-02-10T01:21:36","date_gmt":"2024-02-10T00:21:36","guid":{"rendered":"https:\/\/tuftingeurope.com\/product\/maszyna-do-tuftingu-z-przedluzonym-wlosiem-45-mm\/"},"modified":"2026-03-13T14:09:18","modified_gmt":"2026-03-13T13:09:18","slug":"extended-duo-tufting-machine","status":"publish","type":"product","link":"https:\/\/tuftingeurope.com\/pl\/produkt\/extended-duo-tufting-machine\/","title":{"rendered":"AK-1H Pistolet do tuftingu z d\u0142ugim stosem 40 mm"},"content":{"rendered":"<h2>Eksperymentuj i odkrywaj nowe, innowacyjne wzory dywan\u00f3w dzi\u0119ki naszej maszynie do tuftingu Long Pile Duo 40 mm.<\/h2>\n<ul>\n<li>Nowo\u015b\u0107: Niezwykle d\u0142ugie rezultaty bez konieczno\u015bci stosowania spr\u0119\u017carki powietrza.<\/li>\n<li>Nowo\u015b\u0107: pier\u015bcie\u0144 zabezpieczaj\u0105cy ko\u0142o.<\/li>\n<li>Nowo\u015b\u0107: Przeprojektowana mechanika w celu zmniejszenia ha\u0142asu.<\/li>\n<li>\u0141atwo prze\u0142\u0105czaj si\u0119 mi\u0119dzy stylami ci\u0119cia i p\u0119tli &#8211; <strong><a href=\"https:\/\/tuftingeurope.com\/es\/docs\/cambiar-de-pelo-cortado-a-pelo-bucle\/\">zobacz wideo<\/a><\/strong>.<\/li>\n<\/ul>\n<p>Tam, gdzie nasze AK-1N k\u0119pki maj\u0105 od 8 do 16 milimetr\u00f3w, ta edycja Long Pile zapewnia niesamowite rezultaty na poziomie 40 milimetr\u00f3w. Konserwacja jest prosta, usuwaj kurz i utrzymuj ruchome cz\u0119\u015bci odpowiednio nasmarowane naszym olejem do szycia.<\/p>\n<p><img fetchpriority=\"high\" decoding=\"async\" class=\"alignnone size-full wp-image-37380\" src=\"https:\/\/tuftingeurope.com\/wp-content\/uploads\/2024\/02\/starter-kit-2.jpg\" alt=\"\" width=\"1920\" height=\"1080\" title=\"\" srcset=\"https:\/\/tuftingeurope.com\/wp-content\/uploads\/2024\/02\/starter-kit-2.jpg 1920w, https:\/\/tuftingeurope.com\/wp-content\/uploads\/2024\/02\/starter-kit-2-1000x563.jpg 1000w, https:\/\/tuftingeurope.com\/wp-content\/uploads\/2024\/02\/starter-kit-2-300x169.jpg 300w, https:\/\/tuftingeurope.com\/wp-content\/uploads\/2024\/02\/starter-kit-2-1024x576.jpg 1024w, https:\/\/tuftingeurope.com\/wp-content\/uploads\/2024\/02\/starter-kit-2-768x432.jpg 768w, https:\/\/tuftingeurope.com\/wp-content\/uploads\/2024\/02\/starter-kit-2-1536x864.jpg 1536w, https:\/\/tuftingeurope.com\/wp-content\/uploads\/2024\/02\/starter-kit-2-360x203.jpg 360w, https:\/\/tuftingeurope.com\/wp-content\/uploads\/2024\/02\/starter-kit-2-80x45.jpg 80w\" sizes=\"(max-width: 1920px) 100vw, 1920px\" \/><\/p>\n<h2>Dla do\u015bwiadczonych tufter\u00f3w gotowych zrobi\u0107 kolejny krok<\/h2>\n<p>Edycj\u0119 Extended Duo polecamy osobom, kt\u00f3re maj\u0105 ju\u017c do\u015bwiadczenie z maszyn\u0105 tufting. Je\u015bli dopiero zaczynasz, nie jest to maszyna dla Ciebie, zamiast tego zobacz nasze <span style=\"text-decoration: underline;\"><br \/>\n  <strong><br \/>\n    <a href=\"https:\/\/tuftingeurope.com\/pl\/produkt\/ak-1n-pink-cut-loop-tufting-gun\/\">AK-1N tutaj<\/a><br \/>\n  <\/strong><br \/>\n<\/span>.<\/p>\n<h2>Stos ci\u0119ty i stos p\u0119tlowy<\/h2>\n<p>Model AK-1H Long Pile po wyj\u0119ciu z opakowania jest gotowy do tuftowania w stosie ci\u0119tym o grubo\u015bci 40 milimetr\u00f3w i mo\u017ce by\u0107 przekszta\u0142cony w stos p\u0119telkowy.<\/p>\n<p><img decoding=\"async\" class=\"alignnone size-full wp-image-37372\" src=\"https:\/\/tuftingeurope.com\/wp-content\/uploads\/2024\/02\/starter-kit.jpg\" alt=\"\" width=\"1920\" height=\"1080\" title=\"\" srcset=\"https:\/\/tuftingeurope.com\/wp-content\/uploads\/2024\/02\/starter-kit.jpg 1920w, https:\/\/tuftingeurope.com\/wp-content\/uploads\/2024\/02\/starter-kit-1000x563.jpg 1000w, https:\/\/tuftingeurope.com\/wp-content\/uploads\/2024\/02\/starter-kit-300x169.jpg 300w, https:\/\/tuftingeurope.com\/wp-content\/uploads\/2024\/02\/starter-kit-1024x576.jpg 1024w, https:\/\/tuftingeurope.com\/wp-content\/uploads\/2024\/02\/starter-kit-768x432.jpg 768w, https:\/\/tuftingeurope.com\/wp-content\/uploads\/2024\/02\/starter-kit-1536x864.jpg 1536w, https:\/\/tuftingeurope.com\/wp-content\/uploads\/2024\/02\/starter-kit-360x203.jpg 360w, https:\/\/tuftingeurope.com\/wp-content\/uploads\/2024\/02\/starter-kit-80x45.jpg 80w\" sizes=\"(max-width: 1920px) 100vw, 1920px\" \/><\/p>\n<h2>Zmienna pr\u0119dko\u015b\u0107<\/h2>\n<p>Tufting dzia\u0142a szybko, ale czasami chcesz zwolni\u0107, aby skupi\u0107 si\u0119 na drobnych szczeg\u00f3\u0142ach dywanu. AK-1H posiada pokr\u0119t\u0142o w dolnej cz\u0119\u015bci uchwytu, za pomoc\u0105 kt\u00f3rego mo\u017cna \u0142atwo zmieni\u0107 pr\u0119dko\u015b\u0107 tufting.<\/p>\n<h2>Co jest w pude\u0142ku?<\/h2>\n<p>Twoje zam\u00f3wienie zawiera nast\u0119puj\u0105ce elementy:<\/p>\n<ul>\n<li>Maszyna High Pile Duo edition tufting <\/li>\n<li>Wtyczka UE i zasilacz<\/li>\n<li>Cz\u0119\u015bci zamienne<\/li>\n<\/ul>\n<h2>Specyfikacje<\/h2>\n<p>Styl runa: Cut Pile i Loop Pile.<br \/>\nWysoko\u015b\u0107 runa: 40 mm, regulowana<br \/>\nPr\u0119dko\u015b\u0107: Regulowane pokr\u0119t\u0142o<br \/>\nZasilanie: wtyczka europejska (100-240V)<br \/>\nWaga: 2 kg<\/p>\n<h2>Autentyczne maszyny tufting z gwarancj\u0105<\/h2>\n<p>Podrobione maszyny tufting stanowi\u0105 powa\u017cne zagro\u017cenie dla kupuj\u0105cych, poniewa\u017c cz\u0119sto s\u0105 wykonane z gorszych materia\u0142\u00f3w i s\u0142abej jako\u015bci wykonania. Maszyny te mog\u0105 si\u0119 \u0142atwo zepsu\u0107, nie dzia\u0142a\u0107 poprawnie, a nawet stanowi\u0107 zagro\u017cenie dla bezpiecze\u0144stwa. Ponadto, podrabiane urz\u0105dzenia nie posiadaj\u0105 gwarancji i wsparcia klienta, kt\u00f3re s\u0105 dostarczane z oryginalnymi urz\u0105dzeniami tufting. Tufting Europe z dum\u0105 oferuje gwarancj\u0119 na wszystkie nasze maszyny, bezp\u0142atne zwroty i jeste\u015bmy na wyci\u0105gni\u0119cie r\u0119ki, je\u015bli masz jakiekolwiek pytania.<\/p>\n<h2>Bezpiecze\u0144stwo przede wszystkim<\/h2>\n<p>Maszyny do tuftowania to profesjonalne narz\u0119dzia elektryczne, w kt\u00f3rych ig\u0142a i no\u017cyczki poruszaj\u0105 si\u0119 z du\u017c\u0105 pr\u0119dko\u015bci\u0105. Prosimy u\u017cywa\u0107 pistoletu tufting w spos\u00f3b odpowiedzialny i trzyma\u0107 go poza zasi\u0119giem dzieci. Po wprowadzeniu zmian w urz\u0105dzeniu nale\u017cy je r\u00f3wnie\u017c wy\u0142\u0105czy\u0107.<\/p>\n<p><iframe title=\"Showing the Extended Cut Pile 45mm Tufting Machine in action\" width=\"1020\" height=\"574\" src=\"https:\/\/www.youtube.com\/embed\/Euy8mLYW8EU?feature=oembed\" frameborder=\"0\" allow=\"accelerometer; autoplay; clipboard-write; encrypted-media; gyroscope; picture-in-picture; web-share\" allowfullscreen><\/iframe><\/p>\n","protected":false},"excerpt":{"rendered":"<p>Model AK-1H Long Pile Duo zosta\u0142 stworzony specjalnie dla tych, kt\u00f3rzy potrzebuj\u0105 wyj\u0105tkowo puszystych dywanik\u00f3w. Idealny dodatek dla producent\u00f3w dywan\u00f3w, kt\u00f3rzy maj\u0105 do\u015bwiadczenie w korzystaniu z naszej zwyk\u0142ej maszyny AK-1N tufting. Uzyskaj d\u0142ugotrwa\u0142e rezultaty bez konieczno\u015bci stosowania spr\u0119\u017carki powietrza.<\/p>\n","protected":false},"featured_media":37765,"template":"","meta":[],"product_brand":[],"product_cat":[203],"product_tag":[],"class_list":{"0":"post-33111","1":"product","2":"type-product","3":"status-publish","4":"has-post-thumbnail","6":"product_cat-pistolety-tuftujace","8":"first","9":"instock","10":"taxable","11":"shipping-taxable","12":"purchasable","13":"product-type-simple"},"_links":{"self":[{"href":"https:\/\/tuftingeurope.com\/pl\/wp-json\/wp\/v2\/product\/33111","targetHints":{"allow":["GET"]}}],"collection":[{"href":"https:\/\/tuftingeurope.com\/pl\/wp-json\/wp\/v2\/product"}],"about":[{"href":"https:\/\/tuftingeurope.com\/pl\/wp-json\/wp\/v2\/types\/product"}],"wp:featuredmedia":[{"embeddable":true,"href":"https:\/\/tuftingeurope.com\/pl\/wp-json\/wp\/v2\/media\/37765"}],"wp:attachment":[{"href":"https:\/\/tuftingeurope.com\/pl\/wp-json\/wp\/v2\/media?parent=33111"}],"wp:term":[{"taxonomy":"product_brand","embeddable":true,"href":"https:\/\/tuftingeurope.com\/pl\/wp-json\/wp\/v2\/product_brand?post=33111"},{"taxonomy":"product_cat","embeddable":true,"href":"https:\/\/tuftingeurope.com\/pl\/wp-json\/wp\/v2\/product_cat?post=33111"},{"taxonomy":"product_tag","embeddable":true,"href":"https:\/\/tuftingeurope.com\/pl\/wp-json\/wp\/v2\/product_tag?post=33111"}],"curies":[{"name":"wp","href":"https:\/\/api.w.org\/{rel}","templated":true}]}}