{"id":34025,"date":"2023-10-15T22:02:39","date_gmt":"2023-10-15T20:02:39","guid":{"rendered":"https:\/\/tuftingeurope.com\/?post_type=product&#038;p=34025"},"modified":"2025-09-30T15:25:49","modified_gmt":"2025-09-30T13:25:49","slug":"tufting-frame-tabletop-70x70cm","status":"publish","type":"product","link":"https:\/\/tuftingeurope.com\/pl\/produkt\/tufting-frame-tabletop-70x70cm\/","title":{"rendered":"Tufting Frame | Tabletop 70x70cm"},"content":{"rendered":"<p><img fetchpriority=\"high\" decoding=\"async\" class=\"aligncenter wp-image-28820 size-full\" src=\"https:\/\/tuftingeurope.com\/wp-content\/uploads\/2023\/02\/Schermafbeelding-2023-02-23-om-17.37.26.png\" alt=\"\" width=\"742\" height=\"1286\" title=\"\" srcset=\"https:\/\/tuftingeurope.com\/wp-content\/uploads\/2023\/02\/Schermafbeelding-2023-02-23-om-17.37.26.png 742w, https:\/\/tuftingeurope.com\/wp-content\/uploads\/2023\/02\/Schermafbeelding-2023-02-23-om-17.37.26-555x962.png 555w, https:\/\/tuftingeurope.com\/wp-content\/uploads\/2023\/02\/Schermafbeelding-2023-02-23-om-17.37.26-173x300.png 173w, https:\/\/tuftingeurope.com\/wp-content\/uploads\/2023\/02\/Schermafbeelding-2023-02-23-om-17.37.26-591x1024.png 591w\" sizes=\"(max-width: 742px) 100vw, 742px\" \/><\/p>\n","protected":false},"excerpt":{"rendered":"<p>Przedstawiamy idealn\u0105 drewnian\u0105 ram\u0119 tufting dla domowych artyst\u00f3w! Zaprojektowana, aby bezpiecznie zacisn\u0105\u0107 si\u0119 na ka\u017cdym stole, zapewniaj\u0105c solidn\u0105 podstaw\u0119 dla Pa\u0144stwa projekt\u00f3w tufting. <\/p>\n<p>W zestawie znajduj\u0105 si\u0119 uchwyty do podawania dw\u00f3ch wi\u0105zek prz\u0119dzy, chwytak ramowy na kraw\u0119dziach do mocowania g\u0142\u00f3wnej tkaniny tufting oraz dwa zaciski sto\u0142owe.<\/p>\n<p>Ramka 70x70cm<\/p>\n","protected":false},"featured_media":38113,"template":"","meta":[],"product_brand":[],"product_cat":[212],"product_tag":[],"class_list":{"0":"post-34025","1":"product","2":"type-product","3":"status-publish","4":"has-post-thumbnail","6":"product_cat-uchwyty-ramy","7":"product_shipping_class-ramka","9":"first","10":"outofstock","11":"downloadable","12":"taxable","13":"shipping-taxable","14":"purchasable","15":"product-type-simple"},"_links":{"self":[{"href":"https:\/\/tuftingeurope.com\/pl\/wp-json\/wp\/v2\/product\/34025","targetHints":{"allow":["GET"]}}],"collection":[{"href":"https:\/\/tuftingeurope.com\/pl\/wp-json\/wp\/v2\/product"}],"about":[{"href":"https:\/\/tuftingeurope.com\/pl\/wp-json\/wp\/v2\/types\/product"}],"wp:featuredmedia":[{"embeddable":true,"href":"https:\/\/tuftingeurope.com\/pl\/wp-json\/wp\/v2\/media\/38113"}],"wp:attachment":[{"href":"https:\/\/tuftingeurope.com\/pl\/wp-json\/wp\/v2\/media?parent=34025"}],"wp:term":[{"taxonomy":"product_brand","embeddable":true,"href":"https:\/\/tuftingeurope.com\/pl\/wp-json\/wp\/v2\/product_brand?post=34025"},{"taxonomy":"product_cat","embeddable":true,"href":"https:\/\/tuftingeurope.com\/pl\/wp-json\/wp\/v2\/product_cat?post=34025"},{"taxonomy":"product_tag","embeddable":true,"href":"https:\/\/tuftingeurope.com\/pl\/wp-json\/wp\/v2\/product_tag?post=34025"}],"curies":[{"name":"wp","href":"https:\/\/api.w.org\/{rel}","templated":true}]}}