{"id":34171,"date":"2023-11-01T23:40:01","date_gmt":"2023-11-01T22:40:01","guid":{"rendered":"https:\/\/tuftingeurope.com\/product\/samoprzylepna-bawelniana-tasma-do-dywanow\/"},"modified":"2026-03-13T13:45:26","modified_gmt":"2026-03-13T12:45:26","slug":"samoprzylepna-tasma-do-dywanow","status":"publish","type":"product","link":"https:\/\/tuftingeurope.com\/pl\/produkt\/samoprzylepna-tasma-do-dywanow\/","title":{"rendered":"Ta\u015bma samoprzylepna do kraw\u0119dzi dywan\u00f3w 50 metr\u00f3w"},"content":{"rendered":"<div>\n\t<section class=\"section\" id=\"section_707553164\">\n\t\t<div class=\"section-bg fill\" >\n\t\t\t\t\t\t\t<div class=\"video-overlay no-click fill visible\"><\/div>\n\t<video class=\"video-bg fill visible\" preload playsinline autoplay muted loop>\n\t\t<source src=\"https:\/\/tuftingeurope.com\/wp-content\/uploads\/2025\/01\/twill-tape-for-tufting.mp4\" type=\"video\/mp4\">\t<\/video>\n\t\t\t\n\t\t\t\n\n\t\t<\/div>\n\n\t\t\n\n\t\t<div class=\"section-content relative\">\n\t\t\t<\/div>\n<div><\/div>\n<div>\t\t<\/div>\n\n\t\t\n<style>\n#section_707553164 {\n  padding-top: 30px;\n  padding-bottom: 30px;\n  min-height: 400px;\n}\n@media (min-width:550px) {\n  #section_707553164 {\n    min-height: 500px;\n  }\n}\n<\/style>\n\t<\/section>\n\t<\/div>\n<p>Ta\u015bma diagonalna s\u0142u\u017cy do zabezpieczania kraw\u0119dzi dywan\u00f3w i wyk\u0142adzin przed rozpl\u0105tywaniem si\u0119. To prawdziwy mistrz, je\u015bli chodzi o tworzenie profesjonalnych kraw\u0119dzi z ty\u0142u twoich dywan\u00f3w i nadawanie im absolutnie osza\u0142amiaj\u0105cego wygl\u0105du. Wszystko, co musisz zrobi\u0107, to owin\u0105\u0107 go wok\u00f3\u0142 kraw\u0119dzi tkaniny i docisn\u0105\u0107. Ze wzgl\u0119du na silne w\u0142a\u015bciwo\u015bci samoprzylepne do aplikacji potrzebujesz jedynie no\u017cyczek.   <\/p>\n<ul>\n<li>Wysoka trwa\u0142o\u015b\u0107 koloru<\/li>\n<li>Specjalny klej tekstylny odpowiedni do wszystkich dywan\u00f3w<\/li>\n<li>Wysoka jako\u015b\u0107 i profesjonalne wyko\u0144czenie<\/li>\n<\/ul>\n","protected":false},"excerpt":{"rendered":"<p>Nie musisz ju\u017c u\u017cywa\u0107 pistoletu do klejenia. Nasza samoprzylepna poliestrowa ta\u015bma do wyk\u0142adzin dywanowych to wyko\u0144czenie, dzi\u0119ki kt\u00f3remu stworzysz czysty ty\u0142 swoich dywan\u00f3w. Poniewa\u017c ukrywa twoje szorstkie kraw\u0119dzie i jest \u0142atwy w obr\u00f3bce. Po prostu u\u017cyj no\u017cyczek, aby odci\u0105\u0107 wymagan\u0105 d\u0142ugo\u015b\u0107 i na\u0142\u00f3\u017c bezpo\u015brednio.   <\/p>\n<p>Kolor: czarny lub szary<br \/>\nMateria\u0142: Poliester<br \/>\nSamoprzylepna: Specjalny klej tekstylny do dywan\u00f3w<br \/>\nRolka 50 metr\u00f3w, szeroko\u015b\u0107 38 mm<\/p>\n","protected":false},"featured_media":37871,"template":"","meta":[],"product_brand":[],"product_cat":[216],"product_tag":[],"class_list":{"0":"post-34171","1":"product","2":"type-product","3":"status-publish","4":"has-post-thumbnail","6":"product_cat-akcesoria","8":"first","9":"instock","10":"taxable","11":"shipping-taxable","12":"purchasable","13":"product-type-variable","14":"has-default-attributes"},"_links":{"self":[{"href":"https:\/\/tuftingeurope.com\/pl\/wp-json\/wp\/v2\/product\/34171","targetHints":{"allow":["GET"]}}],"collection":[{"href":"https:\/\/tuftingeurope.com\/pl\/wp-json\/wp\/v2\/product"}],"about":[{"href":"https:\/\/tuftingeurope.com\/pl\/wp-json\/wp\/v2\/types\/product"}],"wp:featuredmedia":[{"embeddable":true,"href":"https:\/\/tuftingeurope.com\/pl\/wp-json\/wp\/v2\/media\/37871"}],"wp:attachment":[{"href":"https:\/\/tuftingeurope.com\/pl\/wp-json\/wp\/v2\/media?parent=34171"}],"wp:term":[{"taxonomy":"product_brand","embeddable":true,"href":"https:\/\/tuftingeurope.com\/pl\/wp-json\/wp\/v2\/product_brand?post=34171"},{"taxonomy":"product_cat","embeddable":true,"href":"https:\/\/tuftingeurope.com\/pl\/wp-json\/wp\/v2\/product_cat?post=34171"},{"taxonomy":"product_tag","embeddable":true,"href":"https:\/\/tuftingeurope.com\/pl\/wp-json\/wp\/v2\/product_tag?post=34171"}],"curies":[{"name":"wp","href":"https:\/\/api.w.org\/{rel}","templated":true}]}}