{"id":34201,"date":"2023-11-01T23:51:53","date_gmt":"2023-11-01T22:51:53","guid":{"rendered":"https:\/\/tuftingeurope.com\/?post_type=product&#038;p=34201"},"modified":"2026-03-25T14:35:48","modified_gmt":"2026-03-25T13:35:48","slug":"antyposlizgowy-podklad-podklad-200x200cm","status":"publish","type":"product","link":"https:\/\/tuftingeurope.com\/pl\/produkt\/antyposlizgowy-podklad-podklad-200x200cm\/","title":{"rendered":"Podk\u0142ad antypo\u015blizgowy do tuftingu | 200x200cm"},"content":{"rendered":"","protected":false},"excerpt":{"rendered":"<p>Ten antypo\u015blizgowy sp\u00f3d jest nak\u0142adany po tufting, zapewniaj\u0105c szereg korzy\u015bci dla tylnej cz\u0119\u015bci Pa\u0144stwa dywanu. Zapobiega po\u015blizgom i s\u0142u\u017cy jako dodatkowa warstwa ochronna mi\u0119dzy klejem lateksowym a pod\u0142o\u017cem, chroni\u0105c pod\u0142og\u0119 przed potencjalnymi uszkodzeniami.<\/p>\n<p>Odwr\u00f3\u0107 dywanik, umie\u015b\u0107 tkanin\u0119 podk\u0142adow\u0105 i przytnij j\u0105 na kraw\u0119dzi tkaniny podstawowej, a nast\u0119pnie na\u0142\u00f3\u017c klej w sprayu lub na lateks, je\u015bli nadal jest lepki.<\/p>\n","protected":false},"featured_media":37856,"template":"","meta":[],"product_brand":[],"product_cat":[207],"product_tag":[],"class_list":{"0":"post-34201","1":"product","2":"type-product","3":"status-publish","4":"has-post-thumbnail","6":"product_cat-sciereczki-podkladowe","8":"first","9":"instock","10":"taxable","11":"shipping-taxable","12":"purchasable","13":"product-type-simple"},"_links":{"self":[{"href":"https:\/\/tuftingeurope.com\/pl\/wp-json\/wp\/v2\/product\/34201","targetHints":{"allow":["GET"]}}],"collection":[{"href":"https:\/\/tuftingeurope.com\/pl\/wp-json\/wp\/v2\/product"}],"about":[{"href":"https:\/\/tuftingeurope.com\/pl\/wp-json\/wp\/v2\/types\/product"}],"wp:featuredmedia":[{"embeddable":true,"href":"https:\/\/tuftingeurope.com\/pl\/wp-json\/wp\/v2\/media\/37856"}],"wp:attachment":[{"href":"https:\/\/tuftingeurope.com\/pl\/wp-json\/wp\/v2\/media?parent=34201"}],"wp:term":[{"taxonomy":"product_brand","embeddable":true,"href":"https:\/\/tuftingeurope.com\/pl\/wp-json\/wp\/v2\/product_brand?post=34201"},{"taxonomy":"product_cat","embeddable":true,"href":"https:\/\/tuftingeurope.com\/pl\/wp-json\/wp\/v2\/product_cat?post=34201"},{"taxonomy":"product_tag","embeddable":true,"href":"https:\/\/tuftingeurope.com\/pl\/wp-json\/wp\/v2\/product_tag?post=34201"}],"curies":[{"name":"wp","href":"https:\/\/api.w.org\/{rel}","templated":true}]}}