{"id":34567,"date":"2024-01-02T18:33:30","date_gmt":"2024-01-02T17:33:30","guid":{"rendered":"https:\/\/tuftingeurope.com\/product\/mini-instrukcja-przycinania-dla-nozyc-do-dywanow\/"},"modified":"2026-04-14T14:37:19","modified_gmt":"2026-04-14T12:37:19","slug":"mini-trimming-guide-for-rug-carving-clippers","status":"publish","type":"product","link":"https:\/\/tuftingeurope.com\/pl\/produkt\/mini-trimming-guide-for-rug-carving-clippers\/","title":{"rendered":"Prowadnica do golenia z regulowan\u0105 wysoko\u015bci\u0105"},"content":{"rendered":"\n\t<section class=\"section\" id=\"section_1944755386\">\n\t\t<div class=\"section-bg fill\" >\n\t\t\t\t\t\t\t<div class=\"video-overlay no-click fill visible\"><\/div>\n\t<video class=\"video-bg fill visible\" preload playsinline autoplay muted loop>\n\t\t<source src=\"https:\/\/tuftingeurope.com\/wp-content\/uploads\/2024\/08\/scheerapparaat.mp4\" type=\"video\/mp4\">\t<\/video>\n\t\t\t\n\t\t\t\n\n\t\t<\/div>\n\n\t\t\n\n\t\t<div class=\"section-content relative\">\n\t\t\t\n\n\t\t<\/div>\n\n\t\t\n<style>\n#section_1944755386 {\n  padding-top: 30px;\n  padding-bottom: 30px;\n  min-height: 400px;\n}\n@media (min-width:550px) {\n  #section_1944755386 {\n    min-height: 500px;\n  }\n}\n<\/style>\n\t<\/section>\n\t\n<strong>\u0141atwa konfiguracja:<\/strong> Nie potrzebujesz specjalistycznych narz\u0119dzi ani godzin majsterkowania &#8211; b\u0119dziesz gotowy do pracy w mgnieniu oka, gotowy do tworzenia pi\u0119knie przyci\u0119tych dywanik\u00f3w z \u0142atwo\u015bci\u0105. W zaledwie kilku prostych krokach mo\u017cesz bez wysi\u0142ku przymocowa\u0107 go do maszynki do strzy\u017cenia dywan\u00f3w lub wyregulowa\u0107 jego wysoko\u015b\u0107.<\/p>\n<p><strong>Mniejszy oznacza \u0142atwiejszy:<\/strong> Wi\u0119ksze nie zawsze oznacza lepsze w przypadku prowadnic do przycinania. Jego niewielki profil pozwala na skomplikowane i szczeg\u00f3\u0142owe przycinanie, nawet w ciasnych naro\u017cnikach i wzorach, kt\u00f3re wystaj\u0105 z dywanu jak kocie uszy. Zdziwisz si\u0119, jak to miniaturowe cudo bez trudu poradzi sobie z ka\u017cdym tuftowanym dywanem, od najmniejszej wycieraczki po najwspanialszy element centralny.<\/p>\n<p><strong>Dla \u0142adnego wyko\u0144czenia:<\/strong> Osi\u0105gni\u0119cie wypolerowanego i profesjonalnego wyko\u0144czenia nie jest ju\u017c trudnym zadaniem. Precyzja tej prowadnicy gwarantuje, \u017ce twoje linie przycinania b\u0119d\u0105 proste i czyste, nie pozostawiaj\u0105c miejsca na niedoskona\u0142o\u015bci. Po\u017cegnaj si\u0119 z nier\u00f3wnymi kraw\u0119dziami, strz\u0119pieniem lub nadmiernym przycinaniem &#8211; nasz przewodnik po przycinaniu gwarantuje pi\u0119kny efekt za ka\u017cdym razem.<\/p>\n<p><img fetchpriority=\"high\" decoding=\"async\" class=\"alignnone size-full wp-image-29585\" src=\"https:\/\/tuftingeurope.com\/wp-content\/uploads\/2021\/10\/carved-rug.gif\" alt=\"\" width=\"1280\" height=\"720\" title=\"\"><\/p>\n","protected":false},"excerpt":{"rendered":"<p>Przedstawiamy przewodnik golenia dla no\u017cyc do rze\u017abienia w dywanie &#8211; niezb\u0119dne narz\u0119dzie do uzyskania idealnie przyci\u0119tego wyko\u0144czenia w sztuce rze\u017abienia w dywanie tufting! Niezale\u017cnie od tego, czy u\u017cywasz prz\u0119dzy we\u0142nianej czy akrylowej, ten przewodnik pomo\u017ce Ci nada\u0107 kszta\u0142t i udoskonali\u0107 tuftowane dywaniki. Mo\u017cliwo\u015b\u0107 regulacji dla kr\u00f3tkich 1-milimetrowych listew lub wi\u0119kszych d\u0142ugo\u015bci.<\/p>\n<p>Sama maszynka do golenia nie jest do\u0142\u0105czona, to jest tylko nasadka. <\/p>\n","protected":false},"featured_media":38048,"template":"","meta":[],"product_brand":[],"product_cat":[216],"product_tag":[],"class_list":{"0":"post-34567","1":"product","2":"type-product","3":"status-publish","4":"has-post-thumbnail","6":"product_cat-akcesoria","8":"first","9":"instock","10":"taxable","11":"shipping-taxable","12":"purchasable","13":"product-type-simple"},"_links":{"self":[{"href":"https:\/\/tuftingeurope.com\/pl\/wp-json\/wp\/v2\/product\/34567","targetHints":{"allow":["GET"]}}],"collection":[{"href":"https:\/\/tuftingeurope.com\/pl\/wp-json\/wp\/v2\/product"}],"about":[{"href":"https:\/\/tuftingeurope.com\/pl\/wp-json\/wp\/v2\/types\/product"}],"wp:featuredmedia":[{"embeddable":true,"href":"https:\/\/tuftingeurope.com\/pl\/wp-json\/wp\/v2\/media\/38048"}],"wp:attachment":[{"href":"https:\/\/tuftingeurope.com\/pl\/wp-json\/wp\/v2\/media?parent=34567"}],"wp:term":[{"taxonomy":"product_brand","embeddable":true,"href":"https:\/\/tuftingeurope.com\/pl\/wp-json\/wp\/v2\/product_brand?post=34567"},{"taxonomy":"product_cat","embeddable":true,"href":"https:\/\/tuftingeurope.com\/pl\/wp-json\/wp\/v2\/product_cat?post=34567"},{"taxonomy":"product_tag","embeddable":true,"href":"https:\/\/tuftingeurope.com\/pl\/wp-json\/wp\/v2\/product_tag?post=34567"}],"curies":[{"name":"wp","href":"https:\/\/api.w.org\/{rel}","templated":true}]}}