{"id":41751,"date":"2024-04-10T22:14:11","date_gmt":"2024-04-10T20:14:11","guid":{"rendered":"https:\/\/tuftingeurope.com\/?post_type=product&#038;p=41751"},"modified":"2026-03-13T13:45:38","modified_gmt":"2026-03-13T12:45:38","slug":"click-on-mini-shearing-guide","status":"publish","type":"product","link":"https:\/\/tuftingeurope.com\/pl\/produkt\/click-on-mini-shearing-guide\/","title":{"rendered":"Przewodnik golenia dywan\u00f3w Click-On"},"content":{"rendered":"<p>Nasza nowa prowadnica Click-On Mini Shearing Guide przycina Tw\u00f3j dywan na sta\u0142ym poziomie 1 milimetra, bez ryzyka i opcji regulacji. Je\u015bli chcesz mie\u0107 mo\u017cliwo\u015b\u0107 regulacji wysoko\u015bci, <a href=\"https:\/\/tuftingeurope.com\/product\/mini-trimming-guide-for-rug-carving-clippers\/\"><br \/>\n  <span style=\"text-decoration: underline;\">zapoznaj si\u0119 z naszym innym przewodnikiem po goleniu.<\/span><br \/>\n<\/a><\/p>\n<p><strong>\u0141atwa konfiguracja:<\/strong> Nie potrzebujesz specjalistycznych narz\u0119dzi ani godzin majsterkowania &#8211; b\u0119dziesz gotowy do pracy w mgnieniu oka, gotowy do tworzenia pi\u0119knie przyci\u0119tych dywanik\u00f3w z \u0142atwo\u015bci\u0105. W zaledwie kilku prostych krokach mo\u017cesz bez wysi\u0142ku przymocowa\u0107 go do swoich no\u017cyc do ci\u0119cia dywan\u00f3w.<\/p>\n<p><strong>Mniejszy panel:<\/strong> Jego ma\u0142y profil pozwala na skomplikowane i szczeg\u00f3\u0142owe przycinanie, nawet w ciasnych naro\u017cnikach i wzorach, kt\u00f3re wystaj\u0105 z dywanu jak kocie uszy. Zdziwisz si\u0119, jak to miniaturowe cudo bez trudu poradzi sobie z ka\u017cdym tuftowanym dywanem, od najmniejszej wycieraczki po najwspanialszy element centralny.<\/p>\n<p><strong>Dla \u0142adnego wyko\u0144czenia:<\/strong> Osi\u0105gni\u0119cie wypolerowanego i profesjonalnego wyko\u0144czenia nie jest ju\u017c trudnym zadaniem. Precyzja tej prowadnicy gwarantuje, \u017ce twoje linie przycinania b\u0119d\u0105 proste i czyste, nie pozostawiaj\u0105c miejsca na niedoskona\u0142o\u015bci. Po\u017cegnaj si\u0119 z nier\u00f3wnymi kraw\u0119dziami, strz\u0119pieniem lub nadmiernym przycinaniem &#8211; nasz przewodnik po przycinaniu gwarantuje pi\u0119kny efekt za ka\u017cdym razem.<\/p>\n<p><img fetchpriority=\"high\" decoding=\"async\" class=\"alignnone size-full wp-image-29585\" src=\"https:\/\/tuftingeurope.com\/wp-content\/uploads\/2021\/10\/carved-rug.gif\" alt=\"\" width=\"1280\" height=\"720\" title=\"\"><\/p>\n","protected":false},"excerpt":{"rendered":"<p>Click-On Mini Shearing Guide to \u0142atwa w u\u017cyciu prowadnica do strzy\u017cenia. Po prostu wsu\u0144 no\u017cyczki do strzy\u017cenia w prowadnic\u0119, aby uzyska\u0107 sta\u0142y 1-milimetrowy trymer. Nie ma ryzyka przyci\u0119cia wi\u0119cej ni\u017c potrzeba.<\/p>\n","protected":false},"featured_media":41772,"template":"","meta":[],"product_brand":[],"product_cat":[216],"product_tag":[],"class_list":{"0":"post-41751","1":"product","2":"type-product","3":"status-publish","4":"has-post-thumbnail","6":"product_cat-akcesoria","8":"first","9":"instock","10":"taxable","11":"shipping-taxable","12":"purchasable","13":"product-type-simple"},"_links":{"self":[{"href":"https:\/\/tuftingeurope.com\/pl\/wp-json\/wp\/v2\/product\/41751","targetHints":{"allow":["GET"]}}],"collection":[{"href":"https:\/\/tuftingeurope.com\/pl\/wp-json\/wp\/v2\/product"}],"about":[{"href":"https:\/\/tuftingeurope.com\/pl\/wp-json\/wp\/v2\/types\/product"}],"wp:featuredmedia":[{"embeddable":true,"href":"https:\/\/tuftingeurope.com\/pl\/wp-json\/wp\/v2\/media\/41772"}],"wp:attachment":[{"href":"https:\/\/tuftingeurope.com\/pl\/wp-json\/wp\/v2\/media?parent=41751"}],"wp:term":[{"taxonomy":"product_brand","embeddable":true,"href":"https:\/\/tuftingeurope.com\/pl\/wp-json\/wp\/v2\/product_brand?post=41751"},{"taxonomy":"product_cat","embeddable":true,"href":"https:\/\/tuftingeurope.com\/pl\/wp-json\/wp\/v2\/product_cat?post=41751"},{"taxonomy":"product_tag","embeddable":true,"href":"https:\/\/tuftingeurope.com\/pl\/wp-json\/wp\/v2\/product_tag?post=41751"}],"curies":[{"name":"wp","href":"https:\/\/api.w.org\/{rel}","templated":true}]}}