{"id":44527,"date":"2024-08-08T11:26:56","date_gmt":"2024-08-08T09:26:56","guid":{"rendered":"https:\/\/tuftingeurope.com\/product\/nozyczki-elektryczne-do-rzezbienia-w-dywanie\/"},"modified":"2025-11-27T16:15:17","modified_gmt":"2025-11-27T15:15:17","slug":"electric-scissors-for-rug-carving","status":"publish","type":"product","link":"https:\/\/tuftingeurope.com\/pl\/produkt\/electric-scissors-for-rug-carving\/","title":{"rendered":"No\u017cyczki elektryczne do rze\u017abienia w dywanie"},"content":{"rendered":"<p><iframe title=\"Electric tufting scissors! #tufting #carpet #tuftingprocess #shorts\" width=\"563\" height=\"1000\" src=\"https:\/\/www.youtube.com\/embed\/MtdH6x3N0VY?feature=oembed\" frameborder=\"0\" allow=\"accelerometer; autoplay; clipboard-write; encrypted-media; gyroscope; picture-in-picture; web-share\" referrerpolicy=\"strict-origin-when-cross-origin\" allowfullscreen><\/iframe><\/p>\n<h2>Precyzja dla Twojego rzemios\u0142a<\/h2>\n<p>Przedstawiamy nasze nowe no\u017cyczki do rze\u017abienia w dywanach, przeznaczone specjalnie dla wykwalifikowanych rzemie\u015blnik\u00f3w zajmuj\u0105cych si\u0119 tuftowaniem dywan\u00f3w. Te elektryczne no\u017cyczki zapewniaj\u0105 precyzyjne przycinanie kraw\u0119dzi dywan\u00f3w i wzor\u00f3w, nadaj\u0105c dywanom wyrazisty i szczeg\u00f3\u0142owy wygl\u0105d. <\/p>\n<h2>Lekko\u015b\u0107 i wygoda<\/h2>\n<p>Umo\u017cliwia przycinanie dywan\u00f3w pod dowolnym k\u0105tem bez zm\u0119czenia r\u0105k, nawet podczas d\u0142ugich sesji. Ciesz si\u0119 komfortowym przycinaniem za ka\u017cdym razem. <\/p>\n<h2>Regulowana pr\u0119dko\u015b\u0107 zapewniaj\u0105ca wydajno\u015b\u0107<\/h2>\n<p>Dzi\u0119ki pokr\u0119t\u0142u regulacji pr\u0119dko\u015bci na adapterze, no\u017cyczki te sprawiaj\u0105, \u017ce przycinanie jest bardziej wydajne w por\u00f3wnaniu z tradycyjnymi no\u017cyczkami r\u0119cznymi. Dostosuj pr\u0119dko\u015b\u0107 do swoich potrzeb i pracuj z \u0142atwo\u015bci\u0105 na ka\u017cdym dywanie. <\/p>\n<h2>Obejmuje niezb\u0119dne zamienniki<\/h2>\n<p>Zestaw Carpet Grooming Machine zawiera zapasowe ostrze (1 para) i dwie szczotki w\u0119glowe, dzi\u0119ki czemu masz pewno\u015b\u0107, \u017ce masz niezb\u0119dne cz\u0119\u015bci do d\u0142ugotrwa\u0142ego u\u017cytkowania. Je\u015bli zauwa\u017cysz spadek pr\u0119dko\u015bci przycinania lub mocy silnika, po prostu wymie\u0144 zu\u017cyte cz\u0119\u015bci. <\/p>\n","protected":false},"excerpt":{"rendered":"<p>Dodaj wi\u0119cej szczeg\u00f3\u0142\u00f3w do swojej pracy! Odpowiednie dla do\u015bwiadczonych artyst\u00f3w tuftingu. Lekkie, regulowane i wszechstronne, te szybkie no\u017cyce elektryczne sprawiaj\u0105, \u017ce tworzenie szczeg\u00f3\u0142owych dywan\u00f3w staje si\u0119 \u0142atwe.  <\/p>\n","protected":false},"featured_media":44517,"template":"","meta":[],"product_brand":[],"product_cat":[216],"product_tag":[],"class_list":{"0":"post-44527","1":"product","2":"type-product","3":"status-publish","4":"has-post-thumbnail","6":"product_cat-akcesoria","8":"first","9":"outofstock","10":"taxable","11":"shipping-taxable","12":"purchasable","13":"product-type-simple"},"_links":{"self":[{"href":"https:\/\/tuftingeurope.com\/pl\/wp-json\/wp\/v2\/product\/44527","targetHints":{"allow":["GET"]}}],"collection":[{"href":"https:\/\/tuftingeurope.com\/pl\/wp-json\/wp\/v2\/product"}],"about":[{"href":"https:\/\/tuftingeurope.com\/pl\/wp-json\/wp\/v2\/types\/product"}],"wp:featuredmedia":[{"embeddable":true,"href":"https:\/\/tuftingeurope.com\/pl\/wp-json\/wp\/v2\/media\/44517"}],"wp:attachment":[{"href":"https:\/\/tuftingeurope.com\/pl\/wp-json\/wp\/v2\/media?parent=44527"}],"wp:term":[{"taxonomy":"product_brand","embeddable":true,"href":"https:\/\/tuftingeurope.com\/pl\/wp-json\/wp\/v2\/product_brand?post=44527"},{"taxonomy":"product_cat","embeddable":true,"href":"https:\/\/tuftingeurope.com\/pl\/wp-json\/wp\/v2\/product_cat?post=44527"},{"taxonomy":"product_tag","embeddable":true,"href":"https:\/\/tuftingeurope.com\/pl\/wp-json\/wp\/v2\/product_tag?post=44527"}],"curies":[{"name":"wp","href":"https:\/\/api.w.org\/{rel}","templated":true}]}}