{"id":45321,"date":"2024-08-19T20:52:29","date_gmt":"2024-08-19T18:52:29","guid":{"rendered":"https:\/\/tuftingeurope.com\/product\/zestaw-3-nozyczek-do-ak-1n-duo\/"},"modified":"2026-01-23T17:13:54","modified_gmt":"2026-01-23T16:13:54","slug":"pack-of-scissors-for-ak-1n-duo","status":"publish","type":"product","link":"https:\/\/tuftingeurope.com\/pl\/produkt\/pack-of-scissors-for-ak-1n-duo\/","title":{"rendered":"Zestaw 3 no\u017cyczek do AK-1N Duo"},"content":{"rendered":"<h2>Jak wymieni\u0107 no\u017cyczki<\/h2>\n<p><iframe title=\"Replacing Scissors on the AK Duo Tufting Machine\" width=\"1020\" height=\"574\" src=\"https:\/\/www.youtube.com\/embed\/bzaHvHhhZTI?feature=oembed\" frameborder=\"0\" allow=\"accelerometer; autoplay; clipboard-write; encrypted-media; gyroscope; picture-in-picture; web-share\" referrerpolicy=\"strict-origin-when-cross-origin\" allowfullscreen><\/iframe><\/p>\n<h2>Zestaw 3 zapasowych no\u017cyczek do maszyny tuftingowej AK-1N duo<\/h2>\n<p>B\u0105d\u017a przygotowany i utrzymuj p\u0142ynno\u015b\u0107 swoich projekt\u00f3w dzi\u0119ki temu zestawowi 3 zapasowych no\u017cyczek do maszyny tuftingowej AK-1N Duo. Niezale\u017cnie od tego, czy pracujesz nad du\u017cym zleceniem czy osobistym projektem, posiadanie ostrych, niezawodnych no\u017cyczek pod r\u0119k\u0105 oznacza mniej przestoj\u00f3w i wi\u0119cej kreatywnego przep\u0142ywu. <\/p>\n<h3>Dlaczego warto wybra\u0107 zestaw 3 sztuk?<\/h3>\n<ul>\n<li>Lepsza warto\u015b\u0107: Oszcz\u0119dzasz wi\u0119cej w por\u00f3wnaniu z zakupem pojedynczych zamiennik\u00f3w.<\/li>\n<li>Minimalizacja przestoj\u00f3w: Szybko wymie\u0144 na \u015bwie\u017ce no\u017cyce, je\u015bli jedne si\u0119 st\u0119pi\u0105 lub zepsuj\u0105.<\/li>\n<li>Zawsze gotowy: Idealny dla os\u00f3b zajmuj\u0105cych si\u0119 tuftingiem regularnie lub zawodowo.<\/li>\n<\/ul>\n<h3>Trwa\u0142o\u015b\u0107, na kt\u00f3rej mo\u017cesz polega\u0107<\/h3>\n<p>Ka\u017cde no\u017cyce wytrzymuj\u0105 oko\u0142o 150+ godzin tuftingu z we\u0142n\u0105, co przek\u0142ada si\u0119 na oko\u0142o sze\u015b\u0107 miesi\u0119cy cotygodniowego u\u017cytkowania dla wi\u0119kszo\u015bci artyst\u00f3w tuftingu. Sprzedawane w zestawie po 3 sztuki, zapewni\u0105 Ci miesi\u0105ce niezawodnego dzia\u0142ania i zapasowe egzemplarze, gdy ich potrzebujesz. <\/p>\n<h3>Kompatybilny z<\/h3>\n<p>Specjalnie zaprojektowane do maszyny tuftingowej AK-1N Duo. \u0141atwe w wymianie i instalacji, dzi\u0119ki czemu mo\u017cesz skupi\u0107 si\u0119 na tym, co najwa\u017cniejsze &#8211; o\u017cywianiu swoich projekt\u00f3w. Trzymaj zapasowe no\u017cyczki w swoim zestawie narz\u0119dzi, aby nigdy nie zosta\u0107 zaskoczonym podczas sesji tuftingu!  <\/p>\n","protected":false},"excerpt":{"rendered":"<p>Kontynuuj tufting bez przerw. Ten zestaw 3 zapasowych no\u017cyczek do maszyny tuftingowej AK-1N Duo zapewnia niezawodne zamienniki w najlepszej cenie. <\/p>\n","protected":false},"featured_media":45288,"template":"","meta":[],"product_brand":[],"product_cat":[493,488,216],"product_tag":[],"class_list":{"0":"post-45321","1":"product","2":"type-product","3":"status-publish","4":"has-post-thumbnail","6":"product_cat-ak-1n-duo-spare-parts-pl","7":"product_cat-ak-1-spare-parts-pl","8":"product_cat-akcesoria","10":"first","11":"instock","12":"taxable","13":"shipping-taxable","14":"purchasable","15":"product-type-simple"},"_links":{"self":[{"href":"https:\/\/tuftingeurope.com\/pl\/wp-json\/wp\/v2\/product\/45321","targetHints":{"allow":["GET"]}}],"collection":[{"href":"https:\/\/tuftingeurope.com\/pl\/wp-json\/wp\/v2\/product"}],"about":[{"href":"https:\/\/tuftingeurope.com\/pl\/wp-json\/wp\/v2\/types\/product"}],"wp:featuredmedia":[{"embeddable":true,"href":"https:\/\/tuftingeurope.com\/pl\/wp-json\/wp\/v2\/media\/45288"}],"wp:attachment":[{"href":"https:\/\/tuftingeurope.com\/pl\/wp-json\/wp\/v2\/media?parent=45321"}],"wp:term":[{"taxonomy":"product_brand","embeddable":true,"href":"https:\/\/tuftingeurope.com\/pl\/wp-json\/wp\/v2\/product_brand?post=45321"},{"taxonomy":"product_cat","embeddable":true,"href":"https:\/\/tuftingeurope.com\/pl\/wp-json\/wp\/v2\/product_cat?post=45321"},{"taxonomy":"product_tag","embeddable":true,"href":"https:\/\/tuftingeurope.com\/pl\/wp-json\/wp\/v2\/product_tag?post=45321"}],"curies":[{"name":"wp","href":"https:\/\/api.w.org\/{rel}","templated":true}]}}