{"id":45447,"date":"2024-09-04T09:51:41","date_gmt":"2024-09-04T07:51:41","guid":{"rendered":"https:\/\/tuftingeurope.com\/product\/pistolety-do-tuftingu-jibbitz\/"},"modified":"2025-09-23T16:25:43","modified_gmt":"2025-09-23T14:25:43","slug":"tufty-tufting-jibbitz","status":"publish","type":"product","link":"https:\/\/tuftingeurope.com\/pl\/produkt\/tufty-tufting-jibbitz\/","title":{"rendered":"Tufty Tufting Jibbitz"},"content":{"rendered":"","protected":false},"excerpt":{"rendered":"<p>Zrobili\u015bmy ten ma\u0142y amulet, poniewa\u017c, c\u00f3\u017c, dlaczego nie?<\/p>\n<p>Przywitaj si\u0119 z Tufty, naszym ambasadorem tuftingu. Idealny spos\u00f3b, aby pokaza\u0107 swoj\u0105 mi\u0142o\u015b\u0107 do tuftingu, gdziekolwiek si\u0119 udasz, krok po kroku! Gratis przy zam\u00f3wieniach powy\u017cej 100 \u20ac &#8211; wybierz go podczas finalizacji zakupu.  <\/p>\n","protected":false},"featured_media":46264,"template":"","meta":[],"product_brand":[],"product_cat":[216],"product_tag":[],"class_list":{"0":"post-45447","1":"product","2":"type-product","3":"status-publish","4":"has-post-thumbnail","6":"product_cat-akcesoria","8":"first","9":"outofstock","10":"taxable","11":"shipping-taxable","12":"purchasable","13":"product-type-simple"},"_links":{"self":[{"href":"https:\/\/tuftingeurope.com\/pl\/wp-json\/wp\/v2\/product\/45447","targetHints":{"allow":["GET"]}}],"collection":[{"href":"https:\/\/tuftingeurope.com\/pl\/wp-json\/wp\/v2\/product"}],"about":[{"href":"https:\/\/tuftingeurope.com\/pl\/wp-json\/wp\/v2\/types\/product"}],"wp:featuredmedia":[{"embeddable":true,"href":"https:\/\/tuftingeurope.com\/pl\/wp-json\/wp\/v2\/media\/46264"}],"wp:attachment":[{"href":"https:\/\/tuftingeurope.com\/pl\/wp-json\/wp\/v2\/media?parent=45447"}],"wp:term":[{"taxonomy":"product_brand","embeddable":true,"href":"https:\/\/tuftingeurope.com\/pl\/wp-json\/wp\/v2\/product_brand?post=45447"},{"taxonomy":"product_cat","embeddable":true,"href":"https:\/\/tuftingeurope.com\/pl\/wp-json\/wp\/v2\/product_cat?post=45447"},{"taxonomy":"product_tag","embeddable":true,"href":"https:\/\/tuftingeurope.com\/pl\/wp-json\/wp\/v2\/product_tag?post=45447"}],"curies":[{"name":"wp","href":"https:\/\/api.w.org\/{rel}","templated":true}]}}