{"id":46299,"date":"2024-10-22T17:39:34","date_gmt":"2024-10-22T15:39:34","guid":{"rendered":"https:\/\/tuftingeurope.com\/product\/reczne-narzedzie-do-tuftingu-ciecie-runa-30-40-50-mm\/"},"modified":"2025-09-30T15:25:24","modified_gmt":"2025-09-30T13:25:24","slug":"manual-tufting-tool-cut-pile-30-40-50mm","status":"publish","type":"product","link":"https:\/\/tuftingeurope.com\/pl\/produkt\/manual-tufting-tool-cut-pile-30-40-50mm\/","title":{"rendered":"R\u0119czne narz\u0119dzie do tuftingu Ci\u0119cie runa 30-40-50 mm"},"content":{"rendered":"<p><iframe title=\"Manual Tufting Tool Cut Pile 30-40-50mm\" width=\"1020\" height=\"574\" src=\"https:\/\/www.youtube.com\/embed\/jMV_F9pqU58?feature=oembed\" frameborder=\"0\" allow=\"accelerometer; autoplay; clipboard-write; encrypted-media; gyroscope; picture-in-picture; web-share\" referrerpolicy=\"strict-origin-when-cross-origin\" allowfullscreen><\/iframe><\/p>\n<h3>Kluczowe cechy:<\/h3>\n<p>D\u0142ugie ci\u0119cie runa<strong>:<\/strong><br \/>\nNarz\u0119dzie to umo\u017cliwia tworzenie tekstur d\u0142ugiego ci\u0119cia runa dla Pa\u0144stwa dzie\u0142 sztuki. Jest \u0142atwe w obs\u0142udze, prosz\u0119 zobaczy\u0107 nasz film poni\u017cej. Nie ma potrzeby korzystania ze \u017ar\u00f3d\u0142a zasilania &#8211; wystarczy skupi\u0107 si\u0119 na technice i cieszy\u0107 si\u0119 dotykowym do\u015bwiadczeniem tufting r\u0119cznie.  <\/p>\n<h3>Dlaczego warto wybra\u0107 r\u0119czne narz\u0119dzie do tuftingu?<\/h3>\n<ul>\n<li><strong>Pe\u0142na kontrola:<\/strong> Osi\u0105gaj precyzyjne ci\u0119cia i wysokiej jako\u015bci rezultaty dzi\u0119ki praktycznemu podej\u015bciu.<\/li>\n<li><strong>Kreatywna elastyczno\u015b\u0107:<\/strong> Swobodnie zmieniaj wzory, wysoko\u015bci stos\u00f3w i kszta\u0142ty bez \u017cadnych ogranicze\u0144.<\/li>\n<li><strong>Przyst\u0119pne cenowo i dost\u0119pne:<\/strong> Prosz\u0119 rozpocz\u0105\u0107 prac\u0119 w tufting z przyst\u0119pn\u0105 cenowo opcj\u0105, kt\u00f3ra nie idzie na kompromis w kwestii jako\u015bci.<\/li>\n<\/ul>\n<p>Niezale\u017cnie od tego, czy s\u0105 Pa\u0144stwo nowicjuszami na tufting, czy do\u015bwiadczonymi artystami, r\u0119czne narz\u0119dzie do tuftingu pomo\u017ce Pa\u0144stwu uwolni\u0107 pe\u0142ny potencja\u0142 tw\u00f3rczy. Jego prostota, niezawodno\u015b\u0107 i wszechstronno\u015b\u0107 sprawiaj\u0105, \u017ce jest to niezb\u0119dny dodatek do ka\u017cdego zestawu narz\u0119dzi tufting. <\/p>\n<p><em>Gotowy do rozpocz\u0119cia kolejnego projektu? Zam\u00f3w narz\u0119dzie do r\u0119cznego tuftingu ju\u017c dzi\u015b i wprowad\u017a swoje pomys\u0142y w \u017cycie! <\/em><\/p>\n","protected":false},"excerpt":{"rendered":"<p>R\u0119czne narz\u0119dzie do tuftingu z ci\u0119tym w\u0142osiem to idealne narz\u0119dzie dla artyst\u00f3w, pocz\u0105tkuj\u0105cych i entuzjast\u00f3w tworzenia dywan\u00f3w, kt\u00f3rzy chc\u0105 mie\u0107 pe\u0142n\u0105 kontrol\u0119 nad swoimi projektami. Dzi\u0119ki temu narz\u0119dziu mo\u017cna tworzy\u0107 pi\u0119kne dywaniki z ci\u0119tym w\u0142osiem i zawieszki \u015bcienne, oferuj\u0105c niesko\u0144czone mo\u017cliwo\u015bci tw\u00f3rcze przy u\u017cyciu tylko r\u0105k i odrobiny wyobra\u017ani. <\/p>\n<p>Dost\u0119pne w wariantach 30, 40 i 50 mm.<\/p>\n","protected":false},"featured_media":46235,"template":"","meta":[],"product_brand":[],"product_cat":[208],"product_tag":[],"class_list":{"0":"post-46299","1":"product","2":"type-product","3":"status-publish","4":"has-post-thumbnail","6":"product_cat-igly-do-nakluwania","8":"first","9":"instock","10":"sale","11":"taxable","12":"shipping-taxable","13":"purchasable","14":"product-type-variable"},"_links":{"self":[{"href":"https:\/\/tuftingeurope.com\/pl\/wp-json\/wp\/v2\/product\/46299","targetHints":{"allow":["GET"]}}],"collection":[{"href":"https:\/\/tuftingeurope.com\/pl\/wp-json\/wp\/v2\/product"}],"about":[{"href":"https:\/\/tuftingeurope.com\/pl\/wp-json\/wp\/v2\/types\/product"}],"wp:featuredmedia":[{"embeddable":true,"href":"https:\/\/tuftingeurope.com\/pl\/wp-json\/wp\/v2\/media\/46235"}],"wp:attachment":[{"href":"https:\/\/tuftingeurope.com\/pl\/wp-json\/wp\/v2\/media?parent=46299"}],"wp:term":[{"taxonomy":"product_brand","embeddable":true,"href":"https:\/\/tuftingeurope.com\/pl\/wp-json\/wp\/v2\/product_brand?post=46299"},{"taxonomy":"product_cat","embeddable":true,"href":"https:\/\/tuftingeurope.com\/pl\/wp-json\/wp\/v2\/product_cat?post=46299"},{"taxonomy":"product_tag","embeddable":true,"href":"https:\/\/tuftingeurope.com\/pl\/wp-json\/wp\/v2\/product_tag?post=46299"}],"curies":[{"name":"wp","href":"https:\/\/api.w.org\/{rel}","templated":true}]}}