{"id":46391,"date":"2024-08-24T23:23:26","date_gmt":"2024-08-24T21:23:26","guid":{"rendered":"https:\/\/tuftingeurope.com\/?post_type=product&#038;p=46391"},"modified":"2026-03-13T13:44:34","modified_gmt":"2026-03-13T12:44:34","slug":"ultimate-tufting-starter-kit-with-ak-v","status":"publish","type":"product","link":"https:\/\/tuftingeurope.com\/pl\/produkt\/ultimate-tufting-starter-kit-with-ak-v\/","title":{"rendered":"Kompletny zestaw startowy do tuftingu z AK-v + rama"},"content":{"rendered":"<h2>Witamy w Pa\u0144stwa pierwszym kroku do ekscytuj\u0105cego \u015bwiata tufting z naszym zestawem startowym Ultimate Tufting Starter Kit!<\/h2>\n<p>Ten zestaw zawiera wszystko, czego potrzebujesz, aby zacz\u0105\u0107 tworzy\u0107 w\u0142asne dywany w domu. Wyposa\u017cyli\u015bmy go we wszystkie niezb\u0119dne elementy, dzi\u0119ki czemu mog\u0105 Pa\u0144stwo rozpocz\u0105\u0107 swoj\u0105 podr\u00f3\u017c z tufting bez \u017cadnych k\u0142opot\u00f3w. Jest prosty, kompletny i zaprojektowany tak, aby u\u0142atwi\u0107 prac\u0119 pocz\u0105tkuj\u0105cym.  <\/p>\n<p>Uprzedzamy tylko<strong>, \u017ce b\u0119dziesz musia\u0142 samodzielnie zaopatrzy\u0107 si\u0119 w kilka rzeczy:<\/strong> ulubione kolory prz\u0119dzy, aby o\u017cywi\u0107 swoje projekty, kt\u00f3re z \u0142atwo\u015bci\u0105 znajdziesz na naszej stronie internetowej, oraz wiadro lateksowego kleju do dywan\u00f3w z lokalnego sklepu z narz\u0119dziami. (nie sprzedajemy kleju, poniewa\u017c jest zbyt ci\u0119\u017cki). <\/p>\n<p>Tw\u00f3j zestaw zostanie dostarczony w dw\u00f3ch pude\u0142kach. Jedna zawiera ramk\u0119, a druga ca\u0142\u0105 reszt\u0119. Nasz zestaw startowy Ultimate Tufting zawiera nast\u0119puj\u0105ce elementy:  <\/p>\n<h2><img fetchpriority=\"high\" decoding=\"async\" class=\"alignnone wp-image-71871 size-full\" src=\"https:\/\/tuftingeurope.com\/wp-content\/uploads\/2025\/12\/starter-kit-1.jpg\" alt=\"\" width=\"1200\" height=\"675\" title=\"\" srcset=\"https:\/\/tuftingeurope.com\/wp-content\/uploads\/2025\/12\/starter-kit-1.jpg 1200w, https:\/\/tuftingeurope.com\/wp-content\/uploads\/2025\/12\/starter-kit-1-300x169.jpg 300w, https:\/\/tuftingeurope.com\/wp-content\/uploads\/2025\/12\/starter-kit-1-1024x576.jpg 1024w, https:\/\/tuftingeurope.com\/wp-content\/uploads\/2025\/12\/starter-kit-1-768x432.jpg 768w, https:\/\/tuftingeurope.com\/wp-content\/uploads\/2025\/12\/starter-kit-1-1000x563.jpg 1000w, https:\/\/tuftingeurope.com\/wp-content\/uploads\/2025\/12\/starter-kit-1-80x45.jpg 80w\" sizes=\"(max-width: 1200px) 100vw, 1200px\" \/><br \/>\nNowa maszyna AK-V tufting <\/h2>\n<p>Ten zestaw zawiera nowo wydan\u0105 <strong>AK-V<\/strong>, nasz\u0105 najnowsz\u0105 maszyn\u0119 tufting, kt\u00f3ra wprowadza <strong>nowy wy\u015bwietlacz<\/strong> pokazuj\u0105cy bie\u017c\u0105ce ustawienie pr\u0119dko\u015bci, <strong>przednie \u015bwiat\u0142o LED<\/strong>, bardziej ergonomiczny uchwyt i <strong>mniejszy ha\u0142as<\/strong>. Co wi\u0119cej, podstawy s\u0105 \u0142atwe do opanowania &#8211; jeste\u015bmy pewni, \u017ce b\u0119dziesz na dobrej drodze w mniej ni\u017c <strong>15 minut \u0107wicze\u0144<\/strong>. Je\u015bli nie, skontaktuj si\u0119 z nami, aby uzyska\u0107 wskaz\u00f3wki!  <\/p>\n<p>&nbsp;<\/p>\n<h2><img decoding=\"async\" class=\"alignnone size-full wp-image-37102\" src=\"https:\/\/tuftingeurope.com\/wp-content\/uploads\/2023\/05\/2.jpg\" alt=\"\" width=\"1920\" height=\"1080\" title=\"\" srcset=\"https:\/\/tuftingeurope.com\/wp-content\/uploads\/2023\/05\/2.jpg 1920w, https:\/\/tuftingeurope.com\/wp-content\/uploads\/2023\/05\/2-1000x563.jpg 1000w, https:\/\/tuftingeurope.com\/wp-content\/uploads\/2023\/05\/2-300x169.jpg 300w, https:\/\/tuftingeurope.com\/wp-content\/uploads\/2023\/05\/2-1024x576.jpg 1024w, https:\/\/tuftingeurope.com\/wp-content\/uploads\/2023\/05\/2-768x432.jpg 768w, https:\/\/tuftingeurope.com\/wp-content\/uploads\/2023\/05\/2-1536x864.jpg 1536w, https:\/\/tuftingeurope.com\/wp-content\/uploads\/2023\/05\/2-360x203.jpg 360w, https:\/\/tuftingeurope.com\/wp-content\/uploads\/2023\/05\/2-80x45.jpg 80w\" sizes=\"(max-width: 1920px) 100vw, 1920px\" \/>Wytrzyma\u0142a rama tufting <\/h2>\n<p>W zestawie znajduje si\u0119 nasza solidna <strong>rama 90x90cm tufting <\/strong>, gotowa do <strong>\u0142atwego monta\u017cu na dowolnym stole<\/strong>. W zestawie znajduj\u0105 si\u0119 dwa zaciski do bezpiecznego mocowania, miejsce na dwie wi\u0105zki prz\u0119dzy oraz paski chwytaj\u0105ce tkanin\u0119 z gwo\u017adziami wzd\u0142u\u017c ka\u017cdej kraw\u0119dzi, aby mocno naci\u0105gn\u0105\u0107 tkanin\u0119 tufting.  Prosz\u0119 nie martwi\u0107 si\u0119 o konfiguracj\u0119; sprawili\u015bmy, \u017ce jest to bardzo proste dzi\u0119ki <strong>do\u0142\u0105czonym<\/strong> wszystkim niezb\u0119dnym <strong>\u015brubom.<\/strong><\/p>\n<p>&nbsp;<\/p>\n<h2>Wystarczaj\u0105ca ilo\u015b\u0107 tufting tkaniny, aby zapewni\u0107 Pa\u0144stwu ci\u0105g\u0142o\u015b\u0107 pracy<\/h2>\n<p>Nasz zestaw startowy zawiera <strong>wysokiej jako\u015bci tkanin\u0119 o wymiarach 200 x 200 cm tufting <\/strong>. Jest to niezb\u0119dne p\u0142\u00f3tno tufting do tworzenia dywan\u00f3w.  Rozmiar ten pozwala na wykonanie od czterech do o\u015bmiu \u015bredniej wielko\u015bci dywanik\u00f3w, zapewniaj\u0105c mn\u00f3stwo materia\u0142u do rozpocz\u0119cia projekt\u00f3w. W zestawie znajduje si\u0119 r\u00f3wnie\u017c <strong>podk\u0142ad Ani-Slip o wymiarach 200 x 200 cm<\/strong>, kt\u00f3ry mo\u017cna umie\u015bci\u0107 z ty\u0142u dywanu, aby uzyska\u0107 profesjonalne wyko\u0144czenie. <\/p>\n<p>&nbsp;<\/p>\n<h2><img decoding=\"async\" class=\"alignnone size-full wp-image-37116\" src=\"https:\/\/tuftingeurope.com\/wp-content\/uploads\/2023\/05\/4-1.jpg\" alt=\"\" width=\"1920\" height=\"1080\" title=\"\" srcset=\"https:\/\/tuftingeurope.com\/wp-content\/uploads\/2023\/05\/4-1.jpg 1920w, https:\/\/tuftingeurope.com\/wp-content\/uploads\/2023\/05\/4-1-1000x563.jpg 1000w, https:\/\/tuftingeurope.com\/wp-content\/uploads\/2023\/05\/4-1-300x169.jpg 300w, https:\/\/tuftingeurope.com\/wp-content\/uploads\/2023\/05\/4-1-1024x576.jpg 1024w, https:\/\/tuftingeurope.com\/wp-content\/uploads\/2023\/05\/4-1-768x432.jpg 768w, https:\/\/tuftingeurope.com\/wp-content\/uploads\/2023\/05\/4-1-1536x864.jpg 1536w, https:\/\/tuftingeurope.com\/wp-content\/uploads\/2023\/05\/4-1-360x203.jpg 360w, https:\/\/tuftingeurope.com\/wp-content\/uploads\/2023\/05\/4-1-80x45.jpg 80w\" sizes=\"(max-width: 1920px) 100vw, 1920px\" \/><br \/>\nAkcesoria do tworzenia ostrych jak brzytwa wzor\u00f3w dywan\u00f3w<\/h2>\n<p>Nasz zestaw startowy jest pe\u0142en przydatnych akcesori\u00f3w zaprojektowanych w celu uproszczenia procesu tufting. Obejmuje on <strong>elastyczn\u0105 szpatu\u0142k\u0119<\/strong> do r\u00f3wnomiernego rozprowadzania kleju lateksowego, <strong>olej do maszyn do szycia<\/strong>, aby zapewni\u0107 p\u0142ynne dzia\u0142anie maszyny tufting i no\u017cyczek do rze\u017abienia, a tak\u017ce <strong>nawlekacz p\u0119tli<\/strong>, kt\u00f3ry szybko stanie si\u0119 niezb\u0119dnym narz\u0119dziem.  Dodatkowo, z <strong>rze\u017abiarzem dywan\u00f3w, przewodnikiem rze\u017abienia i no\u017cyczkami do kaczych dziob\u00f3w<\/strong>, b\u0119dziesz mie\u0107 wszystko, czego potrzebujesz, aby stworzy\u0107 profesjonalne dywany z ostrymi detalami.<\/p>\n","protected":false},"excerpt":{"rendered":"<p>Przygotuj si\u0119 do tworzenia dywan\u00f3w z naszym zestawem startowym Ultimate Tufting Starter Kit! Zawiera wszystkie niezb\u0119dne elementy, kt\u00f3rych potrzebujesz, aby tworzy\u0107 niesamowite, profesjonalne dywany bezpo\u015brednio z domu. <\/p>\n","protected":false},"featured_media":71428,"template":"","meta":[],"product_brand":[],"product_cat":[545],"product_tag":[],"class_list":{"0":"post-46391","1":"product","2":"type-product","3":"status-publish","4":"has-post-thumbnail","6":"product_cat-starter-kits-pl","8":"first","9":"instock","10":"sale","11":"virtual","12":"taxable","13":"purchasable","14":"product-type-yith_bundle"},"_links":{"self":[{"href":"https:\/\/tuftingeurope.com\/pl\/wp-json\/wp\/v2\/product\/46391","targetHints":{"allow":["GET"]}}],"collection":[{"href":"https:\/\/tuftingeurope.com\/pl\/wp-json\/wp\/v2\/product"}],"about":[{"href":"https:\/\/tuftingeurope.com\/pl\/wp-json\/wp\/v2\/types\/product"}],"wp:featuredmedia":[{"embeddable":true,"href":"https:\/\/tuftingeurope.com\/pl\/wp-json\/wp\/v2\/media\/71428"}],"wp:attachment":[{"href":"https:\/\/tuftingeurope.com\/pl\/wp-json\/wp\/v2\/media?parent=46391"}],"wp:term":[{"taxonomy":"product_brand","embeddable":true,"href":"https:\/\/tuftingeurope.com\/pl\/wp-json\/wp\/v2\/product_brand?post=46391"},{"taxonomy":"product_cat","embeddable":true,"href":"https:\/\/tuftingeurope.com\/pl\/wp-json\/wp\/v2\/product_cat?post=46391"},{"taxonomy":"product_tag","embeddable":true,"href":"https:\/\/tuftingeurope.com\/pl\/wp-json\/wp\/v2\/product_tag?post=46391"}],"curies":[{"name":"wp","href":"https:\/\/api.w.org\/{rel}","templated":true}]}}