{"id":47787,"date":"2024-10-24T11:15:30","date_gmt":"2024-10-24T09:15:30","guid":{"rendered":"https:\/\/tuftingeurope.com\/product\/probnik-przedzy-juz-wkrotce\/"},"modified":"2026-03-13T13:45:28","modified_gmt":"2026-03-13T12:45:28","slug":"yarn-sample-card","status":"publish","type":"product","link":"https:\/\/tuftingeurope.com\/pl\/produkt\/yarn-sample-card\/","title":{"rendered":"We\u0142na Prz\u0119dza do tuftingu Przyk\u0142adowa ksi\u0105\u017cka"},"content":{"rendered":"<p>Od wyrazistych pogrubie\u0144 po delikatne neutralne odcienie &#8211; ta broszura pozwala do\u015bwiadczy\u0107 bogatej tekstury i realistycznych odcieni w d\u0142oniach przed przyst\u0105pieniem do tworzenia. Idealny do testowania kombinacji, planowania projekt\u00f3w lub po prostu inspirowania si\u0119 &#8211; poniewa\u017c ka\u017cde arcydzie\u0142o zaczyna si\u0119 od odpowiednich kolor\u00f3w. <\/p>\n<h2>Przewodnik po kolorach<\/h2>\n\n<table id=\"tablepress-5\" class=\"tablepress tablepress-id-5\">\n<thead>\n<tr class=\"row-1\">\n\t<th class=\"column-1\">Number<\/th><th class=\"column-2\">Color<\/th>\n<\/tr>\n<\/thead>\n<tbody class=\"row-striping row-hover\">\n<tr class=\"row-2\">\n\t<td class=\"column-1\">1<\/td><td class=\"column-2\"><a href=\"https:\/\/tuftingeurope.com\/product\/black-tufting-yarn-500g-wool\/\">Black<\/a><\/td>\n<\/tr>\n<tr class=\"row-3\">\n\t<td class=\"column-1\">2<\/td><td class=\"column-2\"><a href=\"https:\/\/tuftingeurope.com\/product\/dark-grey-tufting-yarn-500g-wool\/\">Dark Grey<\/a><\/td>\n<\/tr>\n<tr class=\"row-4\">\n\t<td class=\"column-1\">3<\/td><td class=\"column-2\"><a href=\"https:\/\/tuftingeurope.com\/product\/graphite-grey-tufting-yarn-500g-wool\/\">Graphite Grey<\/a><\/td>\n<\/tr>\n<tr class=\"row-5\">\n\t<td class=\"column-1\">4<\/td><td class=\"column-2\"><a href=\"https:\/\/tuftingeurope.com\/product\/light-grey-tufting-yarn-500g-wool\/\">Light Grey<\/a><\/td>\n<\/tr>\n<tr class=\"row-6\">\n\t<td class=\"column-1\">5<\/td><td class=\"column-2\"><a href=\"https:\/\/tuftingeurope.com\/product\/white-tufting-yarn-500g-wool\/\">White<\/a><\/td>\n<\/tr>\n<tr class=\"row-7\">\n\t<td class=\"column-1\">6<\/td><td class=\"column-2\"><a href=\"https:\/\/tuftingeurope.com\/product\/peachy-beige-tufting-yarn-500g-wool\/\">Peachy Beige<\/a><\/td>\n<\/tr>\n<tr class=\"row-8\">\n\t<td class=\"column-1\">7<\/td><td class=\"column-2\"><a href=\"https:\/\/tuftingeurope.com\/product\/light-beige-tufting-yarn-500g-wool\/\">Light Beige<\/a><\/td>\n<\/tr>\n<tr class=\"row-9\">\n\t<td class=\"column-1\">8<\/td><td class=\"column-2\"><a href=\"https:\/\/tuftingeurope.com\/product\/beige-tufting-yarn-500g-wool\/\">Honey Beige<\/a><\/td>\n<\/tr>\n<tr class=\"row-10\">\n\t<td class=\"column-1\">9<\/td><td class=\"column-2\"><a href=\"https:\/\/tuftingeurope.com\/product\/teddy-brown-tufting-yarn-500g-wool\/\">Maple Brown<\/a><\/td>\n<\/tr>\n<tr class=\"row-11\">\n\t<td class=\"column-1\">10<\/td><td class=\"column-2\"><a href=\"https:\/\/tuftingeurope.com\/product\/light-brown-tufting-yarn-500g-wool\/\">Light Brown<\/a><\/td>\n<\/tr>\n<tr class=\"row-12\">\n\t<td class=\"column-1\">11<\/td><td class=\"column-2\"><a href=\"https:\/\/tuftingeurope.com\/product\/auberginepurple-tufting-yarn-500g-wool\/\">Aubergine Purple<\/a><\/td>\n<\/tr>\n<tr class=\"row-13\">\n\t<td class=\"column-1\">12<\/td><td class=\"column-2\"><a href=\"https:\/\/tuftingeurope.com\/product\/deep-pink-tufting-yarn-500g-wool\/\">Deep Pink<\/a><\/td>\n<\/tr>\n<tr class=\"row-14\">\n\t<td class=\"column-1\">13<\/td><td class=\"column-2\"><a href=\"https:\/\/tuftingeurope.com\/product\/fuchsia-pink-tufting-yarn-500g-wool\/\">Fuchsia Pink<\/a><\/td>\n<\/tr>\n<tr class=\"row-15\">\n\t<td class=\"column-1\">14<\/td><td class=\"column-2\"><a href=\"https:\/\/tuftingeurope.com\/product\/super-pink-tufting-yarn-500g-wool\/\">Super Pink<\/a><\/td>\n<\/tr>\n<tr class=\"row-16\">\n\t<td class=\"column-1\">15<\/td><td class=\"column-2\"><a href=\"https:\/\/tuftingeurope.com\/product\/light-pink-tufting-yarn-500g-wool\/\">Light Pink<\/a><\/td>\n<\/tr>\n<tr class=\"row-17\">\n\t<td class=\"column-1\">16<\/td><td class=\"column-2\"><a href=\"https:\/\/tuftingeurope.com\/product\/khaki-tufting-yarn-500g-wool\/\">Khaki<\/a><\/td>\n<\/tr>\n<tr class=\"row-18\">\n\t<td class=\"column-1\">17<\/td><td class=\"column-2\"><a href=\"https:\/\/tuftingeurope.com\/product\/salmon-tufting-yarn-500g-wool\/\">Salmon<\/a><\/td>\n<\/tr>\n<tr class=\"row-19\">\n\t<td class=\"column-1\">18<\/td><td class=\"column-2\"><a href=\"https:\/\/tuftingeurope.com\/product\/ginger-orange-tufting-yarn-500g-wool\/\">Ginger Orange<\/a><\/td>\n<\/tr>\n<tr class=\"row-20\">\n\t<td class=\"column-1\">19<\/td><td class=\"column-2\"><a href=\"https:\/\/tuftingeurope.com\/product\/warm-brown-tufting-yarn-500g-wool\/\">Warm Brown<\/a><\/td>\n<\/tr>\n<tr class=\"row-21\">\n\t<td class=\"column-1\">20<\/td><td class=\"column-2\"><a href=\"https:\/\/tuftingeurope.com\/product\/dark-brown-tufting-yarn-500g-wool\/\">Dark Brown<\/a><\/td>\n<\/tr>\n<tr class=\"row-22\">\n\t<td class=\"column-1\">21<\/td><td class=\"column-2\"><a href=\"https:\/\/tuftingeurope.com\/product\/bordeaux-tufting-yarn-500g-wool\/\">Bordeaux Red<\/a><\/td>\n<\/tr>\n<tr class=\"row-23\">\n\t<td class=\"column-1\">22<\/td><td class=\"column-2\"><a href=\"https:\/\/tuftingeurope.com\/product\/cherry-red-tufting-yarn-500g-wool\/\">Cherry Red<\/a><\/td>\n<\/tr>\n<tr class=\"row-24\">\n\t<td class=\"column-1\">23<\/td><td class=\"column-2\"><a href=\"https:\/\/tuftingeurope.com\/product\/red-tufting-yarn-500g-wool\/\">Red<\/a><\/td>\n<\/tr>\n<tr class=\"row-25\">\n\t<td class=\"column-1\">24<\/td><td class=\"column-2\"><a href=\"https:\/\/tuftingeurope.com\/product\/fluor-red-tufting-yarn-500g-wool\/\">Fluor Red<\/a><\/td>\n<\/tr>\n<tr class=\"row-26\">\n\t<td class=\"column-1\">25<\/td><td class=\"column-2\"><a href=\"https:\/\/tuftingeurope.com\/product\/orange-blast-tufting-yarn-500g-wool\/\">Orange Blast<\/a><\/td>\n<\/tr>\n<tr class=\"row-27\">\n\t<td class=\"column-1\">26<\/td><td class=\"column-2\"><a href=\"https:\/\/tuftingeurope.com\/product\/orange-tufting-yarn-500g-wool\/\">Orange<\/a><\/td>\n<\/tr>\n<tr class=\"row-28\">\n\t<td class=\"column-1\">27<\/td><td class=\"column-2\"><a href=\"https:\/\/tuftingeurope.com\/product\/ochre-yellow-tufting-yarn-500g-wool\/\">Ochre Yellow<\/a><\/td>\n<\/tr>\n<tr class=\"row-29\">\n\t<td class=\"column-1\">28<\/td><td class=\"column-2\"><a href=\"https:\/\/tuftingeurope.com\/product\/mustard-yellow-tufting-yarn-500g-wool\/\">Musterd Yellow<\/a><\/td>\n<\/tr>\n<tr class=\"row-30\">\n\t<td class=\"column-1\">29<\/td><td class=\"column-2\"><a href=\"https:\/\/tuftingeurope.com\/product\/light-orange-tufting-yarn-500g-wool\/\">Light Orange<\/a><\/td>\n<\/tr>\n<tr class=\"row-31\">\n\t<td class=\"column-1\">30<\/td><td class=\"column-2\"><a href=\"https:\/\/tuftingeurope.com\/product\/yellow-tufting-yarn-500g-wool\/\">Yellow<\/a><\/td>\n<\/tr>\n<tr class=\"row-32\">\n\t<td class=\"column-1\">31<\/td><td class=\"column-2\"><a href=\"https:\/\/tuftingeurope.com\/product\/forest-green-tufting-yarn-500g-wool\/\">Forest Green<\/a><\/td>\n<\/tr>\n<tr class=\"row-33\">\n\t<td class=\"column-1\">32<\/td><td class=\"column-2\"><a href=\"https:\/\/tuftingeurope.com\/product\/pine-green-tufting-yarn-500g-wool\/\">Pine Green<\/a><\/td>\n<\/tr>\n<tr class=\"row-34\">\n\t<td class=\"column-1\">33<\/td><td class=\"column-2\"><a href=\"https:\/\/tuftingeurope.com\/product\/moss-green-tufting-yarn-500g-wool\/\">Moss Green<\/a><\/td>\n<\/tr>\n<tr class=\"row-35\">\n\t<td class=\"column-1\">34<\/td><td class=\"column-2\"><a href=\"https:\/\/tuftingeurope.com\/product\/dark-green-tufting-yarn-500g-wool\/\">Dark Green<\/a><\/td>\n<\/tr>\n<tr class=\"row-36\">\n\t<td class=\"column-1\">35<\/td><td class=\"column-2\"><a href=\"https:\/\/tuftingeurope.com\/product\/regular-green-tufting-yarn-500g-wool\/\">Regular Green<\/a><\/td>\n<\/tr>\n<tr class=\"row-37\">\n\t<td class=\"column-1\">36<\/td><td class=\"column-2\"><a href=\"https:\/\/tuftingeurope.com\/product\/olive-green-tufting-yarn-500g-wool\/\">Olive Green<\/a><\/td>\n<\/tr>\n<tr class=\"row-38\">\n\t<td class=\"column-1\">37<\/td><td class=\"column-2\"><a href=\"https:\/\/tuftingeurope.com\/product\/light-teal-tufting-yarn-500g-wool\/\">Light Teal<\/a><\/td>\n<\/tr>\n<tr class=\"row-39\">\n\t<td class=\"column-1\">38<\/td><td class=\"column-2\"><a href=\"https:\/\/tuftingeurope.com\/product\/light-blue-tufting-yarn-500g-wool\/\">Light Blue<\/a><\/td>\n<\/tr>\n<tr class=\"row-40\">\n\t<td class=\"column-1\">39<\/td><td class=\"column-2\"><a href=\"https:\/\/tuftingeurope.com\/product\/mid-teal-tufting-yarn-500g-wool\/\">Mid Teal<\/a><\/td>\n<\/tr>\n<tr class=\"row-41\">\n\t<td class=\"column-1\">40<\/td><td class=\"column-2\"><a href=\"https:\/\/tuftingeurope.com\/product\/teal-tufting-yarn-500g-wool\/\">Teal<\/a><\/td>\n<\/tr>\n<tr class=\"row-42\">\n\t<td class=\"column-1\">41<\/td><td class=\"column-2\"><a href=\"https:\/\/tuftingeurope.com\/product\/dark-purple-tufting-yarn-500g-wool\/\">Dark Purple<\/a><\/td>\n<\/tr>\n<tr class=\"row-43\">\n\t<td class=\"column-1\">42<\/td><td class=\"column-2\"><a href=\"https:\/\/tuftingeurope.com\/product\/navy-blue-tufting-yarn-500g-wool\/\">Navy Blue<\/a><\/td>\n<\/tr>\n<tr class=\"row-44\">\n\t<td class=\"column-1\">43<\/td><td class=\"column-2\"><a href=\"https:\/\/tuftingeurope.com\/product\/cobalt-blue-tufting-yarn-500g-wool\/\">Cobalt Blue<\/a><\/td>\n<\/tr>\n<tr class=\"row-45\">\n\t<td class=\"column-1\">44<\/td><td class=\"column-2\"><a href=\"https:\/\/tuftingeurope.com\/product\/mid-blue-tufting-yarn-500g-wool\/\">Mid Blue<\/a><\/td>\n<\/tr>\n<tr class=\"row-46\">\n\t<td class=\"column-1\">45<\/td><td class=\"column-2\"><a href=\"https:\/\/tuftingeurope.com\/product\/sky-blue-tufting-yarn-500g-wool\/\">Sky Blue<\/a><\/td>\n<\/tr>\n<tr class=\"row-47\">\n\t<td class=\"column-1\">46<\/td><td class=\"column-2\"><a href=\"https:\/\/tuftingeurope.com\/product\/steel-blue-tufting-yarn-500g-wool\/\">Steel Blue<\/a><\/td>\n<\/tr>\n<tr class=\"row-48\">\n\t<td class=\"column-1\">47<\/td><td class=\"column-2\"><a href=\"https:\/\/tuftingeurope.com\/product\/light-aqua-tufting-yarn-500g-wool\/\">Light Aqua<\/a><\/td>\n<\/tr>\n<tr class=\"row-49\">\n\t<td class=\"column-1\">48<\/td><td class=\"column-2\"><a href=\"https:\/\/tuftingeurope.com\/product\/turquoise-tufting-yarn-500g-wool\/\">Turquoise<\/a><\/td>\n<\/tr>\n<tr class=\"row-50\">\n\t<td class=\"column-1\">49<\/td><td class=\"column-2\"><a href=\"https:\/\/tuftingeurope.com\/product\/super-blue-tufting-yarn-500g-wool\/\">Super Blue<\/a><\/td>\n<\/tr>\n<tr class=\"row-51\">\n\t<td class=\"column-1\">50<\/td><td class=\"column-2\"><a href=\"https:\/\/tuftingeurope.com\/product\/mid-indigo-blue-tufting-yarn-500g-wool\/\">Mid Indigo Blue<\/a><\/td>\n<\/tr>\n<tr class=\"row-52\">\n\t<td class=\"column-1\">51<\/td><td class=\"column-2\"><a href=\"https:\/\/tuftingeurope.com\/product\/violet-tufting-yarn-500g-wool\/\">Violet<\/a><\/td>\n<\/tr>\n<tr class=\"row-53\">\n\t<td class=\"column-1\">52<\/td><td class=\"column-2\"><a href=\"https:\/\/tuftingeurope.com\/product\/light-purple-tufting-yarn-500g-wool\/\">Light Purple<\/a><\/td>\n<\/tr>\n<\/tbody>\n<\/table>\n<!-- #tablepress-5 from cache -->\n<h2>O\u017cyw swoje projekty dzi\u0119ki 52 \u017cywym kolorom<\/h2>\n<p>Z\u0142oty standard w dziedzinie tuftingu. Nasza najwy\u017cszej jako\u015bci prz\u0119dza tufting jest teraz dost\u0119pna w <strong>52 osza\u0142amiaj\u0105cych kolorach &#8211; od<\/strong>odwa\u017cnych, przyci\u0105gaj\u0105cych wzrok odcieni po delikatne, ponadczasowe tony. Ka\u017cdy kolor zosta\u0142 specjalnie opracowany, aby pozosta\u0107 bogatym, \u017cywym i prawdziwym, dzi\u0119ki czemu Pa\u0144stwa dywany i dzie\u0142a sztuki naprawd\u0119 si\u0119 wyr\u00f3\u017cniaj\u0105.  <\/p>\n<p>Wykonany <strong>w 100% z nowozelandzkiej we\u0142ny<\/strong>, ten naturalnie spr\u0119\u017cysty materia\u0142 zmniejsza sp\u0142aszczanie i zu\u017cycie, zapewniaj\u0105c, \u017ce Pa\u0144stwa niestandardowe kreacje pozostan\u0105 pi\u0119kne i trwa\u0142e.<\/p>\n<p>Dla entuzjast\u00f3w prz\u0119dzy: nasza we\u0142na jest <strong>prz\u0119dziona rdzeniowo z pr\u0119dko\u015bci\u0105 140 TPM<\/strong> w <strong>sk\u0142adzie 837\/3 Tex<\/strong>, co gwarantuje p\u0142ynny przep\u0142yw przez maszyny tufting bez zaci\u0119\u0107 i niesp\u00f3jno\u015bci. Mog\u0105 Pa\u0144stwo skupi\u0107 si\u0119 na swoim projekcie, wiedz\u0105c, \u017ce prz\u0119dza bez trudu wsp\u00f3\u0142pracuje z Pa\u0144stwa narz\u0119dziami. <\/p>\n<p>Ka\u017cdy sto\u017cek zawiera <strong>500 gram\u00f3w<\/strong> (ok. 500 metr\u00f3w) wysokiej jako\u015bci we\u0142ny, zapewniaj\u0105c mn\u00f3stwo materia\u0142u do pobudzenia Pa\u0144stwa kreatywno\u015bci. Dla por\u00f3wnania, <strong>dywanik o wymiarach 80\u00d780 cm<\/strong> wymaga zazwyczaj oko\u0142o <strong>1500 gram\u00f3w<\/strong> prz\u0119dzy. <\/p>\n<h2>Dlaczego warto wybra\u0107 prz\u0119dz\u0119 we\u0142nian\u0105 Premium?<\/h2>\n<ul>\n<li><strong>100% nowozelandzka we\u0142na owcza<\/strong> &#8211; mi\u0119kka, trwa\u0142a i naturalnie spr\u0119\u017cysta.<\/li>\n<li><strong>Dobrostan zwierz\u0105t<\/strong> &#8211; pochodzi z gospodarstw, kt\u00f3re przestrzegaj\u0105 Pi\u0119ciu Wolno\u015bci Dobrostanu Zwierz\u0105t.<\/li>\n<li><strong>837\/3 Tex<\/strong> &#8211; idealna grubo\u015b\u0107 dla g\u0142adkich rezultat\u00f3w tufting.<\/li>\n<li><strong>500 metr\u00f3w na sto\u017cek<\/strong> &#8211; doskona\u0142y zasi\u0119g dla Pa\u0144stwa projekt\u00f3w.<\/li>\n<li><strong>Anti-Pilling &amp; Anti-Static<\/strong> &#8211; zapobiega przyci\u0105ganiu kurzu, zapobiega tworzeniu si\u0119 ma\u0142ych kulek.<\/li>\n<li><strong>Ciasno tkane w\u0142\u00f3kna<\/strong> &#8211; zmniejszaj\u0105 wypadanie i sprawiaj\u0105, \u017ce proces tufting nie jest frustruj\u0105cy.<\/li>\n<\/ul>\n\n<table id=\"tablepress-4\" class=\"tablepress tablepress-id-4\">\n<thead>\n<tr class=\"row-1\">\n\t<th class=\"column-1\">Specifications<\/th><td class=\"column-2\"><\/td>\n<\/tr>\n<\/thead>\n<tbody class=\"row-striping\">\n<tr class=\"row-2\">\n\t<td class=\"column-1\">Material<\/td><td class=\"column-2\">100% New Zealand Sheeps Wool<\/td>\n<\/tr>\n<tr class=\"row-3\">\n\t<td class=\"column-1\">Animal Welfare<\/td><td class=\"column-2\">Responsible Wool Standard (RWS)<\/td>\n<\/tr>\n<tr class=\"row-4\">\n\t<td class=\"column-1\">Properties<\/td><td class=\"column-2\">Anti-pilling, Anti-static, Mothproof<br \/>\n<\/td>\n<\/tr>\n<tr class=\"row-5\">\n\t<td class=\"column-1\">Compostition<\/td><td class=\"column-2\">Core spun at 140 TPM<\/td>\n<\/tr>\n<tr class=\"row-6\">\n\t<td class=\"column-1\">Weight<\/td><td class=\"column-2\">500 grams<\/td>\n<\/tr>\n<tr class=\"row-7\">\n\t<td class=\"column-1\">Length<\/td><td class=\"column-2\">~500 meters<\/td>\n<\/tr>\n<tr class=\"row-8\">\n\t<td class=\"column-1\">Tex<\/td><td class=\"column-2\">837\/3<\/td>\n<\/tr>\n<tr class=\"row-9\">\n\t<td class=\"column-1\">Needle Size<\/td><td class=\"column-2\">4mm<\/td>\n<\/tr>\n<tr class=\"row-10\">\n\t<td class=\"column-1\">Compatibility\t<\/td><td class=\"column-2\">Tufting, Knitting<\/td>\n<\/tr>\n<tr class=\"row-11\">\n\t<td class=\"column-1\">Coned?<\/td><td class=\"column-2\">Yes, cardboard cone<\/td>\n<\/tr>\n<\/tbody>\n<\/table>\n<!-- #tablepress-4 from cache -->\n<h2>Odpowiedzialny standard we\u0142ny<\/h2>\n<p>Dbamy o dobrostan zwierz\u0105t i zr\u00f3wnowa\u017cone praktyki uprawy ziemi. Dlatego nasza 100% nowozelandzka we\u0142na spe\u0142nia standard Responsible Wool Standard (RWS). Certyfikat ten gwarantuje, \u017ce nasza we\u0142na pochodzi z gospodarstw, kt\u00f3re priorytetowo traktuj\u0105 etyczne traktowanie owiec, zapewniaj\u0105c poszanowanie ich Pi\u0119ciu Wolno\u015bci w zakresie dobrostanu zwierz\u0105t. Nie tylko tworz\u0105 Pa\u0144stwo pi\u0119kne, trwa\u0142e dywany, ale tak\u017ce wspieraj\u0105 zr\u00f3wnowa\u017cone i przyjazne zwierz\u0119tom praktyki.   <\/p>\n<h2>Cz\u0119sto zadawane pytania<\/h2>\n<div class=\"accordion\">\n\n\t<div id=\"accordion-1655979992\" class=\"accordion-item\">\n\t\t<a id=\"accordion-1655979992-label\" class=\"accordion-title plain active\" href=\"#accordion-item-czy-mog\u0119-u\u017cywa\u0107-tej-we\u0142nianej-prz\u0119dzy-na-dowolnej-maszynie-tufting?\" aria-expanded=\"true\" aria-controls=\"accordion-1655979992-content\">\n\t\t\t<button class=\"toggle\" aria-label=\"Prze\u0142\u0105cznik\"><i class=\"icon-angle-down\" aria-hidden=\"true\"><\/i><\/button>\n\t\t\t<span>Czy mog\u0119 u\u017cywa\u0107 tej we\u0142nianej prz\u0119dzy na dowolnej maszynie tufting?<\/span>\n\t\t<\/a>\n\t\t<div id=\"accordion-1655979992-content\" class=\"accordion-inner\" style=\"display: block;\" aria-labelledby=\"accordion-1655979992-label\">\n\t\t\t\n\n<p>Nasza prz\u0119dza zosta\u0142a specjalnie zaprojektowana do bezproblemowej wsp\u00f3\u0142pracy z maszynami tufting, w tym modelami AK-1 i AK-V. Jej sk\u0142ad 837\/3 Tex pozwala na tufting dwoma nitkami jednocze\u015bnie bez zatykania otworu na ig\u0142\u0119, zapewniaj\u0105c p\u0142ynn\u0105 i bezproblemow\u0105 prac\u0119. <\/p>\n\n\n\t\t<\/div>\n\t<\/div>\n\t\n\t<div id=\"accordion-2364120884\" class=\"accordion-item\">\n\t\t<a id=\"accordion-2364120884-label\" class=\"accordion-title plain\" href=\"#accordion-item-ile-prz\u0119dzy-potrzebuj\u0119-na-tuftowany-dywan?\" aria-expanded=\"false\" aria-controls=\"accordion-2364120884-content\">\n\t\t\t<button class=\"toggle\" aria-label=\"Prze\u0142\u0105cznik\"><i class=\"icon-angle-down\" aria-hidden=\"true\"><\/i><\/button>\n\t\t\t<span>Ile prz\u0119dzy potrzebuj\u0119 na tuftowany dywan?<\/span>\n\t\t<\/a>\n\t\t<div id=\"accordion-2364120884-content\" class=\"accordion-inner\" aria-labelledby=\"accordion-2364120884-label\">\n\t\t\t\n\n<p>Na dywanik o wymiarach 50x50 cm potrzeba oko\u0142o 500-700 gram\u00f3w w\u0142\u00f3czki.<br>  Na dywanik o wymiarach 150x200 cm prosz\u0119 zaplanowa\u0107 oko\u0142o 2-3 kilogram\u00f3w w\u0142\u00f3czki.<\/p>\n<p>Dok\u0142adna ilo\u015b\u0107 zale\u017cy od Pa\u0144stwa techniki tufting. Czynniki takie jak odst\u0119py mi\u0119dzy liniami i pr\u0119dko\u015b\u0107 tufting - niezale\u017cnie od tego, czy tworz\u0105 Pa\u0144stwo g\u0119ste, czy bardziej oddalone od siebie linie - mog\u0105 mie\u0107 wp\u0142yw na zu\u017cycie prz\u0119dzy. <\/p>\n\n\n\t\t<\/div>\n\t<\/div>\n\t\n\t<div id=\"accordion-1269337770\" class=\"accordion-item\">\n\t\t<a id=\"accordion-1269337770-label\" class=\"accordion-title plain\" href=\"#accordion-item-jak-czy\u015bci\u0107-we\u0142niany-dywan-z-tuftingiem?\" aria-expanded=\"false\" aria-controls=\"accordion-1269337770-content\">\n\t\t\t<button class=\"toggle\" aria-label=\"Prze\u0142\u0105cznik\"><i class=\"icon-angle-down\" aria-hidden=\"true\"><\/i><\/button>\n\t\t\t<span>Jak czy\u015bci\u0107 we\u0142niany dywan z tuftingiem?<\/span>\n\t\t<\/a>\n\t\t<div id=\"accordion-1269337770-content\" class=\"accordion-inner\" aria-labelledby=\"accordion-1269337770-label\">\n\t\t\t\n\n<p>Nasza we\u0142na radzi sobie z wilgoci\u0105 - wystarczy pozwoli\u0107 jej wyschn\u0105\u0107 w naturalny spos\u00f3b. W przypadku zabrudze\u0144, takich jak kawa, prosz\u0119 delikatnie czy\u015bci\u0107 plamy \u0142agodnym detergentem i zimn\u0105 wod\u0105. Aby zachowa\u0107 mi\u0119kko\u015b\u0107 i trwa\u0142o\u015b\u0107 dywanu, prosz\u0119 unika\u0107 prania w pralce i nigdy nie u\u017cywa\u0107 suszarki, poniewa\u017c wysoka temperatura mo\u017ce spowodowa\u0107 kurczenie si\u0119 dywanu.  <\/p>\n\n\n\t\t<\/div>\n\t<\/div>\n\t\n\t<div id=\"accordion-4132348351\" class=\"accordion-item\">\n\t\t<a id=\"accordion-4132348351-label\" class=\"accordion-title plain\" href=\"#accordion-item-dlaczego-warto-wybra\u0107-100%-prz\u0119dz\u0119-we\u0142nian\u0105-na-tufting?\" aria-expanded=\"false\" aria-controls=\"accordion-4132348351-content\">\n\t\t\t<button class=\"toggle\" aria-label=\"Prze\u0142\u0105cznik\"><i class=\"icon-angle-down\" aria-hidden=\"true\"><\/i><\/button>\n\t\t\t<span>Dlaczego warto wybra\u0107 100% prz\u0119dz\u0119 we\u0142nian\u0105 na tufting?<\/span>\n\t\t<\/a>\n\t\t<div id=\"accordion-4132348351-content\" class=\"accordion-inner\" aria-labelledby=\"accordion-4132348351-label\">\n\t\t\t\n\n<p>Nasza prz\u0119dza wykonana w 100% z nowozelandzkiej we\u0142ny jest idealnym wyborem dla tufting- trwa\u0142a, mi\u0119kka i w pe\u0142ni kompatybilna zar\u00f3wno z maszynami z ci\u0119tym w\u0142osiem, jak i maszynami z w\u0142osiem p\u0119telkowym.<\/p>\n<p>Niezale\u017cnie od tego, czy tworz\u0105 Pa\u0144stwo dzie\u0142a sztuki, czy prace na zam\u00f3wienie, we\u0142na przewy\u017csza akryl, zachowuj\u0105c swoj\u0105 wytrzyma\u0142o\u015b\u0107, \u017cywy kolor i jako\u015b\u0107 przez d\u0142ugi czas - bez ryzyka p\u0119kni\u0119cia lub blakni\u0119cia.<\/p>\n\n\n\t\t<\/div>\n\t<\/div>\n\t\n\t<div id=\"accordion-2655463520\" class=\"accordion-item\">\n\t\t<a id=\"accordion-2655463520-label\" class=\"accordion-title plain\" href=\"#accordion-item-czy-prz\u0119dza-jest-odporna-na-farbowanie?\" aria-expanded=\"false\" aria-controls=\"accordion-2655463520-content\">\n\t\t\t<button class=\"toggle\" aria-label=\"Prze\u0142\u0105cznik\"><i class=\"icon-angle-down\" aria-hidden=\"true\"><\/i><\/button>\n\t\t\t<span>Czy prz\u0119dza jest odporna na farbowanie?<\/span>\n\t\t<\/a>\n\t\t<div id=\"accordion-2655463520-content\" class=\"accordion-inner\" aria-labelledby=\"accordion-2655463520-label\">\n\t\t\t\n\n<p>Tak! Nasza prz\u0119dza jest trwa\u0142a i specjalnie zaprojektowana, aby zachowa\u0107 sw\u00f3j bogaty, \u017cywy kolor przez d\u0142ugi czas, nawet przy regularnym u\u017cytkowaniu. Pa\u0144stwa tuftowane kreacje zachowaj\u0105 \u015bwie\u017cy i jasny wygl\u0105d przez wiele lat.  <\/p>\n\n\n\t\t<\/div>\n\t<\/div>\n\t\n\n<\/div>\n","protected":false},"excerpt":{"rendered":"<p>Prosz\u0119 osobi\u015bcie przekona\u0107 si\u0119 o fakturze i odcieniu ka\u017cdej z naszych 52 w\u0142\u00f3czek tufting, aby mie\u0107 pewno\u015b\u0107, \u017ce wybior\u0105 Pa\u0144stwo idealne odcienie. Odwa\u017cne odcienie, subtelne tony lub wszystko pomi\u0119dzy. <\/p>\n<p>Prosz\u0119 to poczu\u0107. Prosz\u0119 to zobaczy\u0107. Prosz\u0119 tworzy\u0107 z pewno\u015bci\u0105 siebie.  <\/p>\n","protected":false},"featured_media":46535,"template":"","meta":[],"product_brand":[],"product_cat":[453],"product_tag":[],"class_list":{"0":"post-47787","1":"product","2":"type-product","3":"status-publish","4":"has-post-thumbnail","6":"product_cat-przedza","8":"first","9":"instock","10":"sold-individually","11":"taxable","12":"shipping-taxable","13":"purchasable","14":"product-type-simple"},"_links":{"self":[{"href":"https:\/\/tuftingeurope.com\/pl\/wp-json\/wp\/v2\/product\/47787","targetHints":{"allow":["GET"]}}],"collection":[{"href":"https:\/\/tuftingeurope.com\/pl\/wp-json\/wp\/v2\/product"}],"about":[{"href":"https:\/\/tuftingeurope.com\/pl\/wp-json\/wp\/v2\/types\/product"}],"wp:featuredmedia":[{"embeddable":true,"href":"https:\/\/tuftingeurope.com\/pl\/wp-json\/wp\/v2\/media\/46535"}],"wp:attachment":[{"href":"https:\/\/tuftingeurope.com\/pl\/wp-json\/wp\/v2\/media?parent=47787"}],"wp:term":[{"taxonomy":"product_brand","embeddable":true,"href":"https:\/\/tuftingeurope.com\/pl\/wp-json\/wp\/v2\/product_brand?post=47787"},{"taxonomy":"product_cat","embeddable":true,"href":"https:\/\/tuftingeurope.com\/pl\/wp-json\/wp\/v2\/product_cat?post=47787"},{"taxonomy":"product_tag","embeddable":true,"href":"https:\/\/tuftingeurope.com\/pl\/wp-json\/wp\/v2\/product_tag?post=47787"}],"curies":[{"name":"wp","href":"https:\/\/api.w.org\/{rel}","templated":true}]}}