{"id":48896,"date":"2024-10-07T03:28:47","date_gmt":"2024-10-07T01:28:47","guid":{"rendered":"https:\/\/tuftingeurope.com\/product\/welniana-przedza-do-tuftingu-500-g-w-kolorze-ciemnoniebieskim-fioletowym\/"},"modified":"2025-11-26T23:11:15","modified_gmt":"2025-11-26T22:11:15","slug":"cobalt-blue-tufting-yarn-500g-wool","status":"publish","type":"product","link":"https:\/\/tuftingeurope.com\/pl\/produkt\/cobalt-blue-tufting-yarn-500g-wool\/","title":{"rendered":"We\u0142na Cobalt Blue 500 g Prz\u0119dza do tuftingu"},"content":{"rendered":"<h2>O\u017cyw swoje projekty dzi\u0119ki 52 \u017cywym kolorom<\/h2>\n<p>Najwy\u017cszej jako\u015bci w\u0142\u00f3czka dla artyst\u00f3w tufting. Nasza najwy\u017cszej jako\u015bci prz\u0119dza w 100% z nowozelandzkiej we\u0142ny jest teraz dost\u0119pna w 52 pi\u0119knych kolorach &#8211; od odwa\u017cnych, \u017cywych odcieni po delikatne, klasyczne odcienie.  Zaprojektowane, aby pozosta\u0107 bogatymi i prawdziwymi przez d\u0142ugi czas, Pa\u0144stwa dywany i dzie\u0142a sztuki b\u0119d\u0105 si\u0119 wyr\u00f3\u017cnia\u0107 i przetrwaj\u0105 ca\u0142e \u017cycie.<\/p>\n<p>&nbsp;<\/p>\n<h2>Dlaczego warto wybra\u0107 prz\u0119dz\u0119 we\u0142nian\u0105 Premium?<\/h2>\n<ul>\n<li><strong>100% nowozelandzka we\u0142na owcza<\/strong> &#8211; mi\u0119kka, trwa\u0142a i naturalnie spr\u0119\u017cysta.<\/li>\n<li><strong>Dobrostan zwierz\u0105t<\/strong> &#8211; pochodzi z gospodarstw, kt\u00f3re przestrzegaj\u0105 Pi\u0119ciu Wolno\u015bci Dobrostanu Zwierz\u0105t.<\/li>\n<li><strong>837\/3 Tex<\/strong> &#8211; idealna grubo\u015b\u0107 dla g\u0142adkich rezultat\u00f3w tufting.<\/li>\n<li><strong>500 metr\u00f3w na sto\u017cek<\/strong> &#8211; doskona\u0142y zasi\u0119g dla Pa\u0144stwa projekt\u00f3w.<\/li>\n<li><strong>Anti-Pilling &amp; Anti-Static<\/strong> &#8211; zapobiega przyci\u0105ganiu kurzu, zapobiega tworzeniu si\u0119 ma\u0142ych kulek.<\/li>\n<li><strong>Ciasno tkane w\u0142\u00f3kna<\/strong> &#8211; zmniejszaj\u0105 wypadanie i sprawiaj\u0105, \u017ce proces tufting nie jest frustruj\u0105cy.<\/li>\n<\/ul>\n<p>&nbsp;<\/p>\n\n<table id=\"tablepress-4\" class=\"tablepress tablepress-id-4\">\n<thead>\n<tr class=\"row-1\">\n\t<th class=\"column-1\">Specifications<\/th><td class=\"column-2\"><\/td>\n<\/tr>\n<\/thead>\n<tbody class=\"row-striping\">\n<tr class=\"row-2\">\n\t<td class=\"column-1\">Material<\/td><td class=\"column-2\">100% New Zealand Sheeps Wool<\/td>\n<\/tr>\n<tr class=\"row-3\">\n\t<td class=\"column-1\">Animal Welfare<\/td><td class=\"column-2\">Responsible Wool Standard (RWS)<\/td>\n<\/tr>\n<tr class=\"row-4\">\n\t<td class=\"column-1\">Properties<\/td><td class=\"column-2\">Anti-pilling, Anti-static, Mothproof<br \/>\n<\/td>\n<\/tr>\n<tr class=\"row-5\">\n\t<td class=\"column-1\">Compostition<\/td><td class=\"column-2\">Core spun at 140 TPM<\/td>\n<\/tr>\n<tr class=\"row-6\">\n\t<td class=\"column-1\">Weight<\/td><td class=\"column-2\">500 grams<\/td>\n<\/tr>\n<tr class=\"row-7\">\n\t<td class=\"column-1\">Length<\/td><td class=\"column-2\">~500 meters<\/td>\n<\/tr>\n<tr class=\"row-8\">\n\t<td class=\"column-1\">Tex<\/td><td class=\"column-2\">837\/3<\/td>\n<\/tr>\n<tr class=\"row-9\">\n\t<td class=\"column-1\">Needle Size<\/td><td class=\"column-2\">4mm<\/td>\n<\/tr>\n<tr class=\"row-10\">\n\t<td class=\"column-1\">Compatibility\t<\/td><td class=\"column-2\">Tufting, Knitting<\/td>\n<\/tr>\n<tr class=\"row-11\">\n\t<td class=\"column-1\">Coned?<\/td><td class=\"column-2\">Yes, cardboard cone<\/td>\n<\/tr>\n<\/tbody>\n<\/table>\n<!-- #tablepress-4 from cache -->\n<p>&nbsp;<\/p>\n<h2>Odpowiedzialny standard we\u0142ny  <img decoding=\"async\" class=\"wp-image-49958 alignnone\" src=\"https:\/\/tuftingeurope.com\/wp-content\/uploads\/2024\/10\/rws-logo.png\" alt=\"\" width=\"35\" height=\"35\" title=\"\" srcset=\"https:\/\/tuftingeurope.com\/wp-content\/uploads\/2024\/10\/rws-logo.png 480w, https:\/\/tuftingeurope.com\/wp-content\/uploads\/2024\/10\/rws-logo-300x300.png 300w, https:\/\/tuftingeurope.com\/wp-content\/uploads\/2024\/10\/rws-logo-150x150.png 150w, https:\/\/tuftingeurope.com\/wp-content\/uploads\/2024\/10\/rws-logo-360x360.png 360w, https:\/\/tuftingeurope.com\/wp-content\/uploads\/2024\/10\/rws-logo-100x100.png 100w, https:\/\/tuftingeurope.com\/wp-content\/uploads\/2024\/10\/rws-logo-80x80.png 80w\" sizes=\"(max-width: 35px) 100vw, 35px\" \/><\/h2>\n<p>Wierzymy w wysokiej jako\u015bci we\u0142n\u0119 pozyskiwan\u0105 w odpowiedzialny spos\u00f3b. Nasza 100% nowozelandzka we\u0142na jest certyfikowana przez Responsible Wool Standard (RWS), co gwarantuje, \u017ce pochodzi z gospodarstw, kt\u00f3re dbaj\u0105 o swoje owce i \u015brodowisko. Oznacza to etyczne traktowanie zwierz\u0105t i zr\u00f3wnowa\u017cone zarz\u0105dzanie gruntami, kt\u00f3rym mog\u0105 Pa\u0144stwo zaufa\u0107.  <\/p>\n<p>Wybieraj\u0105c nasz\u0105 we\u0142n\u0119, nie tylko tworz\u0105 Pa\u0144stwo pi\u0119kne, trwa\u0142e dywany najwy\u017cszej jako\u015bci &#8211; wspieraj\u0105 Pa\u0144stwo r\u00f3wnie\u017c lepsze praktyki rolnicze.<\/p>\n<p>&nbsp;<\/p>\n<h2>Cz\u0119sto zadawane pytania<\/h2>\n<div class=\"accordion\">\n\n\t<div id=\"accordion-1752241347\" class=\"accordion-item\">\n\t\t<a id=\"accordion-1752241347-label\" class=\"accordion-title plain active\" href=\"#accordion-item-czy-mog\u0119-u\u017cywa\u0107-tej-we\u0142nianej-prz\u0119dzy-na-dowolnej-maszynie-tufting?\" aria-expanded=\"true\" aria-controls=\"accordion-1752241347-content\">\n\t\t\t<button class=\"toggle\" aria-label=\"Prze\u0142\u0105cznik\"><i class=\"icon-angle-down\" aria-hidden=\"true\"><\/i><\/button>\n\t\t\t<span>Czy mog\u0119 u\u017cywa\u0107 tej we\u0142nianej prz\u0119dzy na dowolnej maszynie tufting?<\/span>\n\t\t<\/a>\n\t\t<div id=\"accordion-1752241347-content\" class=\"accordion-inner\" style=\"display: block;\" aria-labelledby=\"accordion-1752241347-label\">\n\t\t\t\n\n<p>Nasza prz\u0119dza zosta\u0142a specjalnie zaprojektowana do bezproblemowej wsp\u00f3\u0142pracy z maszynami tufting, w tym modelami AK-1 i AK-V. Jej sk\u0142ad 837\/3 Tex pozwala na tufting dwoma nitkami jednocze\u015bnie bez zatykania otworu na ig\u0142\u0119, zapewniaj\u0105c p\u0142ynn\u0105 i bezproblemow\u0105 prac\u0119. <\/p>\n\n\n\t\t<\/div>\n\t<\/div>\n\t\n\t<div id=\"accordion-226835338\" class=\"accordion-item\">\n\t\t<a id=\"accordion-226835338-label\" class=\"accordion-title plain\" href=\"#accordion-item-ile-prz\u0119dzy-potrzebuj\u0119-na-tuftowany-dywan?\" aria-expanded=\"false\" aria-controls=\"accordion-226835338-content\">\n\t\t\t<button class=\"toggle\" aria-label=\"Prze\u0142\u0105cznik\"><i class=\"icon-angle-down\" aria-hidden=\"true\"><\/i><\/button>\n\t\t\t<span>Ile prz\u0119dzy potrzebuj\u0119 na tuftowany dywan?<\/span>\n\t\t<\/a>\n\t\t<div id=\"accordion-226835338-content\" class=\"accordion-inner\" aria-labelledby=\"accordion-226835338-label\">\n\t\t\t\n\n<p>Na dywanik o wymiarach 50x50 cm potrzeba oko\u0142o 500-700 gram\u00f3w w\u0142\u00f3czki.<br>  Na dywanik o wymiarach 150x200 cm prosz\u0119 zaplanowa\u0107 oko\u0142o 2-3 kilogram\u00f3w w\u0142\u00f3czki.<\/p>\n<p>Dok\u0142adna ilo\u015b\u0107 zale\u017cy od Pa\u0144stwa techniki tufting. Czynniki takie jak odst\u0119py mi\u0119dzy liniami i pr\u0119dko\u015b\u0107 tufting - niezale\u017cnie od tego, czy tworz\u0105 Pa\u0144stwo g\u0119ste, czy bardziej oddalone od siebie linie - mog\u0105 mie\u0107 wp\u0142yw na zu\u017cycie prz\u0119dzy. <\/p>\n\n\n\t\t<\/div>\n\t<\/div>\n\t\n\t<div id=\"accordion-1847988501\" class=\"accordion-item\">\n\t\t<a id=\"accordion-1847988501-label\" class=\"accordion-title plain\" href=\"#accordion-item-jak-czy\u015bci\u0107-we\u0142niany-dywan-z-tuftingiem?\" aria-expanded=\"false\" aria-controls=\"accordion-1847988501-content\">\n\t\t\t<button class=\"toggle\" aria-label=\"Prze\u0142\u0105cznik\"><i class=\"icon-angle-down\" aria-hidden=\"true\"><\/i><\/button>\n\t\t\t<span>Jak czy\u015bci\u0107 we\u0142niany dywan z tuftingiem?<\/span>\n\t\t<\/a>\n\t\t<div id=\"accordion-1847988501-content\" class=\"accordion-inner\" aria-labelledby=\"accordion-1847988501-label\">\n\t\t\t\n\n<p>Nasza we\u0142na radzi sobie z wilgoci\u0105 - wystarczy pozwoli\u0107 jej wyschn\u0105\u0107 w naturalny spos\u00f3b. W przypadku zabrudze\u0144, takich jak kawa, prosz\u0119 delikatnie czy\u015bci\u0107 plamy \u0142agodnym detergentem i zimn\u0105 wod\u0105. Aby zachowa\u0107 mi\u0119kko\u015b\u0107 i trwa\u0142o\u015b\u0107 dywanu, prosz\u0119 unika\u0107 prania w pralce i nigdy nie u\u017cywa\u0107 suszarki, poniewa\u017c wysoka temperatura mo\u017ce spowodowa\u0107 kurczenie si\u0119 dywanu.  <\/p>\n\n\n\t\t<\/div>\n\t<\/div>\n\t\n\t<div id=\"accordion-2827418887\" class=\"accordion-item\">\n\t\t<a id=\"accordion-2827418887-label\" class=\"accordion-title plain\" href=\"#accordion-item-dlaczego-warto-wybra\u0107-100%-prz\u0119dz\u0119-we\u0142nian\u0105-na-tufting?\" aria-expanded=\"false\" aria-controls=\"accordion-2827418887-content\">\n\t\t\t<button class=\"toggle\" aria-label=\"Prze\u0142\u0105cznik\"><i class=\"icon-angle-down\" aria-hidden=\"true\"><\/i><\/button>\n\t\t\t<span>Dlaczego warto wybra\u0107 100% prz\u0119dz\u0119 we\u0142nian\u0105 na tufting?<\/span>\n\t\t<\/a>\n\t\t<div id=\"accordion-2827418887-content\" class=\"accordion-inner\" aria-labelledby=\"accordion-2827418887-label\">\n\t\t\t\n\n<p>Nasza prz\u0119dza wykonana w 100% z nowozelandzkiej we\u0142ny jest idealnym wyborem dla tufting- trwa\u0142a, mi\u0119kka i w pe\u0142ni kompatybilna zar\u00f3wno z maszynami z ci\u0119tym w\u0142osiem, jak i maszynami z w\u0142osiem p\u0119telkowym.<\/p>\n<p>Niezale\u017cnie od tego, czy tworz\u0105 Pa\u0144stwo dzie\u0142a sztuki, czy prace na zam\u00f3wienie, we\u0142na przewy\u017csza akryl, zachowuj\u0105c swoj\u0105 wytrzyma\u0142o\u015b\u0107, \u017cywy kolor i jako\u015b\u0107 przez d\u0142ugi czas - bez ryzyka p\u0119kni\u0119cia lub blakni\u0119cia.<\/p>\n\n\n\t\t<\/div>\n\t<\/div>\n\t\n\t<div id=\"accordion-1904077452\" class=\"accordion-item\">\n\t\t<a id=\"accordion-1904077452-label\" class=\"accordion-title plain\" href=\"#accordion-item-czy-prz\u0119dza-jest-odporna-na-farbowanie?\" aria-expanded=\"false\" aria-controls=\"accordion-1904077452-content\">\n\t\t\t<button class=\"toggle\" aria-label=\"Prze\u0142\u0105cznik\"><i class=\"icon-angle-down\" aria-hidden=\"true\"><\/i><\/button>\n\t\t\t<span>Czy prz\u0119dza jest odporna na farbowanie?<\/span>\n\t\t<\/a>\n\t\t<div id=\"accordion-1904077452-content\" class=\"accordion-inner\" aria-labelledby=\"accordion-1904077452-label\">\n\t\t\t\n\n<p>Tak! Nasza prz\u0119dza jest trwa\u0142a i specjalnie zaprojektowana, aby zachowa\u0107 sw\u00f3j bogaty, \u017cywy kolor przez d\u0142ugi czas, nawet przy regularnym u\u017cytkowaniu. Pa\u0144stwa tuftowane kreacje zachowaj\u0105 \u015bwie\u017cy i jasny wygl\u0105d przez wiele lat.  <\/p>\n\n\n\t\t<\/div>\n\t<\/div>\n\t\n\n<\/div>\n","protected":false},"excerpt":{"rendered":"<p>Cobalt Blue to nastrojowy, bogaty odcie\u0144 \u0142\u0105cz\u0105cy niebieski i fioletowy, idealny do scen o zmierzchu, mistycznych projekt\u00f3w lub odwa\u017cnych akcent\u00f3w.<\/p>\n<p>100% we\u0142na nowozelandzka tufting &#8211; trwa\u0142a, odporna na mechacenie i g\u0142adka w dotyku. Jej bogaty, naturalny odcie\u0144 dodaje ciep\u0142a i elegancji Pa\u0144stwa tuftowanym dywanom i projektom artystycznym. <\/p>\n","protected":false},"featured_media":48163,"template":"","meta":[],"product_brand":[],"product_cat":[453],"product_tag":[],"class_list":{"0":"post-48896","1":"product","2":"type-product","3":"status-publish","4":"has-post-thumbnail","6":"product_cat-przedza","8":"first","9":"instock","10":"taxable","11":"shipping-taxable","12":"purchasable","13":"product-type-simple"},"_links":{"self":[{"href":"https:\/\/tuftingeurope.com\/pl\/wp-json\/wp\/v2\/product\/48896","targetHints":{"allow":["GET"]}}],"collection":[{"href":"https:\/\/tuftingeurope.com\/pl\/wp-json\/wp\/v2\/product"}],"about":[{"href":"https:\/\/tuftingeurope.com\/pl\/wp-json\/wp\/v2\/types\/product"}],"wp:featuredmedia":[{"embeddable":true,"href":"https:\/\/tuftingeurope.com\/pl\/wp-json\/wp\/v2\/media\/48163"}],"wp:attachment":[{"href":"https:\/\/tuftingeurope.com\/pl\/wp-json\/wp\/v2\/media?parent=48896"}],"wp:term":[{"taxonomy":"product_brand","embeddable":true,"href":"https:\/\/tuftingeurope.com\/pl\/wp-json\/wp\/v2\/product_brand?post=48896"},{"taxonomy":"product_cat","embeddable":true,"href":"https:\/\/tuftingeurope.com\/pl\/wp-json\/wp\/v2\/product_cat?post=48896"},{"taxonomy":"product_tag","embeddable":true,"href":"https:\/\/tuftingeurope.com\/pl\/wp-json\/wp\/v2\/product_tag?post=48896"}],"curies":[{"name":"wp","href":"https:\/\/api.w.org\/{rel}","templated":true}]}}