{"id":51065,"date":"2024-11-15T10:17:20","date_gmt":"2024-11-15T09:17:20","guid":{"rendered":"https:\/\/tuftingeurope.com\/product\/przewodnik-po-maszynie-do-ciecia-dywanow-o-duzej-wytrzymalosci\/"},"modified":"2025-08-20T20:01:50","modified_gmt":"2025-08-20T18:01:50","slug":"guide-for-heavy-duty-rug-shearing-machine","status":"publish","type":"product","link":"https:\/\/tuftingeurope.com\/pl\/produkt\/guide-for-heavy-duty-rug-shearing-machine\/","title":{"rendered":"Przewodnik po maszynie do ci\u0119cia dywan\u00f3w o du\u017cej wytrzyma\u0142o\u015bci"},"content":{"rendered":"<p><iframe title=\"Guide for Heavy Duty Rug Shearing Machine\" width=\"1020\" height=\"574\" src=\"https:\/\/www.youtube.com\/embed\/IHp0Q1vEtuQ?feature=oembed\" frameborder=\"0\" allow=\"accelerometer; autoplay; clipboard-write; encrypted-media; gyroscope; picture-in-picture; web-share\" referrerpolicy=\"strict-origin-when-cross-origin\" allowfullscreen><\/iframe><\/p>\n<h2>Przewodnik po ci\u0119\u017ckich no\u017cycach do dywan\u00f3w &#8211; r\u00f3wne i g\u0142adkie dywany<\/h2>\n<p>Dzi\u0119ki prowadnicy <strong>do no\u017cyc do dywan\u00f3w Heavy-Duty<\/strong> mog\u0105 Pa\u0144stwo bez wysi\u0142ku udoskonali\u0107 swoje projekty tufting. Prowadnica ta, zaprojektowana w celu utrzymania maszyny do strzy\u017cenia w pozycji poziomej, zapewnia precyzyjne, r\u00f3wnomierne przycinanie i profesjonalne wyko\u0144czenie za ka\u017cdym razem. <\/p>\n<h3>Dlaczego warto korzysta\u0107 z przewodnika po strzy\u017ceniu?<\/h3>\n<ul>\n<li><strong>R\u00f3wnomierne przycinanie powierzchni:<\/strong> Utrzymanie sta\u0142ej wysoko\u015bci runa i uzyskanie g\u0142adkich, jednolitych rezultat\u00f3w na ca\u0142ym dywanie.<\/li>\n<li><strong>Zwi\u0119kszona precyzja:<\/strong> Prowadnica stabilizuje maszynk\u0119 do strzy\u017cenia, zmniejszaj\u0105c ryzyko nadmiernego przyci\u0119cia i nier\u00f3wnego ci\u0119cia.<\/li>\n<li><strong>\u0141atwy monta\u017c i u\u017cytkowanie:<\/strong> \u0141atwe mocowanie do no\u017cyc zapewnia dodatkow\u0105 kontrol\u0119 i dok\u0142adno\u015b\u0107.<\/li>\n<li><strong>Trwa\u0142a konstrukcja akrylowa:<\/strong> Lekka, ale wytrzyma\u0142a konstrukcja zapewniaj\u0105ca d\u0142ugotrwa\u0142\u0105 wydajno\u015b\u0107.<\/li>\n<\/ul>\n<h3>Jak to dzia\u0142a<\/h3>\n<p>Prowadnic\u0119 mocuje si\u0119 do no\u017cyc do blachy o du\u017cej wytrzyma\u0142o\u015bci, dzia\u0142aj\u0105c jako p\u0142yta poziomuj\u0105ca, kt\u00f3ra pomaga uzyska\u0107 g\u0142adkie i sp\u00f3jne ci\u0119cie bez spadk\u00f3w i nier\u00f3wno\u015bci.<\/p>\n<h3>Kompatybilny z<\/h3>\n<p>Zaprojektowany tak, aby pasowa\u0142 do naszych wytrzyma\u0142ych no\u017cyc do dywan\u00f3w, dzi\u0119ki czemu jest niezb\u0119dnym narz\u0119dziem zar\u00f3wno dla pocz\u0105tkuj\u0105cych, jak i profesjonalist\u00f3w poszukuj\u0105cych precyzyjnych rezultat\u00f3w.<\/p>\n<h3>Kluczowe cechy<\/h3>\n<ul>\n<li>Pomaga utrzyma\u0107 r\u00f3wn\u0105 powierzchni\u0119 dywanu<\/li>\n<li>Lekki i ergonomiczny dla \u0142atwej obs\u0142ugi<\/li>\n<li>Szybkie zak\u0142adanie i zdejmowanie<\/li>\n<li>Trwa\u0142y przezroczysty materia\u0142 akrylowy<\/li>\n<\/ul>\n<h3>Co wchodzi w sk\u0142ad zestawu?<\/h3>\n<ul>\n<li>1 x Prowadnica do no\u017cyc do dywan\u00f3w o du\u017cej wytrzyma\u0142o\u015bci<\/li>\n<li>1 x \u015aruby i cz\u0119\u015bci<\/li>\n<\/ul>\n","protected":false},"excerpt":{"rendered":"<p>Z \u0142atwo\u015bci\u0105 uzyskaj\u0105 Pa\u0144stwo g\u0142adkie, r\u00f3wne powierzchnie dywan\u00f3w! Ta akrylowa p\u0142ytka dzia\u0142a jak prowadnica i pomaga utrzyma\u0107 Pa\u0144stwa maszyn\u0119 do strzy\u017cenia dywan\u00f3w w poziomie, zapewniaj\u0105c precyzyjne, profesjonalne rezultaty za ka\u017cdym razem.   <\/p>\n","protected":false},"featured_media":51059,"template":"","meta":[],"product_brand":[],"product_cat":[216],"product_tag":[],"class_list":{"0":"post-51065","1":"product","2":"type-product","3":"status-publish","4":"has-post-thumbnail","6":"product_cat-akcesoria","8":"first","9":"instock","10":"taxable","11":"shipping-taxable","12":"purchasable","13":"product-type-simple"},"_links":{"self":[{"href":"https:\/\/tuftingeurope.com\/pl\/wp-json\/wp\/v2\/product\/51065","targetHints":{"allow":["GET"]}}],"collection":[{"href":"https:\/\/tuftingeurope.com\/pl\/wp-json\/wp\/v2\/product"}],"about":[{"href":"https:\/\/tuftingeurope.com\/pl\/wp-json\/wp\/v2\/types\/product"}],"wp:featuredmedia":[{"embeddable":true,"href":"https:\/\/tuftingeurope.com\/pl\/wp-json\/wp\/v2\/media\/51059"}],"wp:attachment":[{"href":"https:\/\/tuftingeurope.com\/pl\/wp-json\/wp\/v2\/media?parent=51065"}],"wp:term":[{"taxonomy":"product_brand","embeddable":true,"href":"https:\/\/tuftingeurope.com\/pl\/wp-json\/wp\/v2\/product_brand?post=51065"},{"taxonomy":"product_cat","embeddable":true,"href":"https:\/\/tuftingeurope.com\/pl\/wp-json\/wp\/v2\/product_cat?post=51065"},{"taxonomy":"product_tag","embeddable":true,"href":"https:\/\/tuftingeurope.com\/pl\/wp-json\/wp\/v2\/product_tag?post=51065"}],"curies":[{"name":"wp","href":"https:\/\/api.w.org\/{rel}","templated":true}]}}