{"id":57693,"date":"2025-08-18T09:58:49","date_gmt":"2025-08-18T07:58:49","guid":{"rendered":"https:\/\/tuftingeurope.com\/?post_type=product&#038;p=57693"},"modified":"2025-08-20T20:01:56","modified_gmt":"2025-08-20T18:01:56","slug":"duckbill-napping-shears-left-handed","status":"publish","type":"product","link":"https:\/\/tuftingeurope.com\/pl\/produkt\/duckbill-napping-shears-left-handed\/","title":{"rendered":"No\u017cyce do strzy\u017cenia runa z dziobem &#8211; dla lewor\u0119cznych"},"content":{"rendered":"<p>No\u017cyce do obcinania w\u0142\u00f3kien s\u0142u\u017c\u0105 do obcinania lu\u017anej prz\u0119dzy. W przeciwie\u0144stwie do zwyk\u0142ych no\u017cyczek, no\u017cyce Duckbill maj\u0105 zakrzywiony uchwyt, kt\u00f3ry utrzymuje palce z daleka, podczas gdy ostrze przylega do powierzchni, zapewniaj\u0105c dok\u0142adne i r\u00f3wne przycinanie.<\/p>\n<h2>Precyzyjnie szlifowane ostrza tn\u0105ce<\/h2>\n<p>Idealne do przycinania niedoskona\u0142o\u015bci wyk\u0142adziny, takich jak poplamione lub lu\u017ane ko\u0144c\u00f3wki.<\/p>\n<h2>Przesuni\u0119ty uchwyt zapobiegaj\u0105cy \u017c\u0142obieniu<\/h2>\n<p>Odchylona r\u0119koje\u015b\u0107 zapobiega przypadkowemu \u017c\u0142obieniu podczas drzemki.<\/p>\n<h2>N\u00f3\u017c typu &#8220;kaczy dzi\u00f3b&#8221; zapewnia r\u00f3wne, r\u00f3wne przycinanie<\/h2>\n<p>N\u00f3\u017c typu &#8220;kaczuszka&#8221; przylega p\u0142asko do pod\u0142o\u017ca, zapewniaj\u0105c r\u00f3wne przycinanie.<\/p>\n<h2>Ostrza 2&#8243; ze stali wysokow\u0119glowej<\/h2>\n<p>Ostrza s\u0105 wykonane z najwy\u017cszej jako\u015bci stali wysokow\u0119glowej zapewniaj\u0105cej trwa\u0142o\u015b\u0107.<\/p>\n<h2>Zaprojektowany z my\u015bl\u0105 o \u0142atwym przycinaniu<\/h2>\n<p>Specjalna konstrukcja k\u0105towa u\u0142atwia przycinanie, a wy\u015bcie\u0142ane, pokryte winylem uchwyty zapewniaj\u0105 wygod\u0119.<\/p>\n","protected":false},"excerpt":{"rendered":"<p>Te no\u017cyce Duckbill Napping s\u0105 idealne do przycinania niedoskona\u0142o\u015bci dywanu i lu\u017anej prz\u0119dzy ze wzgl\u0119du na ich kszta\u0142t. W przypadku detailingu dywanu, u\u017cycie no\u017cyc do strzy\u017cenia &#8220;duckbill&#8221; pomo\u017ce nada\u0107 mu profesjonalny wygl\u0105d.<\/p>\n<p>Dzi\u0119ki precyzji i niezr\u00f3wnanej ostro\u015bci, no\u017cyczki te mog\u0105 z \u0142atwo\u015bci\u0105 ci\u0105\u0107 dywaniki syntetyczne, naturalne, we\u0142niane i poliestrowe. Odchylony uchwyt zapobiega przypadkowemu \u017c\u0142obieniu podczas wycinania naro\u017cnik\u00f3w, a specjalna konstrukcja w\u0105s\u00f3w u\u0142atwia ci\u0119cie p\u0142asko przy pod\u0142odze, zapewniaj\u0105c r\u00f3wnomierne wyniki przycinania.<\/p>\n","protected":false},"featured_media":74277,"template":"","meta":[],"product_brand":[],"product_cat":[216],"product_tag":[],"class_list":{"0":"post-57693","1":"product","2":"type-product","3":"status-publish","4":"has-post-thumbnail","6":"product_cat-akcesoria","8":"first","9":"instock","10":"taxable","11":"shipping-taxable","12":"purchasable","13":"product-type-simple"},"_links":{"self":[{"href":"https:\/\/tuftingeurope.com\/pl\/wp-json\/wp\/v2\/product\/57693","targetHints":{"allow":["GET"]}}],"collection":[{"href":"https:\/\/tuftingeurope.com\/pl\/wp-json\/wp\/v2\/product"}],"about":[{"href":"https:\/\/tuftingeurope.com\/pl\/wp-json\/wp\/v2\/types\/product"}],"wp:featuredmedia":[{"embeddable":true,"href":"https:\/\/tuftingeurope.com\/pl\/wp-json\/wp\/v2\/media\/74277"}],"wp:attachment":[{"href":"https:\/\/tuftingeurope.com\/pl\/wp-json\/wp\/v2\/media?parent=57693"}],"wp:term":[{"taxonomy":"product_brand","embeddable":true,"href":"https:\/\/tuftingeurope.com\/pl\/wp-json\/wp\/v2\/product_brand?post=57693"},{"taxonomy":"product_cat","embeddable":true,"href":"https:\/\/tuftingeurope.com\/pl\/wp-json\/wp\/v2\/product_cat?post=57693"},{"taxonomy":"product_tag","embeddable":true,"href":"https:\/\/tuftingeurope.com\/pl\/wp-json\/wp\/v2\/product_tag?post=57693"}],"curies":[{"name":"wp","href":"https:\/\/api.w.org\/{rel}","templated":true}]}}